{"id":1292,"date":"2020-02-04T15:08:48","date_gmt":"2020-02-04T14:08:48","guid":{"rendered":"https:\/\/www.hotelcristinacorona.it\/ein-hauch-von-meer\/"},"modified":"2023-01-13T17:39:01","modified_gmt":"2023-01-13T16:39:01","slug":"ein-hauch-von-meer","status":"publish","type":"page","link":"https:\/\/www.hotelcristinacorona.it\/de\/","title":{"rendered":"Ein Hauch von Meer"},"content":{"rendered":"<p>Wir k\u00f6nnten Ihnen von unserer Lage nur <strong>30 m vom Meer<\/strong> und mitten im Zentrum von Cattolica berichten.<br \/>\nWir k\u00f6nnten Ihnen erz\u00e4hlen, dass sich unsere Zimmer f\u00fcr eine erholsame Nachtruhe verb\u00fcrgen.<br \/>\nWir k\u00f6nnten Ihnen aber auch sagen, dass wir Sie mit einem L\u00e4cheln willkommen hei\u00dfen und Ihnen einen angenehmen Urlaub bereiten werden.<\/p>\n<p>Das alles versteht sich allerdings von selbst.<\/p>\n<p>Daher ziehen wir es vor, Ihnen zu sagen, <strong>dass Urlaub f\u00fcr uns gleichbedeutend ist mit einer erinnernswerten Erfahrung<\/strong>, <span lang=\"de\">wie als Elena ein Kind<br \/>\nwar sie kehrte mit nackten F\u00fc\u00dfen vom Strand zum Hotel zur\u00fcck.<\/span><\/p>\n<p id=\"tw-target-text\" class=\"tw-data-text tw-text-large tw-ta\" dir=\"ltr\" data-placeholder=\"Traduzione\"><span lang=\"de\">Es bedeutet <\/span>der Erkundung der Umgebung, der Ber\u00fchrung mit der Geschichte der Bewohner und der <strong>Verkostung der heimischen Produkte<\/strong>.<\/p>\n<p>F\u00fcr uns bedeutet es Gemeinsamkeit, bedeutet es, mit einem reicheren Erfahrungsschatz nach Hause zur\u00fcckzukehren.<\/p>\n<p><strong>Willkommen im Hotel Cristina Corona in Cattolica.<\/strong><\/p>\n<p><em>Elena und Andrea\u00a0<\/em><\/p>\n<p>&nbsp;<\/p>\n<h3 id=\"tw-target-text\" class=\"tw-data-text tw-text-large tw-ta\" dir=\"ltr\" data-placeholder=\"Traduzione\"><em><span class=\"Y2IQFc\" lang=\"de\">Ab dem 27. Mai sind wir bei Cristina Corona bereit, den Sommer zu begr\u00fc\u00dfen!<\/span><\/em><\/h3>\n","protected":false},"excerpt":{"rendered":"<p>Wir k\u00f6nnten Ihnen von unserer Lage nur 30 m vom Meer und mitten im Zentrum von Cattolica berichten. Wir k\u00f6nnten Ihnen erz\u00e4hlen, dass sich unsere Zimmer f\u00fcr eine erholsame Nachtruhe verb\u00fcrgen. Wir k\u00f6nnten Ihnen aber [&#8230;]<\/p>\n<p><a class=\"btn btn-primary read-more-link\" href=\"https:\/\/www.hotelcristinacorona.it\/de\/\">Leggi tutto<\/a><\/p>\n","protected":false},"author":1,"featured_media":0,"parent":0,"menu_order":93,"comment_status":"closed","ping_status":"closed","template":"","meta":{"_acf_changed":false},"class_list":["post-1292","page","type-page","status-publish","hentry","buon_motivo-lage","buon_motivo-heimische-produkte","buon_motivo-zimmer"],"acf":[],"yoast_head":"<!-- This site is optimized with the Yoast SEO plugin v23.9 - https:\/\/yoast.com\/wordpress\/plugins\/seo\/ -->\n<title>3-Sterne-Hotel in Cattolica in der N\u00e4he des Meeres - Hotel Cristina Corona<\/title>\n<meta name=\"description\" content=\"Willkommen im Hotel Cristina Corona! Wir sind nur wenige Gehminuten vom Strand und dem Zentrum von Cattolica entfernt, in einer ruhigen und friedlichen Gegend. Urlaub ist f\u00fcr uns ein Erlebnis zum Erleben und Erinnern und wir m\u00f6chten, dass es auch f\u00fcr Sie so ist.\" \/>\n<meta name=\"robots\" content=\"index, follow, max-snippet:-1, max-image-preview:large, max-video-preview:-1\" \/>\n<link rel=\"canonical\" href=\"https:\/\/www.hotelcristinacorona.it\/de\/\" \/>\n<meta property=\"og:locale\" content=\"de_DE\" \/>\n<meta property=\"og:type\" content=\"article\" \/>\n<meta property=\"og:title\" content=\"3-Sterne-Hotel in Cattolica in der N\u00e4he des Meeres - Hotel Cristina Corona\" \/>\n<meta property=\"og:description\" content=\"Willkommen im Hotel Cristina Corona! Wir sind nur wenige Gehminuten vom Strand und dem Zentrum von Cattolica entfernt, in einer ruhigen und friedlichen Gegend. Urlaub ist f\u00fcr uns ein Erlebnis zum Erleben und Erinnern und wir m\u00f6chten, dass es auch f\u00fcr Sie so ist.\" \/>\n<meta property=\"og:url\" content=\"https:\/\/www.hotelcristinacorona.it\/de\/\" \/>\n<meta property=\"og:site_name\" content=\"Hotel Cristina Corona Cattolica\" \/>\n<meta property=\"article:modified_time\" content=\"2023-01-13T16:39:01+00:00\" \/>\n<meta name=\"twitter:card\" content=\"summary_large_image\" \/>\n<meta name=\"twitter:label1\" content=\"Gesch\u00e4tzte Lesezeit\" \/>\n\t<meta name=\"twitter:data1\" content=\"1\u00a0Minute\" \/>\n<script type=\"application\/ld+json\" class=\"yoast-schema-graph\">{\"@context\":\"https:\/\/schema.org\",\"@graph\":[{\"@type\":\"WebPage\",\"@id\":\"https:\/\/www.hotelcristinacorona.it\/de\/\",\"url\":\"https:\/\/www.hotelcristinacorona.it\/de\/\",\"name\":\"3-Sterne-Hotel in Cattolica in der N\u00e4he des Meeres - Hotel Cristina Corona\",\"isPartOf\":{\"@id\":\"https:\/\/www.hotelcristinacorona.it\/#website\"},\"datePublished\":\"2020-02-04T14:08:48+00:00\",\"dateModified\":\"2023-01-13T16:39:01+00:00\",\"description\":\"Willkommen im Hotel Cristina Corona! Wir sind nur wenige Gehminuten vom Strand und dem Zentrum von Cattolica entfernt, in einer ruhigen und friedlichen Gegend. Urlaub ist f\u00fcr uns ein Erlebnis zum Erleben und Erinnern und wir m\u00f6chten, dass es auch f\u00fcr Sie so ist.\",\"breadcrumb\":{\"@id\":\"https:\/\/www.hotelcristinacorona.it\/de\/#breadcrumb\"},\"inLanguage\":\"de\",\"potentialAction\":[{\"@type\":\"ReadAction\",\"target\":[\"https:\/\/www.hotelcristinacorona.it\/de\/\"]}]},{\"@type\":\"BreadcrumbList\",\"@id\":\"https:\/\/www.hotelcristinacorona.it\/de\/#breadcrumb\",\"itemListElement\":[{\"@type\":\"ListItem\",\"position\":1,\"name\":\"Home\",\"item\":\"https:\/\/www.hotelcristinacorona.it\/de\/\"},{\"@type\":\"ListItem\",\"position\":2,\"name\":\"Ein Hauch von Meer\"}]},{\"@type\":\"WebSite\",\"@id\":\"https:\/\/www.hotelcristinacorona.it\/#website\",\"url\":\"https:\/\/www.hotelcristinacorona.it\/\",\"name\":\"Hotel Cristina Corona Cattolica\",\"description\":\"\",\"publisher\":{\"@id\":\"https:\/\/www.hotelcristinacorona.it\/#organization\"},\"potentialAction\":[{\"@type\":\"SearchAction\",\"target\":{\"@type\":\"EntryPoint\",\"urlTemplate\":\"https:\/\/www.hotelcristinacorona.it\/?s={search_term_string}\"},\"query-input\":{\"@type\":\"PropertyValueSpecification\",\"valueRequired\":true,\"valueName\":\"search_term_string\"}}],\"inLanguage\":\"de\"},{\"@type\":\"Organization\",\"@id\":\"https:\/\/www.hotelcristinacorona.it\/#organization\",\"name\":\"Hotel Cristina Corona Cattolica\",\"url\":\"https:\/\/www.hotelcristinacorona.it\/\",\"logo\":{\"@type\":\"ImageObject\",\"inLanguage\":\"de\",\"@id\":\"https:\/\/www.hotelcristinacorona.it\/#\/schema\/logo\/image\/\",\"url\":\"https:\/\/www.hotelcristinacorona.it\/wp-content\/uploads\/2019\/12\/logo.png\",\"contentUrl\":\"https:\/\/www.hotelcristinacorona.it\/wp-content\/uploads\/2019\/12\/logo.png\",\"width\":431,\"height\":105,\"caption\":\"Hotel Cristina Corona Cattolica\"},\"image\":{\"@id\":\"https:\/\/www.hotelcristinacorona.it\/#\/schema\/logo\/image\/\"}}]}<\/script>\n<!-- \/ Yoast SEO plugin. -->","yoast_head_json":{"title":"3-Sterne-Hotel in Cattolica in der N\u00e4he des Meeres - Hotel Cristina Corona","description":"Willkommen im Hotel Cristina Corona! Wir sind nur wenige Gehminuten vom Strand und dem Zentrum von Cattolica entfernt, in einer ruhigen und friedlichen Gegend. Urlaub ist f\u00fcr uns ein Erlebnis zum Erleben und Erinnern und wir m\u00f6chten, dass es auch f\u00fcr Sie so ist.","robots":{"index":"index","follow":"follow","max-snippet":"max-snippet:-1","max-image-preview":"max-image-preview:large","max-video-preview":"max-video-preview:-1"},"canonical":"https:\/\/www.hotelcristinacorona.it\/de\/","og_locale":"de_DE","og_type":"article","og_title":"3-Sterne-Hotel in Cattolica in der N\u00e4he des Meeres - Hotel Cristina Corona","og_description":"Willkommen im Hotel Cristina Corona! Wir sind nur wenige Gehminuten vom Strand und dem Zentrum von Cattolica entfernt, in einer ruhigen und friedlichen Gegend. Urlaub ist f\u00fcr uns ein Erlebnis zum Erleben und Erinnern und wir m\u00f6chten, dass es auch f\u00fcr Sie so ist.","og_url":"https:\/\/www.hotelcristinacorona.it\/de\/","og_site_name":"Hotel Cristina Corona Cattolica","article_modified_time":"2023-01-13T16:39:01+00:00","twitter_card":"summary_large_image","twitter_misc":{"Gesch\u00e4tzte Lesezeit":"1\u00a0Minute"},"schema":{"@context":"https:\/\/schema.org","@graph":[{"@type":"WebPage","@id":"https:\/\/www.hotelcristinacorona.it\/de\/","url":"https:\/\/www.hotelcristinacorona.it\/de\/","name":"3-Sterne-Hotel in Cattolica in der N\u00e4he des Meeres - Hotel Cristina Corona","isPartOf":{"@id":"https:\/\/www.hotelcristinacorona.it\/#website"},"datePublished":"2020-02-04T14:08:48+00:00","dateModified":"2023-01-13T16:39:01+00:00","description":"Willkommen im Hotel Cristina Corona! Wir sind nur wenige Gehminuten vom Strand und dem Zentrum von Cattolica entfernt, in einer ruhigen und friedlichen Gegend. Urlaub ist f\u00fcr uns ein Erlebnis zum Erleben und Erinnern und wir m\u00f6chten, dass es auch f\u00fcr Sie so ist.","breadcrumb":{"@id":"https:\/\/www.hotelcristinacorona.it\/de\/#breadcrumb"},"inLanguage":"de","potentialAction":[{"@type":"ReadAction","target":["https:\/\/www.hotelcristinacorona.it\/de\/"]}]},{"@type":"BreadcrumbList","@id":"https:\/\/www.hotelcristinacorona.it\/de\/#breadcrumb","itemListElement":[{"@type":"ListItem","position":1,"name":"Home","item":"https:\/\/www.hotelcristinacorona.it\/de\/"},{"@type":"ListItem","position":2,"name":"Ein Hauch von Meer"}]},{"@type":"WebSite","@id":"https:\/\/www.hotelcristinacorona.it\/#website","url":"https:\/\/www.hotelcristinacorona.it\/","name":"Hotel Cristina Corona Cattolica","description":"","publisher":{"@id":"https:\/\/www.hotelcristinacorona.it\/#organization"},"potentialAction":[{"@type":"SearchAction","target":{"@type":"EntryPoint","urlTemplate":"https:\/\/www.hotelcristinacorona.it\/?s={search_term_string}"},"query-input":{"@type":"PropertyValueSpecification","valueRequired":true,"valueName":"search_term_string"}}],"inLanguage":"de"},{"@type":"Organization","@id":"https:\/\/www.hotelcristinacorona.it\/#organization","name":"Hotel Cristina Corona Cattolica","url":"https:\/\/www.hotelcristinacorona.it\/","logo":{"@type":"ImageObject","inLanguage":"de","@id":"https:\/\/www.hotelcristinacorona.it\/#\/schema\/logo\/image\/","url":"https:\/\/www.hotelcristinacorona.it\/wp-content\/uploads\/2019\/12\/logo.png","contentUrl":"https:\/\/www.hotelcristinacorona.it\/wp-content\/uploads\/2019\/12\/logo.png","width":431,"height":105,"caption":"Hotel Cristina Corona Cattolica"},"image":{"@id":"https:\/\/www.hotelcristinacorona.it\/#\/schema\/logo\/image\/"}}]}},"_links":{"self":[{"href":"https:\/\/www.hotelcristinacorona.it\/de\/wp-json\/wp\/v2\/pages\/1292","targetHints":{"allow":["GET"]}}],"collection":[{"href":"https:\/\/www.hotelcristinacorona.it\/de\/wp-json\/wp\/v2\/pages"}],"about":[{"href":"https:\/\/www.hotelcristinacorona.it\/de\/wp-json\/wp\/v2\/types\/page"}],"author":[{"embeddable":true,"href":"https:\/\/www.hotelcristinacorona.it\/de\/wp-json\/wp\/v2\/users\/1"}],"replies":[{"embeddable":true,"href":"https:\/\/www.hotelcristinacorona.it\/de\/wp-json\/wp\/v2\/comments?post=1292"}],"version-history":[{"count":2,"href":"https:\/\/www.hotelcristinacorona.it\/de\/wp-json\/wp\/v2\/pages\/1292\/revisions"}],"predecessor-version":[{"id":5008,"href":"https:\/\/www.hotelcristinacorona.it\/de\/wp-json\/wp\/v2\/pages\/1292\/revisions\/5008"}],"wp:attachment":[{"href":"https:\/\/www.hotelcristinacorona.it\/de\/wp-json\/wp\/v2\/media?parent=1292"}],"curies":[{"name":"wp","href":"https:\/\/api.w.org\/{rel}","templated":true}]}}