{"id":1294,"date":"2020-02-04T15:18:57","date_gmt":"2020-02-04T14:18:57","guid":{"rendered":"https:\/\/www.hotelcristinacorona.it\/in-ihrem-zimmer\/"},"modified":"2020-02-04T15:22:41","modified_gmt":"2020-02-04T14:22:41","slug":"in-ihrem-zimmer","status":"publish","type":"page","link":"https:\/\/www.hotelcristinacorona.it\/de\/in-ihrem-zimmer\/","title":{"rendered":"In Ihrem Zimmer"},"content":{"rendered":"<p>Es gibt etwas, das uns ganz besonders am Herzen liegt: Sie einen wirklich erholsamen Aufenthalt verleben zu lassen.<br \/>\nUnd hier im <strong>Hotel Cristina Corona in Cattolica<\/strong> sind die Zimmer wirklich wie daf\u00fcr geschaffen, dass dies zu jeder Tages- und Nachtzeit gelingt.<\/p>\n<p>Die Einrichtung ist hell und die Raumgestaltung durchdacht, damit ein <strong>Badeurlaub<\/strong>, ein <strong>Wochenende am Meer<\/strong> oder eine Stippvisite zum Besuch einer Veranstaltung in der Umgebung zu einer angenehmen und komfortorientierten Erfahrung werden.<\/p>\n<p>F\u00fcr uns ist <strong>Behaglichkeit<\/strong> gleichbedeutend mit einem <strong>erholsamen Urlaub<\/strong>.<\/p>\n<h3>Das Besondere an unseren Zimmern<\/h3>\n<p>Durchdachtes Raumangebot, lineare, niveauvolle und zeitgem\u00e4\u00dfe Einrichtung, lichtdurchflutete Zimmer mit bequemen Betten, einem stimmungsvollen und wohligen Duft und nat\u00fcrlich der von Ihnen bevorzugten Temperatur.<\/p>\n<p>Wir m\u00f6chten, dass es Ihnen gut geht.<\/p>\n","protected":false},"excerpt":{"rendered":"<p>Es gibt etwas, das uns ganz besonders am Herzen liegt: Sie einen wirklich erholsamen Aufenthalt verleben zu lassen. Und hier im Hotel Cristina Corona in Cattolica sind die Zimmer wirklich wie daf\u00fcr geschaffen, dass dies [&#8230;]<\/p>\n<p><a class=\"btn btn-primary read-more-link\" href=\"https:\/\/www.hotelcristinacorona.it\/de\/in-ihrem-zimmer\/\">Leggi tutto<\/a><\/p>\n","protected":false},"author":1,"featured_media":0,"parent":0,"menu_order":105,"comment_status":"closed","ping_status":"closed","template":"page-templates\/riepilogo-camere.php","meta":{"_acf_changed":false},"class_list":["post-1294","page","type-page","status-publish","hentry"],"acf":[],"yoast_head":"<!-- This site is optimized with the Yoast SEO plugin v23.9 - https:\/\/yoast.com\/wordpress\/plugins\/seo\/ -->\n<title>Hotelzimmer im Zentrum von Cattolica - Hotel Cristina Corona<\/title>\n<meta name=\"description\" content=\"Klare M\u00f6bel, harmonische R\u00e4ume, die daf\u00fcr sorgen, dass alles an seinem Platz bleibt und Sie sich wie zu Hause f\u00fchlen. Dies sind die Zimmer des Hotels Cristina Corona in der N\u00e4he des Zentrums von Cattolica.\" \/>\n<meta name=\"robots\" content=\"index, follow, max-snippet:-1, max-image-preview:large, max-video-preview:-1\" \/>\n<link rel=\"canonical\" href=\"https:\/\/www.hotelcristinacorona.it\/de\/in-ihrem-zimmer\/\" \/>\n<meta property=\"og:locale\" content=\"de_DE\" \/>\n<meta property=\"og:type\" content=\"article\" \/>\n<meta property=\"og:title\" content=\"Hotelzimmer im Zentrum von Cattolica - Hotel Cristina Corona\" \/>\n<meta property=\"og:description\" content=\"Klare M\u00f6bel, harmonische R\u00e4ume, die daf\u00fcr sorgen, dass alles an seinem Platz bleibt und Sie sich wie zu Hause f\u00fchlen. Dies sind die Zimmer des Hotels Cristina Corona in der N\u00e4he des Zentrums von Cattolica.\" \/>\n<meta property=\"og:url\" content=\"https:\/\/www.hotelcristinacorona.it\/de\/in-ihrem-zimmer\/\" \/>\n<meta property=\"og:site_name\" content=\"Hotel Cristina Corona Cattolica\" \/>\n<meta property=\"article:modified_time\" content=\"2020-02-04T14:22:41+00:00\" \/>\n<meta name=\"twitter:card\" content=\"summary_large_image\" \/>\n<meta name=\"twitter:label1\" content=\"Gesch\u00e4tzte Lesezeit\" \/>\n\t<meta name=\"twitter:data1\" content=\"1\u00a0Minute\" \/>\n<script type=\"application\/ld+json\" class=\"yoast-schema-graph\">{\"@context\":\"https:\/\/schema.org\",\"@graph\":[{\"@type\":\"WebPage\",\"@id\":\"https:\/\/www.hotelcristinacorona.it\/de\/in-ihrem-zimmer\/\",\"url\":\"https:\/\/www.hotelcristinacorona.it\/de\/in-ihrem-zimmer\/\",\"name\":\"Hotelzimmer im Zentrum von Cattolica - Hotel Cristina Corona\",\"isPartOf\":{\"@id\":\"https:\/\/www.hotelcristinacorona.it\/#website\"},\"datePublished\":\"2020-02-04T14:18:57+00:00\",\"dateModified\":\"2020-02-04T14:22:41+00:00\",\"description\":\"Klare M\u00f6bel, harmonische R\u00e4ume, die daf\u00fcr sorgen, dass alles an seinem Platz bleibt und Sie sich wie zu Hause f\u00fchlen. Dies sind die Zimmer des Hotels Cristina Corona in der N\u00e4he des Zentrums von Cattolica.\",\"breadcrumb\":{\"@id\":\"https:\/\/www.hotelcristinacorona.it\/de\/in-ihrem-zimmer\/#breadcrumb\"},\"inLanguage\":\"de\",\"potentialAction\":[{\"@type\":\"ReadAction\",\"target\":[\"https:\/\/www.hotelcristinacorona.it\/de\/in-ihrem-zimmer\/\"]}]},{\"@type\":\"BreadcrumbList\",\"@id\":\"https:\/\/www.hotelcristinacorona.it\/de\/in-ihrem-zimmer\/#breadcrumb\",\"itemListElement\":[{\"@type\":\"ListItem\",\"position\":1,\"name\":\"Home\",\"item\":\"https:\/\/www.hotelcristinacorona.it\/de\/\"},{\"@type\":\"ListItem\",\"position\":2,\"name\":\"In Ihrem Zimmer\"}]},{\"@type\":\"WebSite\",\"@id\":\"https:\/\/www.hotelcristinacorona.it\/#website\",\"url\":\"https:\/\/www.hotelcristinacorona.it\/\",\"name\":\"Hotel Cristina Corona Cattolica\",\"description\":\"\",\"publisher\":{\"@id\":\"https:\/\/www.hotelcristinacorona.it\/#organization\"},\"potentialAction\":[{\"@type\":\"SearchAction\",\"target\":{\"@type\":\"EntryPoint\",\"urlTemplate\":\"https:\/\/www.hotelcristinacorona.it\/?s={search_term_string}\"},\"query-input\":{\"@type\":\"PropertyValueSpecification\",\"valueRequired\":true,\"valueName\":\"search_term_string\"}}],\"inLanguage\":\"de\"},{\"@type\":\"Organization\",\"@id\":\"https:\/\/www.hotelcristinacorona.it\/#organization\",\"name\":\"Hotel Cristina Corona Cattolica\",\"url\":\"https:\/\/www.hotelcristinacorona.it\/\",\"logo\":{\"@type\":\"ImageObject\",\"inLanguage\":\"de\",\"@id\":\"https:\/\/www.hotelcristinacorona.it\/#\/schema\/logo\/image\/\",\"url\":\"https:\/\/www.hotelcristinacorona.it\/wp-content\/uploads\/2019\/12\/logo.png\",\"contentUrl\":\"https:\/\/www.hotelcristinacorona.it\/wp-content\/uploads\/2019\/12\/logo.png\",\"width\":431,\"height\":105,\"caption\":\"Hotel Cristina Corona Cattolica\"},\"image\":{\"@id\":\"https:\/\/www.hotelcristinacorona.it\/#\/schema\/logo\/image\/\"}}]}<\/script>\n<!-- \/ Yoast SEO plugin. -->","yoast_head_json":{"title":"Hotelzimmer im Zentrum von Cattolica - Hotel Cristina Corona","description":"Klare M\u00f6bel, harmonische R\u00e4ume, die daf\u00fcr sorgen, dass alles an seinem Platz bleibt und Sie sich wie zu Hause f\u00fchlen. Dies sind die Zimmer des Hotels Cristina Corona in der N\u00e4he des Zentrums von Cattolica.","robots":{"index":"index","follow":"follow","max-snippet":"max-snippet:-1","max-image-preview":"max-image-preview:large","max-video-preview":"max-video-preview:-1"},"canonical":"https:\/\/www.hotelcristinacorona.it\/de\/in-ihrem-zimmer\/","og_locale":"de_DE","og_type":"article","og_title":"Hotelzimmer im Zentrum von Cattolica - Hotel Cristina Corona","og_description":"Klare M\u00f6bel, harmonische R\u00e4ume, die daf\u00fcr sorgen, dass alles an seinem Platz bleibt und Sie sich wie zu Hause f\u00fchlen. Dies sind die Zimmer des Hotels Cristina Corona in der N\u00e4he des Zentrums von Cattolica.","og_url":"https:\/\/www.hotelcristinacorona.it\/de\/in-ihrem-zimmer\/","og_site_name":"Hotel Cristina Corona Cattolica","article_modified_time":"2020-02-04T14:22:41+00:00","twitter_card":"summary_large_image","twitter_misc":{"Gesch\u00e4tzte Lesezeit":"1\u00a0Minute"},"schema":{"@context":"https:\/\/schema.org","@graph":[{"@type":"WebPage","@id":"https:\/\/www.hotelcristinacorona.it\/de\/in-ihrem-zimmer\/","url":"https:\/\/www.hotelcristinacorona.it\/de\/in-ihrem-zimmer\/","name":"Hotelzimmer im Zentrum von Cattolica - Hotel Cristina Corona","isPartOf":{"@id":"https:\/\/www.hotelcristinacorona.it\/#website"},"datePublished":"2020-02-04T14:18:57+00:00","dateModified":"2020-02-04T14:22:41+00:00","description":"Klare M\u00f6bel, harmonische R\u00e4ume, die daf\u00fcr sorgen, dass alles an seinem Platz bleibt und Sie sich wie zu Hause f\u00fchlen. Dies sind die Zimmer des Hotels Cristina Corona in der N\u00e4he des Zentrums von Cattolica.","breadcrumb":{"@id":"https:\/\/www.hotelcristinacorona.it\/de\/in-ihrem-zimmer\/#breadcrumb"},"inLanguage":"de","potentialAction":[{"@type":"ReadAction","target":["https:\/\/www.hotelcristinacorona.it\/de\/in-ihrem-zimmer\/"]}]},{"@type":"BreadcrumbList","@id":"https:\/\/www.hotelcristinacorona.it\/de\/in-ihrem-zimmer\/#breadcrumb","itemListElement":[{"@type":"ListItem","position":1,"name":"Home","item":"https:\/\/www.hotelcristinacorona.it\/de\/"},{"@type":"ListItem","position":2,"name":"In Ihrem Zimmer"}]},{"@type":"WebSite","@id":"https:\/\/www.hotelcristinacorona.it\/#website","url":"https:\/\/www.hotelcristinacorona.it\/","name":"Hotel Cristina Corona Cattolica","description":"","publisher":{"@id":"https:\/\/www.hotelcristinacorona.it\/#organization"},"potentialAction":[{"@type":"SearchAction","target":{"@type":"EntryPoint","urlTemplate":"https:\/\/www.hotelcristinacorona.it\/?s={search_term_string}"},"query-input":{"@type":"PropertyValueSpecification","valueRequired":true,"valueName":"search_term_string"}}],"inLanguage":"de"},{"@type":"Organization","@id":"https:\/\/www.hotelcristinacorona.it\/#organization","name":"Hotel Cristina Corona Cattolica","url":"https:\/\/www.hotelcristinacorona.it\/","logo":{"@type":"ImageObject","inLanguage":"de","@id":"https:\/\/www.hotelcristinacorona.it\/#\/schema\/logo\/image\/","url":"https:\/\/www.hotelcristinacorona.it\/wp-content\/uploads\/2019\/12\/logo.png","contentUrl":"https:\/\/www.hotelcristinacorona.it\/wp-content\/uploads\/2019\/12\/logo.png","width":431,"height":105,"caption":"Hotel Cristina Corona Cattolica"},"image":{"@id":"https:\/\/www.hotelcristinacorona.it\/#\/schema\/logo\/image\/"}}]}},"_links":{"self":[{"href":"https:\/\/www.hotelcristinacorona.it\/de\/wp-json\/wp\/v2\/pages\/1294","targetHints":{"allow":["GET"]}}],"collection":[{"href":"https:\/\/www.hotelcristinacorona.it\/de\/wp-json\/wp\/v2\/pages"}],"about":[{"href":"https:\/\/www.hotelcristinacorona.it\/de\/wp-json\/wp\/v2\/types\/page"}],"author":[{"embeddable":true,"href":"https:\/\/www.hotelcristinacorona.it\/de\/wp-json\/wp\/v2\/users\/1"}],"replies":[{"embeddable":true,"href":"https:\/\/www.hotelcristinacorona.it\/de\/wp-json\/wp\/v2\/comments?post=1294"}],"version-history":[{"count":1,"href":"https:\/\/www.hotelcristinacorona.it\/de\/wp-json\/wp\/v2\/pages\/1294\/revisions"}],"predecessor-version":[{"id":1295,"href":"https:\/\/www.hotelcristinacorona.it\/de\/wp-json\/wp\/v2\/pages\/1294\/revisions\/1295"}],"wp:attachment":[{"href":"https:\/\/www.hotelcristinacorona.it\/de\/wp-json\/wp\/v2\/media?parent=1294"}],"curies":[{"name":"wp","href":"https:\/\/api.w.org\/{rel}","templated":true}]}}