{"id":1344,"date":"2020-02-06T15:38:05","date_gmt":"2020-02-06T14:38:05","guid":{"rendered":"https:\/\/www.hotelcristinacorona.it\/die-kuche\/"},"modified":"2023-01-24T16:51:30","modified_gmt":"2023-01-24T15:51:30","slug":"die-kuche","status":"publish","type":"page","link":"https:\/\/www.hotelcristinacorona.it\/de\/die-kuche\/","title":{"rendered":"Die K\u00fcche"},"content":{"rendered":"<p>Sich im Urlaub wohlzuf\u00fchlen hei\u00dft, die Mahlzeiten wie eine neue Erkenntnis, wie eine neue Erfahrung zu erleben.<br \/>\nF\u00fcr uns vom Hotel Cristina Corona in Cattolica verdient das Wort \u201eK\u00fcche\u201d, stets Hand in Hand mit \u201eTradition\u201d und \u201eTerritorium\u201d verwendet zu werden.<\/p>\n<p>Die unsrige ist eine <strong>traditionsverbundene, regionale K\u00fcche<\/strong>, die dem Gaumen viel Freude bereitet. Zugleich m\u00f6chten wir unseren G\u00e4sten aber auch <strong>neue Geschmackserlebnisse<\/strong> <strong>zuteil<\/strong> <strong>werden lassen<\/strong>, heimische Spezialit\u00e4ten und Rezepte, die wie etwas Unantastbares von Generation zu Generation weitergegeben werden.<\/p>\n<p>Als waschechte Romagnoli kommen bei uns die k\u00f6stlichen Speisen unserer geliebten Region auf den Tisch. Zubereitet werden sie nach den <strong>Rezepten unserer Gro\u00dfm\u00fctter<\/strong> und unter Verwendung der Produkte von<strong> heimischen Kleinerzeugern<\/strong>, die unser Augenmerk f\u00fcr hochwertige Zutaten teilen. Es ist uns eine Freude, Sie mit ihnen bekannt zu machen, daher laden wir sie allw\u00f6chentlich zu den im Hotel organisierten <strong>Verkostungen von typischen romagnolischen Erzeugnissen<\/strong> zu uns ein.<\/p>\n<p>Erzeugerverkauf ist nicht nur eine Modeerscheinung, es ist eine \u00dcberzeugung.<\/p>\n<p>Freuen Sie sich auf <strong>Passatelli in Brodo, gef\u00fcllte Piadina, Tagliatelle mit Fleischsauce<\/strong>, Fischsuppe und vieles andere mehr: alle Gerichte werden mit Zutaten zubereitet, die Elena zusammen mit dem K\u00fcchenchef t\u00e4glich frisch aussucht.<\/p>\n<p>Mittags und abends finden Sie bei uns stets ein abwechslungsreiches <strong>Vorspeisen- und Gem\u00fcseb\u00fcfett<\/strong> (mit Produkten aus lokaler Erzeugung) und ein Wahlmen\u00fc mit vielen leckeren Fleisch- und Fischgerichten vor.<br \/>\n<strong>Und donnerstags erwartet Sie unser typisches romagnolisches Abendessen!<\/strong><\/p>\n<p>&nbsp;<\/p>\n<p><a href=\"https:\/\/www.hotelcristinacorona.it\/de\/das-fruhstuck\/\">Fr\u00fchst\u00fcck &gt;&gt;<\/a><\/p>\n<p><a href=\"https:\/\/www.hotelcristinacorona.it\/de\/die-verkostungen\/\">Verkostung &gt;&gt;<\/a><\/p>\n","protected":false},"excerpt":{"rendered":"<p>Sich im Urlaub wohlzuf\u00fchlen hei\u00dft, die Mahlzeiten wie eine neue Erkenntnis, wie eine neue Erfahrung zu erleben. F\u00fcr uns vom Hotel Cristina Corona in Cattolica verdient das Wort \u201eK\u00fcche\u201d, stets Hand in Hand mit \u201eTradition\u201d [&#8230;]<\/p>\n<p><a class=\"btn btn-primary read-more-link\" href=\"https:\/\/www.hotelcristinacorona.it\/de\/die-kuche\/\">Leggi tutto<\/a><\/p>\n","protected":false},"author":1,"featured_media":0,"parent":0,"menu_order":69,"comment_status":"closed","ping_status":"closed","template":"","meta":{"_acf_changed":false},"class_list":["post-1344","page","type-page","status-publish","hentry","buon_motivo-hinterland","buon_motivo-dienstleistungen","buon_motivo-lage"],"acf":[],"yoast_head":"<!-- This site is optimized with the Yoast SEO plugin v23.9 - https:\/\/yoast.com\/wordpress\/plugins\/seo\/ -->\n<title>Hotel mit typisch romagnolischer K\u00fcche - Hotel Cristina Corona Cattolica<\/title>\n<meta name=\"description\" content=\"Lassen Sie sich vom Geschmack der romagnolischen Tradition erobern: Hier bei Cristina Corona folgen wir gerne den Rezepten unserer Gro\u00dfm\u00fctter und lassen Sie die Produkte lokaler Unternehmen entdecken, um gut und mit Geschmack zu essen.\" \/>\n<meta name=\"robots\" content=\"index, follow, max-snippet:-1, max-image-preview:large, max-video-preview:-1\" \/>\n<link rel=\"canonical\" href=\"https:\/\/www.hotelcristinacorona.it\/de\/die-kuche\/\" \/>\n<meta property=\"og:locale\" content=\"de_DE\" \/>\n<meta property=\"og:type\" content=\"article\" \/>\n<meta property=\"og:title\" content=\"Hotel mit typisch romagnolischer K\u00fcche - Hotel Cristina Corona Cattolica\" \/>\n<meta property=\"og:description\" content=\"Lassen Sie sich vom Geschmack der romagnolischen Tradition erobern: Hier bei Cristina Corona folgen wir gerne den Rezepten unserer Gro\u00dfm\u00fctter und lassen Sie die Produkte lokaler Unternehmen entdecken, um gut und mit Geschmack zu essen.\" \/>\n<meta property=\"og:url\" content=\"https:\/\/www.hotelcristinacorona.it\/de\/die-kuche\/\" \/>\n<meta property=\"og:site_name\" content=\"Hotel Cristina Corona Cattolica\" \/>\n<meta property=\"article:modified_time\" content=\"2023-01-24T15:51:30+00:00\" \/>\n<meta name=\"twitter:card\" content=\"summary_large_image\" \/>\n<meta name=\"twitter:label1\" content=\"Gesch\u00e4tzte Lesezeit\" \/>\n\t<meta name=\"twitter:data1\" content=\"1\u00a0Minute\" \/>\n<script type=\"application\/ld+json\" class=\"yoast-schema-graph\">{\"@context\":\"https:\/\/schema.org\",\"@graph\":[{\"@type\":\"WebPage\",\"@id\":\"https:\/\/www.hotelcristinacorona.it\/de\/die-kuche\/\",\"url\":\"https:\/\/www.hotelcristinacorona.it\/de\/die-kuche\/\",\"name\":\"Hotel mit typisch romagnolischer K\u00fcche - Hotel Cristina Corona Cattolica\",\"isPartOf\":{\"@id\":\"https:\/\/www.hotelcristinacorona.it\/#website\"},\"datePublished\":\"2020-02-06T14:38:05+00:00\",\"dateModified\":\"2023-01-24T15:51:30+00:00\",\"description\":\"Lassen Sie sich vom Geschmack der romagnolischen Tradition erobern: Hier bei Cristina Corona folgen wir gerne den Rezepten unserer Gro\u00dfm\u00fctter und lassen Sie die Produkte lokaler Unternehmen entdecken, um gut und mit Geschmack zu essen.\",\"breadcrumb\":{\"@id\":\"https:\/\/www.hotelcristinacorona.it\/de\/die-kuche\/#breadcrumb\"},\"inLanguage\":\"de\",\"potentialAction\":[{\"@type\":\"ReadAction\",\"target\":[\"https:\/\/www.hotelcristinacorona.it\/de\/die-kuche\/\"]}]},{\"@type\":\"BreadcrumbList\",\"@id\":\"https:\/\/www.hotelcristinacorona.it\/de\/die-kuche\/#breadcrumb\",\"itemListElement\":[{\"@type\":\"ListItem\",\"position\":1,\"name\":\"Home\",\"item\":\"https:\/\/www.hotelcristinacorona.it\/de\/\"},{\"@type\":\"ListItem\",\"position\":2,\"name\":\"Die K\u00fcche\"}]},{\"@type\":\"WebSite\",\"@id\":\"https:\/\/www.hotelcristinacorona.it\/#website\",\"url\":\"https:\/\/www.hotelcristinacorona.it\/\",\"name\":\"Hotel Cristina Corona Cattolica\",\"description\":\"\",\"publisher\":{\"@id\":\"https:\/\/www.hotelcristinacorona.it\/#organization\"},\"potentialAction\":[{\"@type\":\"SearchAction\",\"target\":{\"@type\":\"EntryPoint\",\"urlTemplate\":\"https:\/\/www.hotelcristinacorona.it\/?s={search_term_string}\"},\"query-input\":{\"@type\":\"PropertyValueSpecification\",\"valueRequired\":true,\"valueName\":\"search_term_string\"}}],\"inLanguage\":\"de\"},{\"@type\":\"Organization\",\"@id\":\"https:\/\/www.hotelcristinacorona.it\/#organization\",\"name\":\"Hotel Cristina Corona Cattolica\",\"url\":\"https:\/\/www.hotelcristinacorona.it\/\",\"logo\":{\"@type\":\"ImageObject\",\"inLanguage\":\"de\",\"@id\":\"https:\/\/www.hotelcristinacorona.it\/#\/schema\/logo\/image\/\",\"url\":\"https:\/\/www.hotelcristinacorona.it\/wp-content\/uploads\/2019\/12\/logo.png\",\"contentUrl\":\"https:\/\/www.hotelcristinacorona.it\/wp-content\/uploads\/2019\/12\/logo.png\",\"width\":431,\"height\":105,\"caption\":\"Hotel Cristina Corona Cattolica\"},\"image\":{\"@id\":\"https:\/\/www.hotelcristinacorona.it\/#\/schema\/logo\/image\/\"}}]}<\/script>\n<!-- \/ Yoast SEO plugin. -->","yoast_head_json":{"title":"Hotel mit typisch romagnolischer K\u00fcche - Hotel Cristina Corona Cattolica","description":"Lassen Sie sich vom Geschmack der romagnolischen Tradition erobern: Hier bei Cristina Corona folgen wir gerne den Rezepten unserer Gro\u00dfm\u00fctter und lassen Sie die Produkte lokaler Unternehmen entdecken, um gut und mit Geschmack zu essen.","robots":{"index":"index","follow":"follow","max-snippet":"max-snippet:-1","max-image-preview":"max-image-preview:large","max-video-preview":"max-video-preview:-1"},"canonical":"https:\/\/www.hotelcristinacorona.it\/de\/die-kuche\/","og_locale":"de_DE","og_type":"article","og_title":"Hotel mit typisch romagnolischer K\u00fcche - Hotel Cristina Corona Cattolica","og_description":"Lassen Sie sich vom Geschmack der romagnolischen Tradition erobern: Hier bei Cristina Corona folgen wir gerne den Rezepten unserer Gro\u00dfm\u00fctter und lassen Sie die Produkte lokaler Unternehmen entdecken, um gut und mit Geschmack zu essen.","og_url":"https:\/\/www.hotelcristinacorona.it\/de\/die-kuche\/","og_site_name":"Hotel Cristina Corona Cattolica","article_modified_time":"2023-01-24T15:51:30+00:00","twitter_card":"summary_large_image","twitter_misc":{"Gesch\u00e4tzte Lesezeit":"1\u00a0Minute"},"schema":{"@context":"https:\/\/schema.org","@graph":[{"@type":"WebPage","@id":"https:\/\/www.hotelcristinacorona.it\/de\/die-kuche\/","url":"https:\/\/www.hotelcristinacorona.it\/de\/die-kuche\/","name":"Hotel mit typisch romagnolischer K\u00fcche - Hotel Cristina Corona Cattolica","isPartOf":{"@id":"https:\/\/www.hotelcristinacorona.it\/#website"},"datePublished":"2020-02-06T14:38:05+00:00","dateModified":"2023-01-24T15:51:30+00:00","description":"Lassen Sie sich vom Geschmack der romagnolischen Tradition erobern: Hier bei Cristina Corona folgen wir gerne den Rezepten unserer Gro\u00dfm\u00fctter und lassen Sie die Produkte lokaler Unternehmen entdecken, um gut und mit Geschmack zu essen.","breadcrumb":{"@id":"https:\/\/www.hotelcristinacorona.it\/de\/die-kuche\/#breadcrumb"},"inLanguage":"de","potentialAction":[{"@type":"ReadAction","target":["https:\/\/www.hotelcristinacorona.it\/de\/die-kuche\/"]}]},{"@type":"BreadcrumbList","@id":"https:\/\/www.hotelcristinacorona.it\/de\/die-kuche\/#breadcrumb","itemListElement":[{"@type":"ListItem","position":1,"name":"Home","item":"https:\/\/www.hotelcristinacorona.it\/de\/"},{"@type":"ListItem","position":2,"name":"Die K\u00fcche"}]},{"@type":"WebSite","@id":"https:\/\/www.hotelcristinacorona.it\/#website","url":"https:\/\/www.hotelcristinacorona.it\/","name":"Hotel Cristina Corona Cattolica","description":"","publisher":{"@id":"https:\/\/www.hotelcristinacorona.it\/#organization"},"potentialAction":[{"@type":"SearchAction","target":{"@type":"EntryPoint","urlTemplate":"https:\/\/www.hotelcristinacorona.it\/?s={search_term_string}"},"query-input":{"@type":"PropertyValueSpecification","valueRequired":true,"valueName":"search_term_string"}}],"inLanguage":"de"},{"@type":"Organization","@id":"https:\/\/www.hotelcristinacorona.it\/#organization","name":"Hotel Cristina Corona Cattolica","url":"https:\/\/www.hotelcristinacorona.it\/","logo":{"@type":"ImageObject","inLanguage":"de","@id":"https:\/\/www.hotelcristinacorona.it\/#\/schema\/logo\/image\/","url":"https:\/\/www.hotelcristinacorona.it\/wp-content\/uploads\/2019\/12\/logo.png","contentUrl":"https:\/\/www.hotelcristinacorona.it\/wp-content\/uploads\/2019\/12\/logo.png","width":431,"height":105,"caption":"Hotel Cristina Corona Cattolica"},"image":{"@id":"https:\/\/www.hotelcristinacorona.it\/#\/schema\/logo\/image\/"}}]}},"_links":{"self":[{"href":"https:\/\/www.hotelcristinacorona.it\/de\/wp-json\/wp\/v2\/pages\/1344","targetHints":{"allow":["GET"]}}],"collection":[{"href":"https:\/\/www.hotelcristinacorona.it\/de\/wp-json\/wp\/v2\/pages"}],"about":[{"href":"https:\/\/www.hotelcristinacorona.it\/de\/wp-json\/wp\/v2\/types\/page"}],"author":[{"embeddable":true,"href":"https:\/\/www.hotelcristinacorona.it\/de\/wp-json\/wp\/v2\/users\/1"}],"replies":[{"embeddable":true,"href":"https:\/\/www.hotelcristinacorona.it\/de\/wp-json\/wp\/v2\/comments?post=1344"}],"version-history":[{"count":2,"href":"https:\/\/www.hotelcristinacorona.it\/de\/wp-json\/wp\/v2\/pages\/1344\/revisions"}],"predecessor-version":[{"id":5019,"href":"https:\/\/www.hotelcristinacorona.it\/de\/wp-json\/wp\/v2\/pages\/1344\/revisions\/5019"}],"wp:attachment":[{"href":"https:\/\/www.hotelcristinacorona.it\/de\/wp-json\/wp\/v2\/media?parent=1344"}],"curies":[{"name":"wp","href":"https:\/\/api.w.org\/{rel}","templated":true}]}}