{"id":1346,"date":"2020-02-06T15:55:14","date_gmt":"2020-02-06T14:55:14","guid":{"rendered":"https:\/\/www.hotelcristinacorona.it\/das-fruhstuck\/"},"modified":"2023-01-24T16:39:22","modified_gmt":"2023-01-24T15:39:22","slug":"das-fruhstuck","status":"publish","type":"page","link":"https:\/\/www.hotelcristinacorona.it\/de\/das-fruhstuck\/","title":{"rendered":"Das Fr\u00fchst\u00fcck"},"content":{"rendered":"<p>Es hei\u00dft, dass man einen guten Tag bereits am Morgen erkennt \u2013 und Sprichw\u00f6rter sind im Hotel Cristina Corona in Cattolica niemals etwas Abgedroschenes.<\/p>\n<p>Ein Wohlf\u00fchlurlaub ist f\u00fcr uns gleichbedeutend mit einem guten Start in den Tag: das ist der Grund, warum <strong>Sie bei uns jeden Morgen unser k\u00f6stlich duftendes B\u00fcfett erwartet<\/strong>.<br \/>\nAlle Produkte sind handverlesen und das Ergebnis des sorgf\u00e4ltigen Auswahlverfahrens, dem wir uns in den letzten Jahren mit gro\u00dfer Hingabe gewidmet haben.<\/p>\n<p>Nach eingehender Pr\u00fcfung von Qualit\u00e4t und Herkunft <strong>haben wir f\u00fcr Sie nur das Beste ausgew\u00e4hlt<\/strong>.<br \/>\nFreuen Sie sich allmorgendlich auf leckere <strong>Kuchen, Plumcakes, M\u00fcrbeteigkuchen und hausgemachten Napfkuchen<\/strong>, die mit Liebe von unserem K\u00fcchenchef zubereitet werden. Ebenfalls stets dabei sind Croissants (die es bei uns auch mit Zerealien gibt), mit Schokolade oder <strong>Marmelade aus biologischem Anbau<\/strong> der besten Marken gef\u00fcllt. Die Zubereitung der <strong>warmen Pancakes<\/strong> \u00fcberlassen wir dagegen Ihnen: neben dem B\u00fcfett finden Sie den Teig vor, den Sie (mit der passenden kleinen Kelle) in die daf\u00fcr bereitstehenden runden Formen f\u00fcllen.<\/p>\n<p>Sie m\u00f6chten lieber mit etwas Frischem beginnen? Kein Problem! <strong>Obstsalat und Fr\u00fcchte aus lokaler Erzeugung, Joghurt und K\u00e4se aus kleinen Molkereien<\/strong> aus dem unmittelbaren Hinterland warten schon auf Sie.<\/p>\n<p>Auch die Fans von herzhaften Speisen kommen bei uns auf ihre Kosten: bei Eiern, Wurstwaren und Ricotta!<br \/>\nDazu k\u00f6nnen Sie Ihr Lieblingsgetr\u00e4nk genie\u00dfen: Milch, frisch gemahlenen Espresso, Cappuccino, Tee, Kakao oder Fruchts\u00e4fte.<\/p>\n<p>Unsere \u201eBROT-Ecke\u201c \u00fcberzeugt durch Frische, Vielfalt und F\u00fclle. Sie k\u00f6nnen es auch toasten \u2026 Au\u00dferdem halten wir eine k\u00f6stliche Neuigkeit f\u00fcr Sie bereit: Sie k\u00f6nnen den Honig direkt aus der <strong>Bienenwabe<\/strong> l\u00f6sen \u2026 ja, Sie haben richtig gelesen, aus der nat\u00fcrlichen Honigwabe direkt aus dem Bienenstock!<\/p>\n<p><a href=\"https:\/\/www.hotelcristinacorona.it\/de\/die-kuche\/\">K\u00fcche &gt;&gt;<\/a><\/p>\n<p><a href=\"https:\/\/www.hotelcristinacorona.it\/de\/die-verkostungen\/\">Verkostung &gt;&gt;<\/a><\/p>\n","protected":false},"excerpt":{"rendered":"<p>Es hei\u00dft, dass man einen guten Tag bereits am Morgen erkennt \u2013 und Sprichw\u00f6rter sind im Hotel Cristina Corona in Cattolica niemals etwas Abgedroschenes. Ein Wohlf\u00fchlurlaub ist f\u00fcr uns gleichbedeutend mit einem guten Start in [&#8230;]<\/p>\n<p><a class=\"btn btn-primary read-more-link\" href=\"https:\/\/www.hotelcristinacorona.it\/de\/das-fruhstuck\/\">Leggi tutto<\/a><\/p>\n","protected":false},"author":1,"featured_media":0,"parent":0,"menu_order":56,"comment_status":"closed","ping_status":"closed","template":"","meta":{"_acf_changed":false},"class_list":["post-1346","page","type-page","status-publish","hentry","buon_motivo-dienstleistungen","buon_motivo-heimische-produkte","buon_motivo-zimmer"],"acf":[],"yoast_head":"<!-- This site is optimized with the Yoast SEO plugin v23.9 - https:\/\/yoast.com\/wordpress\/plugins\/seo\/ -->\n<title>Fr\u00fchst\u00fccksbuffet mit 0 km Produkten - Hotel Cristina Corona<\/title>\n<meta name=\"description\" content=\"Jeden Morgen, wenn Sie aufwachen, finden Sie unser duftendes Buffet mit regionalen Produkten: hausgemachten Kuchen und Ciabellen, Bio-Marmeladen, frischem Ricotta und ... der nat\u00fcrlichen Wabe. F\u00fcr einen guten Start in den Tag!\" \/>\n<meta name=\"robots\" content=\"index, follow, max-snippet:-1, max-image-preview:large, max-video-preview:-1\" \/>\n<link rel=\"canonical\" href=\"https:\/\/www.hotelcristinacorona.it\/de\/das-fruhstuck\/\" \/>\n<meta property=\"og:locale\" content=\"de_DE\" \/>\n<meta property=\"og:type\" content=\"article\" \/>\n<meta property=\"og:title\" content=\"Fr\u00fchst\u00fccksbuffet mit 0 km Produkten - Hotel Cristina Corona\" \/>\n<meta property=\"og:description\" content=\"Jeden Morgen, wenn Sie aufwachen, finden Sie unser duftendes Buffet mit regionalen Produkten: hausgemachten Kuchen und Ciabellen, Bio-Marmeladen, frischem Ricotta und ... der nat\u00fcrlichen Wabe. F\u00fcr einen guten Start in den Tag!\" \/>\n<meta property=\"og:url\" content=\"https:\/\/www.hotelcristinacorona.it\/de\/das-fruhstuck\/\" \/>\n<meta property=\"og:site_name\" content=\"Hotel Cristina Corona Cattolica\" \/>\n<meta property=\"article:modified_time\" content=\"2023-01-24T15:39:22+00:00\" \/>\n<meta name=\"twitter:card\" content=\"summary_large_image\" \/>\n<meta name=\"twitter:label1\" content=\"Gesch\u00e4tzte Lesezeit\" \/>\n\t<meta name=\"twitter:data1\" content=\"2\u00a0Minuten\" \/>\n<script type=\"application\/ld+json\" class=\"yoast-schema-graph\">{\"@context\":\"https:\/\/schema.org\",\"@graph\":[{\"@type\":\"WebPage\",\"@id\":\"https:\/\/www.hotelcristinacorona.it\/de\/das-fruhstuck\/\",\"url\":\"https:\/\/www.hotelcristinacorona.it\/de\/das-fruhstuck\/\",\"name\":\"Fr\u00fchst\u00fccksbuffet mit 0 km Produkten - Hotel Cristina Corona\",\"isPartOf\":{\"@id\":\"https:\/\/www.hotelcristinacorona.it\/#website\"},\"datePublished\":\"2020-02-06T14:55:14+00:00\",\"dateModified\":\"2023-01-24T15:39:22+00:00\",\"description\":\"Jeden Morgen, wenn Sie aufwachen, finden Sie unser duftendes Buffet mit regionalen Produkten: hausgemachten Kuchen und Ciabellen, Bio-Marmeladen, frischem Ricotta und ... der nat\u00fcrlichen Wabe. F\u00fcr einen guten Start in den Tag!\",\"breadcrumb\":{\"@id\":\"https:\/\/www.hotelcristinacorona.it\/de\/das-fruhstuck\/#breadcrumb\"},\"inLanguage\":\"de\",\"potentialAction\":[{\"@type\":\"ReadAction\",\"target\":[\"https:\/\/www.hotelcristinacorona.it\/de\/das-fruhstuck\/\"]}]},{\"@type\":\"BreadcrumbList\",\"@id\":\"https:\/\/www.hotelcristinacorona.it\/de\/das-fruhstuck\/#breadcrumb\",\"itemListElement\":[{\"@type\":\"ListItem\",\"position\":1,\"name\":\"Home\",\"item\":\"https:\/\/www.hotelcristinacorona.it\/de\/\"},{\"@type\":\"ListItem\",\"position\":2,\"name\":\"Das Fr\u00fchst\u00fcck\"}]},{\"@type\":\"WebSite\",\"@id\":\"https:\/\/www.hotelcristinacorona.it\/#website\",\"url\":\"https:\/\/www.hotelcristinacorona.it\/\",\"name\":\"Hotel Cristina Corona Cattolica\",\"description\":\"\",\"publisher\":{\"@id\":\"https:\/\/www.hotelcristinacorona.it\/#organization\"},\"potentialAction\":[{\"@type\":\"SearchAction\",\"target\":{\"@type\":\"EntryPoint\",\"urlTemplate\":\"https:\/\/www.hotelcristinacorona.it\/?s={search_term_string}\"},\"query-input\":{\"@type\":\"PropertyValueSpecification\",\"valueRequired\":true,\"valueName\":\"search_term_string\"}}],\"inLanguage\":\"de\"},{\"@type\":\"Organization\",\"@id\":\"https:\/\/www.hotelcristinacorona.it\/#organization\",\"name\":\"Hotel Cristina Corona Cattolica\",\"url\":\"https:\/\/www.hotelcristinacorona.it\/\",\"logo\":{\"@type\":\"ImageObject\",\"inLanguage\":\"de\",\"@id\":\"https:\/\/www.hotelcristinacorona.it\/#\/schema\/logo\/image\/\",\"url\":\"https:\/\/www.hotelcristinacorona.it\/wp-content\/uploads\/2019\/12\/logo.png\",\"contentUrl\":\"https:\/\/www.hotelcristinacorona.it\/wp-content\/uploads\/2019\/12\/logo.png\",\"width\":431,\"height\":105,\"caption\":\"Hotel Cristina Corona Cattolica\"},\"image\":{\"@id\":\"https:\/\/www.hotelcristinacorona.it\/#\/schema\/logo\/image\/\"}}]}<\/script>\n<!-- \/ Yoast SEO plugin. -->","yoast_head_json":{"title":"Fr\u00fchst\u00fccksbuffet mit 0 km Produkten - Hotel Cristina Corona","description":"Jeden Morgen, wenn Sie aufwachen, finden Sie unser duftendes Buffet mit regionalen Produkten: hausgemachten Kuchen und Ciabellen, Bio-Marmeladen, frischem Ricotta und ... der nat\u00fcrlichen Wabe. F\u00fcr einen guten Start in den Tag!","robots":{"index":"index","follow":"follow","max-snippet":"max-snippet:-1","max-image-preview":"max-image-preview:large","max-video-preview":"max-video-preview:-1"},"canonical":"https:\/\/www.hotelcristinacorona.it\/de\/das-fruhstuck\/","og_locale":"de_DE","og_type":"article","og_title":"Fr\u00fchst\u00fccksbuffet mit 0 km Produkten - Hotel Cristina Corona","og_description":"Jeden Morgen, wenn Sie aufwachen, finden Sie unser duftendes Buffet mit regionalen Produkten: hausgemachten Kuchen und Ciabellen, Bio-Marmeladen, frischem Ricotta und ... der nat\u00fcrlichen Wabe. F\u00fcr einen guten Start in den Tag!","og_url":"https:\/\/www.hotelcristinacorona.it\/de\/das-fruhstuck\/","og_site_name":"Hotel Cristina Corona Cattolica","article_modified_time":"2023-01-24T15:39:22+00:00","twitter_card":"summary_large_image","twitter_misc":{"Gesch\u00e4tzte Lesezeit":"2\u00a0Minuten"},"schema":{"@context":"https:\/\/schema.org","@graph":[{"@type":"WebPage","@id":"https:\/\/www.hotelcristinacorona.it\/de\/das-fruhstuck\/","url":"https:\/\/www.hotelcristinacorona.it\/de\/das-fruhstuck\/","name":"Fr\u00fchst\u00fccksbuffet mit 0 km Produkten - Hotel Cristina Corona","isPartOf":{"@id":"https:\/\/www.hotelcristinacorona.it\/#website"},"datePublished":"2020-02-06T14:55:14+00:00","dateModified":"2023-01-24T15:39:22+00:00","description":"Jeden Morgen, wenn Sie aufwachen, finden Sie unser duftendes Buffet mit regionalen Produkten: hausgemachten Kuchen und Ciabellen, Bio-Marmeladen, frischem Ricotta und ... der nat\u00fcrlichen Wabe. F\u00fcr einen guten Start in den Tag!","breadcrumb":{"@id":"https:\/\/www.hotelcristinacorona.it\/de\/das-fruhstuck\/#breadcrumb"},"inLanguage":"de","potentialAction":[{"@type":"ReadAction","target":["https:\/\/www.hotelcristinacorona.it\/de\/das-fruhstuck\/"]}]},{"@type":"BreadcrumbList","@id":"https:\/\/www.hotelcristinacorona.it\/de\/das-fruhstuck\/#breadcrumb","itemListElement":[{"@type":"ListItem","position":1,"name":"Home","item":"https:\/\/www.hotelcristinacorona.it\/de\/"},{"@type":"ListItem","position":2,"name":"Das Fr\u00fchst\u00fcck"}]},{"@type":"WebSite","@id":"https:\/\/www.hotelcristinacorona.it\/#website","url":"https:\/\/www.hotelcristinacorona.it\/","name":"Hotel Cristina Corona Cattolica","description":"","publisher":{"@id":"https:\/\/www.hotelcristinacorona.it\/#organization"},"potentialAction":[{"@type":"SearchAction","target":{"@type":"EntryPoint","urlTemplate":"https:\/\/www.hotelcristinacorona.it\/?s={search_term_string}"},"query-input":{"@type":"PropertyValueSpecification","valueRequired":true,"valueName":"search_term_string"}}],"inLanguage":"de"},{"@type":"Organization","@id":"https:\/\/www.hotelcristinacorona.it\/#organization","name":"Hotel Cristina Corona Cattolica","url":"https:\/\/www.hotelcristinacorona.it\/","logo":{"@type":"ImageObject","inLanguage":"de","@id":"https:\/\/www.hotelcristinacorona.it\/#\/schema\/logo\/image\/","url":"https:\/\/www.hotelcristinacorona.it\/wp-content\/uploads\/2019\/12\/logo.png","contentUrl":"https:\/\/www.hotelcristinacorona.it\/wp-content\/uploads\/2019\/12\/logo.png","width":431,"height":105,"caption":"Hotel Cristina Corona Cattolica"},"image":{"@id":"https:\/\/www.hotelcristinacorona.it\/#\/schema\/logo\/image\/"}}]}},"_links":{"self":[{"href":"https:\/\/www.hotelcristinacorona.it\/de\/wp-json\/wp\/v2\/pages\/1346","targetHints":{"allow":["GET"]}}],"collection":[{"href":"https:\/\/www.hotelcristinacorona.it\/de\/wp-json\/wp\/v2\/pages"}],"about":[{"href":"https:\/\/www.hotelcristinacorona.it\/de\/wp-json\/wp\/v2\/types\/page"}],"author":[{"embeddable":true,"href":"https:\/\/www.hotelcristinacorona.it\/de\/wp-json\/wp\/v2\/users\/1"}],"replies":[{"embeddable":true,"href":"https:\/\/www.hotelcristinacorona.it\/de\/wp-json\/wp\/v2\/comments?post=1346"}],"version-history":[{"count":2,"href":"https:\/\/www.hotelcristinacorona.it\/de\/wp-json\/wp\/v2\/pages\/1346\/revisions"}],"predecessor-version":[{"id":5015,"href":"https:\/\/www.hotelcristinacorona.it\/de\/wp-json\/wp\/v2\/pages\/1346\/revisions\/5015"}],"wp:attachment":[{"href":"https:\/\/www.hotelcristinacorona.it\/de\/wp-json\/wp\/v2\/media?parent=1346"}],"curies":[{"name":"wp","href":"https:\/\/api.w.org\/{rel}","templated":true}]}}