{"id":1363,"date":"2020-02-06T17:31:05","date_gmt":"2020-02-06T16:31:05","guid":{"rendered":"https:\/\/www.hotelcristinacorona.it\/die-verkostungen\/"},"modified":"2020-02-14T12:11:40","modified_gmt":"2020-02-14T11:11:40","slug":"die-verkostungen","status":"publish","type":"page","link":"https:\/\/www.hotelcristinacorona.it\/de\/die-verkostungen\/","title":{"rendered":"Die Verkostungen"},"content":{"rendered":"<p>Sonntags erwarten wir Sie zu einem <strong>ganz<\/strong> <strong>besonderen Aperitif<\/strong>.<\/p>\n<p>Die perfekte Gelegenheit, um die <strong>Spezialit\u00e4ten<\/strong> des m\u00e4rkischen und romagnolischen <strong>Hinterlandes<\/strong> bei der Verkostung der von einigen lokalen Erzeugern stammenden Produkte, u.a. <strong>k\u00f6stlichen K\u00e4se- und Wurstwaren<\/strong>, n\u00e4her kennenzulernen.<\/p>\n<p>Die Verkostung dieser Leckereien verbinden wir f\u00fcr Sie mit einer <strong>Weinprobe<\/strong> erlesener Tropfen aus Weinbaubetrieben und Weing\u00fctern aus der Umgebung von Cattolica.<\/p>\n<p><a href=\"https:\/\/www.hotelcristinacorona.it\/de\/die-kuche\/\">K\u00fcche &gt;&gt;<\/a><\/p>\n","protected":false},"excerpt":{"rendered":"<p>Sonntags erwarten wir Sie zu einem ganz besonderen Aperitif. Die perfekte Gelegenheit, um die Spezialit\u00e4ten des m\u00e4rkischen und romagnolischen Hinterlandes bei der Verkostung der von einigen lokalen Erzeugern stammenden Produkte, u.a. k\u00f6stlichen K\u00e4se- und Wurstwaren, [&#8230;]<\/p>\n<p><a class=\"btn btn-primary read-more-link\" href=\"https:\/\/www.hotelcristinacorona.it\/de\/die-verkostungen\/\">Leggi tutto<\/a><\/p>\n","protected":false},"author":1,"featured_media":0,"parent":0,"menu_order":51,"comment_status":"closed","ping_status":"closed","template":"","meta":{"_acf_changed":false},"class_list":["post-1363","page","type-page","status-publish","hentry","buon_motivo-hinterland","buon_motivo-dienstleistungen","buon_motivo-heimische-produkte"],"acf":[],"yoast_head":"<!-- This site is optimized with the Yoast SEO plugin v23.9 - https:\/\/yoast.com\/wordpress\/plugins\/seo\/ -->\n<title>Verkostung typischer Produkte in einem Hotel in Cattolica - Hotel Cristina Corona<\/title>\n<meta name=\"description\" content=\"Jeden Sonntag organisieren wir hier in Cristina Corona einen besonderen Aperitif: Wir m\u00f6chten, dass alle unsere G\u00e4ste Produkte aus der Romagna und den Marken probieren, wie K\u00e4se, Fleisch und ausgew\u00e4hlte Weine von Weing\u00fctern und Weing\u00fctern in der Umgebung von Cattolica.\" \/>\n<meta name=\"robots\" content=\"index, follow, max-snippet:-1, max-image-preview:large, max-video-preview:-1\" \/>\n<link rel=\"canonical\" href=\"https:\/\/www.hotelcristinacorona.it\/de\/die-verkostungen\/\" \/>\n<meta property=\"og:locale\" content=\"de_DE\" \/>\n<meta property=\"og:type\" content=\"article\" \/>\n<meta property=\"og:title\" content=\"Verkostung typischer Produkte in einem Hotel in Cattolica - Hotel Cristina Corona\" \/>\n<meta property=\"og:description\" content=\"Jeden Sonntag organisieren wir hier in Cristina Corona einen besonderen Aperitif: Wir m\u00f6chten, dass alle unsere G\u00e4ste Produkte aus der Romagna und den Marken probieren, wie K\u00e4se, Fleisch und ausgew\u00e4hlte Weine von Weing\u00fctern und Weing\u00fctern in der Umgebung von Cattolica.\" \/>\n<meta property=\"og:url\" content=\"https:\/\/www.hotelcristinacorona.it\/de\/die-verkostungen\/\" \/>\n<meta property=\"og:site_name\" content=\"Hotel Cristina Corona Cattolica\" \/>\n<meta property=\"article:modified_time\" content=\"2020-02-14T11:11:40+00:00\" \/>\n<meta name=\"twitter:card\" content=\"summary_large_image\" \/>\n<script type=\"application\/ld+json\" class=\"yoast-schema-graph\">{\"@context\":\"https:\/\/schema.org\",\"@graph\":[{\"@type\":\"WebPage\",\"@id\":\"https:\/\/www.hotelcristinacorona.it\/de\/die-verkostungen\/\",\"url\":\"https:\/\/www.hotelcristinacorona.it\/de\/die-verkostungen\/\",\"name\":\"Verkostung typischer Produkte in einem Hotel in Cattolica - Hotel Cristina Corona\",\"isPartOf\":{\"@id\":\"https:\/\/www.hotelcristinacorona.it\/#website\"},\"datePublished\":\"2020-02-06T16:31:05+00:00\",\"dateModified\":\"2020-02-14T11:11:40+00:00\",\"description\":\"Jeden Sonntag organisieren wir hier in Cristina Corona einen besonderen Aperitif: Wir m\u00f6chten, dass alle unsere G\u00e4ste Produkte aus der Romagna und den Marken probieren, wie K\u00e4se, Fleisch und ausgew\u00e4hlte Weine von Weing\u00fctern und Weing\u00fctern in der Umgebung von Cattolica.\",\"breadcrumb\":{\"@id\":\"https:\/\/www.hotelcristinacorona.it\/de\/die-verkostungen\/#breadcrumb\"},\"inLanguage\":\"de\",\"potentialAction\":[{\"@type\":\"ReadAction\",\"target\":[\"https:\/\/www.hotelcristinacorona.it\/de\/die-verkostungen\/\"]}]},{\"@type\":\"BreadcrumbList\",\"@id\":\"https:\/\/www.hotelcristinacorona.it\/de\/die-verkostungen\/#breadcrumb\",\"itemListElement\":[{\"@type\":\"ListItem\",\"position\":1,\"name\":\"Home\",\"item\":\"https:\/\/www.hotelcristinacorona.it\/de\/\"},{\"@type\":\"ListItem\",\"position\":2,\"name\":\"Die Verkostungen\"}]},{\"@type\":\"WebSite\",\"@id\":\"https:\/\/www.hotelcristinacorona.it\/#website\",\"url\":\"https:\/\/www.hotelcristinacorona.it\/\",\"name\":\"Hotel Cristina Corona Cattolica\",\"description\":\"\",\"publisher\":{\"@id\":\"https:\/\/www.hotelcristinacorona.it\/#organization\"},\"potentialAction\":[{\"@type\":\"SearchAction\",\"target\":{\"@type\":\"EntryPoint\",\"urlTemplate\":\"https:\/\/www.hotelcristinacorona.it\/?s={search_term_string}\"},\"query-input\":{\"@type\":\"PropertyValueSpecification\",\"valueRequired\":true,\"valueName\":\"search_term_string\"}}],\"inLanguage\":\"de\"},{\"@type\":\"Organization\",\"@id\":\"https:\/\/www.hotelcristinacorona.it\/#organization\",\"name\":\"Hotel Cristina Corona Cattolica\",\"url\":\"https:\/\/www.hotelcristinacorona.it\/\",\"logo\":{\"@type\":\"ImageObject\",\"inLanguage\":\"de\",\"@id\":\"https:\/\/www.hotelcristinacorona.it\/#\/schema\/logo\/image\/\",\"url\":\"https:\/\/www.hotelcristinacorona.it\/wp-content\/uploads\/2019\/12\/logo.png\",\"contentUrl\":\"https:\/\/www.hotelcristinacorona.it\/wp-content\/uploads\/2019\/12\/logo.png\",\"width\":431,\"height\":105,\"caption\":\"Hotel Cristina Corona Cattolica\"},\"image\":{\"@id\":\"https:\/\/www.hotelcristinacorona.it\/#\/schema\/logo\/image\/\"}}]}<\/script>\n<!-- \/ Yoast SEO plugin. -->","yoast_head_json":{"title":"Verkostung typischer Produkte in einem Hotel in Cattolica - Hotel Cristina Corona","description":"Jeden Sonntag organisieren wir hier in Cristina Corona einen besonderen Aperitif: Wir m\u00f6chten, dass alle unsere G\u00e4ste Produkte aus der Romagna und den Marken probieren, wie K\u00e4se, Fleisch und ausgew\u00e4hlte Weine von Weing\u00fctern und Weing\u00fctern in der Umgebung von Cattolica.","robots":{"index":"index","follow":"follow","max-snippet":"max-snippet:-1","max-image-preview":"max-image-preview:large","max-video-preview":"max-video-preview:-1"},"canonical":"https:\/\/www.hotelcristinacorona.it\/de\/die-verkostungen\/","og_locale":"de_DE","og_type":"article","og_title":"Verkostung typischer Produkte in einem Hotel in Cattolica - Hotel Cristina Corona","og_description":"Jeden Sonntag organisieren wir hier in Cristina Corona einen besonderen Aperitif: Wir m\u00f6chten, dass alle unsere G\u00e4ste Produkte aus der Romagna und den Marken probieren, wie K\u00e4se, Fleisch und ausgew\u00e4hlte Weine von Weing\u00fctern und Weing\u00fctern in der Umgebung von Cattolica.","og_url":"https:\/\/www.hotelcristinacorona.it\/de\/die-verkostungen\/","og_site_name":"Hotel Cristina Corona Cattolica","article_modified_time":"2020-02-14T11:11:40+00:00","twitter_card":"summary_large_image","schema":{"@context":"https:\/\/schema.org","@graph":[{"@type":"WebPage","@id":"https:\/\/www.hotelcristinacorona.it\/de\/die-verkostungen\/","url":"https:\/\/www.hotelcristinacorona.it\/de\/die-verkostungen\/","name":"Verkostung typischer Produkte in einem Hotel in Cattolica - Hotel Cristina Corona","isPartOf":{"@id":"https:\/\/www.hotelcristinacorona.it\/#website"},"datePublished":"2020-02-06T16:31:05+00:00","dateModified":"2020-02-14T11:11:40+00:00","description":"Jeden Sonntag organisieren wir hier in Cristina Corona einen besonderen Aperitif: Wir m\u00f6chten, dass alle unsere G\u00e4ste Produkte aus der Romagna und den Marken probieren, wie K\u00e4se, Fleisch und ausgew\u00e4hlte Weine von Weing\u00fctern und Weing\u00fctern in der Umgebung von Cattolica.","breadcrumb":{"@id":"https:\/\/www.hotelcristinacorona.it\/de\/die-verkostungen\/#breadcrumb"},"inLanguage":"de","potentialAction":[{"@type":"ReadAction","target":["https:\/\/www.hotelcristinacorona.it\/de\/die-verkostungen\/"]}]},{"@type":"BreadcrumbList","@id":"https:\/\/www.hotelcristinacorona.it\/de\/die-verkostungen\/#breadcrumb","itemListElement":[{"@type":"ListItem","position":1,"name":"Home","item":"https:\/\/www.hotelcristinacorona.it\/de\/"},{"@type":"ListItem","position":2,"name":"Die Verkostungen"}]},{"@type":"WebSite","@id":"https:\/\/www.hotelcristinacorona.it\/#website","url":"https:\/\/www.hotelcristinacorona.it\/","name":"Hotel Cristina Corona Cattolica","description":"","publisher":{"@id":"https:\/\/www.hotelcristinacorona.it\/#organization"},"potentialAction":[{"@type":"SearchAction","target":{"@type":"EntryPoint","urlTemplate":"https:\/\/www.hotelcristinacorona.it\/?s={search_term_string}"},"query-input":{"@type":"PropertyValueSpecification","valueRequired":true,"valueName":"search_term_string"}}],"inLanguage":"de"},{"@type":"Organization","@id":"https:\/\/www.hotelcristinacorona.it\/#organization","name":"Hotel Cristina Corona Cattolica","url":"https:\/\/www.hotelcristinacorona.it\/","logo":{"@type":"ImageObject","inLanguage":"de","@id":"https:\/\/www.hotelcristinacorona.it\/#\/schema\/logo\/image\/","url":"https:\/\/www.hotelcristinacorona.it\/wp-content\/uploads\/2019\/12\/logo.png","contentUrl":"https:\/\/www.hotelcristinacorona.it\/wp-content\/uploads\/2019\/12\/logo.png","width":431,"height":105,"caption":"Hotel Cristina Corona Cattolica"},"image":{"@id":"https:\/\/www.hotelcristinacorona.it\/#\/schema\/logo\/image\/"}}]}},"_links":{"self":[{"href":"https:\/\/www.hotelcristinacorona.it\/de\/wp-json\/wp\/v2\/pages\/1363","targetHints":{"allow":["GET"]}}],"collection":[{"href":"https:\/\/www.hotelcristinacorona.it\/de\/wp-json\/wp\/v2\/pages"}],"about":[{"href":"https:\/\/www.hotelcristinacorona.it\/de\/wp-json\/wp\/v2\/types\/page"}],"author":[{"embeddable":true,"href":"https:\/\/www.hotelcristinacorona.it\/de\/wp-json\/wp\/v2\/users\/1"}],"replies":[{"embeddable":true,"href":"https:\/\/www.hotelcristinacorona.it\/de\/wp-json\/wp\/v2\/comments?post=1363"}],"version-history":[{"count":1,"href":"https:\/\/www.hotelcristinacorona.it\/de\/wp-json\/wp\/v2\/pages\/1363\/revisions"}],"predecessor-version":[{"id":1364,"href":"https:\/\/www.hotelcristinacorona.it\/de\/wp-json\/wp\/v2\/pages\/1363\/revisions\/1364"}],"wp:attachment":[{"href":"https:\/\/www.hotelcristinacorona.it\/de\/wp-json\/wp\/v2\/media?parent=1363"}],"curies":[{"name":"wp","href":"https:\/\/api.w.org\/{rel}","templated":true}]}}