{"id":1365,"date":"2020-02-06T17:37:44","date_gmt":"2020-02-06T16:37:44","guid":{"rendered":"https:\/\/www.hotelcristinacorona.it\/unsere-lage\/"},"modified":"2023-01-24T17:08:40","modified_gmt":"2023-01-24T16:08:40","slug":"unsere-lage","status":"publish","type":"page","link":"https:\/\/www.hotelcristinacorona.it\/de\/unsere-lage\/","title":{"rendered":"Unsere Lage"},"content":{"rendered":"<p><strong>Das Hotel Cristina Corona befindet sich in der Via Bologna in Cattolica<\/strong> \u2013 eine Lage, die es Ihnen erlaubt, in wenigen Schritten am Meer und zugleich mitten im Zentrum der Stadt zu sein.<\/p>\n<p>Via Bologna ist eine Querstra\u00dfe der Strandpromenade und der Via Dante, der Stra\u00dfe mit den vielen Gesch\u00e4ften und Bars, von der aus man in 5 Minuten zur Piazza 1\u00b0 Maggio gelangt, die f\u00fcr ihre tanzenden Font\u00e4nen bekannt ist.<\/p>\n<p>Vom Hotel Cristina Corona aus sind Sie sofort am Strand, sofort im Zentrum, sofort im Herzen Ihres Urlaubs in Cattolica.<\/p>\n<p>&nbsp;<\/p>\n<p><img fetchpriority=\"high\" decoding=\"async\" class=\"alignnone wp-image-1473 size-full\" src=\"https:\/\/www.hotelcristinacorona.it\/wp-content\/uploads\/2020\/02\/mappaCristinaCorona.jpg\" alt=\"\" width=\"1835\" height=\"944\" srcset=\"https:\/\/www.hotelcristinacorona.it\/wp-content\/uploads\/2020\/02\/mappaCristinaCorona.jpg 1835w, https:\/\/www.hotelcristinacorona.it\/wp-content\/uploads\/2020\/02\/mappaCristinaCorona-360x185.jpg 360w, https:\/\/www.hotelcristinacorona.it\/wp-content\/uploads\/2020\/02\/mappaCristinaCorona-768x395.jpg 768w, https:\/\/www.hotelcristinacorona.it\/wp-content\/uploads\/2020\/02\/mappaCristinaCorona-1536x790.jpg 1536w\" sizes=\"(max-width: 1835px) 100vw, 1835px\" \/><\/p>\n<p>&nbsp;<\/p>\n<p><strong>ANREISE MIT DEM AUTO:<\/strong><br \/>\nNach der Abfahrt von der A14 an der Mautstelle \u201eCattolica \u2013 San Giovanni in M. \u2013 Gabicce Mare\u201d biegen Sie nach rechts ab, halten sich auf der Via Saludecese und lassen dabei drei Verkehrskreisel hinter sich. Auf der H\u00f6he des dritten Kreisels begeben Sie sich auf die Via Ferrara, fahren weiter bis zur Via Violante Del Prete, biegen an der Kreuzung nach rechts ab und fahren weiter geradeaus. Biegen Sie in die Via Bologna (zweite Stra\u00dfe links), fahren weiter, lassen die Kreuzung mit Via Dante hinter sich und haben nach wenigen Metern auf der linken Seite Ihr Ziel erreicht.<\/p>\n<p>&nbsp;<\/p>\n<p><strong>ANREISE VOM BAHNHOF:<\/strong><br \/>\nAm Bahnhof in Cattolica angekommen, k\u00f6nnen Sie entweder ein Taxi nehmen oder zu Fu\u00df zu uns kommen.<br \/>\nDer Spaziergang dauert 15 Minuten: vom Bahnhofsvorplatz aus begeben Sie sich in nordwestliche Richtung in die Via Nazario Sauro. Gehen Sie weiter in der Via Cavour, biegen Sie nach links ab und nehmen Sie die Via M. D\u2019Azeglio.<br \/>\nAn diesem Punkt biegen Sie nach rechts ab in die Via Indipendenza, nehmen am ersten Rondell die erste Ausfahrt und folgen der Via Giuseppe Mazzini. An der Piazza Antonio Gramsci angelangt, nehmen Sie die 2.<br \/>\nAusfahrt und folgen der Via Fiume. Biegen Sie zun\u00e4chst nach links in die Via Dante ab und anschlie\u00dfend nach rechts in die Via Bologna. Unser Hotel befindet sich auf der linken Seite.<\/p>\n<p>&nbsp;<\/p>\n<p><strong>ANREISE VOM FLUGHAFEN:<\/strong><br \/>\nWenn Sie mit dem Flugzeug anreisen, empfehlen wir Ihnen, als Ankunftsflughafen Bologna oder Rimini zu w\u00e4hlen.<br \/>\nAm Flughafen in Bologna k\u00f6nnen Sie den Shuttle-Bus nehmen, der Sie direkt zum Bahnhof von Rimini bringt.<br \/>\nAm Flughafen Rimini gibt es hingegen eine Shuttle-Anbindung zum Bahnhof.<\/p>\n","protected":false},"excerpt":{"rendered":"<p>Das Hotel Cristina Corona befindet sich in der Via Bologna in Cattolica \u2013 eine Lage, die es Ihnen erlaubt, in wenigen Schritten am Meer und zugleich mitten im Zentrum der Stadt zu sein. Via Bologna [&#8230;]<\/p>\n<p><a class=\"btn btn-primary read-more-link\" href=\"https:\/\/www.hotelcristinacorona.it\/de\/unsere-lage\/\">Leggi tutto<\/a><\/p>\n","protected":false},"author":1,"featured_media":0,"parent":0,"menu_order":45,"comment_status":"closed","ping_status":"closed","template":"","meta":{"_acf_changed":false},"class_list":["post-1365","page","type-page","status-publish","hentry","buon_motivo-cattolica-de","buon_motivo-strand","buon_motivo-lage"],"acf":[],"yoast_head":"<!-- This site is optimized with the Yoast SEO plugin v23.9 - https:\/\/yoast.com\/wordpress\/plugins\/seo\/ -->\n<title>Hotel in der N\u00e4he des Meeres und des Zentrums von Cattolica - Hotel Cristina Corona<\/title>\n<meta name=\"description\" content=\"Das Hotel Cristina Corona befindet sich in Cattolica in der Via Bologna, einer Seitenstra\u00dfe der Viale Dante, in der N\u00e4he des Zentrums und des Meeres. Am Abend verwandelt sich die Viale Dante in eine Fu\u00dfg\u00e4ngerzone mit Gesch\u00e4ften, Bars und Eisdielen.\" \/>\n<meta name=\"robots\" content=\"index, follow, max-snippet:-1, max-image-preview:large, max-video-preview:-1\" \/>\n<link rel=\"canonical\" href=\"https:\/\/www.hotelcristinacorona.it\/de\/unsere-lage\/\" \/>\n<meta property=\"og:locale\" content=\"de_DE\" \/>\n<meta property=\"og:type\" content=\"article\" \/>\n<meta property=\"og:title\" content=\"Hotel in der N\u00e4he des Meeres und des Zentrums von Cattolica - Hotel Cristina Corona\" \/>\n<meta property=\"og:description\" content=\"Das Hotel Cristina Corona befindet sich in Cattolica in der Via Bologna, einer Seitenstra\u00dfe der Viale Dante, in der N\u00e4he des Zentrums und des Meeres. Am Abend verwandelt sich die Viale Dante in eine Fu\u00dfg\u00e4ngerzone mit Gesch\u00e4ften, Bars und Eisdielen.\" \/>\n<meta property=\"og:url\" content=\"https:\/\/www.hotelcristinacorona.it\/de\/unsere-lage\/\" \/>\n<meta property=\"og:site_name\" content=\"Hotel Cristina Corona Cattolica\" \/>\n<meta property=\"article:modified_time\" content=\"2023-01-24T16:08:40+00:00\" \/>\n<meta property=\"og:image\" content=\"https:\/\/www.hotelcristinacorona.it\/wp-content\/uploads\/2020\/02\/mappaCristinaCorona.jpg\" \/>\n<meta name=\"twitter:card\" content=\"summary_large_image\" \/>\n<meta name=\"twitter:label1\" content=\"Gesch\u00e4tzte Lesezeit\" \/>\n\t<meta name=\"twitter:data1\" content=\"2\u00a0Minuten\" \/>\n<script type=\"application\/ld+json\" class=\"yoast-schema-graph\">{\"@context\":\"https:\/\/schema.org\",\"@graph\":[{\"@type\":\"WebPage\",\"@id\":\"https:\/\/www.hotelcristinacorona.it\/de\/unsere-lage\/\",\"url\":\"https:\/\/www.hotelcristinacorona.it\/de\/unsere-lage\/\",\"name\":\"Hotel in der N\u00e4he des Meeres und des Zentrums von Cattolica - Hotel Cristina Corona\",\"isPartOf\":{\"@id\":\"https:\/\/www.hotelcristinacorona.it\/#website\"},\"primaryImageOfPage\":{\"@id\":\"https:\/\/www.hotelcristinacorona.it\/de\/unsere-lage\/#primaryimage\"},\"image\":{\"@id\":\"https:\/\/www.hotelcristinacorona.it\/de\/unsere-lage\/#primaryimage\"},\"thumbnailUrl\":\"https:\/\/www.hotelcristinacorona.it\/wp-content\/uploads\/2020\/02\/mappaCristinaCorona.jpg\",\"datePublished\":\"2020-02-06T16:37:44+00:00\",\"dateModified\":\"2023-01-24T16:08:40+00:00\",\"description\":\"Das Hotel Cristina Corona befindet sich in Cattolica in der Via Bologna, einer Seitenstra\u00dfe der Viale Dante, in der N\u00e4he des Zentrums und des Meeres. Am Abend verwandelt sich die Viale Dante in eine Fu\u00dfg\u00e4ngerzone mit Gesch\u00e4ften, Bars und Eisdielen.\",\"breadcrumb\":{\"@id\":\"https:\/\/www.hotelcristinacorona.it\/de\/unsere-lage\/#breadcrumb\"},\"inLanguage\":\"de\",\"potentialAction\":[{\"@type\":\"ReadAction\",\"target\":[\"https:\/\/www.hotelcristinacorona.it\/de\/unsere-lage\/\"]}]},{\"@type\":\"ImageObject\",\"inLanguage\":\"de\",\"@id\":\"https:\/\/www.hotelcristinacorona.it\/de\/unsere-lage\/#primaryimage\",\"url\":\"https:\/\/www.hotelcristinacorona.it\/wp-content\/uploads\/2020\/02\/mappaCristinaCorona.jpg\",\"contentUrl\":\"https:\/\/www.hotelcristinacorona.it\/wp-content\/uploads\/2020\/02\/mappaCristinaCorona.jpg\"},{\"@type\":\"BreadcrumbList\",\"@id\":\"https:\/\/www.hotelcristinacorona.it\/de\/unsere-lage\/#breadcrumb\",\"itemListElement\":[{\"@type\":\"ListItem\",\"position\":1,\"name\":\"Home\",\"item\":\"https:\/\/www.hotelcristinacorona.it\/de\/\"},{\"@type\":\"ListItem\",\"position\":2,\"name\":\"Unsere Lage\"}]},{\"@type\":\"WebSite\",\"@id\":\"https:\/\/www.hotelcristinacorona.it\/#website\",\"url\":\"https:\/\/www.hotelcristinacorona.it\/\",\"name\":\"Hotel Cristina Corona Cattolica\",\"description\":\"\",\"publisher\":{\"@id\":\"https:\/\/www.hotelcristinacorona.it\/#organization\"},\"potentialAction\":[{\"@type\":\"SearchAction\",\"target\":{\"@type\":\"EntryPoint\",\"urlTemplate\":\"https:\/\/www.hotelcristinacorona.it\/?s={search_term_string}\"},\"query-input\":{\"@type\":\"PropertyValueSpecification\",\"valueRequired\":true,\"valueName\":\"search_term_string\"}}],\"inLanguage\":\"de\"},{\"@type\":\"Organization\",\"@id\":\"https:\/\/www.hotelcristinacorona.it\/#organization\",\"name\":\"Hotel Cristina Corona Cattolica\",\"url\":\"https:\/\/www.hotelcristinacorona.it\/\",\"logo\":{\"@type\":\"ImageObject\",\"inLanguage\":\"de\",\"@id\":\"https:\/\/www.hotelcristinacorona.it\/#\/schema\/logo\/image\/\",\"url\":\"https:\/\/www.hotelcristinacorona.it\/wp-content\/uploads\/2019\/12\/logo.png\",\"contentUrl\":\"https:\/\/www.hotelcristinacorona.it\/wp-content\/uploads\/2019\/12\/logo.png\",\"width\":431,\"height\":105,\"caption\":\"Hotel Cristina Corona Cattolica\"},\"image\":{\"@id\":\"https:\/\/www.hotelcristinacorona.it\/#\/schema\/logo\/image\/\"}}]}<\/script>\n<!-- \/ Yoast SEO plugin. -->","yoast_head_json":{"title":"Hotel in der N\u00e4he des Meeres und des Zentrums von Cattolica - Hotel Cristina Corona","description":"Das Hotel Cristina Corona befindet sich in Cattolica in der Via Bologna, einer Seitenstra\u00dfe der Viale Dante, in der N\u00e4he des Zentrums und des Meeres. Am Abend verwandelt sich die Viale Dante in eine Fu\u00dfg\u00e4ngerzone mit Gesch\u00e4ften, Bars und Eisdielen.","robots":{"index":"index","follow":"follow","max-snippet":"max-snippet:-1","max-image-preview":"max-image-preview:large","max-video-preview":"max-video-preview:-1"},"canonical":"https:\/\/www.hotelcristinacorona.it\/de\/unsere-lage\/","og_locale":"de_DE","og_type":"article","og_title":"Hotel in der N\u00e4he des Meeres und des Zentrums von Cattolica - Hotel Cristina Corona","og_description":"Das Hotel Cristina Corona befindet sich in Cattolica in der Via Bologna, einer Seitenstra\u00dfe der Viale Dante, in der N\u00e4he des Zentrums und des Meeres. Am Abend verwandelt sich die Viale Dante in eine Fu\u00dfg\u00e4ngerzone mit Gesch\u00e4ften, Bars und Eisdielen.","og_url":"https:\/\/www.hotelcristinacorona.it\/de\/unsere-lage\/","og_site_name":"Hotel Cristina Corona Cattolica","article_modified_time":"2023-01-24T16:08:40+00:00","og_image":[{"url":"https:\/\/www.hotelcristinacorona.it\/wp-content\/uploads\/2020\/02\/mappaCristinaCorona.jpg"}],"twitter_card":"summary_large_image","twitter_misc":{"Gesch\u00e4tzte Lesezeit":"2\u00a0Minuten"},"schema":{"@context":"https:\/\/schema.org","@graph":[{"@type":"WebPage","@id":"https:\/\/www.hotelcristinacorona.it\/de\/unsere-lage\/","url":"https:\/\/www.hotelcristinacorona.it\/de\/unsere-lage\/","name":"Hotel in der N\u00e4he des Meeres und des Zentrums von Cattolica - Hotel Cristina Corona","isPartOf":{"@id":"https:\/\/www.hotelcristinacorona.it\/#website"},"primaryImageOfPage":{"@id":"https:\/\/www.hotelcristinacorona.it\/de\/unsere-lage\/#primaryimage"},"image":{"@id":"https:\/\/www.hotelcristinacorona.it\/de\/unsere-lage\/#primaryimage"},"thumbnailUrl":"https:\/\/www.hotelcristinacorona.it\/wp-content\/uploads\/2020\/02\/mappaCristinaCorona.jpg","datePublished":"2020-02-06T16:37:44+00:00","dateModified":"2023-01-24T16:08:40+00:00","description":"Das Hotel Cristina Corona befindet sich in Cattolica in der Via Bologna, einer Seitenstra\u00dfe der Viale Dante, in der N\u00e4he des Zentrums und des Meeres. Am Abend verwandelt sich die Viale Dante in eine Fu\u00dfg\u00e4ngerzone mit Gesch\u00e4ften, Bars und Eisdielen.","breadcrumb":{"@id":"https:\/\/www.hotelcristinacorona.it\/de\/unsere-lage\/#breadcrumb"},"inLanguage":"de","potentialAction":[{"@type":"ReadAction","target":["https:\/\/www.hotelcristinacorona.it\/de\/unsere-lage\/"]}]},{"@type":"ImageObject","inLanguage":"de","@id":"https:\/\/www.hotelcristinacorona.it\/de\/unsere-lage\/#primaryimage","url":"https:\/\/www.hotelcristinacorona.it\/wp-content\/uploads\/2020\/02\/mappaCristinaCorona.jpg","contentUrl":"https:\/\/www.hotelcristinacorona.it\/wp-content\/uploads\/2020\/02\/mappaCristinaCorona.jpg"},{"@type":"BreadcrumbList","@id":"https:\/\/www.hotelcristinacorona.it\/de\/unsere-lage\/#breadcrumb","itemListElement":[{"@type":"ListItem","position":1,"name":"Home","item":"https:\/\/www.hotelcristinacorona.it\/de\/"},{"@type":"ListItem","position":2,"name":"Unsere Lage"}]},{"@type":"WebSite","@id":"https:\/\/www.hotelcristinacorona.it\/#website","url":"https:\/\/www.hotelcristinacorona.it\/","name":"Hotel Cristina Corona Cattolica","description":"","publisher":{"@id":"https:\/\/www.hotelcristinacorona.it\/#organization"},"potentialAction":[{"@type":"SearchAction","target":{"@type":"EntryPoint","urlTemplate":"https:\/\/www.hotelcristinacorona.it\/?s={search_term_string}"},"query-input":{"@type":"PropertyValueSpecification","valueRequired":true,"valueName":"search_term_string"}}],"inLanguage":"de"},{"@type":"Organization","@id":"https:\/\/www.hotelcristinacorona.it\/#organization","name":"Hotel Cristina Corona Cattolica","url":"https:\/\/www.hotelcristinacorona.it\/","logo":{"@type":"ImageObject","inLanguage":"de","@id":"https:\/\/www.hotelcristinacorona.it\/#\/schema\/logo\/image\/","url":"https:\/\/www.hotelcristinacorona.it\/wp-content\/uploads\/2019\/12\/logo.png","contentUrl":"https:\/\/www.hotelcristinacorona.it\/wp-content\/uploads\/2019\/12\/logo.png","width":431,"height":105,"caption":"Hotel Cristina Corona Cattolica"},"image":{"@id":"https:\/\/www.hotelcristinacorona.it\/#\/schema\/logo\/image\/"}}]}},"_links":{"self":[{"href":"https:\/\/www.hotelcristinacorona.it\/de\/wp-json\/wp\/v2\/pages\/1365","targetHints":{"allow":["GET"]}}],"collection":[{"href":"https:\/\/www.hotelcristinacorona.it\/de\/wp-json\/wp\/v2\/pages"}],"about":[{"href":"https:\/\/www.hotelcristinacorona.it\/de\/wp-json\/wp\/v2\/types\/page"}],"author":[{"embeddable":true,"href":"https:\/\/www.hotelcristinacorona.it\/de\/wp-json\/wp\/v2\/users\/1"}],"replies":[{"embeddable":true,"href":"https:\/\/www.hotelcristinacorona.it\/de\/wp-json\/wp\/v2\/comments?post=1365"}],"version-history":[{"count":2,"href":"https:\/\/www.hotelcristinacorona.it\/de\/wp-json\/wp\/v2\/pages\/1365\/revisions"}],"predecessor-version":[{"id":5023,"href":"https:\/\/www.hotelcristinacorona.it\/de\/wp-json\/wp\/v2\/pages\/1365\/revisions\/5023"}],"wp:attachment":[{"href":"https:\/\/www.hotelcristinacorona.it\/de\/wp-json\/wp\/v2\/media?parent=1365"}],"curies":[{"name":"wp","href":"https:\/\/api.w.org\/{rel}","templated":true}]}}