{"id":1367,"date":"2020-02-06T17:41:52","date_gmt":"2020-02-06T16:41:52","guid":{"rendered":"https:\/\/www.hotelcristinacorona.it\/serviceangebot-im-hotel\/"},"modified":"2020-02-10T14:16:50","modified_gmt":"2020-02-10T13:16:50","slug":"serviceangebot-im-hotel","status":"publish","type":"page","link":"https:\/\/www.hotelcristinacorona.it\/de\/serviceangebot-im-hotel\/","title":{"rendered":"Serviceangebot im Hotel"},"content":{"rendered":"<p>Sich im Urlaub wohlzuf\u00fchlen hei\u00dft, \u00fcber ein umfassendes Serviceangebot verf\u00fcgen zu k\u00f6nnen, hei\u00dft, Unbeschwertheit und Gelassenheit zu genie\u00dfen.<\/p>\n<p>Sich im Urlaub wohlzuf\u00fchlen hei\u00dft, einen Abend mit einem von unserem Barkeeper zubereiteten Drink im Freien zu verbringen, hei\u00dft, die hoteleigenen <strong>Fahrr\u00e4der<\/strong> zu nehmen und die Stadt zu erkunden, hei\u00dft, einen der pers\u00f6nlich von Elena \u2013 ein gro\u00dfer Fan von Aufgussgetr\u00e4nken \u2013 ausgew\u00e4hlten <strong>Tees<\/strong> in der <strong>Tee-Ecke<\/strong> auszusuchen.<\/p>\n<p>Urlaub am Meer hei\u00dft, <strong>in einer Minute am Strand zu sein<\/strong> und \u00fcber einen f\u00fcr die ganze Zeit Ihres Aufenthaltes \u00fcberlassenen Sonnenschirm verf\u00fcgen zu k\u00f6nnen.<\/p>\n<p>Hier im Hotel Cristina Corona steht Ihnen ein umfassendes Serviceangebot f\u00fcr Ihren Wohlf\u00fchlurlaub zur Verf\u00fcgung, wie:<\/p>\n<p>&#8211; High-Speed-<strong>Free WiFi<\/strong><br \/>\n&#8211; Rund um die Uhr ge\u00f6ffnete Bar<br \/>\n&#8211; <strong>Tee-Ecke<\/strong><br \/>\n&#8211; Ger\u00e4umiger Fahrstuhl<br \/>\n&#8211; Fitnessraum<br \/>\n&#8211; <strong>Sonnenterrasse mit Liegen und Meerblick<\/strong><br \/>\n&#8211; <strong>\u00dcberdachter, umz\u00e4unter und bewachter Parkplatz in 700 m Entfernung, mit kostenlosem Elektro-Shuttle<\/strong><br \/>\n&#8211; Kostenlose Benutzung von Fahrr\u00e4dern<br \/>\n&#8211; <strong>Mit den<\/strong> ber\u00fchmtesten <strong>Freizeitparks<\/strong> der Romagna-K\u00fcste <strong>konventioniert<\/strong><br \/>\n&#8211; Tageszeitungen<br \/>\n&#8211; <strong>Verkostungen von typischen Produkten<\/strong><br \/>\n&#8211; Ausfl\u00fcge ins Landesinnere<br \/>\n&#8211; <strong>Partner-Strandbad<\/strong> mit Pool, Animation und Spielen f\u00fcr Kinder<\/p>\n<p>&nbsp;<\/p>\n<p><a href=\"https:\/\/www.hotelcristinacorona.it\/de\/tierfreundliches-hotel\/\">Wohlf\u00fchlurlaub mit Tieren &gt;&gt;<\/a><\/p>\n<p><a href=\"https:\/\/www.hotelcristinacorona.it\/de\/familienurlaub\/\">Wohlf\u00fchlurlaub mit der Familie &gt;&gt;<\/a><\/p>\n<p><a href=\"https:\/\/www.hotelcristinacorona.it\/de\/der-strand\/\">Wohlf\u00fchlen am Strand &gt;&gt;<\/a><\/p>\n","protected":false},"excerpt":{"rendered":"<p>Sich im Urlaub wohlzuf\u00fchlen hei\u00dft, \u00fcber ein umfassendes Serviceangebot verf\u00fcgen zu k\u00f6nnen, hei\u00dft, Unbeschwertheit und Gelassenheit zu genie\u00dfen. Sich im Urlaub wohlzuf\u00fchlen hei\u00dft, einen Abend mit einem von unserem Barkeeper zubereiteten Drink im Freien zu [&#8230;]<\/p>\n<p><a class=\"btn btn-primary read-more-link\" href=\"https:\/\/www.hotelcristinacorona.it\/de\/serviceangebot-im-hotel\/\">Leggi tutto<\/a><\/p>\n","protected":false},"author":1,"featured_media":0,"parent":0,"menu_order":90,"comment_status":"closed","ping_status":"closed","template":"","meta":{"_acf_changed":false},"class_list":["post-1367","page","type-page","status-publish","hentry","buon_motivo-cattolica-de","buon_motivo-strand","buon_motivo-heimische-produkte"],"acf":[],"yoast_head":"<!-- This site is optimized with the Yoast SEO plugin v23.9 - https:\/\/yoast.com\/wordpress\/plugins\/seo\/ -->\n<title>3-Sterne-Hoteldienstleistungen in Cattolica - Hotel Cristina Corona<\/title>\n<meta name=\"description\" content=\"Hier bei Cristina Corona haben Sie viele Dienstleistungen, um sich im Urlaub wohl zu f\u00fchlen: kostenloses WLAN, Partnerstrand, Verkostungen, Ausfl\u00fcge, Sonnenterrasse und Vereinbarungen mit Vergn\u00fcgungsparks. Entdecken Sie alle Dienstleistungen, die wir anbieten.\" \/>\n<meta name=\"robots\" content=\"index, follow, max-snippet:-1, max-image-preview:large, max-video-preview:-1\" \/>\n<link rel=\"canonical\" href=\"https:\/\/www.hotelcristinacorona.it\/de\/serviceangebot-im-hotel\/\" \/>\n<meta property=\"og:locale\" content=\"de_DE\" \/>\n<meta property=\"og:type\" content=\"article\" \/>\n<meta property=\"og:title\" content=\"3-Sterne-Hoteldienstleistungen in Cattolica - Hotel Cristina Corona\" \/>\n<meta property=\"og:description\" content=\"Hier bei Cristina Corona haben Sie viele Dienstleistungen, um sich im Urlaub wohl zu f\u00fchlen: kostenloses WLAN, Partnerstrand, Verkostungen, Ausfl\u00fcge, Sonnenterrasse und Vereinbarungen mit Vergn\u00fcgungsparks. Entdecken Sie alle Dienstleistungen, die wir anbieten.\" \/>\n<meta property=\"og:url\" content=\"https:\/\/www.hotelcristinacorona.it\/de\/serviceangebot-im-hotel\/\" \/>\n<meta property=\"og:site_name\" content=\"Hotel Cristina Corona Cattolica\" \/>\n<meta property=\"article:modified_time\" content=\"2020-02-10T13:16:50+00:00\" \/>\n<meta name=\"twitter:card\" content=\"summary_large_image\" \/>\n<meta name=\"twitter:label1\" content=\"Gesch\u00e4tzte Lesezeit\" \/>\n\t<meta name=\"twitter:data1\" content=\"1\u00a0Minute\" \/>\n<script type=\"application\/ld+json\" class=\"yoast-schema-graph\">{\"@context\":\"https:\/\/schema.org\",\"@graph\":[{\"@type\":\"WebPage\",\"@id\":\"https:\/\/www.hotelcristinacorona.it\/de\/serviceangebot-im-hotel\/\",\"url\":\"https:\/\/www.hotelcristinacorona.it\/de\/serviceangebot-im-hotel\/\",\"name\":\"3-Sterne-Hoteldienstleistungen in Cattolica - Hotel Cristina Corona\",\"isPartOf\":{\"@id\":\"https:\/\/www.hotelcristinacorona.it\/#website\"},\"datePublished\":\"2020-02-06T16:41:52+00:00\",\"dateModified\":\"2020-02-10T13:16:50+00:00\",\"description\":\"Hier bei Cristina Corona haben Sie viele Dienstleistungen, um sich im Urlaub wohl zu f\u00fchlen: kostenloses WLAN, Partnerstrand, Verkostungen, Ausfl\u00fcge, Sonnenterrasse und Vereinbarungen mit Vergn\u00fcgungsparks. Entdecken Sie alle Dienstleistungen, die wir anbieten.\",\"breadcrumb\":{\"@id\":\"https:\/\/www.hotelcristinacorona.it\/de\/serviceangebot-im-hotel\/#breadcrumb\"},\"inLanguage\":\"de\",\"potentialAction\":[{\"@type\":\"ReadAction\",\"target\":[\"https:\/\/www.hotelcristinacorona.it\/de\/serviceangebot-im-hotel\/\"]}]},{\"@type\":\"BreadcrumbList\",\"@id\":\"https:\/\/www.hotelcristinacorona.it\/de\/serviceangebot-im-hotel\/#breadcrumb\",\"itemListElement\":[{\"@type\":\"ListItem\",\"position\":1,\"name\":\"Home\",\"item\":\"https:\/\/www.hotelcristinacorona.it\/de\/\"},{\"@type\":\"ListItem\",\"position\":2,\"name\":\"Serviceangebot im Hotel\"}]},{\"@type\":\"WebSite\",\"@id\":\"https:\/\/www.hotelcristinacorona.it\/#website\",\"url\":\"https:\/\/www.hotelcristinacorona.it\/\",\"name\":\"Hotel Cristina Corona Cattolica\",\"description\":\"\",\"publisher\":{\"@id\":\"https:\/\/www.hotelcristinacorona.it\/#organization\"},\"potentialAction\":[{\"@type\":\"SearchAction\",\"target\":{\"@type\":\"EntryPoint\",\"urlTemplate\":\"https:\/\/www.hotelcristinacorona.it\/?s={search_term_string}\"},\"query-input\":{\"@type\":\"PropertyValueSpecification\",\"valueRequired\":true,\"valueName\":\"search_term_string\"}}],\"inLanguage\":\"de\"},{\"@type\":\"Organization\",\"@id\":\"https:\/\/www.hotelcristinacorona.it\/#organization\",\"name\":\"Hotel Cristina Corona Cattolica\",\"url\":\"https:\/\/www.hotelcristinacorona.it\/\",\"logo\":{\"@type\":\"ImageObject\",\"inLanguage\":\"de\",\"@id\":\"https:\/\/www.hotelcristinacorona.it\/#\/schema\/logo\/image\/\",\"url\":\"https:\/\/www.hotelcristinacorona.it\/wp-content\/uploads\/2019\/12\/logo.png\",\"contentUrl\":\"https:\/\/www.hotelcristinacorona.it\/wp-content\/uploads\/2019\/12\/logo.png\",\"width\":431,\"height\":105,\"caption\":\"Hotel Cristina Corona Cattolica\"},\"image\":{\"@id\":\"https:\/\/www.hotelcristinacorona.it\/#\/schema\/logo\/image\/\"}}]}<\/script>\n<!-- \/ Yoast SEO plugin. -->","yoast_head_json":{"title":"3-Sterne-Hoteldienstleistungen in Cattolica - Hotel Cristina Corona","description":"Hier bei Cristina Corona haben Sie viele Dienstleistungen, um sich im Urlaub wohl zu f\u00fchlen: kostenloses WLAN, Partnerstrand, Verkostungen, Ausfl\u00fcge, Sonnenterrasse und Vereinbarungen mit Vergn\u00fcgungsparks. Entdecken Sie alle Dienstleistungen, die wir anbieten.","robots":{"index":"index","follow":"follow","max-snippet":"max-snippet:-1","max-image-preview":"max-image-preview:large","max-video-preview":"max-video-preview:-1"},"canonical":"https:\/\/www.hotelcristinacorona.it\/de\/serviceangebot-im-hotel\/","og_locale":"de_DE","og_type":"article","og_title":"3-Sterne-Hoteldienstleistungen in Cattolica - Hotel Cristina Corona","og_description":"Hier bei Cristina Corona haben Sie viele Dienstleistungen, um sich im Urlaub wohl zu f\u00fchlen: kostenloses WLAN, Partnerstrand, Verkostungen, Ausfl\u00fcge, Sonnenterrasse und Vereinbarungen mit Vergn\u00fcgungsparks. Entdecken Sie alle Dienstleistungen, die wir anbieten.","og_url":"https:\/\/www.hotelcristinacorona.it\/de\/serviceangebot-im-hotel\/","og_site_name":"Hotel Cristina Corona Cattolica","article_modified_time":"2020-02-10T13:16:50+00:00","twitter_card":"summary_large_image","twitter_misc":{"Gesch\u00e4tzte Lesezeit":"1\u00a0Minute"},"schema":{"@context":"https:\/\/schema.org","@graph":[{"@type":"WebPage","@id":"https:\/\/www.hotelcristinacorona.it\/de\/serviceangebot-im-hotel\/","url":"https:\/\/www.hotelcristinacorona.it\/de\/serviceangebot-im-hotel\/","name":"3-Sterne-Hoteldienstleistungen in Cattolica - Hotel Cristina Corona","isPartOf":{"@id":"https:\/\/www.hotelcristinacorona.it\/#website"},"datePublished":"2020-02-06T16:41:52+00:00","dateModified":"2020-02-10T13:16:50+00:00","description":"Hier bei Cristina Corona haben Sie viele Dienstleistungen, um sich im Urlaub wohl zu f\u00fchlen: kostenloses WLAN, Partnerstrand, Verkostungen, Ausfl\u00fcge, Sonnenterrasse und Vereinbarungen mit Vergn\u00fcgungsparks. Entdecken Sie alle Dienstleistungen, die wir anbieten.","breadcrumb":{"@id":"https:\/\/www.hotelcristinacorona.it\/de\/serviceangebot-im-hotel\/#breadcrumb"},"inLanguage":"de","potentialAction":[{"@type":"ReadAction","target":["https:\/\/www.hotelcristinacorona.it\/de\/serviceangebot-im-hotel\/"]}]},{"@type":"BreadcrumbList","@id":"https:\/\/www.hotelcristinacorona.it\/de\/serviceangebot-im-hotel\/#breadcrumb","itemListElement":[{"@type":"ListItem","position":1,"name":"Home","item":"https:\/\/www.hotelcristinacorona.it\/de\/"},{"@type":"ListItem","position":2,"name":"Serviceangebot im Hotel"}]},{"@type":"WebSite","@id":"https:\/\/www.hotelcristinacorona.it\/#website","url":"https:\/\/www.hotelcristinacorona.it\/","name":"Hotel Cristina Corona Cattolica","description":"","publisher":{"@id":"https:\/\/www.hotelcristinacorona.it\/#organization"},"potentialAction":[{"@type":"SearchAction","target":{"@type":"EntryPoint","urlTemplate":"https:\/\/www.hotelcristinacorona.it\/?s={search_term_string}"},"query-input":{"@type":"PropertyValueSpecification","valueRequired":true,"valueName":"search_term_string"}}],"inLanguage":"de"},{"@type":"Organization","@id":"https:\/\/www.hotelcristinacorona.it\/#organization","name":"Hotel Cristina Corona Cattolica","url":"https:\/\/www.hotelcristinacorona.it\/","logo":{"@type":"ImageObject","inLanguage":"de","@id":"https:\/\/www.hotelcristinacorona.it\/#\/schema\/logo\/image\/","url":"https:\/\/www.hotelcristinacorona.it\/wp-content\/uploads\/2019\/12\/logo.png","contentUrl":"https:\/\/www.hotelcristinacorona.it\/wp-content\/uploads\/2019\/12\/logo.png","width":431,"height":105,"caption":"Hotel Cristina Corona Cattolica"},"image":{"@id":"https:\/\/www.hotelcristinacorona.it\/#\/schema\/logo\/image\/"}}]}},"_links":{"self":[{"href":"https:\/\/www.hotelcristinacorona.it\/de\/wp-json\/wp\/v2\/pages\/1367","targetHints":{"allow":["GET"]}}],"collection":[{"href":"https:\/\/www.hotelcristinacorona.it\/de\/wp-json\/wp\/v2\/pages"}],"about":[{"href":"https:\/\/www.hotelcristinacorona.it\/de\/wp-json\/wp\/v2\/types\/page"}],"author":[{"embeddable":true,"href":"https:\/\/www.hotelcristinacorona.it\/de\/wp-json\/wp\/v2\/users\/1"}],"replies":[{"embeddable":true,"href":"https:\/\/www.hotelcristinacorona.it\/de\/wp-json\/wp\/v2\/comments?post=1367"}],"version-history":[{"count":1,"href":"https:\/\/www.hotelcristinacorona.it\/de\/wp-json\/wp\/v2\/pages\/1367\/revisions"}],"predecessor-version":[{"id":1368,"href":"https:\/\/www.hotelcristinacorona.it\/de\/wp-json\/wp\/v2\/pages\/1367\/revisions\/1368"}],"wp:attachment":[{"href":"https:\/\/www.hotelcristinacorona.it\/de\/wp-json\/wp\/v2\/media?parent=1367"}],"curies":[{"name":"wp","href":"https:\/\/api.w.org\/{rel}","templated":true}]}}