{"id":1369,"date":"2020-02-07T09:42:24","date_gmt":"2020-02-07T08:42:24","guid":{"rendered":"https:\/\/www.hotelcristinacorona.it\/tierfreundliches-hotel\/"},"modified":"2020-02-14T12:18:14","modified_gmt":"2020-02-14T11:18:14","slug":"tierfreundliches-hotel","status":"publish","type":"page","link":"https:\/\/www.hotelcristinacorona.it\/de\/tierfreundliches-hotel\/","title":{"rendered":"Tierfreundliches Hotel"},"content":{"rendered":"<p>Wir haben und hatten schon immer ein Herz f\u00fcr Tiere. Aus diesem Grund sind im Hotel Cristina Corona <strong>Vierbeiner herzlich willkommen<\/strong>.<\/p>\n<p>Wir wissen, wie wichtig es f\u00fcr Sie ist, sich auch im Urlaub in Gesellschaft Ihres Vierbeiners wohlzuf\u00fchlen und auf ein <strong>Pet-Friendly-Serviceangebot im Hotel<\/strong> z\u00e4hlen zu k\u00f6nnen.<\/p>\n<p>Unsere Comfort-Zimmer verf\u00fcgen s\u00e4mtlich \u00fcber einen Balkon, der gerade von G\u00e4sten, die mit Hunden unterwegs sind, sehr gesch\u00e4tzt wird. Auf Anfrage stellen wir Ihnen auf dem Zimmer <strong>einen Napf und eine Einweg-Steppdecke<\/strong> zur Verf\u00fcgung (wenn Sie mit Ihrer Katze verreisen, stellen wir auch ein Katzenklo bereit).<\/p>\n<p>Wussten Sie, dass es hier in Cattolica erlaubt ist, am Abend mit dem Hund am Strand spazieren zu gehen und zu baden?<br \/>\n<strong>Vom Cristina Corona gelangt man in nur zehn Gehminuten zu zwei der Dog-Friendly-Strandb\u00e4der von Cattolica<\/strong>: Mal\u00f9 Beach 90-93 und Altamarea Beach Village.<\/p>\n<p>Wenn Ihr Hund lange Spazierg\u00e4nge liebt, dann begeben Sie sich doch mit ihm zum <strong>Hundeauslauf im Parco della Pace<\/strong> (nur 12 Gehminuten vom Hotel), mitten im Gr\u00fcnen und eingebettet in die friedvolle Natur, in der sich Ihr Vierbeiner austoben kann und Sie die angenehm frische Luft an w\u00e4rmeren Sommertagen genie\u00dfen k\u00f6nnen.<\/p>\n<p><a href=\"https:\/\/www.hotelcristinacorona.it\/de\/serviceangebot-im-hotel\/\">Serviceangebot im Hotel &gt;&gt;<\/a><\/p>\n","protected":false},"excerpt":{"rendered":"<p>Wir haben und hatten schon immer ein Herz f\u00fcr Tiere. Aus diesem Grund sind im Hotel Cristina Corona Vierbeiner herzlich willkommen. Wir wissen, wie wichtig es f\u00fcr Sie ist, sich auch im Urlaub in Gesellschaft [&#8230;]<\/p>\n<p><a class=\"btn btn-primary read-more-link\" href=\"https:\/\/www.hotelcristinacorona.it\/de\/tierfreundliches-hotel\/\">Leggi tutto<\/a><\/p>\n","protected":false},"author":1,"featured_media":0,"parent":0,"menu_order":87,"comment_status":"closed","ping_status":"closed","template":"","meta":{"_acf_changed":false},"class_list":["post-1369","page","type-page","status-publish","hentry","buon_motivo-dienstleistungen","buon_motivo-strand","buon_motivo-lage"],"acf":[],"yoast_head":"<!-- This site is optimized with the Yoast SEO plugin v23.9 - https:\/\/yoast.com\/wordpress\/plugins\/seo\/ -->\n<title>Tierfreundliches Hotel in Cattolica - Hotel Cristina Corona<\/title>\n<meta name=\"description\" content=\"Vierbeiner geh\u00f6ren zur Familie und wir wissen, wie wichtig es f\u00fcr Sie ist, sich im Urlaub mit Tieren wohl zu f\u00fchlen. Hier bei Cristina Corona finden Sie viele Dienstleistungen, die Ihrem Freund gewidmet sind, und Sie haben die M\u00f6glichkeit, ihn in einem der beiden Betriebe, nur 10 Minuten vom Hotel entfernt, zum Strand mitzunehmen!\" \/>\n<meta name=\"robots\" content=\"index, follow, max-snippet:-1, max-image-preview:large, max-video-preview:-1\" \/>\n<link rel=\"canonical\" href=\"https:\/\/www.hotelcristinacorona.it\/de\/tierfreundliches-hotel\/\" \/>\n<meta property=\"og:locale\" content=\"de_DE\" \/>\n<meta property=\"og:type\" content=\"article\" \/>\n<meta property=\"og:title\" content=\"Tierfreundliches Hotel in Cattolica - Hotel Cristina Corona\" \/>\n<meta property=\"og:description\" content=\"Vierbeiner geh\u00f6ren zur Familie und wir wissen, wie wichtig es f\u00fcr Sie ist, sich im Urlaub mit Tieren wohl zu f\u00fchlen. Hier bei Cristina Corona finden Sie viele Dienstleistungen, die Ihrem Freund gewidmet sind, und Sie haben die M\u00f6glichkeit, ihn in einem der beiden Betriebe, nur 10 Minuten vom Hotel entfernt, zum Strand mitzunehmen!\" \/>\n<meta property=\"og:url\" content=\"https:\/\/www.hotelcristinacorona.it\/de\/tierfreundliches-hotel\/\" \/>\n<meta property=\"og:site_name\" content=\"Hotel Cristina Corona Cattolica\" \/>\n<meta property=\"article:modified_time\" content=\"2020-02-14T11:18:14+00:00\" \/>\n<meta name=\"twitter:card\" content=\"summary_large_image\" \/>\n<meta name=\"twitter:label1\" content=\"Gesch\u00e4tzte Lesezeit\" \/>\n\t<meta name=\"twitter:data1\" content=\"1\u00a0Minute\" \/>\n<script type=\"application\/ld+json\" class=\"yoast-schema-graph\">{\"@context\":\"https:\/\/schema.org\",\"@graph\":[{\"@type\":\"WebPage\",\"@id\":\"https:\/\/www.hotelcristinacorona.it\/de\/tierfreundliches-hotel\/\",\"url\":\"https:\/\/www.hotelcristinacorona.it\/de\/tierfreundliches-hotel\/\",\"name\":\"Tierfreundliches Hotel in Cattolica - Hotel Cristina Corona\",\"isPartOf\":{\"@id\":\"https:\/\/www.hotelcristinacorona.it\/#website\"},\"datePublished\":\"2020-02-07T08:42:24+00:00\",\"dateModified\":\"2020-02-14T11:18:14+00:00\",\"description\":\"Vierbeiner geh\u00f6ren zur Familie und wir wissen, wie wichtig es f\u00fcr Sie ist, sich im Urlaub mit Tieren wohl zu f\u00fchlen. Hier bei Cristina Corona finden Sie viele Dienstleistungen, die Ihrem Freund gewidmet sind, und Sie haben die M\u00f6glichkeit, ihn in einem der beiden Betriebe, nur 10 Minuten vom Hotel entfernt, zum Strand mitzunehmen!\",\"breadcrumb\":{\"@id\":\"https:\/\/www.hotelcristinacorona.it\/de\/tierfreundliches-hotel\/#breadcrumb\"},\"inLanguage\":\"de\",\"potentialAction\":[{\"@type\":\"ReadAction\",\"target\":[\"https:\/\/www.hotelcristinacorona.it\/de\/tierfreundliches-hotel\/\"]}]},{\"@type\":\"BreadcrumbList\",\"@id\":\"https:\/\/www.hotelcristinacorona.it\/de\/tierfreundliches-hotel\/#breadcrumb\",\"itemListElement\":[{\"@type\":\"ListItem\",\"position\":1,\"name\":\"Home\",\"item\":\"https:\/\/www.hotelcristinacorona.it\/de\/\"},{\"@type\":\"ListItem\",\"position\":2,\"name\":\"Tierfreundliches Hotel\"}]},{\"@type\":\"WebSite\",\"@id\":\"https:\/\/www.hotelcristinacorona.it\/#website\",\"url\":\"https:\/\/www.hotelcristinacorona.it\/\",\"name\":\"Hotel Cristina Corona Cattolica\",\"description\":\"\",\"publisher\":{\"@id\":\"https:\/\/www.hotelcristinacorona.it\/#organization\"},\"potentialAction\":[{\"@type\":\"SearchAction\",\"target\":{\"@type\":\"EntryPoint\",\"urlTemplate\":\"https:\/\/www.hotelcristinacorona.it\/?s={search_term_string}\"},\"query-input\":{\"@type\":\"PropertyValueSpecification\",\"valueRequired\":true,\"valueName\":\"search_term_string\"}}],\"inLanguage\":\"de\"},{\"@type\":\"Organization\",\"@id\":\"https:\/\/www.hotelcristinacorona.it\/#organization\",\"name\":\"Hotel Cristina Corona Cattolica\",\"url\":\"https:\/\/www.hotelcristinacorona.it\/\",\"logo\":{\"@type\":\"ImageObject\",\"inLanguage\":\"de\",\"@id\":\"https:\/\/www.hotelcristinacorona.it\/#\/schema\/logo\/image\/\",\"url\":\"https:\/\/www.hotelcristinacorona.it\/wp-content\/uploads\/2019\/12\/logo.png\",\"contentUrl\":\"https:\/\/www.hotelcristinacorona.it\/wp-content\/uploads\/2019\/12\/logo.png\",\"width\":431,\"height\":105,\"caption\":\"Hotel Cristina Corona Cattolica\"},\"image\":{\"@id\":\"https:\/\/www.hotelcristinacorona.it\/#\/schema\/logo\/image\/\"}}]}<\/script>\n<!-- \/ Yoast SEO plugin. -->","yoast_head_json":{"title":"Tierfreundliches Hotel in Cattolica - Hotel Cristina Corona","description":"Vierbeiner geh\u00f6ren zur Familie und wir wissen, wie wichtig es f\u00fcr Sie ist, sich im Urlaub mit Tieren wohl zu f\u00fchlen. Hier bei Cristina Corona finden Sie viele Dienstleistungen, die Ihrem Freund gewidmet sind, und Sie haben die M\u00f6glichkeit, ihn in einem der beiden Betriebe, nur 10 Minuten vom Hotel entfernt, zum Strand mitzunehmen!","robots":{"index":"index","follow":"follow","max-snippet":"max-snippet:-1","max-image-preview":"max-image-preview:large","max-video-preview":"max-video-preview:-1"},"canonical":"https:\/\/www.hotelcristinacorona.it\/de\/tierfreundliches-hotel\/","og_locale":"de_DE","og_type":"article","og_title":"Tierfreundliches Hotel in Cattolica - Hotel Cristina Corona","og_description":"Vierbeiner geh\u00f6ren zur Familie und wir wissen, wie wichtig es f\u00fcr Sie ist, sich im Urlaub mit Tieren wohl zu f\u00fchlen. Hier bei Cristina Corona finden Sie viele Dienstleistungen, die Ihrem Freund gewidmet sind, und Sie haben die M\u00f6glichkeit, ihn in einem der beiden Betriebe, nur 10 Minuten vom Hotel entfernt, zum Strand mitzunehmen!","og_url":"https:\/\/www.hotelcristinacorona.it\/de\/tierfreundliches-hotel\/","og_site_name":"Hotel Cristina Corona Cattolica","article_modified_time":"2020-02-14T11:18:14+00:00","twitter_card":"summary_large_image","twitter_misc":{"Gesch\u00e4tzte Lesezeit":"1\u00a0Minute"},"schema":{"@context":"https:\/\/schema.org","@graph":[{"@type":"WebPage","@id":"https:\/\/www.hotelcristinacorona.it\/de\/tierfreundliches-hotel\/","url":"https:\/\/www.hotelcristinacorona.it\/de\/tierfreundliches-hotel\/","name":"Tierfreundliches Hotel in Cattolica - Hotel Cristina Corona","isPartOf":{"@id":"https:\/\/www.hotelcristinacorona.it\/#website"},"datePublished":"2020-02-07T08:42:24+00:00","dateModified":"2020-02-14T11:18:14+00:00","description":"Vierbeiner geh\u00f6ren zur Familie und wir wissen, wie wichtig es f\u00fcr Sie ist, sich im Urlaub mit Tieren wohl zu f\u00fchlen. Hier bei Cristina Corona finden Sie viele Dienstleistungen, die Ihrem Freund gewidmet sind, und Sie haben die M\u00f6glichkeit, ihn in einem der beiden Betriebe, nur 10 Minuten vom Hotel entfernt, zum Strand mitzunehmen!","breadcrumb":{"@id":"https:\/\/www.hotelcristinacorona.it\/de\/tierfreundliches-hotel\/#breadcrumb"},"inLanguage":"de","potentialAction":[{"@type":"ReadAction","target":["https:\/\/www.hotelcristinacorona.it\/de\/tierfreundliches-hotel\/"]}]},{"@type":"BreadcrumbList","@id":"https:\/\/www.hotelcristinacorona.it\/de\/tierfreundliches-hotel\/#breadcrumb","itemListElement":[{"@type":"ListItem","position":1,"name":"Home","item":"https:\/\/www.hotelcristinacorona.it\/de\/"},{"@type":"ListItem","position":2,"name":"Tierfreundliches Hotel"}]},{"@type":"WebSite","@id":"https:\/\/www.hotelcristinacorona.it\/#website","url":"https:\/\/www.hotelcristinacorona.it\/","name":"Hotel Cristina Corona Cattolica","description":"","publisher":{"@id":"https:\/\/www.hotelcristinacorona.it\/#organization"},"potentialAction":[{"@type":"SearchAction","target":{"@type":"EntryPoint","urlTemplate":"https:\/\/www.hotelcristinacorona.it\/?s={search_term_string}"},"query-input":{"@type":"PropertyValueSpecification","valueRequired":true,"valueName":"search_term_string"}}],"inLanguage":"de"},{"@type":"Organization","@id":"https:\/\/www.hotelcristinacorona.it\/#organization","name":"Hotel Cristina Corona Cattolica","url":"https:\/\/www.hotelcristinacorona.it\/","logo":{"@type":"ImageObject","inLanguage":"de","@id":"https:\/\/www.hotelcristinacorona.it\/#\/schema\/logo\/image\/","url":"https:\/\/www.hotelcristinacorona.it\/wp-content\/uploads\/2019\/12\/logo.png","contentUrl":"https:\/\/www.hotelcristinacorona.it\/wp-content\/uploads\/2019\/12\/logo.png","width":431,"height":105,"caption":"Hotel Cristina Corona Cattolica"},"image":{"@id":"https:\/\/www.hotelcristinacorona.it\/#\/schema\/logo\/image\/"}}]}},"_links":{"self":[{"href":"https:\/\/www.hotelcristinacorona.it\/de\/wp-json\/wp\/v2\/pages\/1369","targetHints":{"allow":["GET"]}}],"collection":[{"href":"https:\/\/www.hotelcristinacorona.it\/de\/wp-json\/wp\/v2\/pages"}],"about":[{"href":"https:\/\/www.hotelcristinacorona.it\/de\/wp-json\/wp\/v2\/types\/page"}],"author":[{"embeddable":true,"href":"https:\/\/www.hotelcristinacorona.it\/de\/wp-json\/wp\/v2\/users\/1"}],"replies":[{"embeddable":true,"href":"https:\/\/www.hotelcristinacorona.it\/de\/wp-json\/wp\/v2\/comments?post=1369"}],"version-history":[{"count":1,"href":"https:\/\/www.hotelcristinacorona.it\/de\/wp-json\/wp\/v2\/pages\/1369\/revisions"}],"predecessor-version":[{"id":1370,"href":"https:\/\/www.hotelcristinacorona.it\/de\/wp-json\/wp\/v2\/pages\/1369\/revisions\/1370"}],"wp:attachment":[{"href":"https:\/\/www.hotelcristinacorona.it\/de\/wp-json\/wp\/v2\/media?parent=1369"}],"curies":[{"name":"wp","href":"https:\/\/api.w.org\/{rel}","templated":true}]}}