{"id":1375,"date":"2020-02-07T10:05:19","date_gmt":"2020-02-07T09:05:19","guid":{"rendered":"https:\/\/www.hotelcristinacorona.it\/urlaubspakete\/"},"modified":"2020-02-07T10:07:05","modified_gmt":"2020-02-07T09:07:05","slug":"urlaubspakete","status":"publish","type":"page","link":"https:\/\/www.hotelcristinacorona.it\/de\/urlaubspakete\/","title":{"rendered":"Urlaubspakete"},"content":{"rendered":"<p><strong>Urlaub hei\u00dft, sich auf neue Erlebnisse einzulassen<\/strong>, die f\u00fcr einen jeden von uns einzigartig sind. Erlebnisse, die <strong>zu zweit, in der Familie, mit Freunden oder allein<\/strong> genossen werden wollen, damit Sie jeden Moment so verleben k\u00f6nnen, wie Sie m\u00f6gen.<\/p>\n<p>W\u00e4hlen Sie das Paket, das Ihrer Vorstellung von Urlaub entspricht. Hier gibt es immer etwas, das man unbedingt erlebt haben sollte und das einen <strong>Urlaub in Cattolica<\/strong> zu einem unvergesslichen Erlebnis macht.<\/p>\n","protected":false},"excerpt":{"rendered":"<p>Urlaub hei\u00dft, sich auf neue Erlebnisse einzulassen, die f\u00fcr einen jeden von uns einzigartig sind. Erlebnisse, die zu zweit, in der Familie, mit Freunden oder allein genossen werden wollen, damit Sie jeden Moment so verleben [&#8230;]<\/p>\n<p><a class=\"btn btn-primary read-more-link\" href=\"https:\/\/www.hotelcristinacorona.it\/de\/urlaubspakete\/\">Leggi tutto<\/a><\/p>\n","protected":false},"author":1,"featured_media":0,"parent":0,"menu_order":106,"comment_status":"closed","ping_status":"closed","template":"page-templates\/riepilogo-offerte.php","meta":{"_acf_changed":false},"class_list":["post-1375","page","type-page","status-publish","hentry"],"acf":[],"yoast_head":"<!-- This site is optimized with the Yoast SEO plugin v23.9 - https:\/\/yoast.com\/wordpress\/plugins\/seo\/ -->\n<title>Hotelangebote f\u00fcr Urlaub in Cattolica - Hotel Cristina Corona<\/title>\n<meta name=\"description\" content=\"Entdecken Sie alle Angebote, Pakete und unsere Vorschl\u00e4ge f\u00fcr Ihren Urlaub in Cattolica. Wir erwarten Sie bei Cristina Corona!\" \/>\n<meta name=\"robots\" content=\"index, follow, max-snippet:-1, max-image-preview:large, max-video-preview:-1\" \/>\n<link rel=\"canonical\" href=\"https:\/\/www.hotelcristinacorona.it\/de\/urlaubspakete\/\" \/>\n<meta property=\"og:locale\" content=\"de_DE\" \/>\n<meta property=\"og:type\" content=\"article\" \/>\n<meta property=\"og:title\" content=\"Hotelangebote f\u00fcr Urlaub in Cattolica - Hotel Cristina Corona\" \/>\n<meta property=\"og:description\" content=\"Entdecken Sie alle Angebote, Pakete und unsere Vorschl\u00e4ge f\u00fcr Ihren Urlaub in Cattolica. Wir erwarten Sie bei Cristina Corona!\" \/>\n<meta property=\"og:url\" content=\"https:\/\/www.hotelcristinacorona.it\/de\/urlaubspakete\/\" \/>\n<meta property=\"og:site_name\" content=\"Hotel Cristina Corona Cattolica\" \/>\n<meta property=\"article:modified_time\" content=\"2020-02-07T09:07:05+00:00\" \/>\n<meta name=\"twitter:card\" content=\"summary_large_image\" \/>\n<script type=\"application\/ld+json\" class=\"yoast-schema-graph\">{\"@context\":\"https:\/\/schema.org\",\"@graph\":[{\"@type\":\"WebPage\",\"@id\":\"https:\/\/www.hotelcristinacorona.it\/de\/urlaubspakete\/\",\"url\":\"https:\/\/www.hotelcristinacorona.it\/de\/urlaubspakete\/\",\"name\":\"Hotelangebote f\u00fcr Urlaub in Cattolica - Hotel Cristina Corona\",\"isPartOf\":{\"@id\":\"https:\/\/www.hotelcristinacorona.it\/#website\"},\"datePublished\":\"2020-02-07T09:05:19+00:00\",\"dateModified\":\"2020-02-07T09:07:05+00:00\",\"description\":\"Entdecken Sie alle Angebote, Pakete und unsere Vorschl\u00e4ge f\u00fcr Ihren Urlaub in Cattolica. Wir erwarten Sie bei Cristina Corona!\",\"breadcrumb\":{\"@id\":\"https:\/\/www.hotelcristinacorona.it\/de\/urlaubspakete\/#breadcrumb\"},\"inLanguage\":\"de\",\"potentialAction\":[{\"@type\":\"ReadAction\",\"target\":[\"https:\/\/www.hotelcristinacorona.it\/de\/urlaubspakete\/\"]}]},{\"@type\":\"BreadcrumbList\",\"@id\":\"https:\/\/www.hotelcristinacorona.it\/de\/urlaubspakete\/#breadcrumb\",\"itemListElement\":[{\"@type\":\"ListItem\",\"position\":1,\"name\":\"Home\",\"item\":\"https:\/\/www.hotelcristinacorona.it\/de\/\"},{\"@type\":\"ListItem\",\"position\":2,\"name\":\"Urlaubspakete\"}]},{\"@type\":\"WebSite\",\"@id\":\"https:\/\/www.hotelcristinacorona.it\/#website\",\"url\":\"https:\/\/www.hotelcristinacorona.it\/\",\"name\":\"Hotel Cristina Corona Cattolica\",\"description\":\"\",\"publisher\":{\"@id\":\"https:\/\/www.hotelcristinacorona.it\/#organization\"},\"potentialAction\":[{\"@type\":\"SearchAction\",\"target\":{\"@type\":\"EntryPoint\",\"urlTemplate\":\"https:\/\/www.hotelcristinacorona.it\/?s={search_term_string}\"},\"query-input\":{\"@type\":\"PropertyValueSpecification\",\"valueRequired\":true,\"valueName\":\"search_term_string\"}}],\"inLanguage\":\"de\"},{\"@type\":\"Organization\",\"@id\":\"https:\/\/www.hotelcristinacorona.it\/#organization\",\"name\":\"Hotel Cristina Corona Cattolica\",\"url\":\"https:\/\/www.hotelcristinacorona.it\/\",\"logo\":{\"@type\":\"ImageObject\",\"inLanguage\":\"de\",\"@id\":\"https:\/\/www.hotelcristinacorona.it\/#\/schema\/logo\/image\/\",\"url\":\"https:\/\/www.hotelcristinacorona.it\/wp-content\/uploads\/2019\/12\/logo.png\",\"contentUrl\":\"https:\/\/www.hotelcristinacorona.it\/wp-content\/uploads\/2019\/12\/logo.png\",\"width\":431,\"height\":105,\"caption\":\"Hotel Cristina Corona Cattolica\"},\"image\":{\"@id\":\"https:\/\/www.hotelcristinacorona.it\/#\/schema\/logo\/image\/\"}}]}<\/script>\n<!-- \/ Yoast SEO plugin. -->","yoast_head_json":{"title":"Hotelangebote f\u00fcr Urlaub in Cattolica - Hotel Cristina Corona","description":"Entdecken Sie alle Angebote, Pakete und unsere Vorschl\u00e4ge f\u00fcr Ihren Urlaub in Cattolica. Wir erwarten Sie bei Cristina Corona!","robots":{"index":"index","follow":"follow","max-snippet":"max-snippet:-1","max-image-preview":"max-image-preview:large","max-video-preview":"max-video-preview:-1"},"canonical":"https:\/\/www.hotelcristinacorona.it\/de\/urlaubspakete\/","og_locale":"de_DE","og_type":"article","og_title":"Hotelangebote f\u00fcr Urlaub in Cattolica - Hotel Cristina Corona","og_description":"Entdecken Sie alle Angebote, Pakete und unsere Vorschl\u00e4ge f\u00fcr Ihren Urlaub in Cattolica. Wir erwarten Sie bei Cristina Corona!","og_url":"https:\/\/www.hotelcristinacorona.it\/de\/urlaubspakete\/","og_site_name":"Hotel Cristina Corona Cattolica","article_modified_time":"2020-02-07T09:07:05+00:00","twitter_card":"summary_large_image","schema":{"@context":"https:\/\/schema.org","@graph":[{"@type":"WebPage","@id":"https:\/\/www.hotelcristinacorona.it\/de\/urlaubspakete\/","url":"https:\/\/www.hotelcristinacorona.it\/de\/urlaubspakete\/","name":"Hotelangebote f\u00fcr Urlaub in Cattolica - Hotel Cristina Corona","isPartOf":{"@id":"https:\/\/www.hotelcristinacorona.it\/#website"},"datePublished":"2020-02-07T09:05:19+00:00","dateModified":"2020-02-07T09:07:05+00:00","description":"Entdecken Sie alle Angebote, Pakete und unsere Vorschl\u00e4ge f\u00fcr Ihren Urlaub in Cattolica. Wir erwarten Sie bei Cristina Corona!","breadcrumb":{"@id":"https:\/\/www.hotelcristinacorona.it\/de\/urlaubspakete\/#breadcrumb"},"inLanguage":"de","potentialAction":[{"@type":"ReadAction","target":["https:\/\/www.hotelcristinacorona.it\/de\/urlaubspakete\/"]}]},{"@type":"BreadcrumbList","@id":"https:\/\/www.hotelcristinacorona.it\/de\/urlaubspakete\/#breadcrumb","itemListElement":[{"@type":"ListItem","position":1,"name":"Home","item":"https:\/\/www.hotelcristinacorona.it\/de\/"},{"@type":"ListItem","position":2,"name":"Urlaubspakete"}]},{"@type":"WebSite","@id":"https:\/\/www.hotelcristinacorona.it\/#website","url":"https:\/\/www.hotelcristinacorona.it\/","name":"Hotel Cristina Corona Cattolica","description":"","publisher":{"@id":"https:\/\/www.hotelcristinacorona.it\/#organization"},"potentialAction":[{"@type":"SearchAction","target":{"@type":"EntryPoint","urlTemplate":"https:\/\/www.hotelcristinacorona.it\/?s={search_term_string}"},"query-input":{"@type":"PropertyValueSpecification","valueRequired":true,"valueName":"search_term_string"}}],"inLanguage":"de"},{"@type":"Organization","@id":"https:\/\/www.hotelcristinacorona.it\/#organization","name":"Hotel Cristina Corona Cattolica","url":"https:\/\/www.hotelcristinacorona.it\/","logo":{"@type":"ImageObject","inLanguage":"de","@id":"https:\/\/www.hotelcristinacorona.it\/#\/schema\/logo\/image\/","url":"https:\/\/www.hotelcristinacorona.it\/wp-content\/uploads\/2019\/12\/logo.png","contentUrl":"https:\/\/www.hotelcristinacorona.it\/wp-content\/uploads\/2019\/12\/logo.png","width":431,"height":105,"caption":"Hotel Cristina Corona Cattolica"},"image":{"@id":"https:\/\/www.hotelcristinacorona.it\/#\/schema\/logo\/image\/"}}]}},"_links":{"self":[{"href":"https:\/\/www.hotelcristinacorona.it\/de\/wp-json\/wp\/v2\/pages\/1375","targetHints":{"allow":["GET"]}}],"collection":[{"href":"https:\/\/www.hotelcristinacorona.it\/de\/wp-json\/wp\/v2\/pages"}],"about":[{"href":"https:\/\/www.hotelcristinacorona.it\/de\/wp-json\/wp\/v2\/types\/page"}],"author":[{"embeddable":true,"href":"https:\/\/www.hotelcristinacorona.it\/de\/wp-json\/wp\/v2\/users\/1"}],"replies":[{"embeddable":true,"href":"https:\/\/www.hotelcristinacorona.it\/de\/wp-json\/wp\/v2\/comments?post=1375"}],"version-history":[{"count":1,"href":"https:\/\/www.hotelcristinacorona.it\/de\/wp-json\/wp\/v2\/pages\/1375\/revisions"}],"predecessor-version":[{"id":1376,"href":"https:\/\/www.hotelcristinacorona.it\/de\/wp-json\/wp\/v2\/pages\/1375\/revisions\/1376"}],"wp:attachment":[{"href":"https:\/\/www.hotelcristinacorona.it\/de\/wp-json\/wp\/v2\/media?parent=1375"}],"curies":[{"name":"wp","href":"https:\/\/api.w.org\/{rel}","templated":true}]}}