{"id":1379,"date":"2020-02-07T10:14:04","date_gmt":"2020-02-07T09:14:04","guid":{"rendered":"https:\/\/www.hotelcristinacorona.it\/faq\/"},"modified":"2020-02-10T13:08:58","modified_gmt":"2020-02-10T12:08:58","slug":"faq","status":"publish","type":"page","link":"https:\/\/www.hotelcristinacorona.it\/de\/faq\/","title":{"rendered":"FAQ"},"content":{"rendered":"<h4><strong>Welche Check-in- und Check-out-Zeiten sind zu beachten?<\/strong><\/h4>\n<p>Der Check-in ist ab 11:30 Uhr m\u00f6glich. Der Check-out hat dagegen bis 10:00 Uhr zu erfolgen. Sollte das Zimmer schon vorher verf\u00fcgbar sein, nehmen wir den Check-in auch gern fr\u00fcher vor.<\/p>\n<p>&nbsp;<\/p>\n<h4><strong>Ich verreise mit einem Baby, wie gestalten sich die Mahlzeiten?<\/strong><\/h4>\n<p>Der K\u00fcchenchef bereitet t\u00e4glich frisches Gem\u00fcsep\u00fcree zu. Weiterhin halten wir f\u00fcr die Eltern eine Babyk\u00fcche mit Kochnische f\u00fcr die Zubereitung der Mahlzeiten, Spezialmen\u00fcs f\u00fcr Kinder und Einweg-L\u00e4tzchen bereit. Die Essenszeiten der Kleinen sind flexibel. Auf Wunsch kann ein Fl\u00e4schchenw\u00e4rmer bereitgestellt werden.<\/p>\n<p>&nbsp;<\/p>\n<h4><strong>Sind die Getr\u00e4nke und die Strandbenutzung in den Preisen inbegriffen?<\/strong><\/h4>\n<p>Sie sind im All-Inclusive-Paket enthalten, bei dem die Strandbadbenutzung im \u201eI Delfini Beach Village\u201c mitsamt Sonnenschirm und zwei Liegen, ab der vierten Reihe, sowie die Getr\u00e4nke zu den Mahlzeiten (Wasser, Wein und Erfrischungsgetr\u00e4nk der Hausmarke) im Preis inbegriffen sind. Im All-Inclusive-Paket ist auch der Parkplatz enthalten.<\/p>\n<p>&nbsp;<\/p>\n<h4><strong>Verf\u00fcgt das Hotel \u00fcber einen Parkplatz?<\/strong><\/h4>\n<p>Bei Ihrer Ankunft finden Sie den Stellplatz zum Ein- und Ausladen vor. In der Nebenstra\u00dfe unseres Hotels gibt es einige kostenfreie Parkm\u00f6glichkeiten, au\u00dferdem verf\u00fcgen wir \u00fcber einen Parkplatz in nur 700 m Entfernung. Dieser Parkplatz ist \u00fcberdacht, umz\u00e4unt und bewacht. Ein Shuttle von\/zum Hotel steht zu Ihrer Verf\u00fcgung.<\/p>\n<p>&nbsp;<\/p>\n<h4><strong>Ist eine Best\u00e4tigungsanzahlung zu leisten?<\/strong><\/h4>\n<p>Ja, zur Best\u00e4tigung der Buchung ist eine Anzahlung in H\u00f6he von ca. 20 % des Gesamtbetrages f\u00e4llig, die entweder per Postanweisung (an die Hotelanschrift) oder per Bank\u00fcberweisung geleistet werden kann.<\/p>\n<p>&nbsp;<\/p>\n<h4><strong>Was passiert beim R\u00fccktritt von der Buchung?<\/strong><\/h4>\n<p>Die Stornierung der Buchung ist bis 15 Tage vor Urlaubsantritt kostenlos, wobei die Anzahlung vollumf\u00e4nglich zur\u00fcckerstattet wird; im Anschluss an diese Frist wird die Anzahlung nur einbehalten f\u00fcr den Fall, dass das Zimmer nicht erneut vermietet werden konnte.<\/p>\n<p>&nbsp;<\/p>\n<h4><strong>Was geschieht bei einer vorzeitigen Abreise?<\/strong><\/h4>\n<p>In diesem Fall verlangen wir die Entrichtung des Betrages f\u00fcr drei weitere \u00dcbernachtungen, gerechnet ab dem Datum der vorzeitigen Abreise.<\/p>\n<p>&nbsp;<\/p>\n<h4><strong>Sind miteinander verbundene Zimmer oder Family-Rooms verf\u00fcgbar?<\/strong><\/h4>\n<p>Ja, im Hotel Cristina Corona haben Sie die M\u00f6glichkeit, die passende L\u00f6sung f\u00fcr Ihre Familie auszuw\u00e4hlen. Wir verf\u00fcgen sowohl in der Classic- als auch der Comfort-Kategorie \u00fcber Verbindungszimmer.<\/p>\n<p>&nbsp;<\/p>\n<h4><strong>Was geschieht, wenn ich die Mahlzeiten nicht verzehre?<\/strong><\/h4>\n<p>Im Hotel Cristina Corona haben wir wirklich an alles gedacht. Wenn Sie Ihre Mahlzeit nicht im Restaurant zu sich nehmen k\u00f6nnen, bereiten wir f\u00fcr Sie einen Reise- oder Picknickkorb vor.<\/p>\n<p>&nbsp;<\/p>\n<h4><strong>Werden Fahrr\u00e4der zur Verf\u00fcgung gehalten?<\/strong><\/h4>\n<p>Ja, wir halten Fahrr\u00e4der f\u00fcr unsere G\u00e4ste bereit, auch solche mit amtlich zugelassenen Kindersitzen und in verschiedenen Gr\u00f6\u00dfen.<\/p>\n<p>&nbsp;<\/p>\n<h4><strong>Ist eine WiFi-Verbindung vorhanden?<\/strong><\/h4>\n<p>Ja, im ganzen Hotel gibt es Free WiFi. Sie k\u00f6nnen sich auch von Ihrem Zimmer aus einloggen und mit \u201eFibra 100 Mega\u201c surfen.<\/p>\n<p>&nbsp;<\/p>\n<h4><strong>Was kann man in Cattolica an Regentagen unternehmen?<\/strong><\/h4>\n<p>Auch wenn das Wetter mal verr\u00fccktspielt, gibt es hier viel zu unternehmen. Wenn Sie in der Umgebung bleiben m\u00f6chten, k\u00f6nnen Sie das Aquarium von Cattolica, das Schifffahrtsmuseum oder Divertilandia besuchen, einen Spielpark mit H\u00fcpfburgen f\u00fcr Kinder ab 3 Jahren. Weiterhin in <a href=\"https:\/\/www.hotelcristinacorona.it\/de\/cattolica-die-konigin-der-adria\/\">Cattolica<\/a> vorhanden sind: Kino, Bibliothek, Einkaufszentrum, Spielotheken und zahlreiche Gesch\u00e4fte und Boutiquen f\u00fcr Ihren Einkaufsbummel. Apropos Shopping: die Gesch\u00e4fte des Viale Ceccarini in Riccione, das Einkaufszentrum Le Befane in Rimini, Oliviero in Misano Adriatico und das Handelszentrum Rossini in Pesaro werden Sie einkaufsm\u00e4\u00dfig voll auf Ihre Kosten kommen lassen.<\/p>\n<p id=\"tw-target-text\" class=\"tw-data-text tw-text-large tw-ta\" dir=\"ltr\" data-placeholder=\"Traduzione\"><span lang=\"de\">Die Romagna hat auch ein wundersch\u00f6nes Hinterland, H\u00fcgel, Burgen, D\u00f6rfer, W\u00e4lder &#8230; wie wunderbar! <a href=\"https:\/\/www.hotelcristinacorona.it\/de\/das-landesinnere-entdecken\/\">Schauen Sie sich sofort die vielen Reicht\u00fcmer an, die dieses Land bietet<\/a>.<\/span><\/p>\n<p>&nbsp;<\/p>\n<h4><strong>Was kann man in Cattolica besichtigen?<\/strong><\/h4>\n<p>Ganz sicher einen Besuch wert sind das Aquarium in Cattolica, das <a href=\"https:\/\/www.hotelcristinacorona.it\/de\/cattolica-die-konigin-der-adria\/\">Museo della Regina<\/a> und das polyvalente Kulturzentrum. Nur wenige Kilometer entfernt h\u00e4tten wir die ber\u00fchmte Burg von Gradara, die Festung von Montefiore, das Kastell von San Leo und die <a href=\"https:\/\/www.hotelcristinacorona.it\/de\/urbino\/\">wundersch\u00f6ne Stadt Urbino<\/a>.<\/p>\n","protected":false},"excerpt":{"rendered":"<p>Welche Check-in- und Check-out-Zeiten sind zu beachten? Der Check-in ist ab 11:30 Uhr m\u00f6glich. Der Check-out hat dagegen bis 10:00 Uhr zu erfolgen. Sollte das Zimmer schon vorher verf\u00fcgbar sein, nehmen wir den Check-in auch [&#8230;]<\/p>\n<p><a class=\"btn btn-primary read-more-link\" href=\"https:\/\/www.hotelcristinacorona.it\/de\/faq\/\">Leggi tutto<\/a><\/p>\n","protected":false},"author":1,"featured_media":0,"parent":0,"menu_order":17,"comment_status":"closed","ping_status":"closed","template":"","meta":{"_acf_changed":false},"class_list":["post-1379","page","type-page","status-publish","hentry","buon_motivo-dienstleistungen","buon_motivo-strand","buon_motivo-zimmer"],"acf":[],"yoast_head":"<!-- This site is optimized with the Yoast SEO plugin v23.9 - https:\/\/yoast.com\/wordpress\/plugins\/seo\/ -->\n<title>H\u00e4ufig gestellte Fragen: Hier finden Sie die Antworten, die Sie suchen - Hotel Cristina Corona<\/title>\n<meta name=\"description\" content=\"Auf dieser Seite haben wir alle Fragen beantwortet, die uns h\u00e4ufig gestellt werden: An- und Abreisezeit, Zimmertyp, Stornierung oder vorzeitige Abreise. Konsultieren Sie es, um die Antworten zu finden, die Sie suchen.\" \/>\n<meta name=\"robots\" content=\"index, follow, max-snippet:-1, max-image-preview:large, max-video-preview:-1\" \/>\n<link rel=\"canonical\" href=\"https:\/\/www.hotelcristinacorona.it\/de\/faq\/\" \/>\n<meta property=\"og:locale\" content=\"de_DE\" \/>\n<meta property=\"og:type\" content=\"article\" \/>\n<meta property=\"og:title\" content=\"H\u00e4ufig gestellte Fragen: Hier finden Sie die Antworten, die Sie suchen - Hotel Cristina Corona\" \/>\n<meta property=\"og:description\" content=\"Auf dieser Seite haben wir alle Fragen beantwortet, die uns h\u00e4ufig gestellt werden: An- und Abreisezeit, Zimmertyp, Stornierung oder vorzeitige Abreise. Konsultieren Sie es, um die Antworten zu finden, die Sie suchen.\" \/>\n<meta property=\"og:url\" content=\"https:\/\/www.hotelcristinacorona.it\/de\/faq\/\" \/>\n<meta property=\"og:site_name\" content=\"Hotel Cristina Corona Cattolica\" \/>\n<meta property=\"article:modified_time\" content=\"2020-02-10T12:08:58+00:00\" \/>\n<meta name=\"twitter:card\" content=\"summary_large_image\" \/>\n<meta name=\"twitter:label1\" content=\"Gesch\u00e4tzte Lesezeit\" \/>\n\t<meta name=\"twitter:data1\" content=\"3\u00a0Minuten\" \/>\n<script type=\"application\/ld+json\" class=\"yoast-schema-graph\">{\"@context\":\"https:\/\/schema.org\",\"@graph\":[{\"@type\":\"WebPage\",\"@id\":\"https:\/\/www.hotelcristinacorona.it\/de\/faq\/\",\"url\":\"https:\/\/www.hotelcristinacorona.it\/de\/faq\/\",\"name\":\"H\u00e4ufig gestellte Fragen: Hier finden Sie die Antworten, die Sie suchen - Hotel Cristina Corona\",\"isPartOf\":{\"@id\":\"https:\/\/www.hotelcristinacorona.it\/#website\"},\"datePublished\":\"2020-02-07T09:14:04+00:00\",\"dateModified\":\"2020-02-10T12:08:58+00:00\",\"description\":\"Auf dieser Seite haben wir alle Fragen beantwortet, die uns h\u00e4ufig gestellt werden: An- und Abreisezeit, Zimmertyp, Stornierung oder vorzeitige Abreise. Konsultieren Sie es, um die Antworten zu finden, die Sie suchen.\",\"breadcrumb\":{\"@id\":\"https:\/\/www.hotelcristinacorona.it\/de\/faq\/#breadcrumb\"},\"inLanguage\":\"de\",\"potentialAction\":[{\"@type\":\"ReadAction\",\"target\":[\"https:\/\/www.hotelcristinacorona.it\/de\/faq\/\"]}]},{\"@type\":\"BreadcrumbList\",\"@id\":\"https:\/\/www.hotelcristinacorona.it\/de\/faq\/#breadcrumb\",\"itemListElement\":[{\"@type\":\"ListItem\",\"position\":1,\"name\":\"Home\",\"item\":\"https:\/\/www.hotelcristinacorona.it\/de\/\"},{\"@type\":\"ListItem\",\"position\":2,\"name\":\"FAQ\"}]},{\"@type\":\"WebSite\",\"@id\":\"https:\/\/www.hotelcristinacorona.it\/#website\",\"url\":\"https:\/\/www.hotelcristinacorona.it\/\",\"name\":\"Hotel Cristina Corona Cattolica\",\"description\":\"\",\"publisher\":{\"@id\":\"https:\/\/www.hotelcristinacorona.it\/#organization\"},\"potentialAction\":[{\"@type\":\"SearchAction\",\"target\":{\"@type\":\"EntryPoint\",\"urlTemplate\":\"https:\/\/www.hotelcristinacorona.it\/?s={search_term_string}\"},\"query-input\":{\"@type\":\"PropertyValueSpecification\",\"valueRequired\":true,\"valueName\":\"search_term_string\"}}],\"inLanguage\":\"de\"},{\"@type\":\"Organization\",\"@id\":\"https:\/\/www.hotelcristinacorona.it\/#organization\",\"name\":\"Hotel Cristina Corona Cattolica\",\"url\":\"https:\/\/www.hotelcristinacorona.it\/\",\"logo\":{\"@type\":\"ImageObject\",\"inLanguage\":\"de\",\"@id\":\"https:\/\/www.hotelcristinacorona.it\/#\/schema\/logo\/image\/\",\"url\":\"https:\/\/www.hotelcristinacorona.it\/wp-content\/uploads\/2019\/12\/logo.png\",\"contentUrl\":\"https:\/\/www.hotelcristinacorona.it\/wp-content\/uploads\/2019\/12\/logo.png\",\"width\":431,\"height\":105,\"caption\":\"Hotel Cristina Corona Cattolica\"},\"image\":{\"@id\":\"https:\/\/www.hotelcristinacorona.it\/#\/schema\/logo\/image\/\"}}]}<\/script>\n<!-- \/ Yoast SEO plugin. -->","yoast_head_json":{"title":"H\u00e4ufig gestellte Fragen: Hier finden Sie die Antworten, die Sie suchen - Hotel Cristina Corona","description":"Auf dieser Seite haben wir alle Fragen beantwortet, die uns h\u00e4ufig gestellt werden: An- und Abreisezeit, Zimmertyp, Stornierung oder vorzeitige Abreise. Konsultieren Sie es, um die Antworten zu finden, die Sie suchen.","robots":{"index":"index","follow":"follow","max-snippet":"max-snippet:-1","max-image-preview":"max-image-preview:large","max-video-preview":"max-video-preview:-1"},"canonical":"https:\/\/www.hotelcristinacorona.it\/de\/faq\/","og_locale":"de_DE","og_type":"article","og_title":"H\u00e4ufig gestellte Fragen: Hier finden Sie die Antworten, die Sie suchen - Hotel Cristina Corona","og_description":"Auf dieser Seite haben wir alle Fragen beantwortet, die uns h\u00e4ufig gestellt werden: An- und Abreisezeit, Zimmertyp, Stornierung oder vorzeitige Abreise. Konsultieren Sie es, um die Antworten zu finden, die Sie suchen.","og_url":"https:\/\/www.hotelcristinacorona.it\/de\/faq\/","og_site_name":"Hotel Cristina Corona Cattolica","article_modified_time":"2020-02-10T12:08:58+00:00","twitter_card":"summary_large_image","twitter_misc":{"Gesch\u00e4tzte Lesezeit":"3\u00a0Minuten"},"schema":{"@context":"https:\/\/schema.org","@graph":[{"@type":"WebPage","@id":"https:\/\/www.hotelcristinacorona.it\/de\/faq\/","url":"https:\/\/www.hotelcristinacorona.it\/de\/faq\/","name":"H\u00e4ufig gestellte Fragen: Hier finden Sie die Antworten, die Sie suchen - Hotel Cristina Corona","isPartOf":{"@id":"https:\/\/www.hotelcristinacorona.it\/#website"},"datePublished":"2020-02-07T09:14:04+00:00","dateModified":"2020-02-10T12:08:58+00:00","description":"Auf dieser Seite haben wir alle Fragen beantwortet, die uns h\u00e4ufig gestellt werden: An- und Abreisezeit, Zimmertyp, Stornierung oder vorzeitige Abreise. Konsultieren Sie es, um die Antworten zu finden, die Sie suchen.","breadcrumb":{"@id":"https:\/\/www.hotelcristinacorona.it\/de\/faq\/#breadcrumb"},"inLanguage":"de","potentialAction":[{"@type":"ReadAction","target":["https:\/\/www.hotelcristinacorona.it\/de\/faq\/"]}]},{"@type":"BreadcrumbList","@id":"https:\/\/www.hotelcristinacorona.it\/de\/faq\/#breadcrumb","itemListElement":[{"@type":"ListItem","position":1,"name":"Home","item":"https:\/\/www.hotelcristinacorona.it\/de\/"},{"@type":"ListItem","position":2,"name":"FAQ"}]},{"@type":"WebSite","@id":"https:\/\/www.hotelcristinacorona.it\/#website","url":"https:\/\/www.hotelcristinacorona.it\/","name":"Hotel Cristina Corona Cattolica","description":"","publisher":{"@id":"https:\/\/www.hotelcristinacorona.it\/#organization"},"potentialAction":[{"@type":"SearchAction","target":{"@type":"EntryPoint","urlTemplate":"https:\/\/www.hotelcristinacorona.it\/?s={search_term_string}"},"query-input":{"@type":"PropertyValueSpecification","valueRequired":true,"valueName":"search_term_string"}}],"inLanguage":"de"},{"@type":"Organization","@id":"https:\/\/www.hotelcristinacorona.it\/#organization","name":"Hotel Cristina Corona Cattolica","url":"https:\/\/www.hotelcristinacorona.it\/","logo":{"@type":"ImageObject","inLanguage":"de","@id":"https:\/\/www.hotelcristinacorona.it\/#\/schema\/logo\/image\/","url":"https:\/\/www.hotelcristinacorona.it\/wp-content\/uploads\/2019\/12\/logo.png","contentUrl":"https:\/\/www.hotelcristinacorona.it\/wp-content\/uploads\/2019\/12\/logo.png","width":431,"height":105,"caption":"Hotel Cristina Corona Cattolica"},"image":{"@id":"https:\/\/www.hotelcristinacorona.it\/#\/schema\/logo\/image\/"}}]}},"_links":{"self":[{"href":"https:\/\/www.hotelcristinacorona.it\/de\/wp-json\/wp\/v2\/pages\/1379","targetHints":{"allow":["GET"]}}],"collection":[{"href":"https:\/\/www.hotelcristinacorona.it\/de\/wp-json\/wp\/v2\/pages"}],"about":[{"href":"https:\/\/www.hotelcristinacorona.it\/de\/wp-json\/wp\/v2\/types\/page"}],"author":[{"embeddable":true,"href":"https:\/\/www.hotelcristinacorona.it\/de\/wp-json\/wp\/v2\/users\/1"}],"replies":[{"embeddable":true,"href":"https:\/\/www.hotelcristinacorona.it\/de\/wp-json\/wp\/v2\/comments?post=1379"}],"version-history":[{"count":1,"href":"https:\/\/www.hotelcristinacorona.it\/de\/wp-json\/wp\/v2\/pages\/1379\/revisions"}],"predecessor-version":[{"id":1380,"href":"https:\/\/www.hotelcristinacorona.it\/de\/wp-json\/wp\/v2\/pages\/1379\/revisions\/1380"}],"wp:attachment":[{"href":"https:\/\/www.hotelcristinacorona.it\/de\/wp-json\/wp\/v2\/media?parent=1379"}],"curies":[{"name":"wp","href":"https:\/\/api.w.org\/{rel}","templated":true}]}}