{"id":1381,"date":"2020-02-07T10:34:25","date_gmt":"2020-02-07T09:34:25","guid":{"rendered":"https:\/\/www.hotelcristinacorona.it\/cattolica-die-konigin-der-adria\/"},"modified":"2020-02-10T14:36:33","modified_gmt":"2020-02-10T13:36:33","slug":"cattolica-die-konigin-der-adria","status":"publish","type":"page","link":"https:\/\/www.hotelcristinacorona.it\/de\/cattolica-die-konigin-der-adria\/","title":{"rendered":"Cattolica, die K\u00f6nigin der Adria"},"content":{"rendered":"<p>Wussten Sie, dass Cattolica als die K\u00f6nigin der Adria gilt?<br \/>\nDas <strong>einstige Fischerdorf<\/strong> ist heute einer der ber\u00fchmtesten Urlaubsorte Italiens, der allj\u00e4hrlich von Tausenden von Touristen besucht wird, die hier ihren Badeurlaub verleben.<\/p>\n<p>Fu\u00dfg\u00e4ngerzonen, <strong>reich mit Font\u00e4nen und Brunnen best\u00fcckte Pl\u00e4tze, alte Kirchen<\/strong>, ein Museum, das Teatro della Regina mitsamt Arena f\u00fcr Sommerkonzerte.<\/p>\n<p>Seiner <strong>strategischen Lage unterhalb des Monte von Gabicce<\/strong> verdankt der Ort Cattolica sein in der Emilia-Romagna einzigartig mildes Klima, das von den Urlaubern genauso gesch\u00e4tzt wird wie von uns Einwohnern.<br \/>\n<strong>Umgeben von den gr\u00fcnen H\u00fcgeln des Hinterlandes<\/strong> mit seinen unz\u00e4hligen Weilern, mittelalterlichen Burgen und kleinen Ortschaften, <strong>liegt Cattolica am Meer<\/strong> und an einem sehr breiten Strand mit <strong>feink\u00f6rnigem Sand<\/strong>, der wie geschaffen ist f\u00fcr lange Spazierg\u00e4nge mit blo\u00dfen F\u00fc\u00dfen.<br \/>\nKurzum: eine fantastische Lage f\u00fcr einen abwechslungsreichen Urlaub!<\/p>\n<p><a href=\"https:\/\/www.hotelcristinacorona.it\/de\/das-landesinnere-entdecken\/\">Mehr \u00fcber das Hinterland erfahren &gt;&gt;<\/a><\/p>\n<p><a href=\"https:\/\/www.hotelcristinacorona.it\/de\/freizeitparks\/\">Mehr \u00fcber die Themenparks erfahren &gt;&gt;<\/a><\/p>\n<p><a href=\"https:\/\/www.hotelcristinacorona.it\/de\/horses-riviera-resort\/\">Horses-Riviera &gt;&gt;<\/a><\/p>\n<p><a href=\"https:\/\/www.hotelcristinacorona.it\/de\/shopping-vergnugen-in-cattolica\/\">Shopping in Cattolica &gt;&gt;<\/a><\/p>\n<p>Hier ein paar Anregungen.<br \/>\nNun, wenn Sie ein Shopping-Fan sind, ist ein <strong>Bummel \u00fcber die Via Dante<\/strong> (ganzj\u00e4hrig f\u00fcr den Verkehr gesperrt!) genau das Richtige f\u00fcr Sie.<br \/>\nDiese von Boutiquen, <strong>eleganten Gesch\u00e4ften<\/strong>, Eisdielen und <strong>typischen Bars<\/strong> gepr\u00e4gte Stra\u00dfe f\u00fchrt zur einen Seite in Richtung Piazza delle Fontane, zur anderen zum Parco Le Navi.<\/p>\n<p>Sehr stimmungsvoll, sowohl bei Tage als auch bei Nacht, ist ein Bummel \u00fcber die <strong>Hafenmole<\/strong>. Um Sie herum nur das liebliche Ger\u00e4usch der brandenden Wellen, <strong>der Duft des Meeres<\/strong> und die Sch\u00f6nheit der Fischerboote, die zum Fang hinausfahren oder beladen mit Fisch und Meeresfr\u00fcchten von der Fahrt zur\u00fcckkehren.<\/p>\n<p><strong>Cattolica ist ein geschichtstr\u00e4chtiger Ort, der sich viele seiner Zeugnisse aus der Vergangenheit zu bewahren gewusst hat.<\/strong> Im Zentrum der Stadt gibt es zahlreiche interessante Besichtigungsm\u00f6glichkeiten: von der alten Kirche San Apollinare aus dem 13. Jahrhundert \u00fcber die Galleria di S. Croce aus der Renaissancezeit bis zum benachbarten <strong>Malatesta-Turm aus dem Jahre 1490.<\/strong><br \/>\nIm alten Hospital sind heute das <strong>Museo della Regina<\/strong> untergebracht, das Stadtmuseum von Cattolica, das unbedingt einen Besuch wert ist. Hier k\u00f6nnen Sie neben der <strong>arch\u00e4ologischen Abteilung<\/strong> (mit Ausstellungsst\u00fccken aus der Bronze- und der R\u00f6merzeit) auch die <strong>Seefahrtsabteilung<\/strong> besichtigen, in der einzigartige Exponate wie die <strong>Schiffsmodelle aus verschiedenen historischen Epochen<\/strong> verwahrt werden.<\/p>\n<p>W\u00e4hrend Ihres Urlaubs k\u00f6nnen Sie auch verschiedene Ausfl\u00fcge zur <strong>Erkundung des Binnenlandes<\/strong> organisieren und an einzigartigen Events teilnehmen, wie <strong>Volksfesten<\/strong>, Konzerten, <strong>M\u00e4rkten<\/strong>, Spielveranstaltungen f\u00fcr Kinder und <strong>Sportturnieren.<\/strong><br \/>\nZu den festen Auff\u00fchrungen, die Sie miterleben k\u00f6nnen, geh\u00f6rt u.a. die <strong>Show der Tanzenden Font\u00e4nen auf der Piazza 1\u00b0 Maggio<\/strong>. Dieses traditionsverbundene, fesselnde Ereignis besteht in einem au\u00dfergew\u00f6hnlichen Tanz der Font\u00e4nen zum Rhythmus der Musik und mit tollen Lichteffekten.<\/p>\n","protected":false},"excerpt":{"rendered":"<p>Wussten Sie, dass Cattolica als die K\u00f6nigin der Adria gilt? Das einstige Fischerdorf ist heute einer der ber\u00fchmtesten Urlaubsorte Italiens, der allj\u00e4hrlich von Tausenden von Touristen besucht wird, die hier ihren Badeurlaub verleben. Fu\u00dfg\u00e4ngerzonen, reich [&#8230;]<\/p>\n<p><a class=\"btn btn-primary read-more-link\" href=\"https:\/\/www.hotelcristinacorona.it\/de\/cattolica-die-konigin-der-adria\/\">Leggi tutto<\/a><\/p>\n","protected":false},"author":1,"featured_media":0,"parent":0,"menu_order":43,"comment_status":"closed","ping_status":"closed","template":"","meta":{"_acf_changed":false},"class_list":["post-1381","page","type-page","status-publish","hentry","buon_motivo-hinterland","buon_motivo-lage","buon_motivo-heimische-produkte"],"acf":[],"yoast_head":"<!-- This site is optimized with the Yoast SEO plugin v23.9 - https:\/\/yoast.com\/wordpress\/plugins\/seo\/ -->\n<title>Besuchen Sie Cattolica - Hotel Cristina Corona<\/title>\n<meta name=\"description\" content=\"Cattolica, die K\u00f6nigin der Adria, ist reich an Geschichte und Kultur, die vor allem f\u00fcr ihr mildes Klima und die feinen Sandstr\u00e4nde bekannt sind. Es ist der ideale Ort f\u00fcr einen Strandurlaub und einen erholsamen Urlaub und das Cristina Corona befindet sich in einer Position zwischen dem Meer und dem perfekten Zentrum f\u00fcr einen Besuch.\" \/>\n<meta name=\"robots\" content=\"index, follow, max-snippet:-1, max-image-preview:large, max-video-preview:-1\" \/>\n<link rel=\"canonical\" href=\"https:\/\/www.hotelcristinacorona.it\/de\/cattolica-die-konigin-der-adria\/\" \/>\n<meta property=\"og:locale\" content=\"de_DE\" \/>\n<meta property=\"og:type\" content=\"article\" \/>\n<meta property=\"og:title\" content=\"Besuchen Sie Cattolica - Hotel Cristina Corona\" \/>\n<meta property=\"og:description\" content=\"Cattolica, die K\u00f6nigin der Adria, ist reich an Geschichte und Kultur, die vor allem f\u00fcr ihr mildes Klima und die feinen Sandstr\u00e4nde bekannt sind. Es ist der ideale Ort f\u00fcr einen Strandurlaub und einen erholsamen Urlaub und das Cristina Corona befindet sich in einer Position zwischen dem Meer und dem perfekten Zentrum f\u00fcr einen Besuch.\" \/>\n<meta property=\"og:url\" content=\"https:\/\/www.hotelcristinacorona.it\/de\/cattolica-die-konigin-der-adria\/\" \/>\n<meta property=\"og:site_name\" content=\"Hotel Cristina Corona Cattolica\" \/>\n<meta property=\"article:modified_time\" content=\"2020-02-10T13:36:33+00:00\" \/>\n<meta name=\"twitter:card\" content=\"summary_large_image\" \/>\n<meta name=\"twitter:label1\" content=\"Gesch\u00e4tzte Lesezeit\" \/>\n\t<meta name=\"twitter:data1\" content=\"2\u00a0Minuten\" \/>\n<script type=\"application\/ld+json\" class=\"yoast-schema-graph\">{\"@context\":\"https:\/\/schema.org\",\"@graph\":[{\"@type\":\"WebPage\",\"@id\":\"https:\/\/www.hotelcristinacorona.it\/de\/cattolica-die-konigin-der-adria\/\",\"url\":\"https:\/\/www.hotelcristinacorona.it\/de\/cattolica-die-konigin-der-adria\/\",\"name\":\"Besuchen Sie Cattolica - Hotel Cristina Corona\",\"isPartOf\":{\"@id\":\"https:\/\/www.hotelcristinacorona.it\/#website\"},\"datePublished\":\"2020-02-07T09:34:25+00:00\",\"dateModified\":\"2020-02-10T13:36:33+00:00\",\"description\":\"Cattolica, die K\u00f6nigin der Adria, ist reich an Geschichte und Kultur, die vor allem f\u00fcr ihr mildes Klima und die feinen Sandstr\u00e4nde bekannt sind. Es ist der ideale Ort f\u00fcr einen Strandurlaub und einen erholsamen Urlaub und das Cristina Corona befindet sich in einer Position zwischen dem Meer und dem perfekten Zentrum f\u00fcr einen Besuch.\",\"breadcrumb\":{\"@id\":\"https:\/\/www.hotelcristinacorona.it\/de\/cattolica-die-konigin-der-adria\/#breadcrumb\"},\"inLanguage\":\"de\",\"potentialAction\":[{\"@type\":\"ReadAction\",\"target\":[\"https:\/\/www.hotelcristinacorona.it\/de\/cattolica-die-konigin-der-adria\/\"]}]},{\"@type\":\"BreadcrumbList\",\"@id\":\"https:\/\/www.hotelcristinacorona.it\/de\/cattolica-die-konigin-der-adria\/#breadcrumb\",\"itemListElement\":[{\"@type\":\"ListItem\",\"position\":1,\"name\":\"Home\",\"item\":\"https:\/\/www.hotelcristinacorona.it\/de\/\"},{\"@type\":\"ListItem\",\"position\":2,\"name\":\"Cattolica, die K\u00f6nigin der Adria\"}]},{\"@type\":\"WebSite\",\"@id\":\"https:\/\/www.hotelcristinacorona.it\/#website\",\"url\":\"https:\/\/www.hotelcristinacorona.it\/\",\"name\":\"Hotel Cristina Corona Cattolica\",\"description\":\"\",\"publisher\":{\"@id\":\"https:\/\/www.hotelcristinacorona.it\/#organization\"},\"potentialAction\":[{\"@type\":\"SearchAction\",\"target\":{\"@type\":\"EntryPoint\",\"urlTemplate\":\"https:\/\/www.hotelcristinacorona.it\/?s={search_term_string}\"},\"query-input\":{\"@type\":\"PropertyValueSpecification\",\"valueRequired\":true,\"valueName\":\"search_term_string\"}}],\"inLanguage\":\"de\"},{\"@type\":\"Organization\",\"@id\":\"https:\/\/www.hotelcristinacorona.it\/#organization\",\"name\":\"Hotel Cristina Corona Cattolica\",\"url\":\"https:\/\/www.hotelcristinacorona.it\/\",\"logo\":{\"@type\":\"ImageObject\",\"inLanguage\":\"de\",\"@id\":\"https:\/\/www.hotelcristinacorona.it\/#\/schema\/logo\/image\/\",\"url\":\"https:\/\/www.hotelcristinacorona.it\/wp-content\/uploads\/2019\/12\/logo.png\",\"contentUrl\":\"https:\/\/www.hotelcristinacorona.it\/wp-content\/uploads\/2019\/12\/logo.png\",\"width\":431,\"height\":105,\"caption\":\"Hotel Cristina Corona Cattolica\"},\"image\":{\"@id\":\"https:\/\/www.hotelcristinacorona.it\/#\/schema\/logo\/image\/\"}}]}<\/script>\n<!-- \/ Yoast SEO plugin. -->","yoast_head_json":{"title":"Besuchen Sie Cattolica - Hotel Cristina Corona","description":"Cattolica, die K\u00f6nigin der Adria, ist reich an Geschichte und Kultur, die vor allem f\u00fcr ihr mildes Klima und die feinen Sandstr\u00e4nde bekannt sind. Es ist der ideale Ort f\u00fcr einen Strandurlaub und einen erholsamen Urlaub und das Cristina Corona befindet sich in einer Position zwischen dem Meer und dem perfekten Zentrum f\u00fcr einen Besuch.","robots":{"index":"index","follow":"follow","max-snippet":"max-snippet:-1","max-image-preview":"max-image-preview:large","max-video-preview":"max-video-preview:-1"},"canonical":"https:\/\/www.hotelcristinacorona.it\/de\/cattolica-die-konigin-der-adria\/","og_locale":"de_DE","og_type":"article","og_title":"Besuchen Sie Cattolica - Hotel Cristina Corona","og_description":"Cattolica, die K\u00f6nigin der Adria, ist reich an Geschichte und Kultur, die vor allem f\u00fcr ihr mildes Klima und die feinen Sandstr\u00e4nde bekannt sind. Es ist der ideale Ort f\u00fcr einen Strandurlaub und einen erholsamen Urlaub und das Cristina Corona befindet sich in einer Position zwischen dem Meer und dem perfekten Zentrum f\u00fcr einen Besuch.","og_url":"https:\/\/www.hotelcristinacorona.it\/de\/cattolica-die-konigin-der-adria\/","og_site_name":"Hotel Cristina Corona Cattolica","article_modified_time":"2020-02-10T13:36:33+00:00","twitter_card":"summary_large_image","twitter_misc":{"Gesch\u00e4tzte Lesezeit":"2\u00a0Minuten"},"schema":{"@context":"https:\/\/schema.org","@graph":[{"@type":"WebPage","@id":"https:\/\/www.hotelcristinacorona.it\/de\/cattolica-die-konigin-der-adria\/","url":"https:\/\/www.hotelcristinacorona.it\/de\/cattolica-die-konigin-der-adria\/","name":"Besuchen Sie Cattolica - Hotel Cristina Corona","isPartOf":{"@id":"https:\/\/www.hotelcristinacorona.it\/#website"},"datePublished":"2020-02-07T09:34:25+00:00","dateModified":"2020-02-10T13:36:33+00:00","description":"Cattolica, die K\u00f6nigin der Adria, ist reich an Geschichte und Kultur, die vor allem f\u00fcr ihr mildes Klima und die feinen Sandstr\u00e4nde bekannt sind. Es ist der ideale Ort f\u00fcr einen Strandurlaub und einen erholsamen Urlaub und das Cristina Corona befindet sich in einer Position zwischen dem Meer und dem perfekten Zentrum f\u00fcr einen Besuch.","breadcrumb":{"@id":"https:\/\/www.hotelcristinacorona.it\/de\/cattolica-die-konigin-der-adria\/#breadcrumb"},"inLanguage":"de","potentialAction":[{"@type":"ReadAction","target":["https:\/\/www.hotelcristinacorona.it\/de\/cattolica-die-konigin-der-adria\/"]}]},{"@type":"BreadcrumbList","@id":"https:\/\/www.hotelcristinacorona.it\/de\/cattolica-die-konigin-der-adria\/#breadcrumb","itemListElement":[{"@type":"ListItem","position":1,"name":"Home","item":"https:\/\/www.hotelcristinacorona.it\/de\/"},{"@type":"ListItem","position":2,"name":"Cattolica, die K\u00f6nigin der Adria"}]},{"@type":"WebSite","@id":"https:\/\/www.hotelcristinacorona.it\/#website","url":"https:\/\/www.hotelcristinacorona.it\/","name":"Hotel Cristina Corona Cattolica","description":"","publisher":{"@id":"https:\/\/www.hotelcristinacorona.it\/#organization"},"potentialAction":[{"@type":"SearchAction","target":{"@type":"EntryPoint","urlTemplate":"https:\/\/www.hotelcristinacorona.it\/?s={search_term_string}"},"query-input":{"@type":"PropertyValueSpecification","valueRequired":true,"valueName":"search_term_string"}}],"inLanguage":"de"},{"@type":"Organization","@id":"https:\/\/www.hotelcristinacorona.it\/#organization","name":"Hotel Cristina Corona Cattolica","url":"https:\/\/www.hotelcristinacorona.it\/","logo":{"@type":"ImageObject","inLanguage":"de","@id":"https:\/\/www.hotelcristinacorona.it\/#\/schema\/logo\/image\/","url":"https:\/\/www.hotelcristinacorona.it\/wp-content\/uploads\/2019\/12\/logo.png","contentUrl":"https:\/\/www.hotelcristinacorona.it\/wp-content\/uploads\/2019\/12\/logo.png","width":431,"height":105,"caption":"Hotel Cristina Corona Cattolica"},"image":{"@id":"https:\/\/www.hotelcristinacorona.it\/#\/schema\/logo\/image\/"}}]}},"_links":{"self":[{"href":"https:\/\/www.hotelcristinacorona.it\/de\/wp-json\/wp\/v2\/pages\/1381","targetHints":{"allow":["GET"]}}],"collection":[{"href":"https:\/\/www.hotelcristinacorona.it\/de\/wp-json\/wp\/v2\/pages"}],"about":[{"href":"https:\/\/www.hotelcristinacorona.it\/de\/wp-json\/wp\/v2\/types\/page"}],"author":[{"embeddable":true,"href":"https:\/\/www.hotelcristinacorona.it\/de\/wp-json\/wp\/v2\/users\/1"}],"replies":[{"embeddable":true,"href":"https:\/\/www.hotelcristinacorona.it\/de\/wp-json\/wp\/v2\/comments?post=1381"}],"version-history":[{"count":1,"href":"https:\/\/www.hotelcristinacorona.it\/de\/wp-json\/wp\/v2\/pages\/1381\/revisions"}],"predecessor-version":[{"id":1382,"href":"https:\/\/www.hotelcristinacorona.it\/de\/wp-json\/wp\/v2\/pages\/1381\/revisions\/1382"}],"wp:attachment":[{"href":"https:\/\/www.hotelcristinacorona.it\/de\/wp-json\/wp\/v2\/media?parent=1381"}],"curies":[{"name":"wp","href":"https:\/\/api.w.org\/{rel}","templated":true}]}}