{"id":1386,"date":"2020-02-10T10:22:18","date_gmt":"2020-02-10T09:22:18","guid":{"rendered":"https:\/\/www.hotelcristinacorona.it\/freizeitparks\/"},"modified":"2020-02-12T12:36:13","modified_gmt":"2020-02-12T11:36:13","slug":"freizeitparks","status":"publish","type":"page","link":"https:\/\/www.hotelcristinacorona.it\/de\/freizeitparks\/","title":{"rendered":"Freizeitparks"},"content":{"rendered":"<p>Die Romagna ist die Heimat des Freizeitvergn\u00fcgens und daher verwundert es nicht, dass hier die ber\u00fchmtesten <strong>Themenparks Italiens und Europas<\/strong> zu Hause sind!<\/p>\n<p id=\"tw-target-text\" class=\"tw-data-text tw-text-large tw-ta\" dir=\"ltr\" data-placeholder=\"Traduzione\"><span lang=\"de\">Fragen Sie uns an der Rezeption nach Tickets, <strong>wir sind angeschlossen<\/strong>! Verbringen Sie weniger und vermeiden Sie Warteschlangen.<\/span><\/p>\n<p>Hier ein paar Freizeittipps f\u00fcr die Zeit Ihres Urlaubs im Hotel Cristina Corona.<\/p>\n<h4>Aquarium von Cattolica (nur 15 Gehminuten vom Cristina Corona)<\/h4>\n<p>Das gr\u00f6\u00dfte Aquarium an der Adriak\u00fcste erwartet Sie mit mehr als 100 Ausstellungsbecken und 2.500.000 Litern Meerwasser, in denen 3.000 Exemplare <strong>400 verschiedener Gattungen<\/strong> untergebracht sind.<br \/>\nEs <strong>gliedert sich in 4 Themenpfade<\/strong>, die es Ihnen gestatten, die Besonderheiten der Tiere und ihres Lebensraumes kennen zu lernen.<br \/>\nDer blaue Pfad ist den <strong>Pinguinen<\/strong>, Stechrochen und Quallen gewidmet. Auf dem gelben Pfad finden Sie die Wasserl\u00e4ufe vor, mit Becken, die von Kaimanen und <strong>Ottern<\/strong> bewohnt werden.<br \/>\nDer gr\u00fcne Pfad ist den <strong>Reptilien und Insekten<\/strong> zugedacht, wohingegen auf dem violetten Pfad die Begegnung mit den <strong>Haien<\/strong> vorgesehen ist!<br \/>\nSind Sie bereit f\u00fcr dieses Abenteuer aus pr\u00e4chtigen Farben und guter Unterhaltung?<\/p>\n<h4>Aquafan<\/h4>\n<p>Aquafan gilt als Badepark Nr. 1 in Europa, was seinen<strong> sensationellen Attraktionen<\/strong> und den unz\u00e4hligen Events zu verdanken ist. Adrenalinreicher Rutschenspa\u00df ist hier auf 3 km garantiert: vom Kamikaze zum <strong>Extreme River<\/strong>, vom Speedriul zum River Run, vom Surfin\u2019hill bis zum <strong>StrizzaCOOL<\/strong>, der Attraktion im Familienformat!<br \/>\n<strong>Aquafan steht aber auch f\u00fcr Relax<\/strong>. Zu diesem Zweck wurde Poseidon geschaffen, der Ruhebereich, in dem Sie zwischen erfrischenden Wasserf\u00e4llen und sprudelnden Whirlpools nach Herzenslust entspannen k\u00f6nnen.<\/p>\n<h4>Oltremare<\/h4>\n<p>Gehen Sie an Bord und fliegen Sie mit uns auf und davon&#8230; in <strong>Oltremare erwartet Sie eine Reise durch die Zeit und den Raum!<\/strong><br \/>\n&#8211; Beim Durchqueren des Regenwaldes der Attraktion Darwin k\u00f6nnen Sie auf <strong>Dinosaurier<\/strong>, Flugsaurier, <strong>Reptilien und Alligatoren<\/strong> treffen;<br \/>\n&#8211; Sie haben die M\u00f6glichkeit, den <strong>Hort der tag<\/strong>&#8211; und nachtaktiven <strong>Raubv\u00f6gel<\/strong> aufzusuchen;<br \/>\n&#8211; Auf keinen Fall entgehen lassen sollten Sie sich die <strong>Show der Delfine<\/strong> in der sch\u00f6nsten Lagune Europas!<br \/>\n&#8211; Freuen Sie sich auf die hautnahe Begegnung mit den lustigen <strong>Zicken<\/strong>, und bestaunen Sie <strong>Enten, H\u00fchner, Schafe<\/strong> und all die anderen Tiere auf dem Bauernhof!<br \/>\nWir wollen Ihnen nicht alles verraten, aber wir versichern Ihnen, dass ein Besuch in Oltremare zu einer tollen Reise wird, bei der es an \u00dcberraschungen, guter Unterhaltung und neuen Erkenntnissen nicht mangelt!<\/p>\n<h4>Mirabilandia<\/h4>\n<p>Mirabilandia ist der gr\u00f6\u00dfte Freizeitpark Italiens. Er befindet sich in der N\u00e4he von Ravenna und umspannt eine Fl\u00e4che von 850.000 Quadratmetern. Mit <strong>Hunderten von spannenden Attraktionen<\/strong> ist Mirabilandia einer der beliebtesten Vergn\u00fcgungsparks ganz Europas. Hier k\u00f6nnen Sie eine Fahrt auf der <strong>gr\u00f6\u00dften und h\u00f6chsten Achterbahn<\/strong> wagen und eine Runde mit dem fantastischen <strong>Riesenrad<\/strong> drehen; oder aber Sie genie\u00dfen die futuristische Atmosph\u00e4re im Reset-Jahr Null oder Sie st\u00fcrzen sich an den karibischen <strong>Mirabilandia Beach<\/strong>, den prachtvollen Tropenstrand des Parks.<\/p>\n<h4>Italia In Miniatura<\/h4>\n<p>Italia in Miniatura ist der 1970 eingerichtete Themenpark, der dem <strong>Schutz des historischen, architektonischen und kulturellen Gutes Italiens<\/strong> gewidmet ist und der Lern- und Freizeitspa\u00df gleicherma\u00dfen miteinander verbindet. Nur hier kann man \u201eauf Reisen gehen\u201d, gro\u00dfe Emotionen erleben und in die Geschichte eintauchen, wenn man an den 272 m<strong>a\u00dfstabsgerechten Nachbildungen der wundervollen Bauwerke Italiens<\/strong> entlangschlendert.<\/p>\n<h4>Fiabilandia<\/h4>\n<p>Das <strong>Zauberdorf,<\/strong> das <strong>Tal der Gnome<\/strong>, das Labyrinth von Fu-Ming \u2026 Fiabilandia hat eine gro\u00dfe F\u00fclle an Attraktionen f\u00fcr die ganze Familie zu bieten!<br \/>\nHier eine interessante Hintergrundinformation: Fiabilandia war einer der ersten Themenparks Italiens und wurde im Jahr 1965 eingeweiht.<br \/>\nIn Fiabilandia kann man durch den See Lago Bernardo auch die N\u00e4he zur Natur pflegen, da sich darin <strong>Stockenten, Pelikane, Schw\u00e4ne und G\u00e4nse<\/strong> niedergelassen haben.<\/p>\n","protected":false},"excerpt":{"rendered":"<p>Die Romagna ist die Heimat des Freizeitvergn\u00fcgens und daher verwundert es nicht, dass hier die ber\u00fchmtesten Themenparks Italiens und Europas zu Hause sind! Fragen Sie uns an der Rezeption nach Tickets, wir sind angeschlossen! Verbringen [&#8230;]<\/p>\n<p><a class=\"btn btn-primary read-more-link\" href=\"https:\/\/www.hotelcristinacorona.it\/de\/freizeitparks\/\">Leggi tutto<\/a><\/p>\n","protected":false},"author":1,"featured_media":0,"parent":0,"menu_order":34,"comment_status":"closed","ping_status":"closed","template":"","meta":{"_acf_changed":false},"class_list":["post-1386","page","type-page","status-publish","hentry","buon_motivo-cattolica-de","buon_motivo-hinterland","buon_motivo-strand"],"acf":[],"yoast_head":"<!-- This site is optimized with the Yoast SEO plugin v23.9 - https:\/\/yoast.com\/wordpress\/plugins\/seo\/ -->\n<title>Hotelvertrag mit den Vergn\u00fcgungsparks der Riviera - Hotel Cristina Corona<\/title>\n<meta name=\"description\" content=\"In der Romagna gibt es die bekanntesten Vergn\u00fcgungsparks in Italien und Europa. Mirabilandia, Aquafan, Miniaturitalien, Oltremare, Fiabilandia und Cattolica Aquarium sind vom Hotel Cristina Corona aus leicht zu erreichen.\" \/>\n<meta name=\"robots\" content=\"index, follow, max-snippet:-1, max-image-preview:large, max-video-preview:-1\" \/>\n<link rel=\"canonical\" href=\"https:\/\/www.hotelcristinacorona.it\/de\/freizeitparks\/\" \/>\n<meta property=\"og:locale\" content=\"de_DE\" \/>\n<meta property=\"og:type\" content=\"article\" \/>\n<meta property=\"og:title\" content=\"Hotelvertrag mit den Vergn\u00fcgungsparks der Riviera - Hotel Cristina Corona\" \/>\n<meta property=\"og:description\" content=\"In der Romagna gibt es die bekanntesten Vergn\u00fcgungsparks in Italien und Europa. Mirabilandia, Aquafan, Miniaturitalien, Oltremare, Fiabilandia und Cattolica Aquarium sind vom Hotel Cristina Corona aus leicht zu erreichen.\" \/>\n<meta property=\"og:url\" content=\"https:\/\/www.hotelcristinacorona.it\/de\/freizeitparks\/\" \/>\n<meta property=\"og:site_name\" content=\"Hotel Cristina Corona Cattolica\" \/>\n<meta property=\"article:modified_time\" content=\"2020-02-12T11:36:13+00:00\" \/>\n<meta name=\"twitter:card\" content=\"summary_large_image\" \/>\n<meta name=\"twitter:label1\" content=\"Gesch\u00e4tzte Lesezeit\" \/>\n\t<meta name=\"twitter:data1\" content=\"3\u00a0Minuten\" \/>\n<script type=\"application\/ld+json\" class=\"yoast-schema-graph\">{\"@context\":\"https:\/\/schema.org\",\"@graph\":[{\"@type\":\"WebPage\",\"@id\":\"https:\/\/www.hotelcristinacorona.it\/de\/freizeitparks\/\",\"url\":\"https:\/\/www.hotelcristinacorona.it\/de\/freizeitparks\/\",\"name\":\"Hotelvertrag mit den Vergn\u00fcgungsparks der Riviera - Hotel Cristina Corona\",\"isPartOf\":{\"@id\":\"https:\/\/www.hotelcristinacorona.it\/#website\"},\"datePublished\":\"2020-02-10T09:22:18+00:00\",\"dateModified\":\"2020-02-12T11:36:13+00:00\",\"description\":\"In der Romagna gibt es die bekanntesten Vergn\u00fcgungsparks in Italien und Europa. Mirabilandia, Aquafan, Miniaturitalien, Oltremare, Fiabilandia und Cattolica Aquarium sind vom Hotel Cristina Corona aus leicht zu erreichen.\",\"breadcrumb\":{\"@id\":\"https:\/\/www.hotelcristinacorona.it\/de\/freizeitparks\/#breadcrumb\"},\"inLanguage\":\"de\",\"potentialAction\":[{\"@type\":\"ReadAction\",\"target\":[\"https:\/\/www.hotelcristinacorona.it\/de\/freizeitparks\/\"]}]},{\"@type\":\"BreadcrumbList\",\"@id\":\"https:\/\/www.hotelcristinacorona.it\/de\/freizeitparks\/#breadcrumb\",\"itemListElement\":[{\"@type\":\"ListItem\",\"position\":1,\"name\":\"Home\",\"item\":\"https:\/\/www.hotelcristinacorona.it\/de\/\"},{\"@type\":\"ListItem\",\"position\":2,\"name\":\"Freizeitparks\"}]},{\"@type\":\"WebSite\",\"@id\":\"https:\/\/www.hotelcristinacorona.it\/#website\",\"url\":\"https:\/\/www.hotelcristinacorona.it\/\",\"name\":\"Hotel Cristina Corona Cattolica\",\"description\":\"\",\"publisher\":{\"@id\":\"https:\/\/www.hotelcristinacorona.it\/#organization\"},\"potentialAction\":[{\"@type\":\"SearchAction\",\"target\":{\"@type\":\"EntryPoint\",\"urlTemplate\":\"https:\/\/www.hotelcristinacorona.it\/?s={search_term_string}\"},\"query-input\":{\"@type\":\"PropertyValueSpecification\",\"valueRequired\":true,\"valueName\":\"search_term_string\"}}],\"inLanguage\":\"de\"},{\"@type\":\"Organization\",\"@id\":\"https:\/\/www.hotelcristinacorona.it\/#organization\",\"name\":\"Hotel Cristina Corona Cattolica\",\"url\":\"https:\/\/www.hotelcristinacorona.it\/\",\"logo\":{\"@type\":\"ImageObject\",\"inLanguage\":\"de\",\"@id\":\"https:\/\/www.hotelcristinacorona.it\/#\/schema\/logo\/image\/\",\"url\":\"https:\/\/www.hotelcristinacorona.it\/wp-content\/uploads\/2019\/12\/logo.png\",\"contentUrl\":\"https:\/\/www.hotelcristinacorona.it\/wp-content\/uploads\/2019\/12\/logo.png\",\"width\":431,\"height\":105,\"caption\":\"Hotel Cristina Corona Cattolica\"},\"image\":{\"@id\":\"https:\/\/www.hotelcristinacorona.it\/#\/schema\/logo\/image\/\"}}]}<\/script>\n<!-- \/ Yoast SEO plugin. -->","yoast_head_json":{"title":"Hotelvertrag mit den Vergn\u00fcgungsparks der Riviera - Hotel Cristina Corona","description":"In der Romagna gibt es die bekanntesten Vergn\u00fcgungsparks in Italien und Europa. Mirabilandia, Aquafan, Miniaturitalien, Oltremare, Fiabilandia und Cattolica Aquarium sind vom Hotel Cristina Corona aus leicht zu erreichen.","robots":{"index":"index","follow":"follow","max-snippet":"max-snippet:-1","max-image-preview":"max-image-preview:large","max-video-preview":"max-video-preview:-1"},"canonical":"https:\/\/www.hotelcristinacorona.it\/de\/freizeitparks\/","og_locale":"de_DE","og_type":"article","og_title":"Hotelvertrag mit den Vergn\u00fcgungsparks der Riviera - Hotel Cristina Corona","og_description":"In der Romagna gibt es die bekanntesten Vergn\u00fcgungsparks in Italien und Europa. Mirabilandia, Aquafan, Miniaturitalien, Oltremare, Fiabilandia und Cattolica Aquarium sind vom Hotel Cristina Corona aus leicht zu erreichen.","og_url":"https:\/\/www.hotelcristinacorona.it\/de\/freizeitparks\/","og_site_name":"Hotel Cristina Corona Cattolica","article_modified_time":"2020-02-12T11:36:13+00:00","twitter_card":"summary_large_image","twitter_misc":{"Gesch\u00e4tzte Lesezeit":"3\u00a0Minuten"},"schema":{"@context":"https:\/\/schema.org","@graph":[{"@type":"WebPage","@id":"https:\/\/www.hotelcristinacorona.it\/de\/freizeitparks\/","url":"https:\/\/www.hotelcristinacorona.it\/de\/freizeitparks\/","name":"Hotelvertrag mit den Vergn\u00fcgungsparks der Riviera - Hotel Cristina Corona","isPartOf":{"@id":"https:\/\/www.hotelcristinacorona.it\/#website"},"datePublished":"2020-02-10T09:22:18+00:00","dateModified":"2020-02-12T11:36:13+00:00","description":"In der Romagna gibt es die bekanntesten Vergn\u00fcgungsparks in Italien und Europa. Mirabilandia, Aquafan, Miniaturitalien, Oltremare, Fiabilandia und Cattolica Aquarium sind vom Hotel Cristina Corona aus leicht zu erreichen.","breadcrumb":{"@id":"https:\/\/www.hotelcristinacorona.it\/de\/freizeitparks\/#breadcrumb"},"inLanguage":"de","potentialAction":[{"@type":"ReadAction","target":["https:\/\/www.hotelcristinacorona.it\/de\/freizeitparks\/"]}]},{"@type":"BreadcrumbList","@id":"https:\/\/www.hotelcristinacorona.it\/de\/freizeitparks\/#breadcrumb","itemListElement":[{"@type":"ListItem","position":1,"name":"Home","item":"https:\/\/www.hotelcristinacorona.it\/de\/"},{"@type":"ListItem","position":2,"name":"Freizeitparks"}]},{"@type":"WebSite","@id":"https:\/\/www.hotelcristinacorona.it\/#website","url":"https:\/\/www.hotelcristinacorona.it\/","name":"Hotel Cristina Corona Cattolica","description":"","publisher":{"@id":"https:\/\/www.hotelcristinacorona.it\/#organization"},"potentialAction":[{"@type":"SearchAction","target":{"@type":"EntryPoint","urlTemplate":"https:\/\/www.hotelcristinacorona.it\/?s={search_term_string}"},"query-input":{"@type":"PropertyValueSpecification","valueRequired":true,"valueName":"search_term_string"}}],"inLanguage":"de"},{"@type":"Organization","@id":"https:\/\/www.hotelcristinacorona.it\/#organization","name":"Hotel Cristina Corona Cattolica","url":"https:\/\/www.hotelcristinacorona.it\/","logo":{"@type":"ImageObject","inLanguage":"de","@id":"https:\/\/www.hotelcristinacorona.it\/#\/schema\/logo\/image\/","url":"https:\/\/www.hotelcristinacorona.it\/wp-content\/uploads\/2019\/12\/logo.png","contentUrl":"https:\/\/www.hotelcristinacorona.it\/wp-content\/uploads\/2019\/12\/logo.png","width":431,"height":105,"caption":"Hotel Cristina Corona Cattolica"},"image":{"@id":"https:\/\/www.hotelcristinacorona.it\/#\/schema\/logo\/image\/"}}]}},"_links":{"self":[{"href":"https:\/\/www.hotelcristinacorona.it\/de\/wp-json\/wp\/v2\/pages\/1386","targetHints":{"allow":["GET"]}}],"collection":[{"href":"https:\/\/www.hotelcristinacorona.it\/de\/wp-json\/wp\/v2\/pages"}],"about":[{"href":"https:\/\/www.hotelcristinacorona.it\/de\/wp-json\/wp\/v2\/types\/page"}],"author":[{"embeddable":true,"href":"https:\/\/www.hotelcristinacorona.it\/de\/wp-json\/wp\/v2\/users\/1"}],"replies":[{"embeddable":true,"href":"https:\/\/www.hotelcristinacorona.it\/de\/wp-json\/wp\/v2\/comments?post=1386"}],"version-history":[{"count":1,"href":"https:\/\/www.hotelcristinacorona.it\/de\/wp-json\/wp\/v2\/pages\/1386\/revisions"}],"predecessor-version":[{"id":1387,"href":"https:\/\/www.hotelcristinacorona.it\/de\/wp-json\/wp\/v2\/pages\/1386\/revisions\/1387"}],"wp:attachment":[{"href":"https:\/\/www.hotelcristinacorona.it\/de\/wp-json\/wp\/v2\/media?parent=1386"}],"curies":[{"name":"wp","href":"https:\/\/api.w.org\/{rel}","templated":true}]}}