{"id":1388,"date":"2020-02-10T10:57:01","date_gmt":"2020-02-10T09:57:01","guid":{"rendered":"https:\/\/www.hotelcristinacorona.it\/horses-riviera-resort\/"},"modified":"2020-02-10T11:02:27","modified_gmt":"2020-02-10T10:02:27","slug":"horses-riviera-resort","status":"publish","type":"page","link":"https:\/\/www.hotelcristinacorona.it\/de\/horses-riviera-resort\/","title":{"rendered":"Horses Riviera Resort"},"content":{"rendered":"<p>Seit es im Juni 2007 seine Pforten ge\u00f6ffnet hat, bietet das <strong>renommierte Reitzentrum<\/strong> allen Reitsportfans die M\u00f6glichkeit, das <strong>Spring- und Dressurreiten<\/strong> auszu\u00fcben, sowohl als Leistungs- als auch als Freizeitsport.<\/p>\n<p>Die nach einem ganz neuen Konzept angelegte Anlage ist rund um die Bed\u00fcrfnisse von Pferden und Reitern entwickelt worden. Das Horses Riviera Resort gilt als <strong>sch\u00f6nstes und elegantestes Reitzentrum Italiens<\/strong> und beherbergt sowohl nationale als auch internationale Springreitturniere. Auf der Anlage kann man weiterhin die prachtvollen leuchtenden Farben einiger <strong>autochthoner Pflanzenarten<\/strong> bewundern: Rosen, <strong>duftender Lorbeer<\/strong>, Rosmarin, <strong>Myrte<\/strong> und ein altehrw\u00fcrdiger Maulbeerbaum geh\u00f6ren dazu.<\/p>\n<p>Das <strong>in nur 10 Autominuten<\/strong> m\u00fchelos vom Cristina Corona erreichbare Horses Riviera Resort wird durch ein exklusives Serviceangebot abgerundet, zu dem u.a. ein VIP-Bereich, das <strong>Restaurant Il Rivierino<\/strong>, ein <strong>Self-Service<\/strong> und die <strong>Reitst\u00e4lle<\/strong> geh\u00f6ren, die den Chic und Charme der Anlage vervollst\u00e4ndigen.<\/p>\n","protected":false},"excerpt":{"rendered":"<p>Seit es im Juni 2007 seine Pforten ge\u00f6ffnet hat, bietet das renommierte Reitzentrum allen Reitsportfans die M\u00f6glichkeit, das Spring- und Dressurreiten auszu\u00fcben, sowohl als Leistungs- als auch als Freizeitsport. Die nach einem ganz neuen Konzept [&#8230;]<\/p>\n<p><a class=\"btn btn-primary read-more-link\" href=\"https:\/\/www.hotelcristinacorona.it\/de\/horses-riviera-resort\/\">Leggi tutto<\/a><\/p>\n","protected":false},"author":1,"featured_media":0,"parent":0,"menu_order":27,"comment_status":"closed","ping_status":"closed","template":"","meta":{"_acf_changed":false},"class_list":["post-1388","page","type-page","status-publish","hentry","buon_motivo-cattolica-de","buon_motivo-hinterland","buon_motivo-lage"],"acf":[],"yoast_head":"<!-- This site is optimized with the Yoast SEO plugin v23.9 - https:\/\/yoast.com\/wordpress\/plugins\/seo\/ -->\n<title>Hotels in der N\u00e4he von Horses Riviera Resort - Hotel Cristina Corona Cattolica<\/title>\n<meta name=\"description\" content=\"Ein prestigetr\u00e4chtiges Reitzentrum in San Giovanni in Marignano, in dem Sie an Wettbewerben und Veranstaltungen teilnehmen k\u00f6nnen. Es ist nur 10 Autominuten von Cristina Corona entfernt.\" \/>\n<meta name=\"robots\" content=\"index, follow, max-snippet:-1, max-image-preview:large, max-video-preview:-1\" \/>\n<link rel=\"canonical\" href=\"https:\/\/www.hotelcristinacorona.it\/de\/horses-riviera-resort\/\" \/>\n<meta property=\"og:locale\" content=\"de_DE\" \/>\n<meta property=\"og:type\" content=\"article\" \/>\n<meta property=\"og:title\" content=\"Hotels in der N\u00e4he von Horses Riviera Resort - Hotel Cristina Corona Cattolica\" \/>\n<meta property=\"og:description\" content=\"Ein prestigetr\u00e4chtiges Reitzentrum in San Giovanni in Marignano, in dem Sie an Wettbewerben und Veranstaltungen teilnehmen k\u00f6nnen. Es ist nur 10 Autominuten von Cristina Corona entfernt.\" \/>\n<meta property=\"og:url\" content=\"https:\/\/www.hotelcristinacorona.it\/de\/horses-riviera-resort\/\" \/>\n<meta property=\"og:site_name\" content=\"Hotel Cristina Corona Cattolica\" \/>\n<meta property=\"article:modified_time\" content=\"2020-02-10T10:02:27+00:00\" \/>\n<meta name=\"twitter:card\" content=\"summary_large_image\" \/>\n<meta name=\"twitter:label1\" content=\"Gesch\u00e4tzte Lesezeit\" \/>\n\t<meta name=\"twitter:data1\" content=\"1\u00a0Minute\" \/>\n<script type=\"application\/ld+json\" class=\"yoast-schema-graph\">{\"@context\":\"https:\/\/schema.org\",\"@graph\":[{\"@type\":\"WebPage\",\"@id\":\"https:\/\/www.hotelcristinacorona.it\/de\/horses-riviera-resort\/\",\"url\":\"https:\/\/www.hotelcristinacorona.it\/de\/horses-riviera-resort\/\",\"name\":\"Hotels in der N\u00e4he von Horses Riviera Resort - Hotel Cristina Corona Cattolica\",\"isPartOf\":{\"@id\":\"https:\/\/www.hotelcristinacorona.it\/#website\"},\"datePublished\":\"2020-02-10T09:57:01+00:00\",\"dateModified\":\"2020-02-10T10:02:27+00:00\",\"description\":\"Ein prestigetr\u00e4chtiges Reitzentrum in San Giovanni in Marignano, in dem Sie an Wettbewerben und Veranstaltungen teilnehmen k\u00f6nnen. Es ist nur 10 Autominuten von Cristina Corona entfernt.\",\"breadcrumb\":{\"@id\":\"https:\/\/www.hotelcristinacorona.it\/de\/horses-riviera-resort\/#breadcrumb\"},\"inLanguage\":\"de\",\"potentialAction\":[{\"@type\":\"ReadAction\",\"target\":[\"https:\/\/www.hotelcristinacorona.it\/de\/horses-riviera-resort\/\"]}]},{\"@type\":\"BreadcrumbList\",\"@id\":\"https:\/\/www.hotelcristinacorona.it\/de\/horses-riviera-resort\/#breadcrumb\",\"itemListElement\":[{\"@type\":\"ListItem\",\"position\":1,\"name\":\"Home\",\"item\":\"https:\/\/www.hotelcristinacorona.it\/de\/\"},{\"@type\":\"ListItem\",\"position\":2,\"name\":\"Horses Riviera Resort\"}]},{\"@type\":\"WebSite\",\"@id\":\"https:\/\/www.hotelcristinacorona.it\/#website\",\"url\":\"https:\/\/www.hotelcristinacorona.it\/\",\"name\":\"Hotel Cristina Corona Cattolica\",\"description\":\"\",\"publisher\":{\"@id\":\"https:\/\/www.hotelcristinacorona.it\/#organization\"},\"potentialAction\":[{\"@type\":\"SearchAction\",\"target\":{\"@type\":\"EntryPoint\",\"urlTemplate\":\"https:\/\/www.hotelcristinacorona.it\/?s={search_term_string}\"},\"query-input\":{\"@type\":\"PropertyValueSpecification\",\"valueRequired\":true,\"valueName\":\"search_term_string\"}}],\"inLanguage\":\"de\"},{\"@type\":\"Organization\",\"@id\":\"https:\/\/www.hotelcristinacorona.it\/#organization\",\"name\":\"Hotel Cristina Corona Cattolica\",\"url\":\"https:\/\/www.hotelcristinacorona.it\/\",\"logo\":{\"@type\":\"ImageObject\",\"inLanguage\":\"de\",\"@id\":\"https:\/\/www.hotelcristinacorona.it\/#\/schema\/logo\/image\/\",\"url\":\"https:\/\/www.hotelcristinacorona.it\/wp-content\/uploads\/2019\/12\/logo.png\",\"contentUrl\":\"https:\/\/www.hotelcristinacorona.it\/wp-content\/uploads\/2019\/12\/logo.png\",\"width\":431,\"height\":105,\"caption\":\"Hotel Cristina Corona Cattolica\"},\"image\":{\"@id\":\"https:\/\/www.hotelcristinacorona.it\/#\/schema\/logo\/image\/\"}}]}<\/script>\n<!-- \/ Yoast SEO plugin. -->","yoast_head_json":{"title":"Hotels in der N\u00e4he von Horses Riviera Resort - Hotel Cristina Corona Cattolica","description":"Ein prestigetr\u00e4chtiges Reitzentrum in San Giovanni in Marignano, in dem Sie an Wettbewerben und Veranstaltungen teilnehmen k\u00f6nnen. Es ist nur 10 Autominuten von Cristina Corona entfernt.","robots":{"index":"index","follow":"follow","max-snippet":"max-snippet:-1","max-image-preview":"max-image-preview:large","max-video-preview":"max-video-preview:-1"},"canonical":"https:\/\/www.hotelcristinacorona.it\/de\/horses-riviera-resort\/","og_locale":"de_DE","og_type":"article","og_title":"Hotels in der N\u00e4he von Horses Riviera Resort - Hotel Cristina Corona Cattolica","og_description":"Ein prestigetr\u00e4chtiges Reitzentrum in San Giovanni in Marignano, in dem Sie an Wettbewerben und Veranstaltungen teilnehmen k\u00f6nnen. Es ist nur 10 Autominuten von Cristina Corona entfernt.","og_url":"https:\/\/www.hotelcristinacorona.it\/de\/horses-riviera-resort\/","og_site_name":"Hotel Cristina Corona Cattolica","article_modified_time":"2020-02-10T10:02:27+00:00","twitter_card":"summary_large_image","twitter_misc":{"Gesch\u00e4tzte Lesezeit":"1\u00a0Minute"},"schema":{"@context":"https:\/\/schema.org","@graph":[{"@type":"WebPage","@id":"https:\/\/www.hotelcristinacorona.it\/de\/horses-riviera-resort\/","url":"https:\/\/www.hotelcristinacorona.it\/de\/horses-riviera-resort\/","name":"Hotels in der N\u00e4he von Horses Riviera Resort - Hotel Cristina Corona Cattolica","isPartOf":{"@id":"https:\/\/www.hotelcristinacorona.it\/#website"},"datePublished":"2020-02-10T09:57:01+00:00","dateModified":"2020-02-10T10:02:27+00:00","description":"Ein prestigetr\u00e4chtiges Reitzentrum in San Giovanni in Marignano, in dem Sie an Wettbewerben und Veranstaltungen teilnehmen k\u00f6nnen. Es ist nur 10 Autominuten von Cristina Corona entfernt.","breadcrumb":{"@id":"https:\/\/www.hotelcristinacorona.it\/de\/horses-riviera-resort\/#breadcrumb"},"inLanguage":"de","potentialAction":[{"@type":"ReadAction","target":["https:\/\/www.hotelcristinacorona.it\/de\/horses-riviera-resort\/"]}]},{"@type":"BreadcrumbList","@id":"https:\/\/www.hotelcristinacorona.it\/de\/horses-riviera-resort\/#breadcrumb","itemListElement":[{"@type":"ListItem","position":1,"name":"Home","item":"https:\/\/www.hotelcristinacorona.it\/de\/"},{"@type":"ListItem","position":2,"name":"Horses Riviera Resort"}]},{"@type":"WebSite","@id":"https:\/\/www.hotelcristinacorona.it\/#website","url":"https:\/\/www.hotelcristinacorona.it\/","name":"Hotel Cristina Corona Cattolica","description":"","publisher":{"@id":"https:\/\/www.hotelcristinacorona.it\/#organization"},"potentialAction":[{"@type":"SearchAction","target":{"@type":"EntryPoint","urlTemplate":"https:\/\/www.hotelcristinacorona.it\/?s={search_term_string}"},"query-input":{"@type":"PropertyValueSpecification","valueRequired":true,"valueName":"search_term_string"}}],"inLanguage":"de"},{"@type":"Organization","@id":"https:\/\/www.hotelcristinacorona.it\/#organization","name":"Hotel Cristina Corona Cattolica","url":"https:\/\/www.hotelcristinacorona.it\/","logo":{"@type":"ImageObject","inLanguage":"de","@id":"https:\/\/www.hotelcristinacorona.it\/#\/schema\/logo\/image\/","url":"https:\/\/www.hotelcristinacorona.it\/wp-content\/uploads\/2019\/12\/logo.png","contentUrl":"https:\/\/www.hotelcristinacorona.it\/wp-content\/uploads\/2019\/12\/logo.png","width":431,"height":105,"caption":"Hotel Cristina Corona Cattolica"},"image":{"@id":"https:\/\/www.hotelcristinacorona.it\/#\/schema\/logo\/image\/"}}]}},"_links":{"self":[{"href":"https:\/\/www.hotelcristinacorona.it\/de\/wp-json\/wp\/v2\/pages\/1388","targetHints":{"allow":["GET"]}}],"collection":[{"href":"https:\/\/www.hotelcristinacorona.it\/de\/wp-json\/wp\/v2\/pages"}],"about":[{"href":"https:\/\/www.hotelcristinacorona.it\/de\/wp-json\/wp\/v2\/types\/page"}],"author":[{"embeddable":true,"href":"https:\/\/www.hotelcristinacorona.it\/de\/wp-json\/wp\/v2\/users\/1"}],"replies":[{"embeddable":true,"href":"https:\/\/www.hotelcristinacorona.it\/de\/wp-json\/wp\/v2\/comments?post=1388"}],"version-history":[{"count":1,"href":"https:\/\/www.hotelcristinacorona.it\/de\/wp-json\/wp\/v2\/pages\/1388\/revisions"}],"predecessor-version":[{"id":1389,"href":"https:\/\/www.hotelcristinacorona.it\/de\/wp-json\/wp\/v2\/pages\/1388\/revisions\/1389"}],"wp:attachment":[{"href":"https:\/\/www.hotelcristinacorona.it\/de\/wp-json\/wp\/v2\/media?parent=1388"}],"curies":[{"name":"wp","href":"https:\/\/api.w.org\/{rel}","templated":true}]}}