{"id":1390,"date":"2020-02-10T11:03:48","date_gmt":"2020-02-10T10:03:48","guid":{"rendered":"https:\/\/www.hotelcristinacorona.it\/shopping-vergnugen-in-cattolica\/"},"modified":"2020-02-10T11:10:50","modified_gmt":"2020-02-10T10:10:50","slug":"shopping-vergnugen-in-cattolica","status":"publish","type":"page","link":"https:\/\/www.hotelcristinacorona.it\/de\/shopping-vergnugen-in-cattolica\/","title":{"rendered":"Shopping-Vergn\u00fcgen in Cattolica"},"content":{"rendered":"<p>Cattolica bietet neben Sonne, Relax, Sport, Veranstaltungen und guter Unterhaltung auch <strong>Shopping-Vergn\u00fcgen<\/strong> vom Feinsten. Daf\u00fcr sorgen die unz\u00e4hligen <strong>Gesch\u00e4fte mit Artikeln aller Art<\/strong>, wobei f\u00fcr jeden Geldbeutel und f\u00fcr jeden Geschmack etwas dabei ist.<\/p>\n<p>Im Umkreis von wenigen Kilometern besteht die M\u00f6glichkeit, hochwertige Markenartikel in den <strong>Outlets namhafter italienischer Hersteller und Marken<\/strong> zu erwerben, darunter Gerani, <strong>Iceberg<\/strong>, Massimo Rebecchi, <strong>Max Mara<\/strong> und Stefanel, und das zu superg\u00fcnstigen Preisen.<\/p>\n<p>Hier eine Liste der besten und namhaftesten <strong>Factory-Outlets zwischen der Romagna und den Marken<\/strong>:<\/p>\n<p>&#8211; Gilmar Company Store, San Giovanni in Marignano<br \/>\n&#8211; <strong>Diffusione Tessile, Max Mara, San Giovanni in Marignano<\/strong><br \/>\n&#8211; Fuzzi Factory Outlet, San Giovanni in Marignano<br \/>\n&#8211; <strong>RALPH LAUREN Bekleidung, Pesaro<\/strong><br \/>\n&#8211; Werksverkauf Massimo Rebecchi, Bekleidung, Riccione<br \/>\n&#8211; <strong>Cashmere-Outlet Bekleidung, Riccione<\/strong><br \/>\n&#8211; <strong>New Factory Outlet di San Marino, Republik San Marino<\/strong><br \/>\n&#8211; Stock Moda, Coriano di Rimini<br \/>\n&#8211; <strong>Pollini Factory Outlet, Schuhwaren, Gatteo, Rimini<\/strong><br \/>\n&#8211; Sergio Rossi Calzature, San Mauro Pascoli<br \/>\n&#8211; <strong>Baldinini Fashion Outlet, Savignano sul Rubicone<\/strong><br \/>\n&#8211; Vicini Fashion Outlet Savignano sul Rubicone<\/p>\n","protected":false},"excerpt":{"rendered":"<p>Cattolica bietet neben Sonne, Relax, Sport, Veranstaltungen und guter Unterhaltung auch Shopping-Vergn\u00fcgen vom Feinsten. Daf\u00fcr sorgen die unz\u00e4hligen Gesch\u00e4fte mit Artikeln aller Art, wobei f\u00fcr jeden Geldbeutel und f\u00fcr jeden Geschmack etwas dabei ist. Im [&#8230;]<\/p>\n<p><a class=\"btn btn-primary read-more-link\" href=\"https:\/\/www.hotelcristinacorona.it\/de\/shopping-vergnugen-in-cattolica\/\">Leggi tutto<\/a><\/p>\n","protected":false},"author":1,"featured_media":0,"parent":0,"menu_order":15,"comment_status":"closed","ping_status":"closed","template":"","meta":{"_acf_changed":false},"class_list":["post-1390","page","type-page","status-publish","hentry","buon_motivo-cattolica-de","buon_motivo-lage","buon_motivo-heimische-produkte"],"acf":[],"yoast_head":"<!-- This site is optimized with the Yoast SEO plugin v23.9 - https:\/\/yoast.com\/wordpress\/plugins\/seo\/ -->\n<title>Shopping-Vergn\u00fcgen in Cattolica - Hotel Cristina Corona<\/title>\n<meta name=\"description\" content=\"Hier in Cattolica gibt es sicherlich viele Einkaufsm\u00f6glichkeiten: Zwischen Romagna und Marche warten viele Gesch\u00e4fte, Boutiquen und Firmenverkaufsstellen auf Sie, damit Sie auch im Urlaub ein bisschen gesund einkaufen k\u00f6nnen!\" \/>\n<meta name=\"robots\" content=\"index, follow, max-snippet:-1, max-image-preview:large, max-video-preview:-1\" \/>\n<link rel=\"canonical\" href=\"https:\/\/www.hotelcristinacorona.it\/de\/shopping-vergnugen-in-cattolica\/\" \/>\n<meta property=\"og:locale\" content=\"de_DE\" \/>\n<meta property=\"og:type\" content=\"article\" \/>\n<meta property=\"og:title\" content=\"Shopping-Vergn\u00fcgen in Cattolica - Hotel Cristina Corona\" \/>\n<meta property=\"og:description\" content=\"Hier in Cattolica gibt es sicherlich viele Einkaufsm\u00f6glichkeiten: Zwischen Romagna und Marche warten viele Gesch\u00e4fte, Boutiquen und Firmenverkaufsstellen auf Sie, damit Sie auch im Urlaub ein bisschen gesund einkaufen k\u00f6nnen!\" \/>\n<meta property=\"og:url\" content=\"https:\/\/www.hotelcristinacorona.it\/de\/shopping-vergnugen-in-cattolica\/\" \/>\n<meta property=\"og:site_name\" content=\"Hotel Cristina Corona Cattolica\" \/>\n<meta property=\"article:modified_time\" content=\"2020-02-10T10:10:50+00:00\" \/>\n<meta name=\"twitter:card\" content=\"summary_large_image\" \/>\n<meta name=\"twitter:label1\" content=\"Gesch\u00e4tzte Lesezeit\" \/>\n\t<meta name=\"twitter:data1\" content=\"1\u00a0Minute\" \/>\n<script type=\"application\/ld+json\" class=\"yoast-schema-graph\">{\"@context\":\"https:\/\/schema.org\",\"@graph\":[{\"@type\":\"WebPage\",\"@id\":\"https:\/\/www.hotelcristinacorona.it\/de\/shopping-vergnugen-in-cattolica\/\",\"url\":\"https:\/\/www.hotelcristinacorona.it\/de\/shopping-vergnugen-in-cattolica\/\",\"name\":\"Shopping-Vergn\u00fcgen in Cattolica - Hotel Cristina Corona\",\"isPartOf\":{\"@id\":\"https:\/\/www.hotelcristinacorona.it\/#website\"},\"datePublished\":\"2020-02-10T10:03:48+00:00\",\"dateModified\":\"2020-02-10T10:10:50+00:00\",\"description\":\"Hier in Cattolica gibt es sicherlich viele Einkaufsm\u00f6glichkeiten: Zwischen Romagna und Marche warten viele Gesch\u00e4fte, Boutiquen und Firmenverkaufsstellen auf Sie, damit Sie auch im Urlaub ein bisschen gesund einkaufen k\u00f6nnen!\",\"breadcrumb\":{\"@id\":\"https:\/\/www.hotelcristinacorona.it\/de\/shopping-vergnugen-in-cattolica\/#breadcrumb\"},\"inLanguage\":\"de\",\"potentialAction\":[{\"@type\":\"ReadAction\",\"target\":[\"https:\/\/www.hotelcristinacorona.it\/de\/shopping-vergnugen-in-cattolica\/\"]}]},{\"@type\":\"BreadcrumbList\",\"@id\":\"https:\/\/www.hotelcristinacorona.it\/de\/shopping-vergnugen-in-cattolica\/#breadcrumb\",\"itemListElement\":[{\"@type\":\"ListItem\",\"position\":1,\"name\":\"Home\",\"item\":\"https:\/\/www.hotelcristinacorona.it\/de\/\"},{\"@type\":\"ListItem\",\"position\":2,\"name\":\"Shopping-Vergn\u00fcgen in Cattolica\"}]},{\"@type\":\"WebSite\",\"@id\":\"https:\/\/www.hotelcristinacorona.it\/#website\",\"url\":\"https:\/\/www.hotelcristinacorona.it\/\",\"name\":\"Hotel Cristina Corona Cattolica\",\"description\":\"\",\"publisher\":{\"@id\":\"https:\/\/www.hotelcristinacorona.it\/#organization\"},\"potentialAction\":[{\"@type\":\"SearchAction\",\"target\":{\"@type\":\"EntryPoint\",\"urlTemplate\":\"https:\/\/www.hotelcristinacorona.it\/?s={search_term_string}\"},\"query-input\":{\"@type\":\"PropertyValueSpecification\",\"valueRequired\":true,\"valueName\":\"search_term_string\"}}],\"inLanguage\":\"de\"},{\"@type\":\"Organization\",\"@id\":\"https:\/\/www.hotelcristinacorona.it\/#organization\",\"name\":\"Hotel Cristina Corona Cattolica\",\"url\":\"https:\/\/www.hotelcristinacorona.it\/\",\"logo\":{\"@type\":\"ImageObject\",\"inLanguage\":\"de\",\"@id\":\"https:\/\/www.hotelcristinacorona.it\/#\/schema\/logo\/image\/\",\"url\":\"https:\/\/www.hotelcristinacorona.it\/wp-content\/uploads\/2019\/12\/logo.png\",\"contentUrl\":\"https:\/\/www.hotelcristinacorona.it\/wp-content\/uploads\/2019\/12\/logo.png\",\"width\":431,\"height\":105,\"caption\":\"Hotel Cristina Corona Cattolica\"},\"image\":{\"@id\":\"https:\/\/www.hotelcristinacorona.it\/#\/schema\/logo\/image\/\"}}]}<\/script>\n<!-- \/ Yoast SEO plugin. -->","yoast_head_json":{"title":"Shopping-Vergn\u00fcgen in Cattolica - Hotel Cristina Corona","description":"Hier in Cattolica gibt es sicherlich viele Einkaufsm\u00f6glichkeiten: Zwischen Romagna und Marche warten viele Gesch\u00e4fte, Boutiquen und Firmenverkaufsstellen auf Sie, damit Sie auch im Urlaub ein bisschen gesund einkaufen k\u00f6nnen!","robots":{"index":"index","follow":"follow","max-snippet":"max-snippet:-1","max-image-preview":"max-image-preview:large","max-video-preview":"max-video-preview:-1"},"canonical":"https:\/\/www.hotelcristinacorona.it\/de\/shopping-vergnugen-in-cattolica\/","og_locale":"de_DE","og_type":"article","og_title":"Shopping-Vergn\u00fcgen in Cattolica - Hotel Cristina Corona","og_description":"Hier in Cattolica gibt es sicherlich viele Einkaufsm\u00f6glichkeiten: Zwischen Romagna und Marche warten viele Gesch\u00e4fte, Boutiquen und Firmenverkaufsstellen auf Sie, damit Sie auch im Urlaub ein bisschen gesund einkaufen k\u00f6nnen!","og_url":"https:\/\/www.hotelcristinacorona.it\/de\/shopping-vergnugen-in-cattolica\/","og_site_name":"Hotel Cristina Corona Cattolica","article_modified_time":"2020-02-10T10:10:50+00:00","twitter_card":"summary_large_image","twitter_misc":{"Gesch\u00e4tzte Lesezeit":"1\u00a0Minute"},"schema":{"@context":"https:\/\/schema.org","@graph":[{"@type":"WebPage","@id":"https:\/\/www.hotelcristinacorona.it\/de\/shopping-vergnugen-in-cattolica\/","url":"https:\/\/www.hotelcristinacorona.it\/de\/shopping-vergnugen-in-cattolica\/","name":"Shopping-Vergn\u00fcgen in Cattolica - Hotel Cristina Corona","isPartOf":{"@id":"https:\/\/www.hotelcristinacorona.it\/#website"},"datePublished":"2020-02-10T10:03:48+00:00","dateModified":"2020-02-10T10:10:50+00:00","description":"Hier in Cattolica gibt es sicherlich viele Einkaufsm\u00f6glichkeiten: Zwischen Romagna und Marche warten viele Gesch\u00e4fte, Boutiquen und Firmenverkaufsstellen auf Sie, damit Sie auch im Urlaub ein bisschen gesund einkaufen k\u00f6nnen!","breadcrumb":{"@id":"https:\/\/www.hotelcristinacorona.it\/de\/shopping-vergnugen-in-cattolica\/#breadcrumb"},"inLanguage":"de","potentialAction":[{"@type":"ReadAction","target":["https:\/\/www.hotelcristinacorona.it\/de\/shopping-vergnugen-in-cattolica\/"]}]},{"@type":"BreadcrumbList","@id":"https:\/\/www.hotelcristinacorona.it\/de\/shopping-vergnugen-in-cattolica\/#breadcrumb","itemListElement":[{"@type":"ListItem","position":1,"name":"Home","item":"https:\/\/www.hotelcristinacorona.it\/de\/"},{"@type":"ListItem","position":2,"name":"Shopping-Vergn\u00fcgen in Cattolica"}]},{"@type":"WebSite","@id":"https:\/\/www.hotelcristinacorona.it\/#website","url":"https:\/\/www.hotelcristinacorona.it\/","name":"Hotel Cristina Corona Cattolica","description":"","publisher":{"@id":"https:\/\/www.hotelcristinacorona.it\/#organization"},"potentialAction":[{"@type":"SearchAction","target":{"@type":"EntryPoint","urlTemplate":"https:\/\/www.hotelcristinacorona.it\/?s={search_term_string}"},"query-input":{"@type":"PropertyValueSpecification","valueRequired":true,"valueName":"search_term_string"}}],"inLanguage":"de"},{"@type":"Organization","@id":"https:\/\/www.hotelcristinacorona.it\/#organization","name":"Hotel Cristina Corona Cattolica","url":"https:\/\/www.hotelcristinacorona.it\/","logo":{"@type":"ImageObject","inLanguage":"de","@id":"https:\/\/www.hotelcristinacorona.it\/#\/schema\/logo\/image\/","url":"https:\/\/www.hotelcristinacorona.it\/wp-content\/uploads\/2019\/12\/logo.png","contentUrl":"https:\/\/www.hotelcristinacorona.it\/wp-content\/uploads\/2019\/12\/logo.png","width":431,"height":105,"caption":"Hotel Cristina Corona Cattolica"},"image":{"@id":"https:\/\/www.hotelcristinacorona.it\/#\/schema\/logo\/image\/"}}]}},"_links":{"self":[{"href":"https:\/\/www.hotelcristinacorona.it\/de\/wp-json\/wp\/v2\/pages\/1390","targetHints":{"allow":["GET"]}}],"collection":[{"href":"https:\/\/www.hotelcristinacorona.it\/de\/wp-json\/wp\/v2\/pages"}],"about":[{"href":"https:\/\/www.hotelcristinacorona.it\/de\/wp-json\/wp\/v2\/types\/page"}],"author":[{"embeddable":true,"href":"https:\/\/www.hotelcristinacorona.it\/de\/wp-json\/wp\/v2\/users\/1"}],"replies":[{"embeddable":true,"href":"https:\/\/www.hotelcristinacorona.it\/de\/wp-json\/wp\/v2\/comments?post=1390"}],"version-history":[{"count":1,"href":"https:\/\/www.hotelcristinacorona.it\/de\/wp-json\/wp\/v2\/pages\/1390\/revisions"}],"predecessor-version":[{"id":1391,"href":"https:\/\/www.hotelcristinacorona.it\/de\/wp-json\/wp\/v2\/pages\/1390\/revisions\/1391"}],"wp:attachment":[{"href":"https:\/\/www.hotelcristinacorona.it\/de\/wp-json\/wp\/v2\/media?parent=1390"}],"curies":[{"name":"wp","href":"https:\/\/api.w.org\/{rel}","templated":true}]}}