{"id":1394,"date":"2020-02-10T11:19:01","date_gmt":"2020-02-10T10:19:01","guid":{"rendered":"https:\/\/www.hotelcristinacorona.it\/urbino\/"},"modified":"2020-02-10T11:27:24","modified_gmt":"2020-02-10T10:27:24","slug":"urbino","status":"publish","type":"page","link":"https:\/\/www.hotelcristinacorona.it\/de\/urbino\/","title":{"rendered":"Urbino"},"content":{"rendered":"<p>Das in 485 m \u00fc.d.M. gelegene Urbino hat sich im Laufe der Jahrhunderte sein Wesen als <strong>Kunst- und Kulturzentrum<\/strong> zu bewahren gewusst.<\/p>\n<p>Das Herz der Renaissance ist der <strong>Herzogliche Palast<\/strong>, der im Auftrag von Federico da Montefeltro erbaut wurde. Wahrzeichen der Stadt und heute Sitz der Galleria Nazionale delle Marche, in der zahlreiche Meisterwerke verwahrt werden, so auch die Gem\u00e4lde von Raffaels, Piero Della Francesca und Tizian.<\/p>\n<p>Weitere Sehensw\u00fcrdigkeiten sind: das <strong>Haus Raffaels<\/strong>, in dem der ber\u00fchmte K\u00fcnstler zur Welt gekommen ist und in dem man ein Fresko aus seinen jungen Jahren, die R\u00e4umlichkeiten und das Mobiliar aus dem 15. Jahrhundert bewundern kann; <strong>der Dom<\/strong> im klassizistischen Stil; der <strong>Palazzo dell&#8217;Universit\u00e0<\/strong>; die Kirchen San Domenico, San Francesco und San Sergio.<\/p>\n","protected":false},"excerpt":{"rendered":"<p>Das in 485 m \u00fc.d.M. gelegene Urbino hat sich im Laufe der Jahrhunderte sein Wesen als Kunst- und Kulturzentrum zu bewahren gewusst. Das Herz der Renaissance ist der Herzogliche Palast, der im Auftrag von Federico [&#8230;]<\/p>\n<p><a class=\"btn btn-primary read-more-link\" href=\"https:\/\/www.hotelcristinacorona.it\/de\/urbino\/\">Leggi tutto<\/a><\/p>\n","protected":false},"author":2,"featured_media":0,"parent":0,"menu_order":74,"comment_status":"closed","ping_status":"closed","template":"","meta":{"_acf_changed":false},"class_list":["post-1394","page","type-page","status-publish","hentry","buon_motivo-cattolica-de","buon_motivo-hinterland","buon_motivo-heimische-produkte"],"acf":[],"yoast_head":"<!-- This site is optimized with the Yoast SEO plugin v23.9 - https:\/\/yoast.com\/wordpress\/plugins\/seo\/ -->\n<title>Besuchen Sie Urbino und Umgebung - Hotel Cristina Corona Cattolica<\/title>\n<meta name=\"description\" content=\"Entdecken Sie w\u00e4hrend Ihres Urlaubs in Cattolica das Hinterland der Romagna und der Marken. Eine Stadt, die es verdient gesehen zu werden, ist sicherlich Urbino, ein Ort der Geschichte, Kunst und Kultur.\" \/>\n<meta name=\"robots\" content=\"index, follow, max-snippet:-1, max-image-preview:large, max-video-preview:-1\" \/>\n<link rel=\"canonical\" href=\"https:\/\/www.hotelcristinacorona.it\/de\/urbino\/\" \/>\n<meta property=\"og:locale\" content=\"de_DE\" \/>\n<meta property=\"og:type\" content=\"article\" \/>\n<meta property=\"og:title\" content=\"Besuchen Sie Urbino und Umgebung - Hotel Cristina Corona Cattolica\" \/>\n<meta property=\"og:description\" content=\"Entdecken Sie w\u00e4hrend Ihres Urlaubs in Cattolica das Hinterland der Romagna und der Marken. Eine Stadt, die es verdient gesehen zu werden, ist sicherlich Urbino, ein Ort der Geschichte, Kunst und Kultur.\" \/>\n<meta property=\"og:url\" content=\"https:\/\/www.hotelcristinacorona.it\/de\/urbino\/\" \/>\n<meta property=\"og:site_name\" content=\"Hotel Cristina Corona Cattolica\" \/>\n<meta property=\"article:modified_time\" content=\"2020-02-10T10:27:24+00:00\" \/>\n<meta name=\"twitter:card\" content=\"summary_large_image\" \/>\n<meta name=\"twitter:label1\" content=\"Gesch\u00e4tzte Lesezeit\" \/>\n\t<meta name=\"twitter:data1\" content=\"1\u00a0Minute\" \/>\n<script type=\"application\/ld+json\" class=\"yoast-schema-graph\">{\"@context\":\"https:\/\/schema.org\",\"@graph\":[{\"@type\":\"WebPage\",\"@id\":\"https:\/\/www.hotelcristinacorona.it\/de\/urbino\/\",\"url\":\"https:\/\/www.hotelcristinacorona.it\/de\/urbino\/\",\"name\":\"Besuchen Sie Urbino und Umgebung - Hotel Cristina Corona Cattolica\",\"isPartOf\":{\"@id\":\"https:\/\/www.hotelcristinacorona.it\/#website\"},\"datePublished\":\"2020-02-10T10:19:01+00:00\",\"dateModified\":\"2020-02-10T10:27:24+00:00\",\"description\":\"Entdecken Sie w\u00e4hrend Ihres Urlaubs in Cattolica das Hinterland der Romagna und der Marken. Eine Stadt, die es verdient gesehen zu werden, ist sicherlich Urbino, ein Ort der Geschichte, Kunst und Kultur.\",\"breadcrumb\":{\"@id\":\"https:\/\/www.hotelcristinacorona.it\/de\/urbino\/#breadcrumb\"},\"inLanguage\":\"de\",\"potentialAction\":[{\"@type\":\"ReadAction\",\"target\":[\"https:\/\/www.hotelcristinacorona.it\/de\/urbino\/\"]}]},{\"@type\":\"BreadcrumbList\",\"@id\":\"https:\/\/www.hotelcristinacorona.it\/de\/urbino\/#breadcrumb\",\"itemListElement\":[{\"@type\":\"ListItem\",\"position\":1,\"name\":\"Home\",\"item\":\"https:\/\/www.hotelcristinacorona.it\/de\/\"},{\"@type\":\"ListItem\",\"position\":2,\"name\":\"Urbino\"}]},{\"@type\":\"WebSite\",\"@id\":\"https:\/\/www.hotelcristinacorona.it\/#website\",\"url\":\"https:\/\/www.hotelcristinacorona.it\/\",\"name\":\"Hotel Cristina Corona Cattolica\",\"description\":\"\",\"publisher\":{\"@id\":\"https:\/\/www.hotelcristinacorona.it\/#organization\"},\"potentialAction\":[{\"@type\":\"SearchAction\",\"target\":{\"@type\":\"EntryPoint\",\"urlTemplate\":\"https:\/\/www.hotelcristinacorona.it\/?s={search_term_string}\"},\"query-input\":{\"@type\":\"PropertyValueSpecification\",\"valueRequired\":true,\"valueName\":\"search_term_string\"}}],\"inLanguage\":\"de\"},{\"@type\":\"Organization\",\"@id\":\"https:\/\/www.hotelcristinacorona.it\/#organization\",\"name\":\"Hotel Cristina Corona Cattolica\",\"url\":\"https:\/\/www.hotelcristinacorona.it\/\",\"logo\":{\"@type\":\"ImageObject\",\"inLanguage\":\"de\",\"@id\":\"https:\/\/www.hotelcristinacorona.it\/#\/schema\/logo\/image\/\",\"url\":\"https:\/\/www.hotelcristinacorona.it\/wp-content\/uploads\/2019\/12\/logo.png\",\"contentUrl\":\"https:\/\/www.hotelcristinacorona.it\/wp-content\/uploads\/2019\/12\/logo.png\",\"width\":431,\"height\":105,\"caption\":\"Hotel Cristina Corona Cattolica\"},\"image\":{\"@id\":\"https:\/\/www.hotelcristinacorona.it\/#\/schema\/logo\/image\/\"}}]}<\/script>\n<!-- \/ Yoast SEO plugin. -->","yoast_head_json":{"title":"Besuchen Sie Urbino und Umgebung - Hotel Cristina Corona Cattolica","description":"Entdecken Sie w\u00e4hrend Ihres Urlaubs in Cattolica das Hinterland der Romagna und der Marken. Eine Stadt, die es verdient gesehen zu werden, ist sicherlich Urbino, ein Ort der Geschichte, Kunst und Kultur.","robots":{"index":"index","follow":"follow","max-snippet":"max-snippet:-1","max-image-preview":"max-image-preview:large","max-video-preview":"max-video-preview:-1"},"canonical":"https:\/\/www.hotelcristinacorona.it\/de\/urbino\/","og_locale":"de_DE","og_type":"article","og_title":"Besuchen Sie Urbino und Umgebung - Hotel Cristina Corona Cattolica","og_description":"Entdecken Sie w\u00e4hrend Ihres Urlaubs in Cattolica das Hinterland der Romagna und der Marken. Eine Stadt, die es verdient gesehen zu werden, ist sicherlich Urbino, ein Ort der Geschichte, Kunst und Kultur.","og_url":"https:\/\/www.hotelcristinacorona.it\/de\/urbino\/","og_site_name":"Hotel Cristina Corona Cattolica","article_modified_time":"2020-02-10T10:27:24+00:00","twitter_card":"summary_large_image","twitter_misc":{"Gesch\u00e4tzte Lesezeit":"1\u00a0Minute"},"schema":{"@context":"https:\/\/schema.org","@graph":[{"@type":"WebPage","@id":"https:\/\/www.hotelcristinacorona.it\/de\/urbino\/","url":"https:\/\/www.hotelcristinacorona.it\/de\/urbino\/","name":"Besuchen Sie Urbino und Umgebung - Hotel Cristina Corona Cattolica","isPartOf":{"@id":"https:\/\/www.hotelcristinacorona.it\/#website"},"datePublished":"2020-02-10T10:19:01+00:00","dateModified":"2020-02-10T10:27:24+00:00","description":"Entdecken Sie w\u00e4hrend Ihres Urlaubs in Cattolica das Hinterland der Romagna und der Marken. Eine Stadt, die es verdient gesehen zu werden, ist sicherlich Urbino, ein Ort der Geschichte, Kunst und Kultur.","breadcrumb":{"@id":"https:\/\/www.hotelcristinacorona.it\/de\/urbino\/#breadcrumb"},"inLanguage":"de","potentialAction":[{"@type":"ReadAction","target":["https:\/\/www.hotelcristinacorona.it\/de\/urbino\/"]}]},{"@type":"BreadcrumbList","@id":"https:\/\/www.hotelcristinacorona.it\/de\/urbino\/#breadcrumb","itemListElement":[{"@type":"ListItem","position":1,"name":"Home","item":"https:\/\/www.hotelcristinacorona.it\/de\/"},{"@type":"ListItem","position":2,"name":"Urbino"}]},{"@type":"WebSite","@id":"https:\/\/www.hotelcristinacorona.it\/#website","url":"https:\/\/www.hotelcristinacorona.it\/","name":"Hotel Cristina Corona Cattolica","description":"","publisher":{"@id":"https:\/\/www.hotelcristinacorona.it\/#organization"},"potentialAction":[{"@type":"SearchAction","target":{"@type":"EntryPoint","urlTemplate":"https:\/\/www.hotelcristinacorona.it\/?s={search_term_string}"},"query-input":{"@type":"PropertyValueSpecification","valueRequired":true,"valueName":"search_term_string"}}],"inLanguage":"de"},{"@type":"Organization","@id":"https:\/\/www.hotelcristinacorona.it\/#organization","name":"Hotel Cristina Corona Cattolica","url":"https:\/\/www.hotelcristinacorona.it\/","logo":{"@type":"ImageObject","inLanguage":"de","@id":"https:\/\/www.hotelcristinacorona.it\/#\/schema\/logo\/image\/","url":"https:\/\/www.hotelcristinacorona.it\/wp-content\/uploads\/2019\/12\/logo.png","contentUrl":"https:\/\/www.hotelcristinacorona.it\/wp-content\/uploads\/2019\/12\/logo.png","width":431,"height":105,"caption":"Hotel Cristina Corona Cattolica"},"image":{"@id":"https:\/\/www.hotelcristinacorona.it\/#\/schema\/logo\/image\/"}}]}},"_links":{"self":[{"href":"https:\/\/www.hotelcristinacorona.it\/de\/wp-json\/wp\/v2\/pages\/1394","targetHints":{"allow":["GET"]}}],"collection":[{"href":"https:\/\/www.hotelcristinacorona.it\/de\/wp-json\/wp\/v2\/pages"}],"about":[{"href":"https:\/\/www.hotelcristinacorona.it\/de\/wp-json\/wp\/v2\/types\/page"}],"author":[{"embeddable":true,"href":"https:\/\/www.hotelcristinacorona.it\/de\/wp-json\/wp\/v2\/users\/2"}],"replies":[{"embeddable":true,"href":"https:\/\/www.hotelcristinacorona.it\/de\/wp-json\/wp\/v2\/comments?post=1394"}],"version-history":[{"count":1,"href":"https:\/\/www.hotelcristinacorona.it\/de\/wp-json\/wp\/v2\/pages\/1394\/revisions"}],"predecessor-version":[{"id":1395,"href":"https:\/\/www.hotelcristinacorona.it\/de\/wp-json\/wp\/v2\/pages\/1394\/revisions\/1395"}],"wp:attachment":[{"href":"https:\/\/www.hotelcristinacorona.it\/de\/wp-json\/wp\/v2\/media?parent=1394"}],"curies":[{"name":"wp","href":"https:\/\/api.w.org\/{rel}","templated":true}]}}