{"id":1402,"date":"2020-02-10T12:46:22","date_gmt":"2020-02-10T11:46:22","guid":{"rendered":"https:\/\/www.hotelcristinacorona.it\/cookie-richtlinien\/"},"modified":"2020-02-10T12:46:22","modified_gmt":"2020-02-10T11:46:22","slug":"cookie-richtlinien","status":"publish","type":"page","link":"https:\/\/www.hotelcristinacorona.it\/de\/cookie-richtlinien\/","title":{"rendered":"Cookie-Richtlinien"},"content":{"rendered":"<p><strong>Cookie-Richtlinien von hotelcristinacorona.it<\/strong><\/p>\n<p>Cookies bestehen aus Teilen von Codes, die im Browser installiert werden und dem Anbieter dabei helfen, die den erkl\u00e4rten Zwecken entsprechenden Dienste zur Verf\u00fcgung zu stellen. Einige der Zwecke, f\u00fcr die Cookies installiert werden, k\u00f6nnen auch die Einwilligung des Nutzers erfordern.<\/p>\n<p>Sofern die Installation von Cookies auf einer Einwilligung beruht, kann diese jederzeit nach den Anweisungen in diesem Dokument widerrufen werden.<\/p>\n<p><strong>Technische Cookies und Cookies, die aggregierten statistischen Zwecken dienen<\/strong><\/p>\n<ul>\n<li><strong>F\u00fcr die Funktionalit\u00e4t des Dienstes essenzielle Aktivit\u00e4ten<\/strong><\/li>\n<\/ul>\n<p>Diese Website benutzt Cookies, um Nutzer-Sessions zu speichern und um andere f\u00fcr den Betrieb essenzielle Aktivit\u00e4ten f\u00fcr diese Website durchzuf\u00fchren, zum Beispiel im Zusammenhang mit der Verteilung des Datenverkehrs.<\/p>\n<ul>\n<li><strong>Die Speicherung von Einstellungen, Optimierung und Statistiken betreffende Aktivit\u00e4ten<\/strong><\/li>\n<\/ul>\n<p>Diese Website verwendet Cookies, um Browser-Einstellungen zu speichern und um das Surf-Erlebnis des Nutzers zu optimieren. Zu diesen Cookies z\u00e4hlen beispielsweise jene, mit denen die Sprache und die W\u00e4hrung eingestellt werden oder solche f\u00fcr die Verwaltung von Erstanbieterstatistiken, die direkt vom Anbieter der Seite betrieben werden.<\/p>\n<p><strong>Andere Arten von Cookies oder Dritte, die Cookies installieren<\/strong><\/p>\n<p>Einige der unten aufgelisteten Dienste verwalten Statistiken in aggregierter und anonymisierter Form und erfordern nicht unbedingt die Einwilligung des Nutzers oder k\u00f6nnen direkt vom Anbieter &#8211; abh\u00e4ngig von ihrer Beschreibung &#8211; ohne Hilfe von Drittanbietern betrieben werden.<\/p>\n<p>Sollten von Drittanbietern geleistete Dienste bei den unten stehenden Tools erscheinen, k\u00f6nnen diese dazu verwendet werden, um die Surfgewohnheiten des Nutzers nachzuvollziehen &#8211; zus\u00e4tzlich zu den hierin spezifizierten Informationen und ohne Wissen des Anbieters. F\u00fcr genauere Informationen ziehen Sie bitte die Datenschutzerkl\u00e4rungen der aufgelisteten Dienste zurate.<\/p>\n<ul>\n<li><strong>Analytik<\/strong><\/li>\n<\/ul>\n<p>Mit den in diesem Abschnitt aufgef\u00fchrten Dienstleistungen kann der Anbieter den Datenverkehr \u00fcberwachen und analysieren sowie das Verhalten von Nutzern nachverfolgen.<\/p>\n<p><strong>Google Analytics mit IP-Anonymisierung (Google LLC)<\/strong><\/p>\n<p>Google Analytics ist ein Webanalysedienst von Google LLC (\u201eGoogle\u201c). Google verwendet die erhobenen Daten, um nachzuverfolgen und zu untersuchen, wie diese Website genutzt wird, Berichte \u00fcber ihre Aktivit\u00e4ten zu verfassen und diese gemeinsam mit anderen Google-Diensten zu nutzen.<br \/>\nGoogle kann die erhobenen Daten verwenden, um die Anzeigen seines eigenen Werbenetzwerks zu kontextualisieren und personalisieren.<br \/>\nAuf dieser Webseite wurde die IP-Anonymisierung aktiviert, so dass die IP-Adresse der Nutzer von Google innerhalb von Mitgliedstaaten der Europ\u00e4ischen Union oder in anderen Vertragsstaaten des Abkommens \u00fcber den Europ\u00e4ischen Wirtschaftsraum zuvor gek\u00fcrzt wird. Nur in Ausnahmef\u00e4llen wird die volle IP-Adresse an einen Server von Google in den USA \u00fcbertragen und dort gek\u00fcrzt.<\/p>\n<p>Erhobene personenbezogene Daten: Cookie und Nutzungsdaten.<\/p>\n<p>Verarbeitungsort: Vereinigte Staaten \u2013\u00a0<a href=\"https:\/\/policies.google.com\/privacy\">Datenschutzerkl\u00e4rung<\/a>\u00a0\u2013\u00a0<a href=\"https:\/\/tools.google.com\/dlpage\/gaoptout?hl=de\">Opt Out<\/a>. Privacy Shield-Mitglied.<\/p>\n<ul>\n<li><strong>Optimierung und Verbreitung des Datenverkehrs<\/strong><\/li>\n<\/ul>\n<p>Mit dieser Art von Diensten kann diese Website ihre Inhalte \u00fcber in verschiedenen L\u00e4ndern befindliche Server verbreiten und ihre Leistung optimieren.<br \/>\nWelche personenbezogenen Daten verarbeitet werden, h\u00e4ngt von den Eigenschaften und der Art der Ausf\u00fchrung der Dienste ab, deren Funktion das Filtern der \u00fcber diese Website und den Browser des Nutzers stattfindenden Kommunikation ist.<br \/>\nAngesichts der weiten Verbreitung dieses Systems ist es schwierig, die Orte zu bestimmen, an die Inhalte mit personenbezogenen Daten von Nutzern vermittelt werden.<\/p>\n<p><strong>Cloudflare (Cloudflare Inc.)<\/strong><\/p>\n<p>Cloudflare ist ein von Cloudflare Inc. bereitgestellter Dienst f\u00fcr die Optimierung und Verbreitung des Datenverkehrs.<br \/>\nDurch die Art und Weise, wie die Funktionen von Cloudflare integriert sind, filtert der Dienst den gesamten \u00fcber diese Website stattfindenden Datenverkehr, d. h. die \u00fcber diese Website und den Browser des Nutzers stattfindende Kommunikation, und erm\u00f6glicht zugleich das Sammeln analytischer Daten, die diese Website enth\u00e4lt.<\/p>\n<p>Erhobene personenbezogene Daten: Cookie und verschiedene Datenarten, wie in der Datenschutzerkl\u00e4rung des Dienstes beschrieben.<\/p>\n<p>Verarbeitungsort: Vereinigte Staaten \u2013\u00a0<a href=\"https:\/\/www.cloudflare.com\/privacypolicy\/\">Datenschutzerkl\u00e4rung<\/a>.<\/p>\n<p><strong>Wie kann ich die Einwilligung zur Installation von Cookies erteilen oder widerrufen?<\/strong><\/p>\n<p>Zus\u00e4tzlich zu dem, was in diesem Dokument beschrieben wird, kann der Nutzer Einstellungen f\u00fcr Cookies direkt in seinem eigenen Browser verwalten und somit Drittanbieter daran hindern, Cookies zu installieren. Durch die Browser-Einstellungen ist es auch m\u00f6glich, in der Vergangenheit installierte Cookies zu l\u00f6schen, darunter auch jene Cookies, die m\u00f6glicherweise die Einwilligung f\u00fcr die Installation von Cookies durch diese Website gespeichert haben.. Der Nutzer kann, zum Beispiel, Informationen \u00fcber die Verwaltung von Cookies in den meistgenutzten Browsern unter folgenden Adressen finden:\u00a0<a href=\"https:\/\/support.google.com\/chrome\/answer\/95647?hl=de&amp;p=cpn_cookies\">Google Chrome<\/a>,\u00a0<a href=\"https:\/\/support.mozilla.org\/de\/kb\/cookies-erlauben-und-ablehnen\">Mozilla Firefox<\/a>,\u00a0<a href=\"https:\/\/support.apple.com\/de-de\/guide\/safari\/manage-cookies-and-website-data-sfri11471\">Apple Safari<\/a>\u00a0und\u00a0<a href=\"http:\/\/windows.microsoft.com\/de-de\/windows-vista\/block-or-allow-cookies\">Microsoft Internet Explorer<\/a>.<\/p>\n<p>In Bezug auf von Dritten installierte Cookies k\u00f6nnen Nutzer ihre Pr\u00e4ferenzen und den Widerruf ihrer Einwilligung verwalten, indem sie auf den entsprechenden Opt-out-Link (falls vorhanden) klicken, die in der Datenschutzrichtlinie des Dritten vorgesehenen Mittel verwenden oder den Dritten kontaktieren.<\/p>\n<p>Ungeachtet der obigen Ausf\u00fchrungen, informiert der Anbieter, dass Nutzer den Instruktionen auf\u00a0<a href=\"http:\/\/www.youronlinechoices.eu\/\">EDAA<\/a>\u00a0(EU),\u00a0<a href=\"https:\/\/www.networkadvertising.org\/understanding-digital-advertising\">Network Advertising Initiative<\/a>\u00a0(US) und\u00a0<a href=\"https:\/\/www.aboutads.info\/consumers\/\">Digital Advertising Alliance<\/a>\u00a0(US),\u00a0<a href=\"https:\/\/youradchoices.ca\/understanding-online-advertising\/\">DAAC<\/a>\u00a0(Canada),\u00a0<a href=\"http:\/\/www.ddai.info\/optout\">DDAI<\/a>\u00a0(Japan) oder \u00e4hnlichen Diensten folgen und davon profitieren k\u00f6nnen. Solche Dienste erm\u00f6glichen es dem Nutzer, seine Tracking-Einstellungen f\u00fcr fast alle Werbe-Tools festzulegen. Der Anbieter empfiehlt Nutzern somit, zus\u00e4tzlich zu den in diesem Dokument bereitgestellten Informationen auch von diesem Mittel Gebrauch zu machen.<\/p>\n<p><strong>Anbieter und Verantwortlicher<\/strong><\/p>\n<p>Galli Elena &#8211; Hotel Cristina Corona di Galli &#8211; Spadoni e c. snc, Via Bologna, 45 &#8211; 47841 Cattolica (RN)<\/p>\n<p><strong>E-Mail-Adresse des Anbieters:<\/strong>\u00a0info@hotelcristinacorona.it<\/p>\n<p>Da diese Website Dienste von Drittanbietern nutzt, die die Installation von Cookies und anderer solcher Tracking-Systeme zur Folge hat, welche technisch nicht durch den Anbieter kontrolliert werden k\u00f6nnen, muss jeder spezifische Hinweis auf von Drittanbietern installierte Cookies und Tracking-Systeme als indikativ angesehen werden. Komplette Informationen sind den Datenschutzerkl\u00e4rungen der in diesem Dokument angegebenen jeweiligen Drittanbietern zu entnehmen.<\/p>\n<p>Angesichts der objektiven Komplexit\u00e4t, die mit der Identifikation von auf Cookies basierenden Technologien verbunden ist, werden Nutzer gebeten, sich mit dem Anbieter in Verbindung zu setzen, wenn sie weitere Informationen \u00fcber die Verwendung von Cookies durch diese Website erhalten m\u00f6chten.<\/p>\n<p><strong>Begriffsbestimmungen und rechtliche Hinweise<\/strong><\/p>\n<p><strong>Personenbezogene Daten (oder Daten)<\/strong><\/p>\n<p>Alle Informationen, durch die direkt oder in Verbindung mit weiteren Informationen die Identit\u00e4t einer nat\u00fcrlichen Person bestimmt wird oder werden kann.<\/p>\n<p><strong>Nutzungsdaten<\/strong><\/p>\n<p>Informationen, die diese Website (oder Dienste Dritter, die diese Website in Anspruch nimmt), automatisch erhebt, z. B.: die IP-Adressen oder Domain-Namen der Computer von Nutzern, die diese Website verwenden, die URI-Adressen (Uniform Resource Identifier), den Zeitpunkt der Anfrage, die Methode, die f\u00fcr die \u00dcbersendung der Anfrage an den Server verwendet wurde, die Gr\u00f6\u00dfe der empfangenen Antwort-Datei, der Zahlencode, der den Status der Server-Antwort anzeigt (erfolgreiches Ergebnis, Fehler etc.), das Herkunftsland, die Funktionen des vom Nutzer verwendeten Browsers und Betriebssystems, die diversen Zeitangaben pro Aufruf (z. B. wie viel Zeit auf jeder Seite der Anwendung verbracht wurde) und Angaben \u00fcber den Pfad, dem innerhalb einer Anwendung gefolgt wurde, insbesondere die Reihenfolge der besuchten Seiten, sowie sonstige Informationen \u00fcber das Betriebssystem des Ger\u00e4ts und\/oder die IT-Umgebung des Nutzers.<\/p>\n<p><strong>Nutzer<\/strong><\/p>\n<p>Die diese Website verwendende Person, die, soweit nicht anders bestimmt, mit dem Betroffenen \u00fcbereinstimmt.<\/p>\n<p><strong>Betroffener<\/strong><\/p>\n<p>Die nat\u00fcrliche Person, auf die sich die personenbezogenen Daten beziehen.<\/p>\n<p><strong>Auftragsverarbeiter (oder Datenverarbeiter)<\/strong><\/p>\n<p>Nat\u00fcrliche oder juristische Person, Beh\u00f6rde, Einrichtung oder andere Stelle, die personenbezogene Daten im Auftrag des Verantwortlichen verarbeitet, wie in dieser Datenschutzerkl\u00e4rung beschrieben.<\/p>\n<p><strong>Verantwortlicher (oder Anbieter, teilweise auch Eigent\u00fcmer)<\/strong><\/p>\n<p>Die nat\u00fcrliche oder juristische Person, Beh\u00f6rde, Einrichtung oder andere Stelle, die allein oder gemeinsam mit anderen \u00fcber die Zwecke und Mittel der Verarbeitung personenbezogener Daten sowie die hierf\u00fcr verwendeten Mittel entscheidet, einschlie\u00dflich der Sicherheitsma\u00dfnahmen bez\u00fcglich des sich auf diese Website beziehenden Betriebs und der Nutzung. Soweit nichts anderes angegeben ist, ist der Verantwortliche die nat\u00fcrliche oder juristische Person, \u00fcber welche diese Website angeboten wird.<\/p>\n<p><strong>Diese Website (oder diese Anwendung)<\/strong><\/p>\n<p>Das Hardware- oder Software-Tool, mit dem die personenbezogenen Daten des Nutzers erhoben und verarbeitet werden.<\/p>\n<p><strong>Dienst<\/strong><\/p>\n<p>Der durch diese Website angebotene Dienst, wie in den entsprechenden Nutzungsbedingungen (falls vorhanden) und auf dieser Seite\/Anwendung beschrieben.<\/p>\n<p><strong>Europ\u00e4ische Union (oder EU)<\/strong><\/p>\n<p>Sofern nicht anders angegeben, beziehen sich alle Verweise in diesem Dokument auf die Europ\u00e4ische Union auf alle derzeitigen Mitgliedstaaten der Europ\u00e4ischen Union und den Europ\u00e4ischen Wirtschaftsraum (EWR).<\/p>\n<p><strong>Cookie<\/strong><\/p>\n<p>Kleine Datei, die von der Anwendung im Ger\u00e4t des Nutzers gespeichert wird.<\/p>\n<p><strong>Rechtlicher Hinweis<\/strong><\/p>\n<p>Diese Datenschutzerkl\u00e4rung wurde auf der Grundlage von Bestimmungen verschiedener Gesetzgebungen verfasst, einschlie\u00dflich Art. 13\/14 der Verordnung (EU) 2016\/679 (Datenschutz-Grundverordnung).<\/p>\n<p>Diese Datenschutzerkl\u00e4rung bezieht sich ausschlie\u00dflich auf diese Website, sofern in diesem Dokument nicht anders angegeben.<\/p>\n<p>Letzte Aktualisierung: 27 Mai 2019<\/p>\n","protected":false},"excerpt":{"rendered":"<p>Cookie-Richtlinien von hotelcristinacorona.it Cookies bestehen aus Teilen von Codes, die im Browser installiert werden und dem Anbieter dabei helfen, die den erkl\u00e4rten Zwecken entsprechenden Dienste zur Verf\u00fcgung zu stellen. Einige der Zwecke, f\u00fcr die Cookies [&#8230;]<\/p>\n<p><a class=\"btn btn-primary read-more-link\" href=\"https:\/\/www.hotelcristinacorona.it\/de\/cookie-richtlinien\/\">Leggi tutto<\/a><\/p>\n","protected":false},"author":1,"featured_media":0,"parent":0,"menu_order":135,"comment_status":"closed","ping_status":"closed","template":"","meta":{"_acf_changed":false},"class_list":["post-1402","page","type-page","status-publish","hentry"],"acf":[],"yoast_head":"<!-- This site is optimized with the Yoast SEO plugin v23.9 - https:\/\/yoast.com\/wordpress\/plugins\/seo\/ -->\n<title>Cookie-Richtlinien - Hotel Cristina Corona Cattolica<\/title>\n<meta name=\"robots\" content=\"index, follow, max-snippet:-1, max-image-preview:large, max-video-preview:-1\" \/>\n<link rel=\"canonical\" href=\"https:\/\/www.hotelcristinacorona.it\/de\/cookie-richtlinien\/\" \/>\n<meta property=\"og:locale\" content=\"de_DE\" \/>\n<meta property=\"og:type\" content=\"article\" \/>\n<meta property=\"og:title\" content=\"Cookie-Richtlinien - Hotel Cristina Corona Cattolica\" \/>\n<meta property=\"og:description\" content=\"Cookie-Richtlinien von hotelcristinacorona.it Cookies bestehen aus Teilen von Codes, die im Browser installiert werden und dem Anbieter dabei helfen, die den erkl\u00e4rten Zwecken entsprechenden Dienste zur Verf\u00fcgung zu stellen. Einige der Zwecke, f\u00fcr die Cookies [...]Leggi tutto\" \/>\n<meta property=\"og:url\" content=\"https:\/\/www.hotelcristinacorona.it\/de\/cookie-richtlinien\/\" \/>\n<meta property=\"og:site_name\" content=\"Hotel Cristina Corona Cattolica\" \/>\n<meta name=\"twitter:card\" content=\"summary_large_image\" \/>\n<meta name=\"twitter:label1\" content=\"Gesch\u00e4tzte Lesezeit\" \/>\n\t<meta name=\"twitter:data1\" content=\"7\u00a0Minuten\" \/>\n<script type=\"application\/ld+json\" class=\"yoast-schema-graph\">{\"@context\":\"https:\/\/schema.org\",\"@graph\":[{\"@type\":\"WebPage\",\"@id\":\"https:\/\/www.hotelcristinacorona.it\/de\/cookie-richtlinien\/\",\"url\":\"https:\/\/www.hotelcristinacorona.it\/de\/cookie-richtlinien\/\",\"name\":\"Cookie-Richtlinien - Hotel Cristina Corona Cattolica\",\"isPartOf\":{\"@id\":\"https:\/\/www.hotelcristinacorona.it\/#website\"},\"datePublished\":\"2020-02-10T11:46:22+00:00\",\"dateModified\":\"2020-02-10T11:46:22+00:00\",\"breadcrumb\":{\"@id\":\"https:\/\/www.hotelcristinacorona.it\/de\/cookie-richtlinien\/#breadcrumb\"},\"inLanguage\":\"de\",\"potentialAction\":[{\"@type\":\"ReadAction\",\"target\":[\"https:\/\/www.hotelcristinacorona.it\/de\/cookie-richtlinien\/\"]}]},{\"@type\":\"BreadcrumbList\",\"@id\":\"https:\/\/www.hotelcristinacorona.it\/de\/cookie-richtlinien\/#breadcrumb\",\"itemListElement\":[{\"@type\":\"ListItem\",\"position\":1,\"name\":\"Home\",\"item\":\"https:\/\/www.hotelcristinacorona.it\/de\/\"},{\"@type\":\"ListItem\",\"position\":2,\"name\":\"Cookie-Richtlinien\"}]},{\"@type\":\"WebSite\",\"@id\":\"https:\/\/www.hotelcristinacorona.it\/#website\",\"url\":\"https:\/\/www.hotelcristinacorona.it\/\",\"name\":\"Hotel Cristina Corona Cattolica\",\"description\":\"\",\"publisher\":{\"@id\":\"https:\/\/www.hotelcristinacorona.it\/#organization\"},\"potentialAction\":[{\"@type\":\"SearchAction\",\"target\":{\"@type\":\"EntryPoint\",\"urlTemplate\":\"https:\/\/www.hotelcristinacorona.it\/?s={search_term_string}\"},\"query-input\":{\"@type\":\"PropertyValueSpecification\",\"valueRequired\":true,\"valueName\":\"search_term_string\"}}],\"inLanguage\":\"de\"},{\"@type\":\"Organization\",\"@id\":\"https:\/\/www.hotelcristinacorona.it\/#organization\",\"name\":\"Hotel Cristina Corona Cattolica\",\"url\":\"https:\/\/www.hotelcristinacorona.it\/\",\"logo\":{\"@type\":\"ImageObject\",\"inLanguage\":\"de\",\"@id\":\"https:\/\/www.hotelcristinacorona.it\/#\/schema\/logo\/image\/\",\"url\":\"https:\/\/www.hotelcristinacorona.it\/wp-content\/uploads\/2019\/12\/logo.png\",\"contentUrl\":\"https:\/\/www.hotelcristinacorona.it\/wp-content\/uploads\/2019\/12\/logo.png\",\"width\":431,\"height\":105,\"caption\":\"Hotel Cristina Corona Cattolica\"},\"image\":{\"@id\":\"https:\/\/www.hotelcristinacorona.it\/#\/schema\/logo\/image\/\"}}]}<\/script>\n<!-- \/ Yoast SEO plugin. -->","yoast_head_json":{"title":"Cookie-Richtlinien - Hotel Cristina Corona Cattolica","robots":{"index":"index","follow":"follow","max-snippet":"max-snippet:-1","max-image-preview":"max-image-preview:large","max-video-preview":"max-video-preview:-1"},"canonical":"https:\/\/www.hotelcristinacorona.it\/de\/cookie-richtlinien\/","og_locale":"de_DE","og_type":"article","og_title":"Cookie-Richtlinien - Hotel Cristina Corona Cattolica","og_description":"Cookie-Richtlinien von hotelcristinacorona.it Cookies bestehen aus Teilen von Codes, die im Browser installiert werden und dem Anbieter dabei helfen, die den erkl\u00e4rten Zwecken entsprechenden Dienste zur Verf\u00fcgung zu stellen. Einige der Zwecke, f\u00fcr die Cookies [...]Leggi tutto","og_url":"https:\/\/www.hotelcristinacorona.it\/de\/cookie-richtlinien\/","og_site_name":"Hotel Cristina Corona Cattolica","twitter_card":"summary_large_image","twitter_misc":{"Gesch\u00e4tzte Lesezeit":"7\u00a0Minuten"},"schema":{"@context":"https:\/\/schema.org","@graph":[{"@type":"WebPage","@id":"https:\/\/www.hotelcristinacorona.it\/de\/cookie-richtlinien\/","url":"https:\/\/www.hotelcristinacorona.it\/de\/cookie-richtlinien\/","name":"Cookie-Richtlinien - Hotel Cristina Corona Cattolica","isPartOf":{"@id":"https:\/\/www.hotelcristinacorona.it\/#website"},"datePublished":"2020-02-10T11:46:22+00:00","dateModified":"2020-02-10T11:46:22+00:00","breadcrumb":{"@id":"https:\/\/www.hotelcristinacorona.it\/de\/cookie-richtlinien\/#breadcrumb"},"inLanguage":"de","potentialAction":[{"@type":"ReadAction","target":["https:\/\/www.hotelcristinacorona.it\/de\/cookie-richtlinien\/"]}]},{"@type":"BreadcrumbList","@id":"https:\/\/www.hotelcristinacorona.it\/de\/cookie-richtlinien\/#breadcrumb","itemListElement":[{"@type":"ListItem","position":1,"name":"Home","item":"https:\/\/www.hotelcristinacorona.it\/de\/"},{"@type":"ListItem","position":2,"name":"Cookie-Richtlinien"}]},{"@type":"WebSite","@id":"https:\/\/www.hotelcristinacorona.it\/#website","url":"https:\/\/www.hotelcristinacorona.it\/","name":"Hotel Cristina Corona Cattolica","description":"","publisher":{"@id":"https:\/\/www.hotelcristinacorona.it\/#organization"},"potentialAction":[{"@type":"SearchAction","target":{"@type":"EntryPoint","urlTemplate":"https:\/\/www.hotelcristinacorona.it\/?s={search_term_string}"},"query-input":{"@type":"PropertyValueSpecification","valueRequired":true,"valueName":"search_term_string"}}],"inLanguage":"de"},{"@type":"Organization","@id":"https:\/\/www.hotelcristinacorona.it\/#organization","name":"Hotel Cristina Corona Cattolica","url":"https:\/\/www.hotelcristinacorona.it\/","logo":{"@type":"ImageObject","inLanguage":"de","@id":"https:\/\/www.hotelcristinacorona.it\/#\/schema\/logo\/image\/","url":"https:\/\/www.hotelcristinacorona.it\/wp-content\/uploads\/2019\/12\/logo.png","contentUrl":"https:\/\/www.hotelcristinacorona.it\/wp-content\/uploads\/2019\/12\/logo.png","width":431,"height":105,"caption":"Hotel Cristina Corona Cattolica"},"image":{"@id":"https:\/\/www.hotelcristinacorona.it\/#\/schema\/logo\/image\/"}}]}},"_links":{"self":[{"href":"https:\/\/www.hotelcristinacorona.it\/de\/wp-json\/wp\/v2\/pages\/1402","targetHints":{"allow":["GET"]}}],"collection":[{"href":"https:\/\/www.hotelcristinacorona.it\/de\/wp-json\/wp\/v2\/pages"}],"about":[{"href":"https:\/\/www.hotelcristinacorona.it\/de\/wp-json\/wp\/v2\/types\/page"}],"author":[{"embeddable":true,"href":"https:\/\/www.hotelcristinacorona.it\/de\/wp-json\/wp\/v2\/users\/1"}],"replies":[{"embeddable":true,"href":"https:\/\/www.hotelcristinacorona.it\/de\/wp-json\/wp\/v2\/comments?post=1402"}],"version-history":[{"count":0,"href":"https:\/\/www.hotelcristinacorona.it\/de\/wp-json\/wp\/v2\/pages\/1402\/revisions"}],"wp:attachment":[{"href":"https:\/\/www.hotelcristinacorona.it\/de\/wp-json\/wp\/v2\/media?parent=1402"}],"curies":[{"name":"wp","href":"https:\/\/api.w.org\/{rel}","templated":true}]}}