{"id":1163,"date":"2020-01-27T16:23:46","date_gmt":"2020-01-27T15:23:46","guid":{"rendered":"https:\/\/www.hotelcristinacorona.it\/saveurs-de-la-mer\/"},"modified":"2023-01-13T17:31:33","modified_gmt":"2023-01-13T16:31:33","slug":"saveurs-de-la-mer","status":"publish","type":"page","link":"https:\/\/www.hotelcristinacorona.it\/fr\/","title":{"rendered":"Saveurs de la mer"},"content":{"rendered":"<p>Nous pourrions narrer que nous sommes <strong>\u00e0 30 m\u00e8tres de la mer<\/strong> et au c\u0153ur de la ville de Cattolica.<br \/>\nNous pourrions vous d\u00e9voiler que nos chambres sont parfaites pour un repos paisible et silencieux.<br \/>\nOu encore, nous pourrions dire que nous vous accueillons avec le sourire et que nous rendons vos vacances tr\u00e8s agr\u00e9ables.<\/p>\n<p>Mais ce serait bien trop facile.<\/p>\n<p>Nous pr\u00e9f\u00e9rons vous dire que pour nous<strong> les vacances signifie vivre une exp\u00e9rience m\u00e9morable<\/strong>, <span lang=\"fr\">comme quand Elena \u00e9tait <\/span><span lang=\"fr\">enfant<br \/>\nil revenait de la plage \u00e0 l&rsquo;h\u00f4tel pieds nus.<\/span><\/p>\n<p>Cela signifie d\u00e9couvrir le territoire, en conna\u00eetre l\u2019histoire et savourer le <strong>go\u00fbt des produits du terroir<\/strong>.<\/p>\n<p>Cela signifie partager, pour revenir chez soi un peu plus riche.<\/p>\n<p><strong>Bienvenue \u00e0 l\u2019H\u00f4tel Cristina Corona \u00e0 Cattolica.<\/strong><\/p>\n<p><em>Elena et Andrea<\/em><\/p>\n<p>&nbsp;<\/p>\n<h3 id=\"tw-target-text\" class=\"tw-data-text tw-text-large tw-ta\" dir=\"ltr\" data-placeholder=\"Traduzione\"><em><span class=\"Y2IQFc\" lang=\"fr\">\u00c0 partir du 27 mai, chez Cristina Corona, nous sommes pr\u00eats \u00e0 accueillir l&rsquo;\u00e9t\u00e9 !<\/span><\/em><\/h3>\n","protected":false},"excerpt":{"rendered":"<p>Nous pourrions narrer que nous sommes \u00e0 30 m\u00e8tres de la mer et au c\u0153ur de la ville de Cattolica. Nous pourrions vous d\u00e9voiler que nos chambres sont parfaites pour un repos paisible et silencieux. [&#8230;]<\/p>\n<p><a class=\"btn btn-primary read-more-link\" href=\"https:\/\/www.hotelcristinacorona.it\/fr\/\">Leggi tutto<\/a><\/p>\n","protected":false},"author":1,"featured_media":0,"parent":0,"menu_order":93,"comment_status":"closed","ping_status":"closed","template":"","meta":{"_acf_changed":false},"class_list":["post-1163","page","type-page","status-publish","hentry","buon_motivo-position","buon_motivo-produits-locaux","buon_motivo-chambres"],"acf":[],"yoast_head":"<!-- This site is optimized with the Yoast SEO plugin v23.9 - https:\/\/yoast.com\/wordpress\/plugins\/seo\/ -->\n<title>H\u00f4tel 3 \u00e9toiles \u00e0 Cattolica pr\u00e8s de la mer - Hotel Cristina Corona<\/title>\n<meta name=\"description\" content=\"Bienvenue \u00e0 l&#039;h\u00f4tel Cristina Corona! Nous sommes situ\u00e9s \u00e0 quelques minutes \u00e0 pied de la plage et du centre de Cattolica, dans un quartier calme et paisible. Pour nous, les vacances sont une exp\u00e9rience \u00e0 vivre et \u00e0 retenir et nous voulons que ce soit comme \u00e7a pour vous aussi.\" \/>\n<meta name=\"robots\" content=\"index, follow, max-snippet:-1, max-image-preview:large, max-video-preview:-1\" \/>\n<link rel=\"canonical\" href=\"https:\/\/www.hotelcristinacorona.it\/fr\/\" \/>\n<meta property=\"og:locale\" content=\"fr_FR\" \/>\n<meta property=\"og:type\" content=\"article\" \/>\n<meta property=\"og:title\" content=\"H\u00f4tel 3 \u00e9toiles \u00e0 Cattolica pr\u00e8s de la mer - Hotel Cristina Corona\" \/>\n<meta property=\"og:description\" content=\"Bienvenue \u00e0 l&#039;h\u00f4tel Cristina Corona! Nous sommes situ\u00e9s \u00e0 quelques minutes \u00e0 pied de la plage et du centre de Cattolica, dans un quartier calme et paisible. Pour nous, les vacances sont une exp\u00e9rience \u00e0 vivre et \u00e0 retenir et nous voulons que ce soit comme \u00e7a pour vous aussi.\" \/>\n<meta property=\"og:url\" content=\"https:\/\/www.hotelcristinacorona.it\/fr\/\" \/>\n<meta property=\"og:site_name\" content=\"Hotel Cristina Corona Cattolica\" \/>\n<meta property=\"article:modified_time\" content=\"2023-01-13T16:31:33+00:00\" \/>\n<meta name=\"twitter:card\" content=\"summary_large_image\" \/>\n<meta name=\"twitter:label1\" content=\"Dur\u00e9e de lecture estim\u00e9e\" \/>\n\t<meta name=\"twitter:data1\" content=\"1 minute\" \/>\n<script type=\"application\/ld+json\" class=\"yoast-schema-graph\">{\"@context\":\"https:\/\/schema.org\",\"@graph\":[{\"@type\":\"WebPage\",\"@id\":\"https:\/\/www.hotelcristinacorona.it\/fr\/\",\"url\":\"https:\/\/www.hotelcristinacorona.it\/fr\/\",\"name\":\"H\u00f4tel 3 \u00e9toiles \u00e0 Cattolica pr\u00e8s de la mer - Hotel Cristina Corona\",\"isPartOf\":{\"@id\":\"https:\/\/www.hotelcristinacorona.it\/#website\"},\"datePublished\":\"2020-01-27T15:23:46+00:00\",\"dateModified\":\"2023-01-13T16:31:33+00:00\",\"description\":\"Bienvenue \u00e0 l'h\u00f4tel Cristina Corona! Nous sommes situ\u00e9s \u00e0 quelques minutes \u00e0 pied de la plage et du centre de Cattolica, dans un quartier calme et paisible. Pour nous, les vacances sont une exp\u00e9rience \u00e0 vivre et \u00e0 retenir et nous voulons que ce soit comme \u00e7a pour vous aussi.\",\"breadcrumb\":{\"@id\":\"https:\/\/www.hotelcristinacorona.it\/fr\/#breadcrumb\"},\"inLanguage\":\"fr-FR\",\"potentialAction\":[{\"@type\":\"ReadAction\",\"target\":[\"https:\/\/www.hotelcristinacorona.it\/fr\/\"]}]},{\"@type\":\"BreadcrumbList\",\"@id\":\"https:\/\/www.hotelcristinacorona.it\/fr\/#breadcrumb\",\"itemListElement\":[{\"@type\":\"ListItem\",\"position\":1,\"name\":\"Home\",\"item\":\"https:\/\/www.hotelcristinacorona.it\/fr\/\"},{\"@type\":\"ListItem\",\"position\":2,\"name\":\"Saveurs de la mer\"}]},{\"@type\":\"WebSite\",\"@id\":\"https:\/\/www.hotelcristinacorona.it\/#website\",\"url\":\"https:\/\/www.hotelcristinacorona.it\/\",\"name\":\"Hotel Cristina Corona Cattolica\",\"description\":\"\",\"publisher\":{\"@id\":\"https:\/\/www.hotelcristinacorona.it\/#organization\"},\"potentialAction\":[{\"@type\":\"SearchAction\",\"target\":{\"@type\":\"EntryPoint\",\"urlTemplate\":\"https:\/\/www.hotelcristinacorona.it\/?s={search_term_string}\"},\"query-input\":{\"@type\":\"PropertyValueSpecification\",\"valueRequired\":true,\"valueName\":\"search_term_string\"}}],\"inLanguage\":\"fr-FR\"},{\"@type\":\"Organization\",\"@id\":\"https:\/\/www.hotelcristinacorona.it\/#organization\",\"name\":\"Hotel Cristina Corona Cattolica\",\"url\":\"https:\/\/www.hotelcristinacorona.it\/\",\"logo\":{\"@type\":\"ImageObject\",\"inLanguage\":\"fr-FR\",\"@id\":\"https:\/\/www.hotelcristinacorona.it\/#\/schema\/logo\/image\/\",\"url\":\"https:\/\/www.hotelcristinacorona.it\/wp-content\/uploads\/2019\/12\/logo.png\",\"contentUrl\":\"https:\/\/www.hotelcristinacorona.it\/wp-content\/uploads\/2019\/12\/logo.png\",\"width\":431,\"height\":105,\"caption\":\"Hotel Cristina Corona Cattolica\"},\"image\":{\"@id\":\"https:\/\/www.hotelcristinacorona.it\/#\/schema\/logo\/image\/\"}}]}<\/script>\n<!-- \/ Yoast SEO plugin. -->","yoast_head_json":{"title":"H\u00f4tel 3 \u00e9toiles \u00e0 Cattolica pr\u00e8s de la mer - Hotel Cristina Corona","description":"Bienvenue \u00e0 l'h\u00f4tel Cristina Corona! Nous sommes situ\u00e9s \u00e0 quelques minutes \u00e0 pied de la plage et du centre de Cattolica, dans un quartier calme et paisible. Pour nous, les vacances sont une exp\u00e9rience \u00e0 vivre et \u00e0 retenir et nous voulons que ce soit comme \u00e7a pour vous aussi.","robots":{"index":"index","follow":"follow","max-snippet":"max-snippet:-1","max-image-preview":"max-image-preview:large","max-video-preview":"max-video-preview:-1"},"canonical":"https:\/\/www.hotelcristinacorona.it\/fr\/","og_locale":"fr_FR","og_type":"article","og_title":"H\u00f4tel 3 \u00e9toiles \u00e0 Cattolica pr\u00e8s de la mer - Hotel Cristina Corona","og_description":"Bienvenue \u00e0 l'h\u00f4tel Cristina Corona! Nous sommes situ\u00e9s \u00e0 quelques minutes \u00e0 pied de la plage et du centre de Cattolica, dans un quartier calme et paisible. Pour nous, les vacances sont une exp\u00e9rience \u00e0 vivre et \u00e0 retenir et nous voulons que ce soit comme \u00e7a pour vous aussi.","og_url":"https:\/\/www.hotelcristinacorona.it\/fr\/","og_site_name":"Hotel Cristina Corona Cattolica","article_modified_time":"2023-01-13T16:31:33+00:00","twitter_card":"summary_large_image","twitter_misc":{"Dur\u00e9e de lecture estim\u00e9e":"1 minute"},"schema":{"@context":"https:\/\/schema.org","@graph":[{"@type":"WebPage","@id":"https:\/\/www.hotelcristinacorona.it\/fr\/","url":"https:\/\/www.hotelcristinacorona.it\/fr\/","name":"H\u00f4tel 3 \u00e9toiles \u00e0 Cattolica pr\u00e8s de la mer - Hotel Cristina Corona","isPartOf":{"@id":"https:\/\/www.hotelcristinacorona.it\/#website"},"datePublished":"2020-01-27T15:23:46+00:00","dateModified":"2023-01-13T16:31:33+00:00","description":"Bienvenue \u00e0 l'h\u00f4tel Cristina Corona! Nous sommes situ\u00e9s \u00e0 quelques minutes \u00e0 pied de la plage et du centre de Cattolica, dans un quartier calme et paisible. Pour nous, les vacances sont une exp\u00e9rience \u00e0 vivre et \u00e0 retenir et nous voulons que ce soit comme \u00e7a pour vous aussi.","breadcrumb":{"@id":"https:\/\/www.hotelcristinacorona.it\/fr\/#breadcrumb"},"inLanguage":"fr-FR","potentialAction":[{"@type":"ReadAction","target":["https:\/\/www.hotelcristinacorona.it\/fr\/"]}]},{"@type":"BreadcrumbList","@id":"https:\/\/www.hotelcristinacorona.it\/fr\/#breadcrumb","itemListElement":[{"@type":"ListItem","position":1,"name":"Home","item":"https:\/\/www.hotelcristinacorona.it\/fr\/"},{"@type":"ListItem","position":2,"name":"Saveurs de la mer"}]},{"@type":"WebSite","@id":"https:\/\/www.hotelcristinacorona.it\/#website","url":"https:\/\/www.hotelcristinacorona.it\/","name":"Hotel Cristina Corona Cattolica","description":"","publisher":{"@id":"https:\/\/www.hotelcristinacorona.it\/#organization"},"potentialAction":[{"@type":"SearchAction","target":{"@type":"EntryPoint","urlTemplate":"https:\/\/www.hotelcristinacorona.it\/?s={search_term_string}"},"query-input":{"@type":"PropertyValueSpecification","valueRequired":true,"valueName":"search_term_string"}}],"inLanguage":"fr-FR"},{"@type":"Organization","@id":"https:\/\/www.hotelcristinacorona.it\/#organization","name":"Hotel Cristina Corona Cattolica","url":"https:\/\/www.hotelcristinacorona.it\/","logo":{"@type":"ImageObject","inLanguage":"fr-FR","@id":"https:\/\/www.hotelcristinacorona.it\/#\/schema\/logo\/image\/","url":"https:\/\/www.hotelcristinacorona.it\/wp-content\/uploads\/2019\/12\/logo.png","contentUrl":"https:\/\/www.hotelcristinacorona.it\/wp-content\/uploads\/2019\/12\/logo.png","width":431,"height":105,"caption":"Hotel Cristina Corona Cattolica"},"image":{"@id":"https:\/\/www.hotelcristinacorona.it\/#\/schema\/logo\/image\/"}}]}},"_links":{"self":[{"href":"https:\/\/www.hotelcristinacorona.it\/fr\/wp-json\/wp\/v2\/pages\/1163","targetHints":{"allow":["GET"]}}],"collection":[{"href":"https:\/\/www.hotelcristinacorona.it\/fr\/wp-json\/wp\/v2\/pages"}],"about":[{"href":"https:\/\/www.hotelcristinacorona.it\/fr\/wp-json\/wp\/v2\/types\/page"}],"author":[{"embeddable":true,"href":"https:\/\/www.hotelcristinacorona.it\/fr\/wp-json\/wp\/v2\/users\/1"}],"replies":[{"embeddable":true,"href":"https:\/\/www.hotelcristinacorona.it\/fr\/wp-json\/wp\/v2\/comments?post=1163"}],"version-history":[{"count":3,"href":"https:\/\/www.hotelcristinacorona.it\/fr\/wp-json\/wp\/v2\/pages\/1163\/revisions"}],"predecessor-version":[{"id":5010,"href":"https:\/\/www.hotelcristinacorona.it\/fr\/wp-json\/wp\/v2\/pages\/1163\/revisions\/5010"}],"wp:attachment":[{"href":"https:\/\/www.hotelcristinacorona.it\/fr\/wp-json\/wp\/v2\/media?parent=1163"}],"curies":[{"name":"wp","href":"https:\/\/api.w.org\/{rel}","templated":true}]}}