{"id":1167,"date":"2020-01-28T13:52:24","date_gmt":"2020-01-28T12:52:24","guid":{"rendered":"https:\/\/www.hotelcristinacorona.it\/dans-votre-chambre\/"},"modified":"2020-02-12T13:52:31","modified_gmt":"2020-02-12T12:52:31","slug":"dans-votre-chambre","status":"publish","type":"page","link":"https:\/\/www.hotelcristinacorona.it\/fr\/dans-votre-chambre\/","title":{"rendered":"Dans votre chambre"},"content":{"rendered":"<p>Nous tenons par-dessus tout \u00e0 ceci : que votre s\u00e9jour soit vraiment relaxant.<br \/>\nEt ici \u00e0 <strong>l\u2019H\u00f4tel Cristina Corona \u00e0 Cattolica<\/strong>, les chambres sont l\u2019endroit id\u00e9al o\u00f9 se d\u00e9tendre compl\u00e8tement \u00e0 tout moment de la journ\u00e9e.<\/p>\n<p>L\u2019ameublement et le d\u00e9cor sont clairs et tout a \u00e9t\u00e9 pens\u00e9 pour avoir une bonne harmonie afin de satisfaire les vacanciers \u00e0 la recherche des commodit\u00e9s pendant les<strong> vacances \u00e0 la mer<\/strong>, un <strong>weekend de loisirs<\/strong>, ou un \u00e9v\u00e9nement dans les parages.<\/p>\n<p>La commodit\u00e9 pour nous est synonyme de <strong>vacances reposantes et d\u00e9tendues<\/strong>.<\/p>\n<h3><strong>Qu\u2019est-ce qui les rend sp\u00e9ciales<\/strong><\/h3>\n<p>Des espaces harmonieux avec des \u00e9l\u00e9ments lin\u00e9aires de classe et modernes, des pi\u00e8ces lumineuses avec des lits confortables, un parfum qui \u00e9voque vos meilleures sensations et la temp\u00e9rature que vous pr\u00e9f\u00e9rez.<\/p>\n<p>Tout ce que nous d\u00e9sirons c\u2019est votre bien-\u00eatre.<\/p>\n","protected":false},"excerpt":{"rendered":"<p>Nous tenons par-dessus tout \u00e0 ceci : que votre s\u00e9jour soit vraiment relaxant. Et ici \u00e0 l\u2019H\u00f4tel Cristina Corona \u00e0 Cattolica, les chambres sont l\u2019endroit id\u00e9al o\u00f9 se d\u00e9tendre compl\u00e8tement \u00e0 tout moment de la [&#8230;]<\/p>\n<p><a class=\"btn btn-primary read-more-link\" href=\"https:\/\/www.hotelcristinacorona.it\/fr\/dans-votre-chambre\/\">Leggi tutto<\/a><\/p>\n","protected":false},"author":1,"featured_media":0,"parent":0,"menu_order":104,"comment_status":"closed","ping_status":"closed","template":"page-templates\/riepilogo-camere.php","meta":{"_acf_changed":false},"class_list":["post-1167","page","type-page","status-publish","hentry"],"acf":[],"yoast_head":"<!-- This site is optimized with the Yoast SEO plugin v23.9 - https:\/\/yoast.com\/wordpress\/plugins\/seo\/ -->\n<title>Chambres d&#039;h\u00f4tel dans le centre de Cattolica - Hotel Cristina Corona<\/title>\n<meta name=\"description\" content=\"Mobilier clair, espaces harmonieux con\u00e7us pour garder tout \u00e0 sa place et vous faire sentir comme chez vous. Ce sont les chambres de l&#039;h\u00f4tel Cristina Corona, pr\u00e8s du centre de Cattolica.\" \/>\n<meta name=\"robots\" content=\"index, follow, max-snippet:-1, max-image-preview:large, max-video-preview:-1\" \/>\n<link rel=\"canonical\" href=\"https:\/\/www.hotelcristinacorona.it\/fr\/dans-votre-chambre\/\" \/>\n<meta property=\"og:locale\" content=\"fr_FR\" \/>\n<meta property=\"og:type\" content=\"article\" \/>\n<meta property=\"og:title\" content=\"Chambres d&#039;h\u00f4tel dans le centre de Cattolica - Hotel Cristina Corona\" \/>\n<meta property=\"og:description\" content=\"Mobilier clair, espaces harmonieux con\u00e7us pour garder tout \u00e0 sa place et vous faire sentir comme chez vous. Ce sont les chambres de l&#039;h\u00f4tel Cristina Corona, pr\u00e8s du centre de Cattolica.\" \/>\n<meta property=\"og:url\" content=\"https:\/\/www.hotelcristinacorona.it\/fr\/dans-votre-chambre\/\" \/>\n<meta property=\"og:site_name\" content=\"Hotel Cristina Corona Cattolica\" \/>\n<meta property=\"article:modified_time\" content=\"2020-02-12T12:52:31+00:00\" \/>\n<meta name=\"twitter:card\" content=\"summary_large_image\" \/>\n<meta name=\"twitter:label1\" content=\"Dur\u00e9e de lecture estim\u00e9e\" \/>\n\t<meta name=\"twitter:data1\" content=\"1 minute\" \/>\n<script type=\"application\/ld+json\" class=\"yoast-schema-graph\">{\"@context\":\"https:\/\/schema.org\",\"@graph\":[{\"@type\":\"WebPage\",\"@id\":\"https:\/\/www.hotelcristinacorona.it\/fr\/dans-votre-chambre\/\",\"url\":\"https:\/\/www.hotelcristinacorona.it\/fr\/dans-votre-chambre\/\",\"name\":\"Chambres d'h\u00f4tel dans le centre de Cattolica - Hotel Cristina Corona\",\"isPartOf\":{\"@id\":\"https:\/\/www.hotelcristinacorona.it\/#website\"},\"datePublished\":\"2020-01-28T12:52:24+00:00\",\"dateModified\":\"2020-02-12T12:52:31+00:00\",\"description\":\"Mobilier clair, espaces harmonieux con\u00e7us pour garder tout \u00e0 sa place et vous faire sentir comme chez vous. Ce sont les chambres de l'h\u00f4tel Cristina Corona, pr\u00e8s du centre de Cattolica.\",\"breadcrumb\":{\"@id\":\"https:\/\/www.hotelcristinacorona.it\/fr\/dans-votre-chambre\/#breadcrumb\"},\"inLanguage\":\"fr-FR\",\"potentialAction\":[{\"@type\":\"ReadAction\",\"target\":[\"https:\/\/www.hotelcristinacorona.it\/fr\/dans-votre-chambre\/\"]}]},{\"@type\":\"BreadcrumbList\",\"@id\":\"https:\/\/www.hotelcristinacorona.it\/fr\/dans-votre-chambre\/#breadcrumb\",\"itemListElement\":[{\"@type\":\"ListItem\",\"position\":1,\"name\":\"Home\",\"item\":\"https:\/\/www.hotelcristinacorona.it\/fr\/\"},{\"@type\":\"ListItem\",\"position\":2,\"name\":\"Dans votre chambre\"}]},{\"@type\":\"WebSite\",\"@id\":\"https:\/\/www.hotelcristinacorona.it\/#website\",\"url\":\"https:\/\/www.hotelcristinacorona.it\/\",\"name\":\"Hotel Cristina Corona Cattolica\",\"description\":\"\",\"publisher\":{\"@id\":\"https:\/\/www.hotelcristinacorona.it\/#organization\"},\"potentialAction\":[{\"@type\":\"SearchAction\",\"target\":{\"@type\":\"EntryPoint\",\"urlTemplate\":\"https:\/\/www.hotelcristinacorona.it\/?s={search_term_string}\"},\"query-input\":{\"@type\":\"PropertyValueSpecification\",\"valueRequired\":true,\"valueName\":\"search_term_string\"}}],\"inLanguage\":\"fr-FR\"},{\"@type\":\"Organization\",\"@id\":\"https:\/\/www.hotelcristinacorona.it\/#organization\",\"name\":\"Hotel Cristina Corona Cattolica\",\"url\":\"https:\/\/www.hotelcristinacorona.it\/\",\"logo\":{\"@type\":\"ImageObject\",\"inLanguage\":\"fr-FR\",\"@id\":\"https:\/\/www.hotelcristinacorona.it\/#\/schema\/logo\/image\/\",\"url\":\"https:\/\/www.hotelcristinacorona.it\/wp-content\/uploads\/2019\/12\/logo.png\",\"contentUrl\":\"https:\/\/www.hotelcristinacorona.it\/wp-content\/uploads\/2019\/12\/logo.png\",\"width\":431,\"height\":105,\"caption\":\"Hotel Cristina Corona Cattolica\"},\"image\":{\"@id\":\"https:\/\/www.hotelcristinacorona.it\/#\/schema\/logo\/image\/\"}}]}<\/script>\n<!-- \/ Yoast SEO plugin. -->","yoast_head_json":{"title":"Chambres d'h\u00f4tel dans le centre de Cattolica - Hotel Cristina Corona","description":"Mobilier clair, espaces harmonieux con\u00e7us pour garder tout \u00e0 sa place et vous faire sentir comme chez vous. Ce sont les chambres de l'h\u00f4tel Cristina Corona, pr\u00e8s du centre de Cattolica.","robots":{"index":"index","follow":"follow","max-snippet":"max-snippet:-1","max-image-preview":"max-image-preview:large","max-video-preview":"max-video-preview:-1"},"canonical":"https:\/\/www.hotelcristinacorona.it\/fr\/dans-votre-chambre\/","og_locale":"fr_FR","og_type":"article","og_title":"Chambres d'h\u00f4tel dans le centre de Cattolica - Hotel Cristina Corona","og_description":"Mobilier clair, espaces harmonieux con\u00e7us pour garder tout \u00e0 sa place et vous faire sentir comme chez vous. Ce sont les chambres de l'h\u00f4tel Cristina Corona, pr\u00e8s du centre de Cattolica.","og_url":"https:\/\/www.hotelcristinacorona.it\/fr\/dans-votre-chambre\/","og_site_name":"Hotel Cristina Corona Cattolica","article_modified_time":"2020-02-12T12:52:31+00:00","twitter_card":"summary_large_image","twitter_misc":{"Dur\u00e9e de lecture estim\u00e9e":"1 minute"},"schema":{"@context":"https:\/\/schema.org","@graph":[{"@type":"WebPage","@id":"https:\/\/www.hotelcristinacorona.it\/fr\/dans-votre-chambre\/","url":"https:\/\/www.hotelcristinacorona.it\/fr\/dans-votre-chambre\/","name":"Chambres d'h\u00f4tel dans le centre de Cattolica - Hotel Cristina Corona","isPartOf":{"@id":"https:\/\/www.hotelcristinacorona.it\/#website"},"datePublished":"2020-01-28T12:52:24+00:00","dateModified":"2020-02-12T12:52:31+00:00","description":"Mobilier clair, espaces harmonieux con\u00e7us pour garder tout \u00e0 sa place et vous faire sentir comme chez vous. Ce sont les chambres de l'h\u00f4tel Cristina Corona, pr\u00e8s du centre de Cattolica.","breadcrumb":{"@id":"https:\/\/www.hotelcristinacorona.it\/fr\/dans-votre-chambre\/#breadcrumb"},"inLanguage":"fr-FR","potentialAction":[{"@type":"ReadAction","target":["https:\/\/www.hotelcristinacorona.it\/fr\/dans-votre-chambre\/"]}]},{"@type":"BreadcrumbList","@id":"https:\/\/www.hotelcristinacorona.it\/fr\/dans-votre-chambre\/#breadcrumb","itemListElement":[{"@type":"ListItem","position":1,"name":"Home","item":"https:\/\/www.hotelcristinacorona.it\/fr\/"},{"@type":"ListItem","position":2,"name":"Dans votre chambre"}]},{"@type":"WebSite","@id":"https:\/\/www.hotelcristinacorona.it\/#website","url":"https:\/\/www.hotelcristinacorona.it\/","name":"Hotel Cristina Corona Cattolica","description":"","publisher":{"@id":"https:\/\/www.hotelcristinacorona.it\/#organization"},"potentialAction":[{"@type":"SearchAction","target":{"@type":"EntryPoint","urlTemplate":"https:\/\/www.hotelcristinacorona.it\/?s={search_term_string}"},"query-input":{"@type":"PropertyValueSpecification","valueRequired":true,"valueName":"search_term_string"}}],"inLanguage":"fr-FR"},{"@type":"Organization","@id":"https:\/\/www.hotelcristinacorona.it\/#organization","name":"Hotel Cristina Corona Cattolica","url":"https:\/\/www.hotelcristinacorona.it\/","logo":{"@type":"ImageObject","inLanguage":"fr-FR","@id":"https:\/\/www.hotelcristinacorona.it\/#\/schema\/logo\/image\/","url":"https:\/\/www.hotelcristinacorona.it\/wp-content\/uploads\/2019\/12\/logo.png","contentUrl":"https:\/\/www.hotelcristinacorona.it\/wp-content\/uploads\/2019\/12\/logo.png","width":431,"height":105,"caption":"Hotel Cristina Corona Cattolica"},"image":{"@id":"https:\/\/www.hotelcristinacorona.it\/#\/schema\/logo\/image\/"}}]}},"_links":{"self":[{"href":"https:\/\/www.hotelcristinacorona.it\/fr\/wp-json\/wp\/v2\/pages\/1167","targetHints":{"allow":["GET"]}}],"collection":[{"href":"https:\/\/www.hotelcristinacorona.it\/fr\/wp-json\/wp\/v2\/pages"}],"about":[{"href":"https:\/\/www.hotelcristinacorona.it\/fr\/wp-json\/wp\/v2\/types\/page"}],"author":[{"embeddable":true,"href":"https:\/\/www.hotelcristinacorona.it\/fr\/wp-json\/wp\/v2\/users\/1"}],"replies":[{"embeddable":true,"href":"https:\/\/www.hotelcristinacorona.it\/fr\/wp-json\/wp\/v2\/comments?post=1167"}],"version-history":[{"count":1,"href":"https:\/\/www.hotelcristinacorona.it\/fr\/wp-json\/wp\/v2\/pages\/1167\/revisions"}],"predecessor-version":[{"id":1168,"href":"https:\/\/www.hotelcristinacorona.it\/fr\/wp-json\/wp\/v2\/pages\/1167\/revisions\/1168"}],"wp:attachment":[{"href":"https:\/\/www.hotelcristinacorona.it\/fr\/wp-json\/wp\/v2\/media?parent=1167"}],"curies":[{"name":"wp","href":"https:\/\/api.w.org\/{rel}","templated":true}]}}