{"id":1169,"date":"2020-01-28T14:12:41","date_gmt":"2020-01-28T13:12:41","guid":{"rendered":"https:\/\/www.hotelcristinacorona.it\/la-cuisine\/"},"modified":"2023-01-24T16:47:36","modified_gmt":"2023-01-24T15:47:36","slug":"la-cuisine","status":"publish","type":"page","link":"https:\/\/www.hotelcristinacorona.it\/fr\/la-cuisine\/","title":{"rendered":"La cuisine"},"content":{"rendered":"<p>Se sentir bien en vacances signifie vivre le moment des repas comme une d\u00e9couverte.<br \/>\nPour nous de l\u2019H\u00f4tel Cristina Corona \u00e0 Cattolica, le mot \u00ab cuisine \u00bb doit toujours accompagner la \u00ab tradition \u00bb et le \u00ab territoire \u00bb.<\/p>\n<p>Notre <strong>cuisine traditionnelle propose des plats locaux<\/strong>, pour bien manger et avec go\u00fbt. Mais nous d\u00e9sirons aussi que ce soit la <strong>d\u00e9couverte de nouvelles saveurs,<\/strong> de sp\u00e9cialit\u00e9s locales, selon les recettes qui ont \u00e9t\u00e9 transmises de g\u00e9n\u00e9ration en g\u00e9n\u00e9ration, comme quelque chose de sacr\u00e9.<\/p>\n<p>Nous sommes romagnols et nous apportons sur les tables les d\u00e9lices de notre Romagne, selon les <strong>recettes de nos a\u00efeules<\/strong> et en allant \u00e0 la recherche des <strong>petits producteurs locaux<\/strong> qui prennent grand soin des mati\u00e8res premi\u00e8res. Nous voulons vous les faire conna\u00eetre et c\u2019est pour cela que nous les invitons toutes les semaines aux <strong>d\u00e9gustations de produits typiques romagnols<\/strong> que nous organisons \u00e0 l\u2019h\u00f4tel.<\/p>\n<p>Le kilom\u00e8tre z\u00e9ro n\u2019est pas seulement une mode mais c\u2019est un credo.<\/p>\n<p>Pr\u00e9parez-vous \u00e0 savourer les <strong>passatelli in brodo<\/strong>, la <strong>piadina farcie<\/strong>, les <strong>tagliatelles \u00e0 la sauce rag\u00f9<\/strong>, le brodetto de poisson, tout est rigoureusement \u00e0 base d\u2019ingr\u00e9dients frais que tous les jours Elena choisit avec le chef.<\/p>\n<p>Au repas de midi et du soir, il y a toujours un <strong>buffet de hors-d\u2019\u0153uvre et de l\u00e9gumes<\/strong> (\u00e0 km 0) tr\u00e8s vari\u00e9 et un menu au choix de d\u00e9licieux plats allant du poisson \u00e0 la viande.<br \/>\n<strong>Et chaque jeudi soir, typique repas romagnol!<\/strong><\/p>\n<p>&nbsp;<\/p>\n<p><a href=\"https:\/\/www.hotelcristinacorona.it\/fr\/le-petit-dejeuner\/\">Le petit d\u00e9jeuner &gt;&gt;<\/a><\/p>\n<p><a href=\"https:\/\/www.hotelcristinacorona.it\/fr\/les-degustations\/\">Les d\u00e9gustation &gt;&gt;<\/a><\/p>\n","protected":false},"excerpt":{"rendered":"<p>Se sentir bien en vacances signifie vivre le moment des repas comme une d\u00e9couverte. Pour nous de l\u2019H\u00f4tel Cristina Corona \u00e0 Cattolica, le mot \u00ab cuisine \u00bb doit toujours accompagner la \u00ab tradition \u00bb et [&#8230;]<\/p>\n<p><a class=\"btn btn-primary read-more-link\" href=\"https:\/\/www.hotelcristinacorona.it\/fr\/la-cuisine\/\">Leggi tutto<\/a><\/p>\n","protected":false},"author":1,"featured_media":0,"parent":0,"menu_order":72,"comment_status":"closed","ping_status":"closed","template":"","meta":{"_acf_changed":false},"class_list":["post-1169","page","type-page","status-publish","hentry","buon_motivo-arriere-pays","buon_motivo-services-fr","buon_motivo-position"],"acf":[],"yoast_head":"<!-- This site is optimized with the Yoast SEO plugin v23.9 - https:\/\/yoast.com\/wordpress\/plugins\/seo\/ -->\n<title>H\u00f4tel avec cuisine typique de la Romagne - Hotel Cristina Corona Cattolica<\/title>\n<meta name=\"description\" content=\"Laissez-vous conqu\u00e9rir par la saveur de la tradition romagnole: ici, chez Cristina Corona, nous aimons suivre les recettes de nos grands-m\u00e8res et vous faire d\u00e9couvrir les produits des entreprises locales pour bien manger et avec go\u00fbt.\" \/>\n<meta name=\"robots\" content=\"index, follow, max-snippet:-1, max-image-preview:large, max-video-preview:-1\" \/>\n<link rel=\"canonical\" href=\"https:\/\/www.hotelcristinacorona.it\/fr\/la-cuisine\/\" \/>\n<meta property=\"og:locale\" content=\"fr_FR\" \/>\n<meta property=\"og:type\" content=\"article\" \/>\n<meta property=\"og:title\" content=\"H\u00f4tel avec cuisine typique de la Romagne - Hotel Cristina Corona Cattolica\" \/>\n<meta property=\"og:description\" content=\"Laissez-vous conqu\u00e9rir par la saveur de la tradition romagnole: ici, chez Cristina Corona, nous aimons suivre les recettes de nos grands-m\u00e8res et vous faire d\u00e9couvrir les produits des entreprises locales pour bien manger et avec go\u00fbt.\" \/>\n<meta property=\"og:url\" content=\"https:\/\/www.hotelcristinacorona.it\/fr\/la-cuisine\/\" \/>\n<meta property=\"og:site_name\" content=\"Hotel Cristina Corona Cattolica\" \/>\n<meta property=\"article:modified_time\" content=\"2023-01-24T15:47:36+00:00\" \/>\n<meta name=\"twitter:card\" content=\"summary_large_image\" \/>\n<meta name=\"twitter:label1\" content=\"Dur\u00e9e de lecture estim\u00e9e\" \/>\n\t<meta name=\"twitter:data1\" content=\"1 minute\" \/>\n<script type=\"application\/ld+json\" class=\"yoast-schema-graph\">{\"@context\":\"https:\/\/schema.org\",\"@graph\":[{\"@type\":\"WebPage\",\"@id\":\"https:\/\/www.hotelcristinacorona.it\/fr\/la-cuisine\/\",\"url\":\"https:\/\/www.hotelcristinacorona.it\/fr\/la-cuisine\/\",\"name\":\"H\u00f4tel avec cuisine typique de la Romagne - Hotel Cristina Corona Cattolica\",\"isPartOf\":{\"@id\":\"https:\/\/www.hotelcristinacorona.it\/#website\"},\"datePublished\":\"2020-01-28T13:12:41+00:00\",\"dateModified\":\"2023-01-24T15:47:36+00:00\",\"description\":\"Laissez-vous conqu\u00e9rir par la saveur de la tradition romagnole: ici, chez Cristina Corona, nous aimons suivre les recettes de nos grands-m\u00e8res et vous faire d\u00e9couvrir les produits des entreprises locales pour bien manger et avec go\u00fbt.\",\"breadcrumb\":{\"@id\":\"https:\/\/www.hotelcristinacorona.it\/fr\/la-cuisine\/#breadcrumb\"},\"inLanguage\":\"fr-FR\",\"potentialAction\":[{\"@type\":\"ReadAction\",\"target\":[\"https:\/\/www.hotelcristinacorona.it\/fr\/la-cuisine\/\"]}]},{\"@type\":\"BreadcrumbList\",\"@id\":\"https:\/\/www.hotelcristinacorona.it\/fr\/la-cuisine\/#breadcrumb\",\"itemListElement\":[{\"@type\":\"ListItem\",\"position\":1,\"name\":\"Home\",\"item\":\"https:\/\/www.hotelcristinacorona.it\/fr\/\"},{\"@type\":\"ListItem\",\"position\":2,\"name\":\"La cuisine\"}]},{\"@type\":\"WebSite\",\"@id\":\"https:\/\/www.hotelcristinacorona.it\/#website\",\"url\":\"https:\/\/www.hotelcristinacorona.it\/\",\"name\":\"Hotel Cristina Corona Cattolica\",\"description\":\"\",\"publisher\":{\"@id\":\"https:\/\/www.hotelcristinacorona.it\/#organization\"},\"potentialAction\":[{\"@type\":\"SearchAction\",\"target\":{\"@type\":\"EntryPoint\",\"urlTemplate\":\"https:\/\/www.hotelcristinacorona.it\/?s={search_term_string}\"},\"query-input\":{\"@type\":\"PropertyValueSpecification\",\"valueRequired\":true,\"valueName\":\"search_term_string\"}}],\"inLanguage\":\"fr-FR\"},{\"@type\":\"Organization\",\"@id\":\"https:\/\/www.hotelcristinacorona.it\/#organization\",\"name\":\"Hotel Cristina Corona Cattolica\",\"url\":\"https:\/\/www.hotelcristinacorona.it\/\",\"logo\":{\"@type\":\"ImageObject\",\"inLanguage\":\"fr-FR\",\"@id\":\"https:\/\/www.hotelcristinacorona.it\/#\/schema\/logo\/image\/\",\"url\":\"https:\/\/www.hotelcristinacorona.it\/wp-content\/uploads\/2019\/12\/logo.png\",\"contentUrl\":\"https:\/\/www.hotelcristinacorona.it\/wp-content\/uploads\/2019\/12\/logo.png\",\"width\":431,\"height\":105,\"caption\":\"Hotel Cristina Corona Cattolica\"},\"image\":{\"@id\":\"https:\/\/www.hotelcristinacorona.it\/#\/schema\/logo\/image\/\"}}]}<\/script>\n<!-- \/ Yoast SEO plugin. -->","yoast_head_json":{"title":"H\u00f4tel avec cuisine typique de la Romagne - Hotel Cristina Corona Cattolica","description":"Laissez-vous conqu\u00e9rir par la saveur de la tradition romagnole: ici, chez Cristina Corona, nous aimons suivre les recettes de nos grands-m\u00e8res et vous faire d\u00e9couvrir les produits des entreprises locales pour bien manger et avec go\u00fbt.","robots":{"index":"index","follow":"follow","max-snippet":"max-snippet:-1","max-image-preview":"max-image-preview:large","max-video-preview":"max-video-preview:-1"},"canonical":"https:\/\/www.hotelcristinacorona.it\/fr\/la-cuisine\/","og_locale":"fr_FR","og_type":"article","og_title":"H\u00f4tel avec cuisine typique de la Romagne - Hotel Cristina Corona Cattolica","og_description":"Laissez-vous conqu\u00e9rir par la saveur de la tradition romagnole: ici, chez Cristina Corona, nous aimons suivre les recettes de nos grands-m\u00e8res et vous faire d\u00e9couvrir les produits des entreprises locales pour bien manger et avec go\u00fbt.","og_url":"https:\/\/www.hotelcristinacorona.it\/fr\/la-cuisine\/","og_site_name":"Hotel Cristina Corona Cattolica","article_modified_time":"2023-01-24T15:47:36+00:00","twitter_card":"summary_large_image","twitter_misc":{"Dur\u00e9e de lecture estim\u00e9e":"1 minute"},"schema":{"@context":"https:\/\/schema.org","@graph":[{"@type":"WebPage","@id":"https:\/\/www.hotelcristinacorona.it\/fr\/la-cuisine\/","url":"https:\/\/www.hotelcristinacorona.it\/fr\/la-cuisine\/","name":"H\u00f4tel avec cuisine typique de la Romagne - Hotel Cristina Corona Cattolica","isPartOf":{"@id":"https:\/\/www.hotelcristinacorona.it\/#website"},"datePublished":"2020-01-28T13:12:41+00:00","dateModified":"2023-01-24T15:47:36+00:00","description":"Laissez-vous conqu\u00e9rir par la saveur de la tradition romagnole: ici, chez Cristina Corona, nous aimons suivre les recettes de nos grands-m\u00e8res et vous faire d\u00e9couvrir les produits des entreprises locales pour bien manger et avec go\u00fbt.","breadcrumb":{"@id":"https:\/\/www.hotelcristinacorona.it\/fr\/la-cuisine\/#breadcrumb"},"inLanguage":"fr-FR","potentialAction":[{"@type":"ReadAction","target":["https:\/\/www.hotelcristinacorona.it\/fr\/la-cuisine\/"]}]},{"@type":"BreadcrumbList","@id":"https:\/\/www.hotelcristinacorona.it\/fr\/la-cuisine\/#breadcrumb","itemListElement":[{"@type":"ListItem","position":1,"name":"Home","item":"https:\/\/www.hotelcristinacorona.it\/fr\/"},{"@type":"ListItem","position":2,"name":"La cuisine"}]},{"@type":"WebSite","@id":"https:\/\/www.hotelcristinacorona.it\/#website","url":"https:\/\/www.hotelcristinacorona.it\/","name":"Hotel Cristina Corona Cattolica","description":"","publisher":{"@id":"https:\/\/www.hotelcristinacorona.it\/#organization"},"potentialAction":[{"@type":"SearchAction","target":{"@type":"EntryPoint","urlTemplate":"https:\/\/www.hotelcristinacorona.it\/?s={search_term_string}"},"query-input":{"@type":"PropertyValueSpecification","valueRequired":true,"valueName":"search_term_string"}}],"inLanguage":"fr-FR"},{"@type":"Organization","@id":"https:\/\/www.hotelcristinacorona.it\/#organization","name":"Hotel Cristina Corona Cattolica","url":"https:\/\/www.hotelcristinacorona.it\/","logo":{"@type":"ImageObject","inLanguage":"fr-FR","@id":"https:\/\/www.hotelcristinacorona.it\/#\/schema\/logo\/image\/","url":"https:\/\/www.hotelcristinacorona.it\/wp-content\/uploads\/2019\/12\/logo.png","contentUrl":"https:\/\/www.hotelcristinacorona.it\/wp-content\/uploads\/2019\/12\/logo.png","width":431,"height":105,"caption":"Hotel Cristina Corona Cattolica"},"image":{"@id":"https:\/\/www.hotelcristinacorona.it\/#\/schema\/logo\/image\/"}}]}},"_links":{"self":[{"href":"https:\/\/www.hotelcristinacorona.it\/fr\/wp-json\/wp\/v2\/pages\/1169","targetHints":{"allow":["GET"]}}],"collection":[{"href":"https:\/\/www.hotelcristinacorona.it\/fr\/wp-json\/wp\/v2\/pages"}],"about":[{"href":"https:\/\/www.hotelcristinacorona.it\/fr\/wp-json\/wp\/v2\/types\/page"}],"author":[{"embeddable":true,"href":"https:\/\/www.hotelcristinacorona.it\/fr\/wp-json\/wp\/v2\/users\/1"}],"replies":[{"embeddable":true,"href":"https:\/\/www.hotelcristinacorona.it\/fr\/wp-json\/wp\/v2\/comments?post=1169"}],"version-history":[{"count":2,"href":"https:\/\/www.hotelcristinacorona.it\/fr\/wp-json\/wp\/v2\/pages\/1169\/revisions"}],"predecessor-version":[{"id":5018,"href":"https:\/\/www.hotelcristinacorona.it\/fr\/wp-json\/wp\/v2\/pages\/1169\/revisions\/5018"}],"wp:attachment":[{"href":"https:\/\/www.hotelcristinacorona.it\/fr\/wp-json\/wp\/v2\/media?parent=1169"}],"curies":[{"name":"wp","href":"https:\/\/api.w.org\/{rel}","templated":true}]}}