{"id":1180,"date":"2020-01-28T15:45:20","date_gmt":"2020-01-28T14:45:20","guid":{"rendered":"https:\/\/www.hotelcristinacorona.it\/le-petit-dejeuner\/"},"modified":"2023-01-24T16:37:16","modified_gmt":"2023-01-24T15:37:16","slug":"le-petit-dejeuner","status":"publish","type":"page","link":"https:\/\/www.hotelcristinacorona.it\/fr\/le-petit-dejeuner\/","title":{"rendered":"Le petit d\u00e9jeuner"},"content":{"rendered":"<p>On dit qu\u2019une bonne journ\u00e9e commence le matin et \u00e0 l\u2019H\u00f4tel Cristina Corona \u00e0 Cattolica les paroles sont importantes.<\/p>\n<p>Pour nous, se sentir bien en vacances c\u2019est bien commencer <strong>la journ\u00e9e et c\u2019est pourquoi vous trouverez tous les matins un buffet tr\u00e8s parfum\u00e9.<\/strong><br \/>\nTous les produits sont le fruit d\u2019une stricte s\u00e9lection que nous avons faite au cours des ann\u00e9es.<\/p>\n<p>Apr\u00e8s avoir test\u00e9 la qualit\u00e9 et les diff\u00e9rentes provenances, <strong>nous avons choisi le meilleur pour nos clients.<\/strong><br \/>\nTous les matins vous attendent les <strong>g\u00e2teaux<\/strong>, les <strong>plum-cakes<\/strong>, les <strong>tartes \u00e0 la confiture et les gimblettes maison<\/strong>, pr\u00e9par\u00e9es par notre chef. Et les croissants (nous les avons aussi aux c\u00e9r\u00e9ales), au chocolat ou \u00e0 la <strong>confiture biologique<\/strong> des meilleures marques. Les <strong>cr\u00eapes chaudes<\/strong> vous vous les pr\u00e9parerez: \u00e0 c\u00f4t\u00e9 du buffet il y a la p\u00e2te \u00e0 verser (avec la louche) dans les moules ronds.<\/p>\n<p>Vous pr\u00e9f\u00e9rez quelque chose de frais? Pas de souci! <strong>Mac\u00e9doine de fruits et fruits \u00e0 km 0, yogourts et fromages provenant de soci\u00e9t\u00e9s locales<\/strong>, dans le proche arri\u00e8re-pays.<\/p>\n<p>Nous avons aussi pens\u00e9 \u00e0 vous qui ne pouvez vous passer du sal\u00e9! Nous servons des \u0153ufs, de la charcuterie et du fromage ricotta.<br \/>\nLes boissons sont \u00e0 votre choix: lait, caf\u00e9 expresso moulu \u00e0 la demande, cappuccino, th\u00e9, chocolat chaud et jus de fruit.<\/p>\n<p>Notre \u00abcoin PAIN\u00bb est tr\u00e8s fourni, toujours frais et vari\u00e9\u2026 Vous pouvez aussi le faire griller\u2026<br \/>\nMais nous avons aussi une nouveaut\u00e9 \u00e0 se l\u00e9cher les doigts.<br \/>\nVous pouvez prendre le miel directement des <strong>rayons de la ruche<\/strong>\u2026 vous avez bien compris, d\u2019o\u00f9 provient le miel des abeilles!<\/p>\n<p><a href=\"https:\/\/www.hotelcristinacorona.it\/fr\/la-cuisine\/\">La cuisine &gt;&gt;<\/a><\/p>\n<p><a href=\"https:\/\/www.hotelcristinacorona.it\/fr\/les-degustations\/\">Les d\u00e9gustations &gt;&gt;<\/a><\/p>\n","protected":false},"excerpt":{"rendered":"<p>On dit qu\u2019une bonne journ\u00e9e commence le matin et \u00e0 l\u2019H\u00f4tel Cristina Corona \u00e0 Cattolica les paroles sont importantes. Pour nous, se sentir bien en vacances c\u2019est bien commencer la journ\u00e9e et c\u2019est pourquoi vous [&#8230;]<\/p>\n<p><a class=\"btn btn-primary read-more-link\" href=\"https:\/\/www.hotelcristinacorona.it\/fr\/le-petit-dejeuner\/\">Leggi tutto<\/a><\/p>\n","protected":false},"author":1,"featured_media":0,"parent":0,"menu_order":55,"comment_status":"closed","ping_status":"closed","template":"","meta":{"_acf_changed":false},"class_list":["post-1180","page","type-page","status-publish","hentry","buon_motivo-services-fr","buon_motivo-produits-locaux","buon_motivo-chambres"],"acf":[],"yoast_head":"<!-- This site is optimized with the Yoast SEO plugin v23.9 - https:\/\/yoast.com\/wordpress\/plugins\/seo\/ -->\n<title>H\u00f4tel \u00e0 Cattolica avec petit d\u00e9jeuner au km 0 - Hotel Cristina Corona<\/title>\n<meta name=\"description\" content=\"Chaque matin au r\u00e9veil, vous trouverez notre buffet parfum\u00e9 avec des produits locaux: g\u00e2teaux et ciabelle maison, confitures bio, ricotta fra\u00eeche et ... le nid d&#039;abeille naturel. Pour bien commencer la journ\u00e9e!\" \/>\n<meta name=\"robots\" content=\"index, follow, max-snippet:-1, max-image-preview:large, max-video-preview:-1\" \/>\n<link rel=\"canonical\" href=\"https:\/\/www.hotelcristinacorona.it\/fr\/le-petit-dejeuner\/\" \/>\n<meta property=\"og:locale\" content=\"fr_FR\" \/>\n<meta property=\"og:type\" content=\"article\" \/>\n<meta property=\"og:title\" content=\"H\u00f4tel \u00e0 Cattolica avec petit d\u00e9jeuner au km 0 - Hotel Cristina Corona\" \/>\n<meta property=\"og:description\" content=\"Chaque matin au r\u00e9veil, vous trouverez notre buffet parfum\u00e9 avec des produits locaux: g\u00e2teaux et ciabelle maison, confitures bio, ricotta fra\u00eeche et ... le nid d&#039;abeille naturel. Pour bien commencer la journ\u00e9e!\" \/>\n<meta property=\"og:url\" content=\"https:\/\/www.hotelcristinacorona.it\/fr\/le-petit-dejeuner\/\" \/>\n<meta property=\"og:site_name\" content=\"Hotel Cristina Corona Cattolica\" \/>\n<meta property=\"article:modified_time\" content=\"2023-01-24T15:37:16+00:00\" \/>\n<meta name=\"twitter:card\" content=\"summary_large_image\" \/>\n<meta name=\"twitter:label1\" content=\"Dur\u00e9e de lecture estim\u00e9e\" \/>\n\t<meta name=\"twitter:data1\" content=\"1 minute\" \/>\n<script type=\"application\/ld+json\" class=\"yoast-schema-graph\">{\"@context\":\"https:\/\/schema.org\",\"@graph\":[{\"@type\":\"WebPage\",\"@id\":\"https:\/\/www.hotelcristinacorona.it\/fr\/le-petit-dejeuner\/\",\"url\":\"https:\/\/www.hotelcristinacorona.it\/fr\/le-petit-dejeuner\/\",\"name\":\"H\u00f4tel \u00e0 Cattolica avec petit d\u00e9jeuner au km 0 - Hotel Cristina Corona\",\"isPartOf\":{\"@id\":\"https:\/\/www.hotelcristinacorona.it\/#website\"},\"datePublished\":\"2020-01-28T14:45:20+00:00\",\"dateModified\":\"2023-01-24T15:37:16+00:00\",\"description\":\"Chaque matin au r\u00e9veil, vous trouverez notre buffet parfum\u00e9 avec des produits locaux: g\u00e2teaux et ciabelle maison, confitures bio, ricotta fra\u00eeche et ... le nid d'abeille naturel. Pour bien commencer la journ\u00e9e!\",\"breadcrumb\":{\"@id\":\"https:\/\/www.hotelcristinacorona.it\/fr\/le-petit-dejeuner\/#breadcrumb\"},\"inLanguage\":\"fr-FR\",\"potentialAction\":[{\"@type\":\"ReadAction\",\"target\":[\"https:\/\/www.hotelcristinacorona.it\/fr\/le-petit-dejeuner\/\"]}]},{\"@type\":\"BreadcrumbList\",\"@id\":\"https:\/\/www.hotelcristinacorona.it\/fr\/le-petit-dejeuner\/#breadcrumb\",\"itemListElement\":[{\"@type\":\"ListItem\",\"position\":1,\"name\":\"Home\",\"item\":\"https:\/\/www.hotelcristinacorona.it\/fr\/\"},{\"@type\":\"ListItem\",\"position\":2,\"name\":\"Le petit d\u00e9jeuner\"}]},{\"@type\":\"WebSite\",\"@id\":\"https:\/\/www.hotelcristinacorona.it\/#website\",\"url\":\"https:\/\/www.hotelcristinacorona.it\/\",\"name\":\"Hotel Cristina Corona Cattolica\",\"description\":\"\",\"publisher\":{\"@id\":\"https:\/\/www.hotelcristinacorona.it\/#organization\"},\"potentialAction\":[{\"@type\":\"SearchAction\",\"target\":{\"@type\":\"EntryPoint\",\"urlTemplate\":\"https:\/\/www.hotelcristinacorona.it\/?s={search_term_string}\"},\"query-input\":{\"@type\":\"PropertyValueSpecification\",\"valueRequired\":true,\"valueName\":\"search_term_string\"}}],\"inLanguage\":\"fr-FR\"},{\"@type\":\"Organization\",\"@id\":\"https:\/\/www.hotelcristinacorona.it\/#organization\",\"name\":\"Hotel Cristina Corona Cattolica\",\"url\":\"https:\/\/www.hotelcristinacorona.it\/\",\"logo\":{\"@type\":\"ImageObject\",\"inLanguage\":\"fr-FR\",\"@id\":\"https:\/\/www.hotelcristinacorona.it\/#\/schema\/logo\/image\/\",\"url\":\"https:\/\/www.hotelcristinacorona.it\/wp-content\/uploads\/2019\/12\/logo.png\",\"contentUrl\":\"https:\/\/www.hotelcristinacorona.it\/wp-content\/uploads\/2019\/12\/logo.png\",\"width\":431,\"height\":105,\"caption\":\"Hotel Cristina Corona Cattolica\"},\"image\":{\"@id\":\"https:\/\/www.hotelcristinacorona.it\/#\/schema\/logo\/image\/\"}}]}<\/script>\n<!-- \/ Yoast SEO plugin. -->","yoast_head_json":{"title":"H\u00f4tel \u00e0 Cattolica avec petit d\u00e9jeuner au km 0 - Hotel Cristina Corona","description":"Chaque matin au r\u00e9veil, vous trouverez notre buffet parfum\u00e9 avec des produits locaux: g\u00e2teaux et ciabelle maison, confitures bio, ricotta fra\u00eeche et ... le nid d'abeille naturel. Pour bien commencer la journ\u00e9e!","robots":{"index":"index","follow":"follow","max-snippet":"max-snippet:-1","max-image-preview":"max-image-preview:large","max-video-preview":"max-video-preview:-1"},"canonical":"https:\/\/www.hotelcristinacorona.it\/fr\/le-petit-dejeuner\/","og_locale":"fr_FR","og_type":"article","og_title":"H\u00f4tel \u00e0 Cattolica avec petit d\u00e9jeuner au km 0 - Hotel Cristina Corona","og_description":"Chaque matin au r\u00e9veil, vous trouverez notre buffet parfum\u00e9 avec des produits locaux: g\u00e2teaux et ciabelle maison, confitures bio, ricotta fra\u00eeche et ... le nid d'abeille naturel. Pour bien commencer la journ\u00e9e!","og_url":"https:\/\/www.hotelcristinacorona.it\/fr\/le-petit-dejeuner\/","og_site_name":"Hotel Cristina Corona Cattolica","article_modified_time":"2023-01-24T15:37:16+00:00","twitter_card":"summary_large_image","twitter_misc":{"Dur\u00e9e de lecture estim\u00e9e":"1 minute"},"schema":{"@context":"https:\/\/schema.org","@graph":[{"@type":"WebPage","@id":"https:\/\/www.hotelcristinacorona.it\/fr\/le-petit-dejeuner\/","url":"https:\/\/www.hotelcristinacorona.it\/fr\/le-petit-dejeuner\/","name":"H\u00f4tel \u00e0 Cattolica avec petit d\u00e9jeuner au km 0 - Hotel Cristina Corona","isPartOf":{"@id":"https:\/\/www.hotelcristinacorona.it\/#website"},"datePublished":"2020-01-28T14:45:20+00:00","dateModified":"2023-01-24T15:37:16+00:00","description":"Chaque matin au r\u00e9veil, vous trouverez notre buffet parfum\u00e9 avec des produits locaux: g\u00e2teaux et ciabelle maison, confitures bio, ricotta fra\u00eeche et ... le nid d'abeille naturel. Pour bien commencer la journ\u00e9e!","breadcrumb":{"@id":"https:\/\/www.hotelcristinacorona.it\/fr\/le-petit-dejeuner\/#breadcrumb"},"inLanguage":"fr-FR","potentialAction":[{"@type":"ReadAction","target":["https:\/\/www.hotelcristinacorona.it\/fr\/le-petit-dejeuner\/"]}]},{"@type":"BreadcrumbList","@id":"https:\/\/www.hotelcristinacorona.it\/fr\/le-petit-dejeuner\/#breadcrumb","itemListElement":[{"@type":"ListItem","position":1,"name":"Home","item":"https:\/\/www.hotelcristinacorona.it\/fr\/"},{"@type":"ListItem","position":2,"name":"Le petit d\u00e9jeuner"}]},{"@type":"WebSite","@id":"https:\/\/www.hotelcristinacorona.it\/#website","url":"https:\/\/www.hotelcristinacorona.it\/","name":"Hotel Cristina Corona Cattolica","description":"","publisher":{"@id":"https:\/\/www.hotelcristinacorona.it\/#organization"},"potentialAction":[{"@type":"SearchAction","target":{"@type":"EntryPoint","urlTemplate":"https:\/\/www.hotelcristinacorona.it\/?s={search_term_string}"},"query-input":{"@type":"PropertyValueSpecification","valueRequired":true,"valueName":"search_term_string"}}],"inLanguage":"fr-FR"},{"@type":"Organization","@id":"https:\/\/www.hotelcristinacorona.it\/#organization","name":"Hotel Cristina Corona Cattolica","url":"https:\/\/www.hotelcristinacorona.it\/","logo":{"@type":"ImageObject","inLanguage":"fr-FR","@id":"https:\/\/www.hotelcristinacorona.it\/#\/schema\/logo\/image\/","url":"https:\/\/www.hotelcristinacorona.it\/wp-content\/uploads\/2019\/12\/logo.png","contentUrl":"https:\/\/www.hotelcristinacorona.it\/wp-content\/uploads\/2019\/12\/logo.png","width":431,"height":105,"caption":"Hotel Cristina Corona Cattolica"},"image":{"@id":"https:\/\/www.hotelcristinacorona.it\/#\/schema\/logo\/image\/"}}]}},"_links":{"self":[{"href":"https:\/\/www.hotelcristinacorona.it\/fr\/wp-json\/wp\/v2\/pages\/1180","targetHints":{"allow":["GET"]}}],"collection":[{"href":"https:\/\/www.hotelcristinacorona.it\/fr\/wp-json\/wp\/v2\/pages"}],"about":[{"href":"https:\/\/www.hotelcristinacorona.it\/fr\/wp-json\/wp\/v2\/types\/page"}],"author":[{"embeddable":true,"href":"https:\/\/www.hotelcristinacorona.it\/fr\/wp-json\/wp\/v2\/users\/1"}],"replies":[{"embeddable":true,"href":"https:\/\/www.hotelcristinacorona.it\/fr\/wp-json\/wp\/v2\/comments?post=1180"}],"version-history":[{"count":2,"href":"https:\/\/www.hotelcristinacorona.it\/fr\/wp-json\/wp\/v2\/pages\/1180\/revisions"}],"predecessor-version":[{"id":5014,"href":"https:\/\/www.hotelcristinacorona.it\/fr\/wp-json\/wp\/v2\/pages\/1180\/revisions\/5014"}],"wp:attachment":[{"href":"https:\/\/www.hotelcristinacorona.it\/fr\/wp-json\/wp\/v2\/media?parent=1180"}],"curies":[{"name":"wp","href":"https:\/\/api.w.org\/{rel}","templated":true}]}}