{"id":1182,"date":"2020-01-28T16:19:37","date_gmt":"2020-01-28T15:19:37","guid":{"rendered":"https:\/\/www.hotelcristinacorona.it\/les-degustations\/"},"modified":"2020-02-14T12:10:31","modified_gmt":"2020-02-14T11:10:31","slug":"les-degustations","status":"publish","type":"page","link":"https:\/\/www.hotelcristinacorona.it\/fr\/les-degustations\/","title":{"rendered":"Les d\u00e9gustations"},"content":{"rendered":"<p>Tous les dimanches vous attend un <strong>ap\u00e9ritif sp\u00e9cial<\/strong>.<\/p>\n<p>Une occasion parfaite pour mieux conna\u00eetre les <strong>saveurs de l\u2019arri\u00e8re-pays<\/strong> des Marches, en d\u00e9gustant les produits de quelques soci\u00e9t\u00e9s agricoles locales, comme les <strong>d\u00e9licieux fromages et la charcuterie.<\/strong><\/p>\n<p>Avec ces d\u00e9lices, nous vous proposons une <strong>d\u00e9gustation de vins<\/strong> s\u00e9lectionn\u00e9s dans des caves et \u00e9tablissements vinicoles des parages de Cattolica.<\/p>\n<p><a href=\"https:\/\/www.hotelcristinacorona.it\/fr\/la-cuisine\/\">La cuisine &gt;&gt;<\/a><\/p>\n","protected":false},"excerpt":{"rendered":"<p>Tous les dimanches vous attend un ap\u00e9ritif sp\u00e9cial. Une occasion parfaite pour mieux conna\u00eetre les saveurs de l\u2019arri\u00e8re-pays des Marches, en d\u00e9gustant les produits de quelques soci\u00e9t\u00e9s agricoles locales, comme les d\u00e9licieux fromages et la [&#8230;]<\/p>\n<p><a class=\"btn btn-primary read-more-link\" href=\"https:\/\/www.hotelcristinacorona.it\/fr\/les-degustations\/\">Leggi tutto<\/a><\/p>\n","protected":false},"author":1,"featured_media":0,"parent":0,"menu_order":49,"comment_status":"closed","ping_status":"closed","template":"","meta":{"_acf_changed":false},"class_list":["post-1182","page","type-page","status-publish","hentry","buon_motivo-arriere-pays","buon_motivo-services-fr","buon_motivo-produits-locaux"],"acf":[],"yoast_head":"<!-- This site is optimized with the Yoast SEO plugin v23.9 - https:\/\/yoast.com\/wordpress\/plugins\/seo\/ -->\n<title>D\u00e9gustation de produits typiques dans un h\u00f4tel \u00e0 Cattolica - Hotel Cristina Corona<\/title>\n<meta name=\"description\" content=\"Chaque dimanche ici, \u00e0 Cristina Corona, nous organisons un ap\u00e9ritif sp\u00e9cial: nous voulons que tous nos clients d\u00e9gustent des produits de l&#039;arri\u00e8re-pays de la Romagne et des Marches tels que des fromages, des viandes et des vins s\u00e9lectionn\u00e9s de caves et caves dans les environs de Cattolica.\" \/>\n<meta name=\"robots\" content=\"index, follow, max-snippet:-1, max-image-preview:large, max-video-preview:-1\" \/>\n<link rel=\"canonical\" href=\"https:\/\/www.hotelcristinacorona.it\/fr\/les-degustations\/\" \/>\n<meta property=\"og:locale\" content=\"fr_FR\" \/>\n<meta property=\"og:type\" content=\"article\" \/>\n<meta property=\"og:title\" content=\"D\u00e9gustation de produits typiques dans un h\u00f4tel \u00e0 Cattolica - Hotel Cristina Corona\" \/>\n<meta property=\"og:description\" content=\"Chaque dimanche ici, \u00e0 Cristina Corona, nous organisons un ap\u00e9ritif sp\u00e9cial: nous voulons que tous nos clients d\u00e9gustent des produits de l&#039;arri\u00e8re-pays de la Romagne et des Marches tels que des fromages, des viandes et des vins s\u00e9lectionn\u00e9s de caves et caves dans les environs de Cattolica.\" \/>\n<meta property=\"og:url\" content=\"https:\/\/www.hotelcristinacorona.it\/fr\/les-degustations\/\" \/>\n<meta property=\"og:site_name\" content=\"Hotel Cristina Corona Cattolica\" \/>\n<meta property=\"article:modified_time\" content=\"2020-02-14T11:10:31+00:00\" \/>\n<meta name=\"twitter:card\" content=\"summary_large_image\" \/>\n<script type=\"application\/ld+json\" class=\"yoast-schema-graph\">{\"@context\":\"https:\/\/schema.org\",\"@graph\":[{\"@type\":\"WebPage\",\"@id\":\"https:\/\/www.hotelcristinacorona.it\/fr\/les-degustations\/\",\"url\":\"https:\/\/www.hotelcristinacorona.it\/fr\/les-degustations\/\",\"name\":\"D\u00e9gustation de produits typiques dans un h\u00f4tel \u00e0 Cattolica - Hotel Cristina Corona\",\"isPartOf\":{\"@id\":\"https:\/\/www.hotelcristinacorona.it\/#website\"},\"datePublished\":\"2020-01-28T15:19:37+00:00\",\"dateModified\":\"2020-02-14T11:10:31+00:00\",\"description\":\"Chaque dimanche ici, \u00e0 Cristina Corona, nous organisons un ap\u00e9ritif sp\u00e9cial: nous voulons que tous nos clients d\u00e9gustent des produits de l'arri\u00e8re-pays de la Romagne et des Marches tels que des fromages, des viandes et des vins s\u00e9lectionn\u00e9s de caves et caves dans les environs de Cattolica.\",\"breadcrumb\":{\"@id\":\"https:\/\/www.hotelcristinacorona.it\/fr\/les-degustations\/#breadcrumb\"},\"inLanguage\":\"fr-FR\",\"potentialAction\":[{\"@type\":\"ReadAction\",\"target\":[\"https:\/\/www.hotelcristinacorona.it\/fr\/les-degustations\/\"]}]},{\"@type\":\"BreadcrumbList\",\"@id\":\"https:\/\/www.hotelcristinacorona.it\/fr\/les-degustations\/#breadcrumb\",\"itemListElement\":[{\"@type\":\"ListItem\",\"position\":1,\"name\":\"Home\",\"item\":\"https:\/\/www.hotelcristinacorona.it\/fr\/\"},{\"@type\":\"ListItem\",\"position\":2,\"name\":\"Les d\u00e9gustations\"}]},{\"@type\":\"WebSite\",\"@id\":\"https:\/\/www.hotelcristinacorona.it\/#website\",\"url\":\"https:\/\/www.hotelcristinacorona.it\/\",\"name\":\"Hotel Cristina Corona Cattolica\",\"description\":\"\",\"publisher\":{\"@id\":\"https:\/\/www.hotelcristinacorona.it\/#organization\"},\"potentialAction\":[{\"@type\":\"SearchAction\",\"target\":{\"@type\":\"EntryPoint\",\"urlTemplate\":\"https:\/\/www.hotelcristinacorona.it\/?s={search_term_string}\"},\"query-input\":{\"@type\":\"PropertyValueSpecification\",\"valueRequired\":true,\"valueName\":\"search_term_string\"}}],\"inLanguage\":\"fr-FR\"},{\"@type\":\"Organization\",\"@id\":\"https:\/\/www.hotelcristinacorona.it\/#organization\",\"name\":\"Hotel Cristina Corona Cattolica\",\"url\":\"https:\/\/www.hotelcristinacorona.it\/\",\"logo\":{\"@type\":\"ImageObject\",\"inLanguage\":\"fr-FR\",\"@id\":\"https:\/\/www.hotelcristinacorona.it\/#\/schema\/logo\/image\/\",\"url\":\"https:\/\/www.hotelcristinacorona.it\/wp-content\/uploads\/2019\/12\/logo.png\",\"contentUrl\":\"https:\/\/www.hotelcristinacorona.it\/wp-content\/uploads\/2019\/12\/logo.png\",\"width\":431,\"height\":105,\"caption\":\"Hotel Cristina Corona Cattolica\"},\"image\":{\"@id\":\"https:\/\/www.hotelcristinacorona.it\/#\/schema\/logo\/image\/\"}}]}<\/script>\n<!-- \/ Yoast SEO plugin. -->","yoast_head_json":{"title":"D\u00e9gustation de produits typiques dans un h\u00f4tel \u00e0 Cattolica - Hotel Cristina Corona","description":"Chaque dimanche ici, \u00e0 Cristina Corona, nous organisons un ap\u00e9ritif sp\u00e9cial: nous voulons que tous nos clients d\u00e9gustent des produits de l'arri\u00e8re-pays de la Romagne et des Marches tels que des fromages, des viandes et des vins s\u00e9lectionn\u00e9s de caves et caves dans les environs de Cattolica.","robots":{"index":"index","follow":"follow","max-snippet":"max-snippet:-1","max-image-preview":"max-image-preview:large","max-video-preview":"max-video-preview:-1"},"canonical":"https:\/\/www.hotelcristinacorona.it\/fr\/les-degustations\/","og_locale":"fr_FR","og_type":"article","og_title":"D\u00e9gustation de produits typiques dans un h\u00f4tel \u00e0 Cattolica - Hotel Cristina Corona","og_description":"Chaque dimanche ici, \u00e0 Cristina Corona, nous organisons un ap\u00e9ritif sp\u00e9cial: nous voulons que tous nos clients d\u00e9gustent des produits de l'arri\u00e8re-pays de la Romagne et des Marches tels que des fromages, des viandes et des vins s\u00e9lectionn\u00e9s de caves et caves dans les environs de Cattolica.","og_url":"https:\/\/www.hotelcristinacorona.it\/fr\/les-degustations\/","og_site_name":"Hotel Cristina Corona Cattolica","article_modified_time":"2020-02-14T11:10:31+00:00","twitter_card":"summary_large_image","schema":{"@context":"https:\/\/schema.org","@graph":[{"@type":"WebPage","@id":"https:\/\/www.hotelcristinacorona.it\/fr\/les-degustations\/","url":"https:\/\/www.hotelcristinacorona.it\/fr\/les-degustations\/","name":"D\u00e9gustation de produits typiques dans un h\u00f4tel \u00e0 Cattolica - Hotel Cristina Corona","isPartOf":{"@id":"https:\/\/www.hotelcristinacorona.it\/#website"},"datePublished":"2020-01-28T15:19:37+00:00","dateModified":"2020-02-14T11:10:31+00:00","description":"Chaque dimanche ici, \u00e0 Cristina Corona, nous organisons un ap\u00e9ritif sp\u00e9cial: nous voulons que tous nos clients d\u00e9gustent des produits de l'arri\u00e8re-pays de la Romagne et des Marches tels que des fromages, des viandes et des vins s\u00e9lectionn\u00e9s de caves et caves dans les environs de Cattolica.","breadcrumb":{"@id":"https:\/\/www.hotelcristinacorona.it\/fr\/les-degustations\/#breadcrumb"},"inLanguage":"fr-FR","potentialAction":[{"@type":"ReadAction","target":["https:\/\/www.hotelcristinacorona.it\/fr\/les-degustations\/"]}]},{"@type":"BreadcrumbList","@id":"https:\/\/www.hotelcristinacorona.it\/fr\/les-degustations\/#breadcrumb","itemListElement":[{"@type":"ListItem","position":1,"name":"Home","item":"https:\/\/www.hotelcristinacorona.it\/fr\/"},{"@type":"ListItem","position":2,"name":"Les d\u00e9gustations"}]},{"@type":"WebSite","@id":"https:\/\/www.hotelcristinacorona.it\/#website","url":"https:\/\/www.hotelcristinacorona.it\/","name":"Hotel Cristina Corona Cattolica","description":"","publisher":{"@id":"https:\/\/www.hotelcristinacorona.it\/#organization"},"potentialAction":[{"@type":"SearchAction","target":{"@type":"EntryPoint","urlTemplate":"https:\/\/www.hotelcristinacorona.it\/?s={search_term_string}"},"query-input":{"@type":"PropertyValueSpecification","valueRequired":true,"valueName":"search_term_string"}}],"inLanguage":"fr-FR"},{"@type":"Organization","@id":"https:\/\/www.hotelcristinacorona.it\/#organization","name":"Hotel Cristina Corona Cattolica","url":"https:\/\/www.hotelcristinacorona.it\/","logo":{"@type":"ImageObject","inLanguage":"fr-FR","@id":"https:\/\/www.hotelcristinacorona.it\/#\/schema\/logo\/image\/","url":"https:\/\/www.hotelcristinacorona.it\/wp-content\/uploads\/2019\/12\/logo.png","contentUrl":"https:\/\/www.hotelcristinacorona.it\/wp-content\/uploads\/2019\/12\/logo.png","width":431,"height":105,"caption":"Hotel Cristina Corona Cattolica"},"image":{"@id":"https:\/\/www.hotelcristinacorona.it\/#\/schema\/logo\/image\/"}}]}},"_links":{"self":[{"href":"https:\/\/www.hotelcristinacorona.it\/fr\/wp-json\/wp\/v2\/pages\/1182","targetHints":{"allow":["GET"]}}],"collection":[{"href":"https:\/\/www.hotelcristinacorona.it\/fr\/wp-json\/wp\/v2\/pages"}],"about":[{"href":"https:\/\/www.hotelcristinacorona.it\/fr\/wp-json\/wp\/v2\/types\/page"}],"author":[{"embeddable":true,"href":"https:\/\/www.hotelcristinacorona.it\/fr\/wp-json\/wp\/v2\/users\/1"}],"replies":[{"embeddable":true,"href":"https:\/\/www.hotelcristinacorona.it\/fr\/wp-json\/wp\/v2\/comments?post=1182"}],"version-history":[{"count":1,"href":"https:\/\/www.hotelcristinacorona.it\/fr\/wp-json\/wp\/v2\/pages\/1182\/revisions"}],"predecessor-version":[{"id":1183,"href":"https:\/\/www.hotelcristinacorona.it\/fr\/wp-json\/wp\/v2\/pages\/1182\/revisions\/1183"}],"wp:attachment":[{"href":"https:\/\/www.hotelcristinacorona.it\/fr\/wp-json\/wp\/v2\/media?parent=1182"}],"curies":[{"name":"wp","href":"https:\/\/api.w.org\/{rel}","templated":true}]}}