{"id":1184,"date":"2020-01-28T16:24:56","date_gmt":"2020-01-28T15:24:56","guid":{"rendered":"https:\/\/www.hotelcristinacorona.it\/services-a-lhotel\/"},"modified":"2020-02-12T13:48:52","modified_gmt":"2020-02-12T12:48:52","slug":"services-a-lhotel","status":"publish","type":"page","link":"https:\/\/www.hotelcristinacorona.it\/fr\/services-a-lhotel\/","title":{"rendered":"Services \u00e0 l\u2019h\u00f4tel"},"content":{"rendered":"<p>Passer de bonnes vacances signifie avoir beaucoup de services \u00e0 disposition et aussi de la tranquillit\u00e9.<\/p>\n<p>Se sentir bien en vacances signifie passer une soir\u00e9e en plein air avec un <strong>drink<\/strong> pr\u00e9par\u00e9 par notre barman, prendre un <strong>v\u00e9lo<\/strong> \u00e0 l\u2019h\u00f4tel et aller \u00e0 la d\u00e9couverte de la ville, choisir une <strong>tisane<\/strong> parmi celles s\u00e9lectionn\u00e9es par Elena, grande connaisseuse de boissons en infusion, que vous trouvez au <strong>coin du th\u00e9<\/strong>.<\/p>\n<p>Des vacances \u00e0 la mer c\u2019est<strong> arriver \u00e0 la plage en une minute<\/strong> et trouver un parasol r\u00e9serv\u00e9 pour tout le s\u00e9jour.<\/p>\n<p>L\u2019H\u00f4tel Cristina Corona propose beaucoup de services pour d\u2019agr\u00e9ables vacances, les voici :<\/p>\n<p>&#8211; <strong>Connexion Wifi gratuite<\/strong> \u00e0 haut d\u00e9bit<br \/>\n&#8211; Bar ouvert 24\/24h<br \/>\n&#8211; <strong>Coin du th\u00e9 et des tisanes<\/strong><br \/>\n&#8211; Ascenseur spacieux<br \/>\n&#8211; Salle fitness<br \/>\n&#8211; <strong>Terrasse Solarium donnant sur la mer avec chaises longues<\/strong><br \/>\n&#8211; <strong>Parking cl\u00f4tur\u00e9 et surveill\u00e9 \u00e0 700 m avec navette gratuite \u00e9lectrique<\/strong><br \/>\n&#8211; Utilisation gratuite des v\u00e9los<br \/>\n&#8211; <strong>Conventions avec les Parcs d\u2019attractions<\/strong> les plus c\u00e9l\u00e8bres de la Riviera romagnole<br \/>\n&#8211; Quotidiens<br \/>\n&#8211; <strong>D\u00e9gustations de produits typiques<\/strong><br \/>\n&#8211; Excursions dans l\u2019arri\u00e8re-pays<br \/>\n&#8211; <strong>Plage conventionn\u00e9e<\/strong> avec piscine, animation, jeux pour enfants<\/p>\n<p>&nbsp;<\/p>\n<p><a href=\"https:\/\/www.hotelcristinacorona.it\/fr\/hotel-pet-friendly\/\">Passer de bonnes vacances avec les animaux &gt;&gt;<\/a><\/p>\n<p><a href=\"https:\/\/www.hotelcristinacorona.it\/fr\/vacances-en-famille\/\">Passer de bonnes vacances en famille &gt;&gt;<\/a><\/p>\n<p><a href=\"https:\/\/www.hotelcristinacorona.it\/fr\/la-plage\/\">Se sentir bien \u00e0 la plage &gt;&gt;<\/a><\/p>\n","protected":false},"excerpt":{"rendered":"<p>Passer de bonnes vacances signifie avoir beaucoup de services \u00e0 disposition et aussi de la tranquillit\u00e9. Se sentir bien en vacances signifie passer une soir\u00e9e en plein air avec un drink pr\u00e9par\u00e9 par notre barman, [&#8230;]<\/p>\n<p><a class=\"btn btn-primary read-more-link\" href=\"https:\/\/www.hotelcristinacorona.it\/fr\/services-a-lhotel\/\">Leggi tutto<\/a><\/p>\n","protected":false},"author":1,"featured_media":0,"parent":0,"menu_order":90,"comment_status":"closed","ping_status":"closed","template":"","meta":{"_acf_changed":false},"class_list":["post-1184","page","type-page","status-publish","hentry","buon_motivo-cattolica-fr","buon_motivo-plage","buon_motivo-produits-locaux"],"acf":[],"yoast_head":"<!-- This site is optimized with the Yoast SEO plugin v23.9 - https:\/\/yoast.com\/wordpress\/plugins\/seo\/ -->\n<title>Services h\u00f4teliers 3 \u00e9toiles \u00e0 Cattolica - Hotel Cristina Corona<\/title>\n<meta name=\"description\" content=\"Ici, \u00e0 Cristina Corona, vous avez de nombreux services pour vous sentir bien en vacances: wi-fi gratuit, plage partenaire, d\u00e9gustations, excursions, terrasse ensoleill\u00e9e et accords avec les parcs d&#039;attractions. D\u00e9couvrez tous les services que nous proposons.\" \/>\n<meta name=\"robots\" content=\"index, follow, max-snippet:-1, max-image-preview:large, max-video-preview:-1\" \/>\n<link rel=\"canonical\" href=\"https:\/\/www.hotelcristinacorona.it\/fr\/services-a-lhotel\/\" \/>\n<meta property=\"og:locale\" content=\"fr_FR\" \/>\n<meta property=\"og:type\" content=\"article\" \/>\n<meta property=\"og:title\" content=\"Services h\u00f4teliers 3 \u00e9toiles \u00e0 Cattolica - Hotel Cristina Corona\" \/>\n<meta property=\"og:description\" content=\"Ici, \u00e0 Cristina Corona, vous avez de nombreux services pour vous sentir bien en vacances: wi-fi gratuit, plage partenaire, d\u00e9gustations, excursions, terrasse ensoleill\u00e9e et accords avec les parcs d&#039;attractions. D\u00e9couvrez tous les services que nous proposons.\" \/>\n<meta property=\"og:url\" content=\"https:\/\/www.hotelcristinacorona.it\/fr\/services-a-lhotel\/\" \/>\n<meta property=\"og:site_name\" content=\"Hotel Cristina Corona Cattolica\" \/>\n<meta property=\"article:modified_time\" content=\"2020-02-12T12:48:52+00:00\" \/>\n<meta name=\"twitter:card\" content=\"summary_large_image\" \/>\n<meta name=\"twitter:label1\" content=\"Dur\u00e9e de lecture estim\u00e9e\" \/>\n\t<meta name=\"twitter:data1\" content=\"1 minute\" \/>\n<script type=\"application\/ld+json\" class=\"yoast-schema-graph\">{\"@context\":\"https:\/\/schema.org\",\"@graph\":[{\"@type\":\"WebPage\",\"@id\":\"https:\/\/www.hotelcristinacorona.it\/fr\/services-a-lhotel\/\",\"url\":\"https:\/\/www.hotelcristinacorona.it\/fr\/services-a-lhotel\/\",\"name\":\"Services h\u00f4teliers 3 \u00e9toiles \u00e0 Cattolica - Hotel Cristina Corona\",\"isPartOf\":{\"@id\":\"https:\/\/www.hotelcristinacorona.it\/#website\"},\"datePublished\":\"2020-01-28T15:24:56+00:00\",\"dateModified\":\"2020-02-12T12:48:52+00:00\",\"description\":\"Ici, \u00e0 Cristina Corona, vous avez de nombreux services pour vous sentir bien en vacances: wi-fi gratuit, plage partenaire, d\u00e9gustations, excursions, terrasse ensoleill\u00e9e et accords avec les parcs d'attractions. D\u00e9couvrez tous les services que nous proposons.\",\"breadcrumb\":{\"@id\":\"https:\/\/www.hotelcristinacorona.it\/fr\/services-a-lhotel\/#breadcrumb\"},\"inLanguage\":\"fr-FR\",\"potentialAction\":[{\"@type\":\"ReadAction\",\"target\":[\"https:\/\/www.hotelcristinacorona.it\/fr\/services-a-lhotel\/\"]}]},{\"@type\":\"BreadcrumbList\",\"@id\":\"https:\/\/www.hotelcristinacorona.it\/fr\/services-a-lhotel\/#breadcrumb\",\"itemListElement\":[{\"@type\":\"ListItem\",\"position\":1,\"name\":\"Home\",\"item\":\"https:\/\/www.hotelcristinacorona.it\/fr\/\"},{\"@type\":\"ListItem\",\"position\":2,\"name\":\"Services \u00e0 l\u2019h\u00f4tel\"}]},{\"@type\":\"WebSite\",\"@id\":\"https:\/\/www.hotelcristinacorona.it\/#website\",\"url\":\"https:\/\/www.hotelcristinacorona.it\/\",\"name\":\"Hotel Cristina Corona Cattolica\",\"description\":\"\",\"publisher\":{\"@id\":\"https:\/\/www.hotelcristinacorona.it\/#organization\"},\"potentialAction\":[{\"@type\":\"SearchAction\",\"target\":{\"@type\":\"EntryPoint\",\"urlTemplate\":\"https:\/\/www.hotelcristinacorona.it\/?s={search_term_string}\"},\"query-input\":{\"@type\":\"PropertyValueSpecification\",\"valueRequired\":true,\"valueName\":\"search_term_string\"}}],\"inLanguage\":\"fr-FR\"},{\"@type\":\"Organization\",\"@id\":\"https:\/\/www.hotelcristinacorona.it\/#organization\",\"name\":\"Hotel Cristina Corona Cattolica\",\"url\":\"https:\/\/www.hotelcristinacorona.it\/\",\"logo\":{\"@type\":\"ImageObject\",\"inLanguage\":\"fr-FR\",\"@id\":\"https:\/\/www.hotelcristinacorona.it\/#\/schema\/logo\/image\/\",\"url\":\"https:\/\/www.hotelcristinacorona.it\/wp-content\/uploads\/2019\/12\/logo.png\",\"contentUrl\":\"https:\/\/www.hotelcristinacorona.it\/wp-content\/uploads\/2019\/12\/logo.png\",\"width\":431,\"height\":105,\"caption\":\"Hotel Cristina Corona Cattolica\"},\"image\":{\"@id\":\"https:\/\/www.hotelcristinacorona.it\/#\/schema\/logo\/image\/\"}}]}<\/script>\n<!-- \/ Yoast SEO plugin. -->","yoast_head_json":{"title":"Services h\u00f4teliers 3 \u00e9toiles \u00e0 Cattolica - Hotel Cristina Corona","description":"Ici, \u00e0 Cristina Corona, vous avez de nombreux services pour vous sentir bien en vacances: wi-fi gratuit, plage partenaire, d\u00e9gustations, excursions, terrasse ensoleill\u00e9e et accords avec les parcs d'attractions. D\u00e9couvrez tous les services que nous proposons.","robots":{"index":"index","follow":"follow","max-snippet":"max-snippet:-1","max-image-preview":"max-image-preview:large","max-video-preview":"max-video-preview:-1"},"canonical":"https:\/\/www.hotelcristinacorona.it\/fr\/services-a-lhotel\/","og_locale":"fr_FR","og_type":"article","og_title":"Services h\u00f4teliers 3 \u00e9toiles \u00e0 Cattolica - Hotel Cristina Corona","og_description":"Ici, \u00e0 Cristina Corona, vous avez de nombreux services pour vous sentir bien en vacances: wi-fi gratuit, plage partenaire, d\u00e9gustations, excursions, terrasse ensoleill\u00e9e et accords avec les parcs d'attractions. D\u00e9couvrez tous les services que nous proposons.","og_url":"https:\/\/www.hotelcristinacorona.it\/fr\/services-a-lhotel\/","og_site_name":"Hotel Cristina Corona Cattolica","article_modified_time":"2020-02-12T12:48:52+00:00","twitter_card":"summary_large_image","twitter_misc":{"Dur\u00e9e de lecture estim\u00e9e":"1 minute"},"schema":{"@context":"https:\/\/schema.org","@graph":[{"@type":"WebPage","@id":"https:\/\/www.hotelcristinacorona.it\/fr\/services-a-lhotel\/","url":"https:\/\/www.hotelcristinacorona.it\/fr\/services-a-lhotel\/","name":"Services h\u00f4teliers 3 \u00e9toiles \u00e0 Cattolica - Hotel Cristina Corona","isPartOf":{"@id":"https:\/\/www.hotelcristinacorona.it\/#website"},"datePublished":"2020-01-28T15:24:56+00:00","dateModified":"2020-02-12T12:48:52+00:00","description":"Ici, \u00e0 Cristina Corona, vous avez de nombreux services pour vous sentir bien en vacances: wi-fi gratuit, plage partenaire, d\u00e9gustations, excursions, terrasse ensoleill\u00e9e et accords avec les parcs d'attractions. D\u00e9couvrez tous les services que nous proposons.","breadcrumb":{"@id":"https:\/\/www.hotelcristinacorona.it\/fr\/services-a-lhotel\/#breadcrumb"},"inLanguage":"fr-FR","potentialAction":[{"@type":"ReadAction","target":["https:\/\/www.hotelcristinacorona.it\/fr\/services-a-lhotel\/"]}]},{"@type":"BreadcrumbList","@id":"https:\/\/www.hotelcristinacorona.it\/fr\/services-a-lhotel\/#breadcrumb","itemListElement":[{"@type":"ListItem","position":1,"name":"Home","item":"https:\/\/www.hotelcristinacorona.it\/fr\/"},{"@type":"ListItem","position":2,"name":"Services \u00e0 l\u2019h\u00f4tel"}]},{"@type":"WebSite","@id":"https:\/\/www.hotelcristinacorona.it\/#website","url":"https:\/\/www.hotelcristinacorona.it\/","name":"Hotel Cristina Corona Cattolica","description":"","publisher":{"@id":"https:\/\/www.hotelcristinacorona.it\/#organization"},"potentialAction":[{"@type":"SearchAction","target":{"@type":"EntryPoint","urlTemplate":"https:\/\/www.hotelcristinacorona.it\/?s={search_term_string}"},"query-input":{"@type":"PropertyValueSpecification","valueRequired":true,"valueName":"search_term_string"}}],"inLanguage":"fr-FR"},{"@type":"Organization","@id":"https:\/\/www.hotelcristinacorona.it\/#organization","name":"Hotel Cristina Corona Cattolica","url":"https:\/\/www.hotelcristinacorona.it\/","logo":{"@type":"ImageObject","inLanguage":"fr-FR","@id":"https:\/\/www.hotelcristinacorona.it\/#\/schema\/logo\/image\/","url":"https:\/\/www.hotelcristinacorona.it\/wp-content\/uploads\/2019\/12\/logo.png","contentUrl":"https:\/\/www.hotelcristinacorona.it\/wp-content\/uploads\/2019\/12\/logo.png","width":431,"height":105,"caption":"Hotel Cristina Corona Cattolica"},"image":{"@id":"https:\/\/www.hotelcristinacorona.it\/#\/schema\/logo\/image\/"}}]}},"_links":{"self":[{"href":"https:\/\/www.hotelcristinacorona.it\/fr\/wp-json\/wp\/v2\/pages\/1184","targetHints":{"allow":["GET"]}}],"collection":[{"href":"https:\/\/www.hotelcristinacorona.it\/fr\/wp-json\/wp\/v2\/pages"}],"about":[{"href":"https:\/\/www.hotelcristinacorona.it\/fr\/wp-json\/wp\/v2\/types\/page"}],"author":[{"embeddable":true,"href":"https:\/\/www.hotelcristinacorona.it\/fr\/wp-json\/wp\/v2\/users\/1"}],"replies":[{"embeddable":true,"href":"https:\/\/www.hotelcristinacorona.it\/fr\/wp-json\/wp\/v2\/comments?post=1184"}],"version-history":[{"count":1,"href":"https:\/\/www.hotelcristinacorona.it\/fr\/wp-json\/wp\/v2\/pages\/1184\/revisions"}],"predecessor-version":[{"id":1185,"href":"https:\/\/www.hotelcristinacorona.it\/fr\/wp-json\/wp\/v2\/pages\/1184\/revisions\/1185"}],"wp:attachment":[{"href":"https:\/\/www.hotelcristinacorona.it\/fr\/wp-json\/wp\/v2\/media?parent=1184"}],"curies":[{"name":"wp","href":"https:\/\/api.w.org\/{rel}","templated":true}]}}