{"id":1186,"date":"2020-01-28T16:32:00","date_gmt":"2020-01-28T15:32:00","guid":{"rendered":"https:\/\/www.hotelcristinacorona.it\/hotel-pet-friendly\/"},"modified":"2020-02-14T12:17:20","modified_gmt":"2020-02-14T11:17:20","slug":"hotel-pet-friendly","status":"publish","type":"page","link":"https:\/\/www.hotelcristinacorona.it\/fr\/hotel-pet-friendly\/","title":{"rendered":"H\u00f4tel Pet friendly"},"content":{"rendered":"<p>Nous partageons depuis toujours l\u2019amour pour les animaux de compagnie et, de ce fait, l\u2019H\u00f4tel Cristina Corona accueille <strong>les vacanciers avec leurs animaux \u00e0 quatre pattes.<\/strong><\/p>\n<p>Nous comprenons l\u2019importance des vacances avec <strong>les animaux domestiques et des services qui leur sont r\u00e9serv\u00e9s \u00e0 l\u2019h\u00f4tel.<\/strong><\/p>\n<p>Nos chambres comfort disposent toutes d\u2019un balcon que les clients avec un chien appr\u00e9cient beaucoup. Nous fournissons sur demande dans la chambre <strong>une gamelle et une couverture jetable<\/strong> (si vous \u00eates en vacances avec votre chat, nous fournissons aussi une liti\u00e8re).<\/p>\n<p>Savez-vous qu\u2019il est possible \u00e0 Cattolica de se balader \u00e0 la plage le soir, et de se baigner en compagnie de son chien?<br \/>\nEn effet <strong>juste \u00e0 10 minutes \u00e0 pied de l\u2019h\u00f4tel Cristina Corona on trouve deux stations baln\u00e9aires Dog Friendly \u00e0 Cattolica<\/strong>: Mal\u00f9 Beach 90-93 et L\u2019Altamarea Beach Village.<\/p>\n<p>Si votre chien adore faire de longues courses, vous pouvez l\u2019emmener au <strong>parc \u00e0 chiens Parco della Pace<\/strong> (juste \u00e0 12 minutes \u00e0 pied de l\u2019h\u00f4tel), la destination parfaite pour jouer ensemble dans la nature silencieuse et, naturellement, pour se rafra\u00eechir durant les chaudes journ\u00e9es estivales.<\/p>\n<p><a href=\"https:\/\/www.hotelcristinacorona.it\/fr\/services-a-lhotel\/\">Services \u00e0 l\u2019h\u00f4tel &gt;&gt;<\/a><\/p>\n","protected":false},"excerpt":{"rendered":"<p>Nous partageons depuis toujours l\u2019amour pour les animaux de compagnie et, de ce fait, l\u2019H\u00f4tel Cristina Corona accueille les vacanciers avec leurs animaux \u00e0 quatre pattes. Nous comprenons l\u2019importance des vacances avec les animaux domestiques [&#8230;]<\/p>\n<p><a class=\"btn btn-primary read-more-link\" href=\"https:\/\/www.hotelcristinacorona.it\/fr\/hotel-pet-friendly\/\">Leggi tutto<\/a><\/p>\n","protected":false},"author":1,"featured_media":0,"parent":0,"menu_order":87,"comment_status":"closed","ping_status":"closed","template":"","meta":{"_acf_changed":false},"class_list":["post-1186","page","type-page","status-publish","hentry","buon_motivo-services-fr","buon_motivo-plage","buon_motivo-position"],"acf":[],"yoast_head":"<!-- This site is optimized with the Yoast SEO plugin v23.9 - https:\/\/yoast.com\/wordpress\/plugins\/seo\/ -->\n<title>H\u00f4tel acceptant les animaux domestiques \u00e0 Cattolica - Hotel Cristina Corona<\/title>\n<meta name=\"description\" content=\"Les amis \u00e0 quatre pattes font partie de la famille et nous savons combien il est important pour vous d&#039;\u00eatre \u00e0 l&#039;aise en vacances avec des animaux. Ici, \u00e0 Cristina Corona, vous trouverez de nombreux services d\u00e9di\u00e9s \u00e0 votre ami et vous avez la possibilit\u00e9 de l&#039;emmener \u00e0 la plage avec vous dans l&#039;un des deux \u00e9tablissements \u00e0 seulement 10 minutes de l&#039;h\u00f4tel!\" \/>\n<meta name=\"robots\" content=\"index, follow, max-snippet:-1, max-image-preview:large, max-video-preview:-1\" \/>\n<link rel=\"canonical\" href=\"https:\/\/www.hotelcristinacorona.it\/fr\/hotel-pet-friendly\/\" \/>\n<meta property=\"og:locale\" content=\"fr_FR\" \/>\n<meta property=\"og:type\" content=\"article\" \/>\n<meta property=\"og:title\" content=\"H\u00f4tel acceptant les animaux domestiques \u00e0 Cattolica - Hotel Cristina Corona\" \/>\n<meta property=\"og:description\" content=\"Les amis \u00e0 quatre pattes font partie de la famille et nous savons combien il est important pour vous d&#039;\u00eatre \u00e0 l&#039;aise en vacances avec des animaux. Ici, \u00e0 Cristina Corona, vous trouverez de nombreux services d\u00e9di\u00e9s \u00e0 votre ami et vous avez la possibilit\u00e9 de l&#039;emmener \u00e0 la plage avec vous dans l&#039;un des deux \u00e9tablissements \u00e0 seulement 10 minutes de l&#039;h\u00f4tel!\" \/>\n<meta property=\"og:url\" content=\"https:\/\/www.hotelcristinacorona.it\/fr\/hotel-pet-friendly\/\" \/>\n<meta property=\"og:site_name\" content=\"Hotel Cristina Corona Cattolica\" \/>\n<meta property=\"article:modified_time\" content=\"2020-02-14T11:17:20+00:00\" \/>\n<meta name=\"twitter:card\" content=\"summary_large_image\" \/>\n<meta name=\"twitter:label1\" content=\"Dur\u00e9e de lecture estim\u00e9e\" \/>\n\t<meta name=\"twitter:data1\" content=\"1 minute\" \/>\n<script type=\"application\/ld+json\" class=\"yoast-schema-graph\">{\"@context\":\"https:\/\/schema.org\",\"@graph\":[{\"@type\":\"WebPage\",\"@id\":\"https:\/\/www.hotelcristinacorona.it\/fr\/hotel-pet-friendly\/\",\"url\":\"https:\/\/www.hotelcristinacorona.it\/fr\/hotel-pet-friendly\/\",\"name\":\"H\u00f4tel acceptant les animaux domestiques \u00e0 Cattolica - Hotel Cristina Corona\",\"isPartOf\":{\"@id\":\"https:\/\/www.hotelcristinacorona.it\/#website\"},\"datePublished\":\"2020-01-28T15:32:00+00:00\",\"dateModified\":\"2020-02-14T11:17:20+00:00\",\"description\":\"Les amis \u00e0 quatre pattes font partie de la famille et nous savons combien il est important pour vous d'\u00eatre \u00e0 l'aise en vacances avec des animaux. Ici, \u00e0 Cristina Corona, vous trouverez de nombreux services d\u00e9di\u00e9s \u00e0 votre ami et vous avez la possibilit\u00e9 de l'emmener \u00e0 la plage avec vous dans l'un des deux \u00e9tablissements \u00e0 seulement 10 minutes de l'h\u00f4tel!\",\"breadcrumb\":{\"@id\":\"https:\/\/www.hotelcristinacorona.it\/fr\/hotel-pet-friendly\/#breadcrumb\"},\"inLanguage\":\"fr-FR\",\"potentialAction\":[{\"@type\":\"ReadAction\",\"target\":[\"https:\/\/www.hotelcristinacorona.it\/fr\/hotel-pet-friendly\/\"]}]},{\"@type\":\"BreadcrumbList\",\"@id\":\"https:\/\/www.hotelcristinacorona.it\/fr\/hotel-pet-friendly\/#breadcrumb\",\"itemListElement\":[{\"@type\":\"ListItem\",\"position\":1,\"name\":\"Home\",\"item\":\"https:\/\/www.hotelcristinacorona.it\/fr\/\"},{\"@type\":\"ListItem\",\"position\":2,\"name\":\"H\u00f4tel Pet friendly\"}]},{\"@type\":\"WebSite\",\"@id\":\"https:\/\/www.hotelcristinacorona.it\/#website\",\"url\":\"https:\/\/www.hotelcristinacorona.it\/\",\"name\":\"Hotel Cristina Corona Cattolica\",\"description\":\"\",\"publisher\":{\"@id\":\"https:\/\/www.hotelcristinacorona.it\/#organization\"},\"potentialAction\":[{\"@type\":\"SearchAction\",\"target\":{\"@type\":\"EntryPoint\",\"urlTemplate\":\"https:\/\/www.hotelcristinacorona.it\/?s={search_term_string}\"},\"query-input\":{\"@type\":\"PropertyValueSpecification\",\"valueRequired\":true,\"valueName\":\"search_term_string\"}}],\"inLanguage\":\"fr-FR\"},{\"@type\":\"Organization\",\"@id\":\"https:\/\/www.hotelcristinacorona.it\/#organization\",\"name\":\"Hotel Cristina Corona Cattolica\",\"url\":\"https:\/\/www.hotelcristinacorona.it\/\",\"logo\":{\"@type\":\"ImageObject\",\"inLanguage\":\"fr-FR\",\"@id\":\"https:\/\/www.hotelcristinacorona.it\/#\/schema\/logo\/image\/\",\"url\":\"https:\/\/www.hotelcristinacorona.it\/wp-content\/uploads\/2019\/12\/logo.png\",\"contentUrl\":\"https:\/\/www.hotelcristinacorona.it\/wp-content\/uploads\/2019\/12\/logo.png\",\"width\":431,\"height\":105,\"caption\":\"Hotel Cristina Corona Cattolica\"},\"image\":{\"@id\":\"https:\/\/www.hotelcristinacorona.it\/#\/schema\/logo\/image\/\"}}]}<\/script>\n<!-- \/ Yoast SEO plugin. -->","yoast_head_json":{"title":"H\u00f4tel acceptant les animaux domestiques \u00e0 Cattolica - Hotel Cristina Corona","description":"Les amis \u00e0 quatre pattes font partie de la famille et nous savons combien il est important pour vous d'\u00eatre \u00e0 l'aise en vacances avec des animaux. Ici, \u00e0 Cristina Corona, vous trouverez de nombreux services d\u00e9di\u00e9s \u00e0 votre ami et vous avez la possibilit\u00e9 de l'emmener \u00e0 la plage avec vous dans l'un des deux \u00e9tablissements \u00e0 seulement 10 minutes de l'h\u00f4tel!","robots":{"index":"index","follow":"follow","max-snippet":"max-snippet:-1","max-image-preview":"max-image-preview:large","max-video-preview":"max-video-preview:-1"},"canonical":"https:\/\/www.hotelcristinacorona.it\/fr\/hotel-pet-friendly\/","og_locale":"fr_FR","og_type":"article","og_title":"H\u00f4tel acceptant les animaux domestiques \u00e0 Cattolica - Hotel Cristina Corona","og_description":"Les amis \u00e0 quatre pattes font partie de la famille et nous savons combien il est important pour vous d'\u00eatre \u00e0 l'aise en vacances avec des animaux. Ici, \u00e0 Cristina Corona, vous trouverez de nombreux services d\u00e9di\u00e9s \u00e0 votre ami et vous avez la possibilit\u00e9 de l'emmener \u00e0 la plage avec vous dans l'un des deux \u00e9tablissements \u00e0 seulement 10 minutes de l'h\u00f4tel!","og_url":"https:\/\/www.hotelcristinacorona.it\/fr\/hotel-pet-friendly\/","og_site_name":"Hotel Cristina Corona Cattolica","article_modified_time":"2020-02-14T11:17:20+00:00","twitter_card":"summary_large_image","twitter_misc":{"Dur\u00e9e de lecture estim\u00e9e":"1 minute"},"schema":{"@context":"https:\/\/schema.org","@graph":[{"@type":"WebPage","@id":"https:\/\/www.hotelcristinacorona.it\/fr\/hotel-pet-friendly\/","url":"https:\/\/www.hotelcristinacorona.it\/fr\/hotel-pet-friendly\/","name":"H\u00f4tel acceptant les animaux domestiques \u00e0 Cattolica - Hotel Cristina Corona","isPartOf":{"@id":"https:\/\/www.hotelcristinacorona.it\/#website"},"datePublished":"2020-01-28T15:32:00+00:00","dateModified":"2020-02-14T11:17:20+00:00","description":"Les amis \u00e0 quatre pattes font partie de la famille et nous savons combien il est important pour vous d'\u00eatre \u00e0 l'aise en vacances avec des animaux. Ici, \u00e0 Cristina Corona, vous trouverez de nombreux services d\u00e9di\u00e9s \u00e0 votre ami et vous avez la possibilit\u00e9 de l'emmener \u00e0 la plage avec vous dans l'un des deux \u00e9tablissements \u00e0 seulement 10 minutes de l'h\u00f4tel!","breadcrumb":{"@id":"https:\/\/www.hotelcristinacorona.it\/fr\/hotel-pet-friendly\/#breadcrumb"},"inLanguage":"fr-FR","potentialAction":[{"@type":"ReadAction","target":["https:\/\/www.hotelcristinacorona.it\/fr\/hotel-pet-friendly\/"]}]},{"@type":"BreadcrumbList","@id":"https:\/\/www.hotelcristinacorona.it\/fr\/hotel-pet-friendly\/#breadcrumb","itemListElement":[{"@type":"ListItem","position":1,"name":"Home","item":"https:\/\/www.hotelcristinacorona.it\/fr\/"},{"@type":"ListItem","position":2,"name":"H\u00f4tel Pet friendly"}]},{"@type":"WebSite","@id":"https:\/\/www.hotelcristinacorona.it\/#website","url":"https:\/\/www.hotelcristinacorona.it\/","name":"Hotel Cristina Corona Cattolica","description":"","publisher":{"@id":"https:\/\/www.hotelcristinacorona.it\/#organization"},"potentialAction":[{"@type":"SearchAction","target":{"@type":"EntryPoint","urlTemplate":"https:\/\/www.hotelcristinacorona.it\/?s={search_term_string}"},"query-input":{"@type":"PropertyValueSpecification","valueRequired":true,"valueName":"search_term_string"}}],"inLanguage":"fr-FR"},{"@type":"Organization","@id":"https:\/\/www.hotelcristinacorona.it\/#organization","name":"Hotel Cristina Corona Cattolica","url":"https:\/\/www.hotelcristinacorona.it\/","logo":{"@type":"ImageObject","inLanguage":"fr-FR","@id":"https:\/\/www.hotelcristinacorona.it\/#\/schema\/logo\/image\/","url":"https:\/\/www.hotelcristinacorona.it\/wp-content\/uploads\/2019\/12\/logo.png","contentUrl":"https:\/\/www.hotelcristinacorona.it\/wp-content\/uploads\/2019\/12\/logo.png","width":431,"height":105,"caption":"Hotel Cristina Corona Cattolica"},"image":{"@id":"https:\/\/www.hotelcristinacorona.it\/#\/schema\/logo\/image\/"}}]}},"_links":{"self":[{"href":"https:\/\/www.hotelcristinacorona.it\/fr\/wp-json\/wp\/v2\/pages\/1186","targetHints":{"allow":["GET"]}}],"collection":[{"href":"https:\/\/www.hotelcristinacorona.it\/fr\/wp-json\/wp\/v2\/pages"}],"about":[{"href":"https:\/\/www.hotelcristinacorona.it\/fr\/wp-json\/wp\/v2\/types\/page"}],"author":[{"embeddable":true,"href":"https:\/\/www.hotelcristinacorona.it\/fr\/wp-json\/wp\/v2\/users\/1"}],"replies":[{"embeddable":true,"href":"https:\/\/www.hotelcristinacorona.it\/fr\/wp-json\/wp\/v2\/comments?post=1186"}],"version-history":[{"count":1,"href":"https:\/\/www.hotelcristinacorona.it\/fr\/wp-json\/wp\/v2\/pages\/1186\/revisions"}],"predecessor-version":[{"id":1187,"href":"https:\/\/www.hotelcristinacorona.it\/fr\/wp-json\/wp\/v2\/pages\/1186\/revisions\/1187"}],"wp:attachment":[{"href":"https:\/\/www.hotelcristinacorona.it\/fr\/wp-json\/wp\/v2\/media?parent=1186"}],"curies":[{"name":"wp","href":"https:\/\/api.w.org\/{rel}","templated":true}]}}