{"id":1192,"date":"2020-01-29T10:25:55","date_gmt":"2020-01-29T09:25:55","guid":{"rendered":"https:\/\/www.hotelcristinacorona.it\/forfaits-vacances\/"},"modified":"2020-01-29T10:27:56","modified_gmt":"2020-01-29T09:27:56","slug":"forfaits-vacances","status":"publish","type":"page","link":"https:\/\/www.hotelcristinacorona.it\/fr\/forfaits-vacances\/","title":{"rendered":"Forfaits vacances"},"content":{"rendered":"<p><strong>Les vacances signifient \u00e9motions<\/strong>, diff\u00e9rentes pour chacun, et toujours uniques. Des vacances \u00e0 passer <strong>en couple, en famille, avec les amis ou seul<\/strong>, en jouissant de chaque instant.<\/p>\n<p>Choisissez le forfait vacances qui vous convient le mieux. Il y a toujours quelque chose d\u2019immanquable, pour passer de merveilleuses <strong>vacances \u00e0 Cattolica.<\/strong><\/p>\n","protected":false},"excerpt":{"rendered":"<p>Les vacances signifient \u00e9motions, diff\u00e9rentes pour chacun, et toujours uniques. Des vacances \u00e0 passer en couple, en famille, avec les amis ou seul, en jouissant de chaque instant. Choisissez le forfait vacances qui vous convient [&#8230;]<\/p>\n<p><a class=\"btn btn-primary read-more-link\" href=\"https:\/\/www.hotelcristinacorona.it\/fr\/forfaits-vacances\/\">Leggi tutto<\/a><\/p>\n","protected":false},"author":1,"featured_media":0,"parent":0,"menu_order":109,"comment_status":"closed","ping_status":"closed","template":"page-templates\/riepilogo-offerte.php","meta":{"_acf_changed":false},"class_list":["post-1192","page","type-page","status-publish","hentry"],"acf":[],"yoast_head":"<!-- This site is optimized with the Yoast SEO plugin v23.9 - https:\/\/yoast.com\/wordpress\/plugins\/seo\/ -->\n<title>Offres d&#039;h\u00f4tels pour des vacances \u00e0 Cattolica - Hotel Cristina Corona<\/title>\n<meta name=\"description\" content=\"D\u00e9couvrez toutes les offres, forfaits et nos propositions pour vos vacances \u00e0 Cattolica. Nous vous attendons \u00e0 Cristina Corona!\" \/>\n<meta name=\"robots\" content=\"index, follow, max-snippet:-1, max-image-preview:large, max-video-preview:-1\" \/>\n<link rel=\"canonical\" href=\"https:\/\/www.hotelcristinacorona.it\/fr\/forfaits-vacances\/\" \/>\n<meta property=\"og:locale\" content=\"fr_FR\" \/>\n<meta property=\"og:type\" content=\"article\" \/>\n<meta property=\"og:title\" content=\"Offres d&#039;h\u00f4tels pour des vacances \u00e0 Cattolica - Hotel Cristina Corona\" \/>\n<meta property=\"og:description\" content=\"D\u00e9couvrez toutes les offres, forfaits et nos propositions pour vos vacances \u00e0 Cattolica. Nous vous attendons \u00e0 Cristina Corona!\" \/>\n<meta property=\"og:url\" content=\"https:\/\/www.hotelcristinacorona.it\/fr\/forfaits-vacances\/\" \/>\n<meta property=\"og:site_name\" content=\"Hotel Cristina Corona Cattolica\" \/>\n<meta property=\"article:modified_time\" content=\"2020-01-29T09:27:56+00:00\" \/>\n<meta name=\"twitter:card\" content=\"summary_large_image\" \/>\n<script type=\"application\/ld+json\" class=\"yoast-schema-graph\">{\"@context\":\"https:\/\/schema.org\",\"@graph\":[{\"@type\":\"WebPage\",\"@id\":\"https:\/\/www.hotelcristinacorona.it\/fr\/forfaits-vacances\/\",\"url\":\"https:\/\/www.hotelcristinacorona.it\/fr\/forfaits-vacances\/\",\"name\":\"Offres d'h\u00f4tels pour des vacances \u00e0 Cattolica - Hotel Cristina Corona\",\"isPartOf\":{\"@id\":\"https:\/\/www.hotelcristinacorona.it\/#website\"},\"datePublished\":\"2020-01-29T09:25:55+00:00\",\"dateModified\":\"2020-01-29T09:27:56+00:00\",\"description\":\"D\u00e9couvrez toutes les offres, forfaits et nos propositions pour vos vacances \u00e0 Cattolica. Nous vous attendons \u00e0 Cristina Corona!\",\"breadcrumb\":{\"@id\":\"https:\/\/www.hotelcristinacorona.it\/fr\/forfaits-vacances\/#breadcrumb\"},\"inLanguage\":\"fr-FR\",\"potentialAction\":[{\"@type\":\"ReadAction\",\"target\":[\"https:\/\/www.hotelcristinacorona.it\/fr\/forfaits-vacances\/\"]}]},{\"@type\":\"BreadcrumbList\",\"@id\":\"https:\/\/www.hotelcristinacorona.it\/fr\/forfaits-vacances\/#breadcrumb\",\"itemListElement\":[{\"@type\":\"ListItem\",\"position\":1,\"name\":\"Home\",\"item\":\"https:\/\/www.hotelcristinacorona.it\/fr\/\"},{\"@type\":\"ListItem\",\"position\":2,\"name\":\"Forfaits vacances\"}]},{\"@type\":\"WebSite\",\"@id\":\"https:\/\/www.hotelcristinacorona.it\/#website\",\"url\":\"https:\/\/www.hotelcristinacorona.it\/\",\"name\":\"Hotel Cristina Corona Cattolica\",\"description\":\"\",\"publisher\":{\"@id\":\"https:\/\/www.hotelcristinacorona.it\/#organization\"},\"potentialAction\":[{\"@type\":\"SearchAction\",\"target\":{\"@type\":\"EntryPoint\",\"urlTemplate\":\"https:\/\/www.hotelcristinacorona.it\/?s={search_term_string}\"},\"query-input\":{\"@type\":\"PropertyValueSpecification\",\"valueRequired\":true,\"valueName\":\"search_term_string\"}}],\"inLanguage\":\"fr-FR\"},{\"@type\":\"Organization\",\"@id\":\"https:\/\/www.hotelcristinacorona.it\/#organization\",\"name\":\"Hotel Cristina Corona Cattolica\",\"url\":\"https:\/\/www.hotelcristinacorona.it\/\",\"logo\":{\"@type\":\"ImageObject\",\"inLanguage\":\"fr-FR\",\"@id\":\"https:\/\/www.hotelcristinacorona.it\/#\/schema\/logo\/image\/\",\"url\":\"https:\/\/www.hotelcristinacorona.it\/wp-content\/uploads\/2019\/12\/logo.png\",\"contentUrl\":\"https:\/\/www.hotelcristinacorona.it\/wp-content\/uploads\/2019\/12\/logo.png\",\"width\":431,\"height\":105,\"caption\":\"Hotel Cristina Corona Cattolica\"},\"image\":{\"@id\":\"https:\/\/www.hotelcristinacorona.it\/#\/schema\/logo\/image\/\"}}]}<\/script>\n<!-- \/ Yoast SEO plugin. -->","yoast_head_json":{"title":"Offres d'h\u00f4tels pour des vacances \u00e0 Cattolica - Hotel Cristina Corona","description":"D\u00e9couvrez toutes les offres, forfaits et nos propositions pour vos vacances \u00e0 Cattolica. Nous vous attendons \u00e0 Cristina Corona!","robots":{"index":"index","follow":"follow","max-snippet":"max-snippet:-1","max-image-preview":"max-image-preview:large","max-video-preview":"max-video-preview:-1"},"canonical":"https:\/\/www.hotelcristinacorona.it\/fr\/forfaits-vacances\/","og_locale":"fr_FR","og_type":"article","og_title":"Offres d'h\u00f4tels pour des vacances \u00e0 Cattolica - Hotel Cristina Corona","og_description":"D\u00e9couvrez toutes les offres, forfaits et nos propositions pour vos vacances \u00e0 Cattolica. Nous vous attendons \u00e0 Cristina Corona!","og_url":"https:\/\/www.hotelcristinacorona.it\/fr\/forfaits-vacances\/","og_site_name":"Hotel Cristina Corona Cattolica","article_modified_time":"2020-01-29T09:27:56+00:00","twitter_card":"summary_large_image","schema":{"@context":"https:\/\/schema.org","@graph":[{"@type":"WebPage","@id":"https:\/\/www.hotelcristinacorona.it\/fr\/forfaits-vacances\/","url":"https:\/\/www.hotelcristinacorona.it\/fr\/forfaits-vacances\/","name":"Offres d'h\u00f4tels pour des vacances \u00e0 Cattolica - Hotel Cristina Corona","isPartOf":{"@id":"https:\/\/www.hotelcristinacorona.it\/#website"},"datePublished":"2020-01-29T09:25:55+00:00","dateModified":"2020-01-29T09:27:56+00:00","description":"D\u00e9couvrez toutes les offres, forfaits et nos propositions pour vos vacances \u00e0 Cattolica. Nous vous attendons \u00e0 Cristina Corona!","breadcrumb":{"@id":"https:\/\/www.hotelcristinacorona.it\/fr\/forfaits-vacances\/#breadcrumb"},"inLanguage":"fr-FR","potentialAction":[{"@type":"ReadAction","target":["https:\/\/www.hotelcristinacorona.it\/fr\/forfaits-vacances\/"]}]},{"@type":"BreadcrumbList","@id":"https:\/\/www.hotelcristinacorona.it\/fr\/forfaits-vacances\/#breadcrumb","itemListElement":[{"@type":"ListItem","position":1,"name":"Home","item":"https:\/\/www.hotelcristinacorona.it\/fr\/"},{"@type":"ListItem","position":2,"name":"Forfaits vacances"}]},{"@type":"WebSite","@id":"https:\/\/www.hotelcristinacorona.it\/#website","url":"https:\/\/www.hotelcristinacorona.it\/","name":"Hotel Cristina Corona Cattolica","description":"","publisher":{"@id":"https:\/\/www.hotelcristinacorona.it\/#organization"},"potentialAction":[{"@type":"SearchAction","target":{"@type":"EntryPoint","urlTemplate":"https:\/\/www.hotelcristinacorona.it\/?s={search_term_string}"},"query-input":{"@type":"PropertyValueSpecification","valueRequired":true,"valueName":"search_term_string"}}],"inLanguage":"fr-FR"},{"@type":"Organization","@id":"https:\/\/www.hotelcristinacorona.it\/#organization","name":"Hotel Cristina Corona Cattolica","url":"https:\/\/www.hotelcristinacorona.it\/","logo":{"@type":"ImageObject","inLanguage":"fr-FR","@id":"https:\/\/www.hotelcristinacorona.it\/#\/schema\/logo\/image\/","url":"https:\/\/www.hotelcristinacorona.it\/wp-content\/uploads\/2019\/12\/logo.png","contentUrl":"https:\/\/www.hotelcristinacorona.it\/wp-content\/uploads\/2019\/12\/logo.png","width":431,"height":105,"caption":"Hotel Cristina Corona Cattolica"},"image":{"@id":"https:\/\/www.hotelcristinacorona.it\/#\/schema\/logo\/image\/"}}]}},"_links":{"self":[{"href":"https:\/\/www.hotelcristinacorona.it\/fr\/wp-json\/wp\/v2\/pages\/1192","targetHints":{"allow":["GET"]}}],"collection":[{"href":"https:\/\/www.hotelcristinacorona.it\/fr\/wp-json\/wp\/v2\/pages"}],"about":[{"href":"https:\/\/www.hotelcristinacorona.it\/fr\/wp-json\/wp\/v2\/types\/page"}],"author":[{"embeddable":true,"href":"https:\/\/www.hotelcristinacorona.it\/fr\/wp-json\/wp\/v2\/users\/1"}],"replies":[{"embeddable":true,"href":"https:\/\/www.hotelcristinacorona.it\/fr\/wp-json\/wp\/v2\/comments?post=1192"}],"version-history":[{"count":1,"href":"https:\/\/www.hotelcristinacorona.it\/fr\/wp-json\/wp\/v2\/pages\/1192\/revisions"}],"predecessor-version":[{"id":1193,"href":"https:\/\/www.hotelcristinacorona.it\/fr\/wp-json\/wp\/v2\/pages\/1192\/revisions\/1193"}],"wp:attachment":[{"href":"https:\/\/www.hotelcristinacorona.it\/fr\/wp-json\/wp\/v2\/media?parent=1192"}],"curies":[{"name":"wp","href":"https:\/\/api.w.org\/{rel}","templated":true}]}}