{"id":1198,"date":"2020-01-29T10:46:27","date_gmt":"2020-01-29T09:46:27","guid":{"rendered":"https:\/\/www.hotelcristinacorona.it\/questions-frequentes\/"},"modified":"2020-02-12T12:28:30","modified_gmt":"2020-02-12T11:28:30","slug":"questions-frequentes","status":"publish","type":"page","link":"https:\/\/www.hotelcristinacorona.it\/fr\/questions-frequentes\/","title":{"rendered":"Questions fr\u00e9quentes"},"content":{"rendered":"<h4><strong>Quels sont les horaires du Check-in et du check-out?<\/strong><\/h4>\n<p>Il est possible de s\u2019enregistrer au banc d\u2019accueil \u00e0 partir de 11:30H. La sortie est requise avant 10:00H. Si la chambre est disponible avant, aucun probl\u00e8me \u00e0 vous la donner avant l\u2019heure<\/p>\n<p>&nbsp;<\/p>\n<h4><strong>Voyage avec des enfants en bas-\u00e2ge, comment faire pour les repas?<\/strong><\/h4>\n<p>Le chef pr\u00e9pare tous les jours un potage de l\u00e9gumes frais. Nous avons une cuisine r\u00e9serv\u00e9e aux mamans pour la pr\u00e9paration des repas, menus sp\u00e9ciaux pour enfants et bavoirs jetables. Les horaires des repas des enfants sont flexibles et, sur demande, il est possible d\u2019avoir le chauffe-biberon.<\/p>\n<p>&nbsp;<\/p>\n<h4><strong>Les boissons et la plage sont comprises dans le prix?<\/strong><\/h4>\n<p>Elles sont comprises dans le forfait vacances All inclusive qui comprend la plage avec un parasol et deux chaises longues \u00e0 la station baln\u00e9aire i Delfini beach village \u00e0 partir de la quatri\u00e8me rang\u00e9e, les boissons aux repas (eau, vin et boisson maison). Dans le forfait vacances All Inclusive le parking est compris.<\/p>\n<p>&nbsp;<\/p>\n<h4><strong>Est-il possible de laisser la voiture \u00e0 l\u2019h\u00f4tel?<\/strong><\/h4>\n<p>\u00c0 votre arriv\u00e9e, vous pourrez vous mettre \u00e0 l\u2019endroit r\u00e9serv\u00e9 au chargement\/d\u00e9chargement. Il y a des parkings gratuits dans la rue adjacente \u00e0 l\u2019h\u00f4tel et nous disposons d\u2019un parking \u00e0 700 m. Le parking est couvert et s\u00e9curis\u00e9 car cl\u00f4tur\u00e9 et surveill\u00e9. Une navette sera \u00e0 votre disposition.<\/p>\n<p>&nbsp;<\/p>\n<h4><strong>Faut-il envoyer un acompte pour la confirmation de la r\u00e9servation?<\/strong><\/h4>\n<p>Oui, pour confirmer la r\u00e9servation, il faut envoyer un acompte, \u00e0 titre indicatif, 20% du total, par mandat postal \u00e0 l\u2019adresse de l\u2019h\u00f4tel ou par virement bancaire.<\/p>\n<p>&nbsp;<\/p>\n<h4><strong>Que se passe-t-il en cas d\u2019annulation de la r\u00e9servation?<\/strong><\/h4>\n<p>L\u2019annulation est gratuite jusqu\u2019\u00e0 15 jours avant le s\u00e9jour avec restitution totale de l\u2019acompte, apr\u00e8s cette date l\u2019acompte est gard\u00e9 seulement si nous n\u2019arrivons pas \u00e0 relouer la chambre.<\/p>\n<p>&nbsp;<\/p>\n<h4><strong>Que se passe-t-il en cas de d\u00e9part anticip\u00e9?<\/strong><\/h4>\n<p>Nous demandons de payer 3 nuits apr\u00e8s la date du d\u00e9part anticip\u00e9.<\/p>\n<p>&nbsp;<\/p>\n<h4><strong>Y a-t-il des chambres communicantes ou pour les familles?<\/strong><\/h4>\n<p>Oui, vous pourrez choisir le type de chambre qui convient le plus \u00e0 votre famille. Nous avons des chambres communicantes de type Classic et Comfort.<\/p>\n<p>&nbsp;<\/p>\n<h4><strong>Que se passe-t-il si je ne prends pas mes repas au restaurant de l\u2019h\u00f4tel?<\/strong><\/h4>\n<p>Nous avons vraiment pens\u00e9 \u00e0 tout. Si vous ne pouvez prendre vos repas dans notre restaurant, nous vous pr\u00e9parons un panier voyage ou pique-nique.<\/p>\n<p>&nbsp;<\/p>\n<h4><strong>Pr\u00eatez-vous des v\u00e9los?<\/strong><\/h4>\n<p>Oui, nous avons des v\u00e9los \u00e0 disposition des clients, avec des si\u00e8ges pour enfants homologu\u00e9s et de diff\u00e9rentes dimensions<\/p>\n<p>&nbsp;<\/p>\n<h4><strong>Y a-t-il la connexion wifi?<\/strong><\/h4>\n<p>Oui, la connexion wifi est gratuite dans tout l\u2019h\u00f4tel. Vous pouvez vous connecter dans votre chambre en naviguant \u00e0 100 m\u00e9ga.<\/p>\n<p>&nbsp;<\/p>\n<h4><strong>Que faire \u00e0 Cattolica en cas de pluie?<\/strong><\/h4>\n<p>Il y a une infinit\u00e9 de choses \u00e0 faire lorsque le temps est capricieux. Si vous pr\u00e9f\u00e9rez rester dans le coin, vous pouvez aller \u00e0 l\u2019Aquarium dei Cattolica, au Museo della Marineria (Mus\u00e9e de la Marine) ou faire un tour avec les enfants \u00e0 Divertilandia, un parc de jeux avec des gonflables pour les enfants \u00e0 partir de 3 ans. <a href=\"https:\/\/www.hotelcristinacorona.it\/fr\/cattolica-la-reine-de-ladriatique\/\">Cattolica<\/a> dispose aussi d\u2019un cin\u00e9ma, d\u2019une biblioth\u00e8que, centre commercial, salles de jeux et beaucoup de magasins pour le shopping. Et \u00e0 propos de shopping, vous avez beaucoup d\u2019alternatives : les magasins de viale Ceccarini \u00e0 Riccione, le Centre Commercial Le Befane \u00e0 Rimini, Oliviero \u00e0 Misano Adriatico et le Centre Commercial Rossini \u00e0 Pesaro.<\/p>\n<p id=\"tw-target-text\" class=\"tw-data-text tw-text-large tw-ta\" dir=\"ltr\" data-placeholder=\"Traduzione\"><span lang=\"fr\">La Romagne a aussi un bel arri\u00e8re-pays, des collines, des ch\u00e2teaux, des villages, des bois &#8230; comme c&rsquo;est merveilleux! <a href=\"https:\/\/www.hotelcristinacorona.it\/fr\/decouvrez-larriere-pays\/\">Regardez imm\u00e9diatement les nombreuses richesses qu&rsquo;offre cette terre<\/a>.<\/span><\/p>\n<p>&nbsp;<\/p>\n<h4><strong>Que visiter \u00e0 Cattolica?<\/strong><\/h4>\n<p>Nous conseillons de visiter l\u2019Aquarium de Cattolica, le <a href=\"https:\/\/www.hotelcristinacorona.it\/fr\/cattolica-la-reine-de-ladriatique\/\">Mus\u00e9e de la Reine<\/a> et le Centre Culturel Polyvalent. \u00c0 quelques km se trouvent le c\u00e9l\u00e8bre Ch\u00e2teau de Gradara, la forteresse de Montefiore, le Ch\u00e2teau de San Leo et <a href=\"https:\/\/www.hotelcristinacorona.it\/fr\/urbino\/\">la magnifique Urbino<\/a>.<\/p>\n","protected":false},"excerpt":{"rendered":"<p>Quels sont les horaires du Check-in et du check-out? Il est possible de s\u2019enregistrer au banc d\u2019accueil \u00e0 partir de 11:30H. La sortie est requise avant 10:00H. Si la chambre est disponible avant, aucun probl\u00e8me [&#8230;]<\/p>\n<p><a class=\"btn btn-primary read-more-link\" href=\"https:\/\/www.hotelcristinacorona.it\/fr\/questions-frequentes\/\">Leggi tutto<\/a><\/p>\n","protected":false},"author":1,"featured_media":0,"parent":0,"menu_order":17,"comment_status":"closed","ping_status":"closed","template":"","meta":{"_acf_changed":false},"class_list":["post-1198","page","type-page","status-publish","hentry","buon_motivo-services-fr","buon_motivo-plage","buon_motivo-chambres"],"acf":[],"yoast_head":"<!-- This site is optimized with the Yoast SEO plugin v23.9 - https:\/\/yoast.com\/wordpress\/plugins\/seo\/ -->\n<title>Foire aux questions: trouvez les r\u00e9ponses que vous cherchez - Hotel Cristina Corona<\/title>\n<meta name=\"description\" content=\"Sur cette page, nous avons r\u00e9pondu \u00e0 toutes les questions qui nous sont fr\u00e9quemment pos\u00e9es: heure d&#039;arriv\u00e9e et de d\u00e9part, type de chambre, annulation ou d\u00e9part anticip\u00e9. Consultez-le pour trouver les r\u00e9ponses que vous recherchez.\" \/>\n<meta name=\"robots\" content=\"index, follow, max-snippet:-1, max-image-preview:large, max-video-preview:-1\" \/>\n<link rel=\"canonical\" href=\"https:\/\/www.hotelcristinacorona.it\/fr\/questions-frequentes\/\" \/>\n<meta property=\"og:locale\" content=\"fr_FR\" \/>\n<meta property=\"og:type\" content=\"article\" \/>\n<meta property=\"og:title\" content=\"Foire aux questions: trouvez les r\u00e9ponses que vous cherchez - Hotel Cristina Corona\" \/>\n<meta property=\"og:description\" content=\"Sur cette page, nous avons r\u00e9pondu \u00e0 toutes les questions qui nous sont fr\u00e9quemment pos\u00e9es: heure d&#039;arriv\u00e9e et de d\u00e9part, type de chambre, annulation ou d\u00e9part anticip\u00e9. Consultez-le pour trouver les r\u00e9ponses que vous recherchez.\" \/>\n<meta property=\"og:url\" content=\"https:\/\/www.hotelcristinacorona.it\/fr\/questions-frequentes\/\" \/>\n<meta property=\"og:site_name\" content=\"Hotel Cristina Corona Cattolica\" \/>\n<meta property=\"article:modified_time\" content=\"2020-02-12T11:28:30+00:00\" \/>\n<meta name=\"twitter:card\" content=\"summary_large_image\" \/>\n<meta name=\"twitter:label1\" content=\"Dur\u00e9e de lecture estim\u00e9e\" \/>\n\t<meta name=\"twitter:data1\" content=\"3 minutes\" \/>\n<script type=\"application\/ld+json\" class=\"yoast-schema-graph\">{\"@context\":\"https:\/\/schema.org\",\"@graph\":[{\"@type\":\"WebPage\",\"@id\":\"https:\/\/www.hotelcristinacorona.it\/fr\/questions-frequentes\/\",\"url\":\"https:\/\/www.hotelcristinacorona.it\/fr\/questions-frequentes\/\",\"name\":\"Foire aux questions: trouvez les r\u00e9ponses que vous cherchez - Hotel Cristina Corona\",\"isPartOf\":{\"@id\":\"https:\/\/www.hotelcristinacorona.it\/#website\"},\"datePublished\":\"2020-01-29T09:46:27+00:00\",\"dateModified\":\"2020-02-12T11:28:30+00:00\",\"description\":\"Sur cette page, nous avons r\u00e9pondu \u00e0 toutes les questions qui nous sont fr\u00e9quemment pos\u00e9es: heure d'arriv\u00e9e et de d\u00e9part, type de chambre, annulation ou d\u00e9part anticip\u00e9. Consultez-le pour trouver les r\u00e9ponses que vous recherchez.\",\"breadcrumb\":{\"@id\":\"https:\/\/www.hotelcristinacorona.it\/fr\/questions-frequentes\/#breadcrumb\"},\"inLanguage\":\"fr-FR\",\"potentialAction\":[{\"@type\":\"ReadAction\",\"target\":[\"https:\/\/www.hotelcristinacorona.it\/fr\/questions-frequentes\/\"]}]},{\"@type\":\"BreadcrumbList\",\"@id\":\"https:\/\/www.hotelcristinacorona.it\/fr\/questions-frequentes\/#breadcrumb\",\"itemListElement\":[{\"@type\":\"ListItem\",\"position\":1,\"name\":\"Home\",\"item\":\"https:\/\/www.hotelcristinacorona.it\/fr\/\"},{\"@type\":\"ListItem\",\"position\":2,\"name\":\"Questions fr\u00e9quentes\"}]},{\"@type\":\"WebSite\",\"@id\":\"https:\/\/www.hotelcristinacorona.it\/#website\",\"url\":\"https:\/\/www.hotelcristinacorona.it\/\",\"name\":\"Hotel Cristina Corona Cattolica\",\"description\":\"\",\"publisher\":{\"@id\":\"https:\/\/www.hotelcristinacorona.it\/#organization\"},\"potentialAction\":[{\"@type\":\"SearchAction\",\"target\":{\"@type\":\"EntryPoint\",\"urlTemplate\":\"https:\/\/www.hotelcristinacorona.it\/?s={search_term_string}\"},\"query-input\":{\"@type\":\"PropertyValueSpecification\",\"valueRequired\":true,\"valueName\":\"search_term_string\"}}],\"inLanguage\":\"fr-FR\"},{\"@type\":\"Organization\",\"@id\":\"https:\/\/www.hotelcristinacorona.it\/#organization\",\"name\":\"Hotel Cristina Corona Cattolica\",\"url\":\"https:\/\/www.hotelcristinacorona.it\/\",\"logo\":{\"@type\":\"ImageObject\",\"inLanguage\":\"fr-FR\",\"@id\":\"https:\/\/www.hotelcristinacorona.it\/#\/schema\/logo\/image\/\",\"url\":\"https:\/\/www.hotelcristinacorona.it\/wp-content\/uploads\/2019\/12\/logo.png\",\"contentUrl\":\"https:\/\/www.hotelcristinacorona.it\/wp-content\/uploads\/2019\/12\/logo.png\",\"width\":431,\"height\":105,\"caption\":\"Hotel Cristina Corona Cattolica\"},\"image\":{\"@id\":\"https:\/\/www.hotelcristinacorona.it\/#\/schema\/logo\/image\/\"}}]}<\/script>\n<!-- \/ Yoast SEO plugin. -->","yoast_head_json":{"title":"Foire aux questions: trouvez les r\u00e9ponses que vous cherchez - Hotel Cristina Corona","description":"Sur cette page, nous avons r\u00e9pondu \u00e0 toutes les questions qui nous sont fr\u00e9quemment pos\u00e9es: heure d'arriv\u00e9e et de d\u00e9part, type de chambre, annulation ou d\u00e9part anticip\u00e9. Consultez-le pour trouver les r\u00e9ponses que vous recherchez.","robots":{"index":"index","follow":"follow","max-snippet":"max-snippet:-1","max-image-preview":"max-image-preview:large","max-video-preview":"max-video-preview:-1"},"canonical":"https:\/\/www.hotelcristinacorona.it\/fr\/questions-frequentes\/","og_locale":"fr_FR","og_type":"article","og_title":"Foire aux questions: trouvez les r\u00e9ponses que vous cherchez - Hotel Cristina Corona","og_description":"Sur cette page, nous avons r\u00e9pondu \u00e0 toutes les questions qui nous sont fr\u00e9quemment pos\u00e9es: heure d'arriv\u00e9e et de d\u00e9part, type de chambre, annulation ou d\u00e9part anticip\u00e9. Consultez-le pour trouver les r\u00e9ponses que vous recherchez.","og_url":"https:\/\/www.hotelcristinacorona.it\/fr\/questions-frequentes\/","og_site_name":"Hotel Cristina Corona Cattolica","article_modified_time":"2020-02-12T11:28:30+00:00","twitter_card":"summary_large_image","twitter_misc":{"Dur\u00e9e de lecture estim\u00e9e":"3 minutes"},"schema":{"@context":"https:\/\/schema.org","@graph":[{"@type":"WebPage","@id":"https:\/\/www.hotelcristinacorona.it\/fr\/questions-frequentes\/","url":"https:\/\/www.hotelcristinacorona.it\/fr\/questions-frequentes\/","name":"Foire aux questions: trouvez les r\u00e9ponses que vous cherchez - Hotel Cristina Corona","isPartOf":{"@id":"https:\/\/www.hotelcristinacorona.it\/#website"},"datePublished":"2020-01-29T09:46:27+00:00","dateModified":"2020-02-12T11:28:30+00:00","description":"Sur cette page, nous avons r\u00e9pondu \u00e0 toutes les questions qui nous sont fr\u00e9quemment pos\u00e9es: heure d'arriv\u00e9e et de d\u00e9part, type de chambre, annulation ou d\u00e9part anticip\u00e9. Consultez-le pour trouver les r\u00e9ponses que vous recherchez.","breadcrumb":{"@id":"https:\/\/www.hotelcristinacorona.it\/fr\/questions-frequentes\/#breadcrumb"},"inLanguage":"fr-FR","potentialAction":[{"@type":"ReadAction","target":["https:\/\/www.hotelcristinacorona.it\/fr\/questions-frequentes\/"]}]},{"@type":"BreadcrumbList","@id":"https:\/\/www.hotelcristinacorona.it\/fr\/questions-frequentes\/#breadcrumb","itemListElement":[{"@type":"ListItem","position":1,"name":"Home","item":"https:\/\/www.hotelcristinacorona.it\/fr\/"},{"@type":"ListItem","position":2,"name":"Questions fr\u00e9quentes"}]},{"@type":"WebSite","@id":"https:\/\/www.hotelcristinacorona.it\/#website","url":"https:\/\/www.hotelcristinacorona.it\/","name":"Hotel Cristina Corona Cattolica","description":"","publisher":{"@id":"https:\/\/www.hotelcristinacorona.it\/#organization"},"potentialAction":[{"@type":"SearchAction","target":{"@type":"EntryPoint","urlTemplate":"https:\/\/www.hotelcristinacorona.it\/?s={search_term_string}"},"query-input":{"@type":"PropertyValueSpecification","valueRequired":true,"valueName":"search_term_string"}}],"inLanguage":"fr-FR"},{"@type":"Organization","@id":"https:\/\/www.hotelcristinacorona.it\/#organization","name":"Hotel Cristina Corona Cattolica","url":"https:\/\/www.hotelcristinacorona.it\/","logo":{"@type":"ImageObject","inLanguage":"fr-FR","@id":"https:\/\/www.hotelcristinacorona.it\/#\/schema\/logo\/image\/","url":"https:\/\/www.hotelcristinacorona.it\/wp-content\/uploads\/2019\/12\/logo.png","contentUrl":"https:\/\/www.hotelcristinacorona.it\/wp-content\/uploads\/2019\/12\/logo.png","width":431,"height":105,"caption":"Hotel Cristina Corona Cattolica"},"image":{"@id":"https:\/\/www.hotelcristinacorona.it\/#\/schema\/logo\/image\/"}}]}},"_links":{"self":[{"href":"https:\/\/www.hotelcristinacorona.it\/fr\/wp-json\/wp\/v2\/pages\/1198","targetHints":{"allow":["GET"]}}],"collection":[{"href":"https:\/\/www.hotelcristinacorona.it\/fr\/wp-json\/wp\/v2\/pages"}],"about":[{"href":"https:\/\/www.hotelcristinacorona.it\/fr\/wp-json\/wp\/v2\/types\/page"}],"author":[{"embeddable":true,"href":"https:\/\/www.hotelcristinacorona.it\/fr\/wp-json\/wp\/v2\/users\/1"}],"replies":[{"embeddable":true,"href":"https:\/\/www.hotelcristinacorona.it\/fr\/wp-json\/wp\/v2\/comments?post=1198"}],"version-history":[{"count":1,"href":"https:\/\/www.hotelcristinacorona.it\/fr\/wp-json\/wp\/v2\/pages\/1198\/revisions"}],"predecessor-version":[{"id":1199,"href":"https:\/\/www.hotelcristinacorona.it\/fr\/wp-json\/wp\/v2\/pages\/1198\/revisions\/1199"}],"wp:attachment":[{"href":"https:\/\/www.hotelcristinacorona.it\/fr\/wp-json\/wp\/v2\/media?parent=1198"}],"curies":[{"name":"wp","href":"https:\/\/api.w.org\/{rel}","templated":true}]}}