{"id":1265,"date":"2020-01-30T11:47:19","date_gmt":"2020-01-30T10:47:19","guid":{"rendered":"https:\/\/www.hotelcristinacorona.it\/notre-position\/"},"modified":"2023-01-24T17:07:21","modified_gmt":"2023-01-24T16:07:21","slug":"notre-position","status":"publish","type":"page","link":"https:\/\/www.hotelcristinacorona.it\/fr\/notre-position\/","title":{"rendered":"Notre position"},"content":{"rendered":"<p>L\u2019<strong>H\u00f4tel Cristina Corona se trouve via Bologna \u00e0 Cattolica<\/strong>, en un point strat\u00e9gique qui permet d\u2019arriver en quelques secondes \u00e0 la plage et d\u2019\u00eatre dans le centre touristique de la ville.<\/p>\n<p>Via Bologna est une rue transversale du bord de mer et de via Dante, la route avec les magasins et les bars, qui m\u00e8ne en 5 minutes \u00e0 la 1\u00b0 maggio, c\u00e9l\u00e8bre pour les fontaines dansantes.<\/p>\n<p>De l\u2019H\u00f4tel Cristina Corona on est tout de suite \u00e0 la plage, dans le centre et au c\u0153ur de vos vacances \u00e0 Cattolica.<\/p>\n<p>&nbsp;<\/p>\n<p><img fetchpriority=\"high\" decoding=\"async\" class=\"alignnone wp-image-1472 size-full\" src=\"https:\/\/www.hotelcristinacorona.it\/wp-content\/uploads\/2020\/02\/mappaCristinaCorona.jpg\" alt=\"\" width=\"1835\" height=\"944\" srcset=\"https:\/\/www.hotelcristinacorona.it\/wp-content\/uploads\/2020\/02\/mappaCristinaCorona.jpg 1835w, https:\/\/www.hotelcristinacorona.it\/wp-content\/uploads\/2020\/02\/mappaCristinaCorona-360x185.jpg 360w, https:\/\/www.hotelcristinacorona.it\/wp-content\/uploads\/2020\/02\/mappaCristinaCorona-768x395.jpg 768w, https:\/\/www.hotelcristinacorona.it\/wp-content\/uploads\/2020\/02\/mappaCristinaCorona-1536x790.jpg 1536w\" sizes=\"(max-width: 1835px) 100vw, 1835px\" \/><\/p>\n<p>&nbsp;<\/p>\n<p><strong>COMMENT ARRIVER EN AUTOMOBILE:<br \/>\n<\/strong>Apr\u00e8s la sortie de l\u2019autoroute A14 \u00ab Cattolica \u2013 San Giovanni in M. \u2013 Gabicce Mare \u00bb, tourner \u00e0 droite et continuer Via Saludecese, et puis franchir trois ronds-points. En correspondance du dernier rond-point, continuer sur Via Ferrara, tout droit jusqu\u2019\u00e0 via Violante Del Prete, puis au croisement tourner \u00e0 droite et continuer tout droit. Tourner via Bologna (deuxi\u00e8me route \u00e0 gauche), encore tout droit, apr\u00e8s le croisement avec Via Dante Alighieri et apr\u00e8s quelques m\u00e8tres sur la gauche, vous \u00eates arriv\u00e9.<\/p>\n<p>&nbsp;<\/p>\n<p><strong>COMMENT ARRIVER EN TRAIN:<\/strong><br \/>\nArriv\u00e9 \u00e0 la gare de Cattolica, vous pouvez choisir si prendre un taxi ou venir \u00e0 pied.<br \/>\nC\u2019est une promenade de 15 minutes : de la gare prendre la direction nord-ouest Piazzale Stazione vers via Nazario Sauro. Continuez via Cavour, tourner \u00e0 gauche et prendre via M. D\u2019Azeglio. Tourner alors \u00e0 droite via Indipendenza, au premier rond-point prendre la 1\u00e8re sortie en suivant via Giuseppe Mazzini. Arriv\u00e9 \u00e0 Piazza Antonio Gramsci prendre la 2\u00e8me sortie et prendre via Fiume.<br \/>\nTourner \u00e0 gauche et prendre via Dante, tourner \u00e0 droite et prendre via Bologna o\u00f9 vous trouvez notre h\u00f4tel sur la gauche.<\/p>\n<p>&nbsp;<\/p>\n<p><strong>COMMENT ARRIVER EN AVION<\/strong>:<br \/>\nSi vous voyagez en avion, nous vous conseillons d\u2019atterrir \u00e0 l\u2019A\u00e9roport de Bologne ou celui de Rimini.<br \/>\nDe l\u2019a\u00e9roport de Bologne, vous pouvez prendre le Shuttle, le bus qui vous emm\u00e8ne \u00e0 la gare de Rimini.<br \/>\nL\u2019A\u00e9roport de Rimini est reli\u00e9 \u00e0 la gare ferroviaire par une navette.<\/p>\n","protected":false},"excerpt":{"rendered":"<p>L\u2019H\u00f4tel Cristina Corona se trouve via Bologna \u00e0 Cattolica, en un point strat\u00e9gique qui permet d\u2019arriver en quelques secondes \u00e0 la plage et d\u2019\u00eatre dans le centre touristique de la ville. Via Bologna est une [&#8230;]<\/p>\n<p><a class=\"btn btn-primary read-more-link\" href=\"https:\/\/www.hotelcristinacorona.it\/fr\/notre-position\/\">Leggi tutto<\/a><\/p>\n","protected":false},"author":1,"featured_media":0,"parent":0,"menu_order":47,"comment_status":"closed","ping_status":"closed","template":"","meta":{"_acf_changed":false},"class_list":["post-1265","page","type-page","status-publish","hentry","buon_motivo-cattolica-fr","buon_motivo-plage","buon_motivo-position"],"acf":[],"yoast_head":"<!-- This site is optimized with the Yoast SEO plugin v23.9 - https:\/\/yoast.com\/wordpress\/plugins\/seo\/ -->\n<title>H\u00f4tel pr\u00e8s de la mer et du centre de Cattolica - Hotel Cristina Corona<\/title>\n<meta name=\"description\" content=\"L&#039;H\u00f4tel Cristina Corona est situ\u00e9 \u00e0 Cattolica dans la Via Bologna, une rue lat\u00e9rale de Viale Dante pr\u00e8s du centre et de la mer. Le soir, Viale Dante devient une zone pi\u00e9tonne avec des magasins, des bars et des glaciers.\" \/>\n<meta name=\"robots\" content=\"index, follow, max-snippet:-1, max-image-preview:large, max-video-preview:-1\" \/>\n<link rel=\"canonical\" href=\"https:\/\/www.hotelcristinacorona.it\/fr\/notre-position\/\" \/>\n<meta property=\"og:locale\" content=\"fr_FR\" \/>\n<meta property=\"og:type\" content=\"article\" \/>\n<meta property=\"og:title\" content=\"H\u00f4tel pr\u00e8s de la mer et du centre de Cattolica - Hotel Cristina Corona\" \/>\n<meta property=\"og:description\" content=\"L&#039;H\u00f4tel Cristina Corona est situ\u00e9 \u00e0 Cattolica dans la Via Bologna, une rue lat\u00e9rale de Viale Dante pr\u00e8s du centre et de la mer. Le soir, Viale Dante devient une zone pi\u00e9tonne avec des magasins, des bars et des glaciers.\" \/>\n<meta property=\"og:url\" content=\"https:\/\/www.hotelcristinacorona.it\/fr\/notre-position\/\" \/>\n<meta property=\"og:site_name\" content=\"Hotel Cristina Corona Cattolica\" \/>\n<meta property=\"article:modified_time\" content=\"2023-01-24T16:07:21+00:00\" \/>\n<meta property=\"og:image\" content=\"https:\/\/www.hotelcristinacorona.it\/wp-content\/uploads\/2020\/02\/mappaCristinaCorona.jpg\" \/>\n<meta name=\"twitter:card\" content=\"summary_large_image\" \/>\n<meta name=\"twitter:label1\" content=\"Dur\u00e9e de lecture estim\u00e9e\" \/>\n\t<meta name=\"twitter:data1\" content=\"2 minutes\" \/>\n<script type=\"application\/ld+json\" class=\"yoast-schema-graph\">{\"@context\":\"https:\/\/schema.org\",\"@graph\":[{\"@type\":\"WebPage\",\"@id\":\"https:\/\/www.hotelcristinacorona.it\/fr\/notre-position\/\",\"url\":\"https:\/\/www.hotelcristinacorona.it\/fr\/notre-position\/\",\"name\":\"H\u00f4tel pr\u00e8s de la mer et du centre de Cattolica - Hotel Cristina Corona\",\"isPartOf\":{\"@id\":\"https:\/\/www.hotelcristinacorona.it\/#website\"},\"primaryImageOfPage\":{\"@id\":\"https:\/\/www.hotelcristinacorona.it\/fr\/notre-position\/#primaryimage\"},\"image\":{\"@id\":\"https:\/\/www.hotelcristinacorona.it\/fr\/notre-position\/#primaryimage\"},\"thumbnailUrl\":\"https:\/\/www.hotelcristinacorona.it\/wp-content\/uploads\/2020\/02\/mappaCristinaCorona.jpg\",\"datePublished\":\"2020-01-30T10:47:19+00:00\",\"dateModified\":\"2023-01-24T16:07:21+00:00\",\"description\":\"L'H\u00f4tel Cristina Corona est situ\u00e9 \u00e0 Cattolica dans la Via Bologna, une rue lat\u00e9rale de Viale Dante pr\u00e8s du centre et de la mer. Le soir, Viale Dante devient une zone pi\u00e9tonne avec des magasins, des bars et des glaciers.\",\"breadcrumb\":{\"@id\":\"https:\/\/www.hotelcristinacorona.it\/fr\/notre-position\/#breadcrumb\"},\"inLanguage\":\"fr-FR\",\"potentialAction\":[{\"@type\":\"ReadAction\",\"target\":[\"https:\/\/www.hotelcristinacorona.it\/fr\/notre-position\/\"]}]},{\"@type\":\"ImageObject\",\"inLanguage\":\"fr-FR\",\"@id\":\"https:\/\/www.hotelcristinacorona.it\/fr\/notre-position\/#primaryimage\",\"url\":\"https:\/\/www.hotelcristinacorona.it\/wp-content\/uploads\/2020\/02\/mappaCristinaCorona.jpg\",\"contentUrl\":\"https:\/\/www.hotelcristinacorona.it\/wp-content\/uploads\/2020\/02\/mappaCristinaCorona.jpg\"},{\"@type\":\"BreadcrumbList\",\"@id\":\"https:\/\/www.hotelcristinacorona.it\/fr\/notre-position\/#breadcrumb\",\"itemListElement\":[{\"@type\":\"ListItem\",\"position\":1,\"name\":\"Home\",\"item\":\"https:\/\/www.hotelcristinacorona.it\/fr\/\"},{\"@type\":\"ListItem\",\"position\":2,\"name\":\"Notre position\"}]},{\"@type\":\"WebSite\",\"@id\":\"https:\/\/www.hotelcristinacorona.it\/#website\",\"url\":\"https:\/\/www.hotelcristinacorona.it\/\",\"name\":\"Hotel Cristina Corona Cattolica\",\"description\":\"\",\"publisher\":{\"@id\":\"https:\/\/www.hotelcristinacorona.it\/#organization\"},\"potentialAction\":[{\"@type\":\"SearchAction\",\"target\":{\"@type\":\"EntryPoint\",\"urlTemplate\":\"https:\/\/www.hotelcristinacorona.it\/?s={search_term_string}\"},\"query-input\":{\"@type\":\"PropertyValueSpecification\",\"valueRequired\":true,\"valueName\":\"search_term_string\"}}],\"inLanguage\":\"fr-FR\"},{\"@type\":\"Organization\",\"@id\":\"https:\/\/www.hotelcristinacorona.it\/#organization\",\"name\":\"Hotel Cristina Corona Cattolica\",\"url\":\"https:\/\/www.hotelcristinacorona.it\/\",\"logo\":{\"@type\":\"ImageObject\",\"inLanguage\":\"fr-FR\",\"@id\":\"https:\/\/www.hotelcristinacorona.it\/#\/schema\/logo\/image\/\",\"url\":\"https:\/\/www.hotelcristinacorona.it\/wp-content\/uploads\/2019\/12\/logo.png\",\"contentUrl\":\"https:\/\/www.hotelcristinacorona.it\/wp-content\/uploads\/2019\/12\/logo.png\",\"width\":431,\"height\":105,\"caption\":\"Hotel Cristina Corona Cattolica\"},\"image\":{\"@id\":\"https:\/\/www.hotelcristinacorona.it\/#\/schema\/logo\/image\/\"}}]}<\/script>\n<!-- \/ Yoast SEO plugin. -->","yoast_head_json":{"title":"H\u00f4tel pr\u00e8s de la mer et du centre de Cattolica - Hotel Cristina Corona","description":"L'H\u00f4tel Cristina Corona est situ\u00e9 \u00e0 Cattolica dans la Via Bologna, une rue lat\u00e9rale de Viale Dante pr\u00e8s du centre et de la mer. Le soir, Viale Dante devient une zone pi\u00e9tonne avec des magasins, des bars et des glaciers.","robots":{"index":"index","follow":"follow","max-snippet":"max-snippet:-1","max-image-preview":"max-image-preview:large","max-video-preview":"max-video-preview:-1"},"canonical":"https:\/\/www.hotelcristinacorona.it\/fr\/notre-position\/","og_locale":"fr_FR","og_type":"article","og_title":"H\u00f4tel pr\u00e8s de la mer et du centre de Cattolica - Hotel Cristina Corona","og_description":"L'H\u00f4tel Cristina Corona est situ\u00e9 \u00e0 Cattolica dans la Via Bologna, une rue lat\u00e9rale de Viale Dante pr\u00e8s du centre et de la mer. Le soir, Viale Dante devient une zone pi\u00e9tonne avec des magasins, des bars et des glaciers.","og_url":"https:\/\/www.hotelcristinacorona.it\/fr\/notre-position\/","og_site_name":"Hotel Cristina Corona Cattolica","article_modified_time":"2023-01-24T16:07:21+00:00","og_image":[{"url":"https:\/\/www.hotelcristinacorona.it\/wp-content\/uploads\/2020\/02\/mappaCristinaCorona.jpg"}],"twitter_card":"summary_large_image","twitter_misc":{"Dur\u00e9e de lecture estim\u00e9e":"2 minutes"},"schema":{"@context":"https:\/\/schema.org","@graph":[{"@type":"WebPage","@id":"https:\/\/www.hotelcristinacorona.it\/fr\/notre-position\/","url":"https:\/\/www.hotelcristinacorona.it\/fr\/notre-position\/","name":"H\u00f4tel pr\u00e8s de la mer et du centre de Cattolica - Hotel Cristina Corona","isPartOf":{"@id":"https:\/\/www.hotelcristinacorona.it\/#website"},"primaryImageOfPage":{"@id":"https:\/\/www.hotelcristinacorona.it\/fr\/notre-position\/#primaryimage"},"image":{"@id":"https:\/\/www.hotelcristinacorona.it\/fr\/notre-position\/#primaryimage"},"thumbnailUrl":"https:\/\/www.hotelcristinacorona.it\/wp-content\/uploads\/2020\/02\/mappaCristinaCorona.jpg","datePublished":"2020-01-30T10:47:19+00:00","dateModified":"2023-01-24T16:07:21+00:00","description":"L'H\u00f4tel Cristina Corona est situ\u00e9 \u00e0 Cattolica dans la Via Bologna, une rue lat\u00e9rale de Viale Dante pr\u00e8s du centre et de la mer. Le soir, Viale Dante devient une zone pi\u00e9tonne avec des magasins, des bars et des glaciers.","breadcrumb":{"@id":"https:\/\/www.hotelcristinacorona.it\/fr\/notre-position\/#breadcrumb"},"inLanguage":"fr-FR","potentialAction":[{"@type":"ReadAction","target":["https:\/\/www.hotelcristinacorona.it\/fr\/notre-position\/"]}]},{"@type":"ImageObject","inLanguage":"fr-FR","@id":"https:\/\/www.hotelcristinacorona.it\/fr\/notre-position\/#primaryimage","url":"https:\/\/www.hotelcristinacorona.it\/wp-content\/uploads\/2020\/02\/mappaCristinaCorona.jpg","contentUrl":"https:\/\/www.hotelcristinacorona.it\/wp-content\/uploads\/2020\/02\/mappaCristinaCorona.jpg"},{"@type":"BreadcrumbList","@id":"https:\/\/www.hotelcristinacorona.it\/fr\/notre-position\/#breadcrumb","itemListElement":[{"@type":"ListItem","position":1,"name":"Home","item":"https:\/\/www.hotelcristinacorona.it\/fr\/"},{"@type":"ListItem","position":2,"name":"Notre position"}]},{"@type":"WebSite","@id":"https:\/\/www.hotelcristinacorona.it\/#website","url":"https:\/\/www.hotelcristinacorona.it\/","name":"Hotel Cristina Corona Cattolica","description":"","publisher":{"@id":"https:\/\/www.hotelcristinacorona.it\/#organization"},"potentialAction":[{"@type":"SearchAction","target":{"@type":"EntryPoint","urlTemplate":"https:\/\/www.hotelcristinacorona.it\/?s={search_term_string}"},"query-input":{"@type":"PropertyValueSpecification","valueRequired":true,"valueName":"search_term_string"}}],"inLanguage":"fr-FR"},{"@type":"Organization","@id":"https:\/\/www.hotelcristinacorona.it\/#organization","name":"Hotel Cristina Corona Cattolica","url":"https:\/\/www.hotelcristinacorona.it\/","logo":{"@type":"ImageObject","inLanguage":"fr-FR","@id":"https:\/\/www.hotelcristinacorona.it\/#\/schema\/logo\/image\/","url":"https:\/\/www.hotelcristinacorona.it\/wp-content\/uploads\/2019\/12\/logo.png","contentUrl":"https:\/\/www.hotelcristinacorona.it\/wp-content\/uploads\/2019\/12\/logo.png","width":431,"height":105,"caption":"Hotel Cristina Corona Cattolica"},"image":{"@id":"https:\/\/www.hotelcristinacorona.it\/#\/schema\/logo\/image\/"}}]}},"_links":{"self":[{"href":"https:\/\/www.hotelcristinacorona.it\/fr\/wp-json\/wp\/v2\/pages\/1265","targetHints":{"allow":["GET"]}}],"collection":[{"href":"https:\/\/www.hotelcristinacorona.it\/fr\/wp-json\/wp\/v2\/pages"}],"about":[{"href":"https:\/\/www.hotelcristinacorona.it\/fr\/wp-json\/wp\/v2\/types\/page"}],"author":[{"embeddable":true,"href":"https:\/\/www.hotelcristinacorona.it\/fr\/wp-json\/wp\/v2\/users\/1"}],"replies":[{"embeddable":true,"href":"https:\/\/www.hotelcristinacorona.it\/fr\/wp-json\/wp\/v2\/comments?post=1265"}],"version-history":[{"count":2,"href":"https:\/\/www.hotelcristinacorona.it\/fr\/wp-json\/wp\/v2\/pages\/1265\/revisions"}],"predecessor-version":[{"id":5022,"href":"https:\/\/www.hotelcristinacorona.it\/fr\/wp-json\/wp\/v2\/pages\/1265\/revisions\/5022"}],"wp:attachment":[{"href":"https:\/\/www.hotelcristinacorona.it\/fr\/wp-json\/wp\/v2\/media?parent=1265"}],"curies":[{"name":"wp","href":"https:\/\/api.w.org\/{rel}","templated":true}]}}