{"id":1267,"date":"2020-01-30T11:59:48","date_gmt":"2020-01-30T10:59:48","guid":{"rendered":"https:\/\/www.hotelcristinacorona.it\/cattolica-la-reine-de-ladriatique\/"},"modified":"2020-02-10T14:35:21","modified_gmt":"2020-02-10T13:35:21","slug":"cattolica-la-reine-de-ladriatique","status":"publish","type":"page","link":"https:\/\/www.hotelcristinacorona.it\/fr\/cattolica-la-reine-de-ladriatique\/","title":{"rendered":"Cattolica, la Reine de l\u2019Adriatique"},"content":{"rendered":"<p>Savez-vous que Cattolica est consid\u00e9r\u00e9e la Reine de l\u2019Adriatique?<br \/>\n<strong>Ancien bourg de p\u00eacheurs,<\/strong> elle est aujourd\u2019hui l\u2019une des localit\u00e9s touristiques les plus connues en Italie et elle accueille chaque ann\u00e9e des milliers de touristes qui passent leurs vacances \u00e0 la mer.<\/p>\n<p>Zones pi\u00e9tonni\u00e8res, <strong>places avec des fontaines, \u00e9glises historiques<\/strong>, un mus\u00e9e, le Teatro della Regina et l\u2019ar\u00e8ne pour les concerts en \u00e9t\u00e9.<\/p>\n<p>Gr\u00e2ce \u00e0 sa <strong>position strat\u00e9gique sous le Mont de Gabicce<\/strong>, Cattolica jouit d\u2019un climat doux unique en \u00c9milie-Romagne, que les touristes appr\u00e9cient beaucoup ainsi que nous les habitants.<br \/>\n<strong>Entour\u00e9e des collines verdoyantes de l\u2019arri\u00e8re-pays<\/strong> regorgeant de bourgs, ch\u00e2teaux m\u00e9di\u00e9vaux et hameaux, <strong>Cattolica donne sur la mer<\/strong> et sur une grande plage de<strong> sable fin<\/strong>, id\u00e9ale pour de longues balades pieds nus.<br \/>\nUne position vraiment tr\u00e8s pratique pour des vacances actives!<\/p>\n<p><a href=\"https:\/\/www.hotelcristinacorona.it\/fr\/decouvrez-larriere-pays\/\">D\u00e9couvrez l\u2019arri\u00e8re-pays &gt;&gt;<\/a><\/p>\n<p><a href=\"https:\/\/www.hotelcristinacorona.it\/fr\/parcs-dattractions\/\">D\u00e9couvrez les parcs \u00e0 th\u00e8me &gt;&gt;<\/a><\/p>\n<p><a href=\"https:\/\/www.hotelcristinacorona.it\/fr\/horses-riviera-resort\/\">Riviera Horses &gt;&gt;<\/a><\/p>\n<p><a href=\"https:\/\/www.hotelcristinacorona.it\/fr\/faire-du-shopping-a-cattolica\/\">Shopping \u00e0 Cattolica &gt;&gt;<\/a><\/p>\n<p>Voici quelques conseils.<br \/>\nSi vous aimez le shopping, une <strong>balade via Dante<\/strong> (pi\u00e9tonni\u00e8re toute l\u2019ann\u00e9e !) est parfaite.<br \/>\nCette route, avec des boutiques, d\u2019<strong>\u00e9l\u00e9gants magasins<\/strong>, glaciers et <strong>bars typiques,<\/strong> m\u00e8ne d\u2019un c\u00f4t\u00e9 vers Piazza delle Fontane, de l\u2019autre vers le Parco Le Navi.<\/p>\n<p>Une promenade suggestive le jour ou la nuit sur le <strong>banc du port<\/strong> o\u00f9 \u00e9couter le son des vagues, respirer le <strong>parfum de la mer<\/strong> et admirer la beaut\u00e9 des bateaux de p\u00eache qui vont p\u00eacher ou qui rentrent avec du poisson frais et des fruits de mer.<\/p>\n<p><strong>Cattolica conserve aussi toute son histoire.<\/strong> Le centre de la ville regorge de visites tr\u00e8s int\u00e9ressantes, de l\u2019ancienne \u00e9glise de San Apollinare du XIII\u00e8me si\u00e8cle, aux \u00abGalleria di S. Croce et <strong>Torre Malatestiana de 1490<\/strong>\u00bb.<br \/>\nL\u2019ancien h\u00f4pital accueille aujourd\u2019hui le <strong>Museo della Regina<\/strong>, l\u2019immancable mus\u00e9e civique de Cattolica, o\u00f9 admirer une <strong>section arch\u00e9ologique<\/strong> (avec des mat\u00e9riaux de l\u2019\u00e2ge du bronze et de l\u2019\u00e9poque romaine) et la <strong>section de la Marine<\/strong>, qui conserve des pi\u00e8ces uniques comme les <strong>mod\u00e8les d\u2019embarcations de diff\u00e9rentes \u00e9poques historiques.<\/strong><\/p>\n<p>Pendant vos vacances, vous pouvez aussi organiser diff\u00e9rentes excursions pour <strong>explorer l\u2019arri\u00e8re-pays<\/strong> et participer aux \u00e9v\u00e9nements uniques comme les <strong>f\u00eates foraines<\/strong>, concerts, <strong>march\u00e9s typiques<\/strong>, jeux pour enfants et <strong>tournois sportifs.<\/strong><br \/>\nParmi les spectacles il y a le rendez-vous fixe du <strong>Show des fontaines dansantes Piazza le 1er mai.<\/strong> C\u2019est un \u00e9v\u00e9nement traditionnel pour la ville, qui donne beaucoup d\u2019\u00e9motions gr\u00e2ce aux magnifiques jets d\u2019eau aux couleurs vivaces qui dansent au rythme de la musique.<\/p>\n","protected":false},"excerpt":{"rendered":"<p>Savez-vous que Cattolica est consid\u00e9r\u00e9e la Reine de l\u2019Adriatique? Ancien bourg de p\u00eacheurs, elle est aujourd\u2019hui l\u2019une des localit\u00e9s touristiques les plus connues en Italie et elle accueille chaque ann\u00e9e des milliers de touristes qui [&#8230;]<\/p>\n<p><a class=\"btn btn-primary read-more-link\" href=\"https:\/\/www.hotelcristinacorona.it\/fr\/cattolica-la-reine-de-ladriatique\/\">Leggi tutto<\/a><\/p>\n","protected":false},"author":1,"featured_media":0,"parent":0,"menu_order":42,"comment_status":"closed","ping_status":"closed","template":"","meta":{"_acf_changed":false},"class_list":["post-1267","page","type-page","status-publish","hentry","buon_motivo-arriere-pays","buon_motivo-position","buon_motivo-produits-locaux"],"acf":[],"yoast_head":"<!-- This site is optimized with the Yoast SEO plugin v23.9 - https:\/\/yoast.com\/wordpress\/plugins\/seo\/ -->\n<title>Visitez Cattolica - Hotel Cristina Corona<\/title>\n<meta name=\"description\" content=\"Surnomm\u00e9e la Reine de l&#039;Adriatique, Cattolica est riche en histoire et en culture surtout connue pour son climat doux et ses plages de sable fin. C&#039;est l&#039;endroit id\u00e9al pour une plage et des vacances reposantes et la Cristina Corona est situ\u00e9e entre la mer et le centre parfait pour la visiter.\" \/>\n<meta name=\"robots\" content=\"index, follow, max-snippet:-1, max-image-preview:large, max-video-preview:-1\" \/>\n<link rel=\"canonical\" href=\"https:\/\/www.hotelcristinacorona.it\/fr\/cattolica-la-reine-de-ladriatique\/\" \/>\n<meta property=\"og:locale\" content=\"fr_FR\" \/>\n<meta property=\"og:type\" content=\"article\" \/>\n<meta property=\"og:title\" content=\"Visitez Cattolica - Hotel Cristina Corona\" \/>\n<meta property=\"og:description\" content=\"Surnomm\u00e9e la Reine de l&#039;Adriatique, Cattolica est riche en histoire et en culture surtout connue pour son climat doux et ses plages de sable fin. C&#039;est l&#039;endroit id\u00e9al pour une plage et des vacances reposantes et la Cristina Corona est situ\u00e9e entre la mer et le centre parfait pour la visiter.\" \/>\n<meta property=\"og:url\" content=\"https:\/\/www.hotelcristinacorona.it\/fr\/cattolica-la-reine-de-ladriatique\/\" \/>\n<meta property=\"og:site_name\" content=\"Hotel Cristina Corona Cattolica\" \/>\n<meta property=\"article:modified_time\" content=\"2020-02-10T13:35:21+00:00\" \/>\n<meta name=\"twitter:card\" content=\"summary_large_image\" \/>\n<meta name=\"twitter:label1\" content=\"Dur\u00e9e de lecture estim\u00e9e\" \/>\n\t<meta name=\"twitter:data1\" content=\"2 minutes\" \/>\n<script type=\"application\/ld+json\" class=\"yoast-schema-graph\">{\"@context\":\"https:\/\/schema.org\",\"@graph\":[{\"@type\":\"WebPage\",\"@id\":\"https:\/\/www.hotelcristinacorona.it\/fr\/cattolica-la-reine-de-ladriatique\/\",\"url\":\"https:\/\/www.hotelcristinacorona.it\/fr\/cattolica-la-reine-de-ladriatique\/\",\"name\":\"Visitez Cattolica - Hotel Cristina Corona\",\"isPartOf\":{\"@id\":\"https:\/\/www.hotelcristinacorona.it\/#website\"},\"datePublished\":\"2020-01-30T10:59:48+00:00\",\"dateModified\":\"2020-02-10T13:35:21+00:00\",\"description\":\"Surnomm\u00e9e la Reine de l'Adriatique, Cattolica est riche en histoire et en culture surtout connue pour son climat doux et ses plages de sable fin. C'est l'endroit id\u00e9al pour une plage et des vacances reposantes et la Cristina Corona est situ\u00e9e entre la mer et le centre parfait pour la visiter.\",\"breadcrumb\":{\"@id\":\"https:\/\/www.hotelcristinacorona.it\/fr\/cattolica-la-reine-de-ladriatique\/#breadcrumb\"},\"inLanguage\":\"fr-FR\",\"potentialAction\":[{\"@type\":\"ReadAction\",\"target\":[\"https:\/\/www.hotelcristinacorona.it\/fr\/cattolica-la-reine-de-ladriatique\/\"]}]},{\"@type\":\"BreadcrumbList\",\"@id\":\"https:\/\/www.hotelcristinacorona.it\/fr\/cattolica-la-reine-de-ladriatique\/#breadcrumb\",\"itemListElement\":[{\"@type\":\"ListItem\",\"position\":1,\"name\":\"Home\",\"item\":\"https:\/\/www.hotelcristinacorona.it\/fr\/\"},{\"@type\":\"ListItem\",\"position\":2,\"name\":\"Cattolica, la Reine de l\u2019Adriatique\"}]},{\"@type\":\"WebSite\",\"@id\":\"https:\/\/www.hotelcristinacorona.it\/#website\",\"url\":\"https:\/\/www.hotelcristinacorona.it\/\",\"name\":\"Hotel Cristina Corona Cattolica\",\"description\":\"\",\"publisher\":{\"@id\":\"https:\/\/www.hotelcristinacorona.it\/#organization\"},\"potentialAction\":[{\"@type\":\"SearchAction\",\"target\":{\"@type\":\"EntryPoint\",\"urlTemplate\":\"https:\/\/www.hotelcristinacorona.it\/?s={search_term_string}\"},\"query-input\":{\"@type\":\"PropertyValueSpecification\",\"valueRequired\":true,\"valueName\":\"search_term_string\"}}],\"inLanguage\":\"fr-FR\"},{\"@type\":\"Organization\",\"@id\":\"https:\/\/www.hotelcristinacorona.it\/#organization\",\"name\":\"Hotel Cristina Corona Cattolica\",\"url\":\"https:\/\/www.hotelcristinacorona.it\/\",\"logo\":{\"@type\":\"ImageObject\",\"inLanguage\":\"fr-FR\",\"@id\":\"https:\/\/www.hotelcristinacorona.it\/#\/schema\/logo\/image\/\",\"url\":\"https:\/\/www.hotelcristinacorona.it\/wp-content\/uploads\/2019\/12\/logo.png\",\"contentUrl\":\"https:\/\/www.hotelcristinacorona.it\/wp-content\/uploads\/2019\/12\/logo.png\",\"width\":431,\"height\":105,\"caption\":\"Hotel Cristina Corona Cattolica\"},\"image\":{\"@id\":\"https:\/\/www.hotelcristinacorona.it\/#\/schema\/logo\/image\/\"}}]}<\/script>\n<!-- \/ Yoast SEO plugin. -->","yoast_head_json":{"title":"Visitez Cattolica - Hotel Cristina Corona","description":"Surnomm\u00e9e la Reine de l'Adriatique, Cattolica est riche en histoire et en culture surtout connue pour son climat doux et ses plages de sable fin. C'est l'endroit id\u00e9al pour une plage et des vacances reposantes et la Cristina Corona est situ\u00e9e entre la mer et le centre parfait pour la visiter.","robots":{"index":"index","follow":"follow","max-snippet":"max-snippet:-1","max-image-preview":"max-image-preview:large","max-video-preview":"max-video-preview:-1"},"canonical":"https:\/\/www.hotelcristinacorona.it\/fr\/cattolica-la-reine-de-ladriatique\/","og_locale":"fr_FR","og_type":"article","og_title":"Visitez Cattolica - Hotel Cristina Corona","og_description":"Surnomm\u00e9e la Reine de l'Adriatique, Cattolica est riche en histoire et en culture surtout connue pour son climat doux et ses plages de sable fin. C'est l'endroit id\u00e9al pour une plage et des vacances reposantes et la Cristina Corona est situ\u00e9e entre la mer et le centre parfait pour la visiter.","og_url":"https:\/\/www.hotelcristinacorona.it\/fr\/cattolica-la-reine-de-ladriatique\/","og_site_name":"Hotel Cristina Corona Cattolica","article_modified_time":"2020-02-10T13:35:21+00:00","twitter_card":"summary_large_image","twitter_misc":{"Dur\u00e9e de lecture estim\u00e9e":"2 minutes"},"schema":{"@context":"https:\/\/schema.org","@graph":[{"@type":"WebPage","@id":"https:\/\/www.hotelcristinacorona.it\/fr\/cattolica-la-reine-de-ladriatique\/","url":"https:\/\/www.hotelcristinacorona.it\/fr\/cattolica-la-reine-de-ladriatique\/","name":"Visitez Cattolica - Hotel Cristina Corona","isPartOf":{"@id":"https:\/\/www.hotelcristinacorona.it\/#website"},"datePublished":"2020-01-30T10:59:48+00:00","dateModified":"2020-02-10T13:35:21+00:00","description":"Surnomm\u00e9e la Reine de l'Adriatique, Cattolica est riche en histoire et en culture surtout connue pour son climat doux et ses plages de sable fin. C'est l'endroit id\u00e9al pour une plage et des vacances reposantes et la Cristina Corona est situ\u00e9e entre la mer et le centre parfait pour la visiter.","breadcrumb":{"@id":"https:\/\/www.hotelcristinacorona.it\/fr\/cattolica-la-reine-de-ladriatique\/#breadcrumb"},"inLanguage":"fr-FR","potentialAction":[{"@type":"ReadAction","target":["https:\/\/www.hotelcristinacorona.it\/fr\/cattolica-la-reine-de-ladriatique\/"]}]},{"@type":"BreadcrumbList","@id":"https:\/\/www.hotelcristinacorona.it\/fr\/cattolica-la-reine-de-ladriatique\/#breadcrumb","itemListElement":[{"@type":"ListItem","position":1,"name":"Home","item":"https:\/\/www.hotelcristinacorona.it\/fr\/"},{"@type":"ListItem","position":2,"name":"Cattolica, la Reine de l\u2019Adriatique"}]},{"@type":"WebSite","@id":"https:\/\/www.hotelcristinacorona.it\/#website","url":"https:\/\/www.hotelcristinacorona.it\/","name":"Hotel Cristina Corona Cattolica","description":"","publisher":{"@id":"https:\/\/www.hotelcristinacorona.it\/#organization"},"potentialAction":[{"@type":"SearchAction","target":{"@type":"EntryPoint","urlTemplate":"https:\/\/www.hotelcristinacorona.it\/?s={search_term_string}"},"query-input":{"@type":"PropertyValueSpecification","valueRequired":true,"valueName":"search_term_string"}}],"inLanguage":"fr-FR"},{"@type":"Organization","@id":"https:\/\/www.hotelcristinacorona.it\/#organization","name":"Hotel Cristina Corona Cattolica","url":"https:\/\/www.hotelcristinacorona.it\/","logo":{"@type":"ImageObject","inLanguage":"fr-FR","@id":"https:\/\/www.hotelcristinacorona.it\/#\/schema\/logo\/image\/","url":"https:\/\/www.hotelcristinacorona.it\/wp-content\/uploads\/2019\/12\/logo.png","contentUrl":"https:\/\/www.hotelcristinacorona.it\/wp-content\/uploads\/2019\/12\/logo.png","width":431,"height":105,"caption":"Hotel Cristina Corona Cattolica"},"image":{"@id":"https:\/\/www.hotelcristinacorona.it\/#\/schema\/logo\/image\/"}}]}},"_links":{"self":[{"href":"https:\/\/www.hotelcristinacorona.it\/fr\/wp-json\/wp\/v2\/pages\/1267","targetHints":{"allow":["GET"]}}],"collection":[{"href":"https:\/\/www.hotelcristinacorona.it\/fr\/wp-json\/wp\/v2\/pages"}],"about":[{"href":"https:\/\/www.hotelcristinacorona.it\/fr\/wp-json\/wp\/v2\/types\/page"}],"author":[{"embeddable":true,"href":"https:\/\/www.hotelcristinacorona.it\/fr\/wp-json\/wp\/v2\/users\/1"}],"replies":[{"embeddable":true,"href":"https:\/\/www.hotelcristinacorona.it\/fr\/wp-json\/wp\/v2\/comments?post=1267"}],"version-history":[{"count":1,"href":"https:\/\/www.hotelcristinacorona.it\/fr\/wp-json\/wp\/v2\/pages\/1267\/revisions"}],"predecessor-version":[{"id":1268,"href":"https:\/\/www.hotelcristinacorona.it\/fr\/wp-json\/wp\/v2\/pages\/1267\/revisions\/1268"}],"wp:attachment":[{"href":"https:\/\/www.hotelcristinacorona.it\/fr\/wp-json\/wp\/v2\/media?parent=1267"}],"curies":[{"name":"wp","href":"https:\/\/api.w.org\/{rel}","templated":true}]}}