{"id":1272,"date":"2020-01-30T12:37:12","date_gmt":"2020-01-30T11:37:12","guid":{"rendered":"https:\/\/www.hotelcristinacorona.it\/parcs-dattractions\/"},"modified":"2020-02-12T12:35:37","modified_gmt":"2020-02-12T11:35:37","slug":"parcs-dattractions","status":"publish","type":"page","link":"https:\/\/www.hotelcristinacorona.it\/fr\/parcs-dattractions\/","title":{"rendered":"Parcs d\u2019attractions"},"content":{"rendered":"<p>La Romagne, patrie du divertissement, renferme les plus c\u00e9l\u00e8bres <strong>parcs th\u00e9matiques d\u2019Italie et d\u2019Europe!<\/strong><\/p>\n<p id=\"tw-target-text\" class=\"tw-data-text tw-text-large tw-ta\" dir=\"ltr\" data-placeholder=\"Traduzione\"><span lang=\"fr\">Demandez-nous des billets \u00e0 la r\u00e9ception, <strong>nous sommes affili\u00e9s<\/strong>! D\u00e9pensez moins et \u00e9vitez les files d&rsquo;attente.<\/span><\/p>\n<p>Voici quelques id\u00e9es de sortie pendant vos vacances \u00e0 l\u2019H\u00f4tel Cristina Corona.<\/p>\n<h4>Aquarium de Cattolica (juste \u00e0 15 minutes \u00e0 pied du Cristina Corona)<\/h4>\n<p>Le plus grand aquarium de l\u2019Adriatique vous attend avec plus de 100 bassins et 2.500.000 litres d\u2019eau de mer contenant 3000 exemplaires de <strong>400 diff\u00e9rentes esp\u00e8ces.<\/strong><br \/>\nIl est <strong>subdivis\u00e9 en 4 parcours<\/strong> qui vous permettront de conna\u00eetre les caract\u00e9ristiques des animaux et de la mer o\u00f9 ils se trouvent.<br \/>\nLe parcours bleu est d\u00e9di\u00e9 \u00e0 la connaissance des <strong>pingouins<\/strong>, raies et m\u00e9duses. Le jaune permet d\u2019explorer les cours d\u2019eau, avec des bassins avec des calamars et des <strong>loutres<\/strong>.<br \/>\nLe parcours vert permet d\u2019admirer les <strong>reptiles et les insectes<\/strong>, tandis que le violet est d\u00e9di\u00e9 aux <strong>requins<\/strong>!<br \/>\n\u00cates-vous pr\u00eat \u00e0 vous immerger dans cette mer de couleurs et de divertissement?<\/p>\n<h4>Aquafan<\/h4>\n<p>Aquafan est consid\u00e9r\u00e9 le parc aquatique n\u00b01 en Europe gr\u00e2ce \u00e0 ses <strong>jeux d\u2019eau spectaculaires<\/strong> et aux innombrables \u00e9v\u00e9nements. Le divertissement est assur\u00e9 avec les 3 km de toboggans \u00e9poustouflants : du Kamikaze \u00e0 l\u2019<strong>Extreme River<\/strong>, du Speedriul au River Run, du Surfin\u2019hill au <strong>StrizzaCOOL<\/strong>, l\u2019attraction \u00e0 la mesure des familles!<br \/>\n<strong>Aquafan signifie aussi d\u00e9tente avec le Poseidon<\/strong>, l\u2019aire r\u00e9serv\u00e9e au repos o\u00f9 se d\u00e9tendre parmi les cascades fra\u00eeches et les piscines jacuzzi.<\/p>\n<h4>Oltremare<\/h4>\n<p>Montez \u00e0 bord et volez sur les ailes de l\u2019aventure&#8230; <strong>Oltremare est un voyage dans le temps et dans l\u2019espace!<\/strong><br \/>\n&#8211; En traversant la for\u00eat tropicale de l\u2019attraction Darwin, vous pouvez rencontrer des <strong>dinosaures<\/strong>, des pt\u00e9rosaures, <strong>reptiles et alligators<\/strong>;<br \/>\n&#8211; Vous pouvez visiter le <strong>refuge des Rapaces<\/strong> diurnes et nocturnes;<br \/>\n&#8211; \u00c0 ne pas manquer le <strong>show des dauphins<\/strong>, dans la plus belle lagune d\u2019Europe!<br \/>\n&#8211; Vous pouvez interagir avec les <strong>chevrettes<\/strong> et admirer les <strong>canards, poules, moutons<\/strong>\u2026 et tous les animaux de la ferme!<br \/>\nNous ne voulons pas tout d\u00e9voiler mais nous vous assurons que le voyage \u00e0 Oltremare sera plein de surprises, de divertissement et de d\u00e9couvertes!<\/p>\n<h4>Mirabilandia<\/h4>\n<p>Mirabilandia est le plus grand parc de divertissement d\u2019Italie. Situ\u00e9 pr\u00e8s de Ravenne, il s\u2019\u00e9tend sur 850.00 m2. Avec des <strong>centaines d\u2019attractions aux sensations fortes<\/strong>, c\u2019est une destination tr\u00e8s pris\u00e9e dans toute l\u2019Europe. Vous pouvez faire un tour sur les plus <strong>grandes et hautes montagnes russes<\/strong> et monter sur la fantastique <strong>Roue panoramique<\/strong>; vous pouvez vous plonger dans l\u2019atmosph\u00e8re futuriste de Reset-Anno Zero et dans la carib\u00e9enne <strong>Mirabilandia Beach<\/strong>, la merveilleuse plage tropicale du Parc.<\/p>\n<h4>Italia In Miniatura<\/h4>\n<p>Italia in Miniatura est le parc \u00e0 th\u00e8me d\u00e9di\u00e9 au <strong>patrimoine historique, architectonique et culturel italien<\/strong> en mesure de fusionner \u00e0 partir de 1970 le divertissement et l\u2019apprentissage. En effet, en plus d\u2019\u00e9prouver de grandes \u00e9motions, vous pouvez \u00ab voyager \u00bb et apprendre l\u2019histoire en marchant parmi les 272 <strong>reproductions \u00e0 l\u2019\u00e9chelle des merveilles architectoniques italiennes.<\/strong><\/p>\n<h4>Fiabilandia<\/h4>\n<p>Le <strong>Bourg Magique<\/strong>, la <strong>Vall\u00e9e des lutins<\/strong>, le labyrinthe de Fu-Ming\u2026 les attractions que vous trouvez \u00e0 Fiabilandia sont innombrables et pens\u00e9es pour le divertissement des familles !<br \/>\nUne curiosit\u00e9 : inaugur\u00e9 en 1965, ce fut l\u2019un des premiers parcs \u00e0 th\u00e8me italiens.<br \/>\nIl est possible de conna\u00eetre de plus pr\u00e8s \u00e0 Fiabilandia la nature gr\u00e2ce \u00e0 la pr\u00e9sence du Lac Bernardo. Le parc accueille des <strong>canards, des cygnes et des oies<\/strong>.<\/p>\n","protected":false},"excerpt":{"rendered":"<p>La Romagne, patrie du divertissement, renferme les plus c\u00e9l\u00e8bres parcs th\u00e9matiques d\u2019Italie et d\u2019Europe! Demandez-nous des billets \u00e0 la r\u00e9ception, nous sommes affili\u00e9s! D\u00e9pensez moins et \u00e9vitez les files d&rsquo;attente. Voici quelques id\u00e9es de sortie [&#8230;]<\/p>\n<p><a class=\"btn btn-primary read-more-link\" href=\"https:\/\/www.hotelcristinacorona.it\/fr\/parcs-dattractions\/\">Leggi tutto<\/a><\/p>\n","protected":false},"author":1,"featured_media":0,"parent":0,"menu_order":28,"comment_status":"closed","ping_status":"closed","template":"","meta":{"_acf_changed":false},"class_list":["post-1272","page","type-page","status-publish","hentry","buon_motivo-cattolica-fr","buon_motivo-arriere-pays","buon_motivo-plage"],"acf":[],"yoast_head":"<!-- This site is optimized with the Yoast SEO plugin v23.9 - https:\/\/yoast.com\/wordpress\/plugins\/seo\/ -->\n<title>Accord h\u00f4telier avec les parcs d&#039;attractions de la Riviera - Hotel Cristina Corona<\/title>\n<meta name=\"description\" content=\"En Romagne, il y a les parcs d&#039;attractions les plus c\u00e9l\u00e8bres d&#039;Italie et d&#039;Europe. Mirabilandia, Aquafan, l&#039;Italie miniature, Oltremare, Fiabilandia et Cattolica Aquarium sont tous facilement accessibles depuis l&#039;h\u00f4tel Cristina Corona.\" \/>\n<meta name=\"robots\" content=\"index, follow, max-snippet:-1, max-image-preview:large, max-video-preview:-1\" \/>\n<link rel=\"canonical\" href=\"https:\/\/www.hotelcristinacorona.it\/fr\/parcs-dattractions\/\" \/>\n<meta property=\"og:locale\" content=\"fr_FR\" \/>\n<meta property=\"og:type\" content=\"article\" \/>\n<meta property=\"og:title\" content=\"Accord h\u00f4telier avec les parcs d&#039;attractions de la Riviera - Hotel Cristina Corona\" \/>\n<meta property=\"og:description\" content=\"En Romagne, il y a les parcs d&#039;attractions les plus c\u00e9l\u00e8bres d&#039;Italie et d&#039;Europe. Mirabilandia, Aquafan, l&#039;Italie miniature, Oltremare, Fiabilandia et Cattolica Aquarium sont tous facilement accessibles depuis l&#039;h\u00f4tel Cristina Corona.\" \/>\n<meta property=\"og:url\" content=\"https:\/\/www.hotelcristinacorona.it\/fr\/parcs-dattractions\/\" \/>\n<meta property=\"og:site_name\" content=\"Hotel Cristina Corona Cattolica\" \/>\n<meta property=\"article:modified_time\" content=\"2020-02-12T11:35:37+00:00\" \/>\n<meta name=\"twitter:card\" content=\"summary_large_image\" \/>\n<meta name=\"twitter:label1\" content=\"Dur\u00e9e de lecture estim\u00e9e\" \/>\n\t<meta name=\"twitter:data1\" content=\"3 minutes\" \/>\n<script type=\"application\/ld+json\" class=\"yoast-schema-graph\">{\"@context\":\"https:\/\/schema.org\",\"@graph\":[{\"@type\":\"WebPage\",\"@id\":\"https:\/\/www.hotelcristinacorona.it\/fr\/parcs-dattractions\/\",\"url\":\"https:\/\/www.hotelcristinacorona.it\/fr\/parcs-dattractions\/\",\"name\":\"Accord h\u00f4telier avec les parcs d'attractions de la Riviera - Hotel Cristina Corona\",\"isPartOf\":{\"@id\":\"https:\/\/www.hotelcristinacorona.it\/#website\"},\"datePublished\":\"2020-01-30T11:37:12+00:00\",\"dateModified\":\"2020-02-12T11:35:37+00:00\",\"description\":\"En Romagne, il y a les parcs d'attractions les plus c\u00e9l\u00e8bres d'Italie et d'Europe. Mirabilandia, Aquafan, l'Italie miniature, Oltremare, Fiabilandia et Cattolica Aquarium sont tous facilement accessibles depuis l'h\u00f4tel Cristina Corona.\",\"breadcrumb\":{\"@id\":\"https:\/\/www.hotelcristinacorona.it\/fr\/parcs-dattractions\/#breadcrumb\"},\"inLanguage\":\"fr-FR\",\"potentialAction\":[{\"@type\":\"ReadAction\",\"target\":[\"https:\/\/www.hotelcristinacorona.it\/fr\/parcs-dattractions\/\"]}]},{\"@type\":\"BreadcrumbList\",\"@id\":\"https:\/\/www.hotelcristinacorona.it\/fr\/parcs-dattractions\/#breadcrumb\",\"itemListElement\":[{\"@type\":\"ListItem\",\"position\":1,\"name\":\"Home\",\"item\":\"https:\/\/www.hotelcristinacorona.it\/fr\/\"},{\"@type\":\"ListItem\",\"position\":2,\"name\":\"Parcs d\u2019attractions\"}]},{\"@type\":\"WebSite\",\"@id\":\"https:\/\/www.hotelcristinacorona.it\/#website\",\"url\":\"https:\/\/www.hotelcristinacorona.it\/\",\"name\":\"Hotel Cristina Corona Cattolica\",\"description\":\"\",\"publisher\":{\"@id\":\"https:\/\/www.hotelcristinacorona.it\/#organization\"},\"potentialAction\":[{\"@type\":\"SearchAction\",\"target\":{\"@type\":\"EntryPoint\",\"urlTemplate\":\"https:\/\/www.hotelcristinacorona.it\/?s={search_term_string}\"},\"query-input\":{\"@type\":\"PropertyValueSpecification\",\"valueRequired\":true,\"valueName\":\"search_term_string\"}}],\"inLanguage\":\"fr-FR\"},{\"@type\":\"Organization\",\"@id\":\"https:\/\/www.hotelcristinacorona.it\/#organization\",\"name\":\"Hotel Cristina Corona Cattolica\",\"url\":\"https:\/\/www.hotelcristinacorona.it\/\",\"logo\":{\"@type\":\"ImageObject\",\"inLanguage\":\"fr-FR\",\"@id\":\"https:\/\/www.hotelcristinacorona.it\/#\/schema\/logo\/image\/\",\"url\":\"https:\/\/www.hotelcristinacorona.it\/wp-content\/uploads\/2019\/12\/logo.png\",\"contentUrl\":\"https:\/\/www.hotelcristinacorona.it\/wp-content\/uploads\/2019\/12\/logo.png\",\"width\":431,\"height\":105,\"caption\":\"Hotel Cristina Corona Cattolica\"},\"image\":{\"@id\":\"https:\/\/www.hotelcristinacorona.it\/#\/schema\/logo\/image\/\"}}]}<\/script>\n<!-- \/ Yoast SEO plugin. -->","yoast_head_json":{"title":"Accord h\u00f4telier avec les parcs d'attractions de la Riviera - Hotel Cristina Corona","description":"En Romagne, il y a les parcs d'attractions les plus c\u00e9l\u00e8bres d'Italie et d'Europe. Mirabilandia, Aquafan, l'Italie miniature, Oltremare, Fiabilandia et Cattolica Aquarium sont tous facilement accessibles depuis l'h\u00f4tel Cristina Corona.","robots":{"index":"index","follow":"follow","max-snippet":"max-snippet:-1","max-image-preview":"max-image-preview:large","max-video-preview":"max-video-preview:-1"},"canonical":"https:\/\/www.hotelcristinacorona.it\/fr\/parcs-dattractions\/","og_locale":"fr_FR","og_type":"article","og_title":"Accord h\u00f4telier avec les parcs d'attractions de la Riviera - Hotel Cristina Corona","og_description":"En Romagne, il y a les parcs d'attractions les plus c\u00e9l\u00e8bres d'Italie et d'Europe. Mirabilandia, Aquafan, l'Italie miniature, Oltremare, Fiabilandia et Cattolica Aquarium sont tous facilement accessibles depuis l'h\u00f4tel Cristina Corona.","og_url":"https:\/\/www.hotelcristinacorona.it\/fr\/parcs-dattractions\/","og_site_name":"Hotel Cristina Corona Cattolica","article_modified_time":"2020-02-12T11:35:37+00:00","twitter_card":"summary_large_image","twitter_misc":{"Dur\u00e9e de lecture estim\u00e9e":"3 minutes"},"schema":{"@context":"https:\/\/schema.org","@graph":[{"@type":"WebPage","@id":"https:\/\/www.hotelcristinacorona.it\/fr\/parcs-dattractions\/","url":"https:\/\/www.hotelcristinacorona.it\/fr\/parcs-dattractions\/","name":"Accord h\u00f4telier avec les parcs d'attractions de la Riviera - Hotel Cristina Corona","isPartOf":{"@id":"https:\/\/www.hotelcristinacorona.it\/#website"},"datePublished":"2020-01-30T11:37:12+00:00","dateModified":"2020-02-12T11:35:37+00:00","description":"En Romagne, il y a les parcs d'attractions les plus c\u00e9l\u00e8bres d'Italie et d'Europe. Mirabilandia, Aquafan, l'Italie miniature, Oltremare, Fiabilandia et Cattolica Aquarium sont tous facilement accessibles depuis l'h\u00f4tel Cristina Corona.","breadcrumb":{"@id":"https:\/\/www.hotelcristinacorona.it\/fr\/parcs-dattractions\/#breadcrumb"},"inLanguage":"fr-FR","potentialAction":[{"@type":"ReadAction","target":["https:\/\/www.hotelcristinacorona.it\/fr\/parcs-dattractions\/"]}]},{"@type":"BreadcrumbList","@id":"https:\/\/www.hotelcristinacorona.it\/fr\/parcs-dattractions\/#breadcrumb","itemListElement":[{"@type":"ListItem","position":1,"name":"Home","item":"https:\/\/www.hotelcristinacorona.it\/fr\/"},{"@type":"ListItem","position":2,"name":"Parcs d\u2019attractions"}]},{"@type":"WebSite","@id":"https:\/\/www.hotelcristinacorona.it\/#website","url":"https:\/\/www.hotelcristinacorona.it\/","name":"Hotel Cristina Corona Cattolica","description":"","publisher":{"@id":"https:\/\/www.hotelcristinacorona.it\/#organization"},"potentialAction":[{"@type":"SearchAction","target":{"@type":"EntryPoint","urlTemplate":"https:\/\/www.hotelcristinacorona.it\/?s={search_term_string}"},"query-input":{"@type":"PropertyValueSpecification","valueRequired":true,"valueName":"search_term_string"}}],"inLanguage":"fr-FR"},{"@type":"Organization","@id":"https:\/\/www.hotelcristinacorona.it\/#organization","name":"Hotel Cristina Corona Cattolica","url":"https:\/\/www.hotelcristinacorona.it\/","logo":{"@type":"ImageObject","inLanguage":"fr-FR","@id":"https:\/\/www.hotelcristinacorona.it\/#\/schema\/logo\/image\/","url":"https:\/\/www.hotelcristinacorona.it\/wp-content\/uploads\/2019\/12\/logo.png","contentUrl":"https:\/\/www.hotelcristinacorona.it\/wp-content\/uploads\/2019\/12\/logo.png","width":431,"height":105,"caption":"Hotel Cristina Corona Cattolica"},"image":{"@id":"https:\/\/www.hotelcristinacorona.it\/#\/schema\/logo\/image\/"}}]}},"_links":{"self":[{"href":"https:\/\/www.hotelcristinacorona.it\/fr\/wp-json\/wp\/v2\/pages\/1272","targetHints":{"allow":["GET"]}}],"collection":[{"href":"https:\/\/www.hotelcristinacorona.it\/fr\/wp-json\/wp\/v2\/pages"}],"about":[{"href":"https:\/\/www.hotelcristinacorona.it\/fr\/wp-json\/wp\/v2\/types\/page"}],"author":[{"embeddable":true,"href":"https:\/\/www.hotelcristinacorona.it\/fr\/wp-json\/wp\/v2\/users\/1"}],"replies":[{"embeddable":true,"href":"https:\/\/www.hotelcristinacorona.it\/fr\/wp-json\/wp\/v2\/comments?post=1272"}],"version-history":[{"count":1,"href":"https:\/\/www.hotelcristinacorona.it\/fr\/wp-json\/wp\/v2\/pages\/1272\/revisions"}],"predecessor-version":[{"id":1273,"href":"https:\/\/www.hotelcristinacorona.it\/fr\/wp-json\/wp\/v2\/pages\/1272\/revisions\/1273"}],"wp:attachment":[{"href":"https:\/\/www.hotelcristinacorona.it\/fr\/wp-json\/wp\/v2\/media?parent=1272"}],"curies":[{"name":"wp","href":"https:\/\/api.w.org\/{rel}","templated":true}]}}