{"id":1276,"date":"2020-01-30T17:28:24","date_gmt":"2020-01-30T16:28:24","guid":{"rendered":"https:\/\/www.hotelcristinacorona.it\/horses-riviera-resort\/"},"modified":"2020-01-30T17:32:12","modified_gmt":"2020-01-30T16:32:12","slug":"horses-riviera-resort","status":"publish","type":"page","link":"https:\/\/www.hotelcristinacorona.it\/fr\/horses-riviera-resort\/","title":{"rendered":"Horses Riviera Resort"},"content":{"rendered":"<p>D\u00e8s l\u2019ouverture en juin 2007, le <strong>prestigieux centre hippique<\/strong> offre aux passionn\u00e9s de sports \u00e9questres la possibilit\u00e9 de pratiquer le <strong>saut d\u2019obstacles et le dressage<\/strong> \u00e0 un niveau comp\u00e9titif ou r\u00e9cr\u00e9atif.<\/p>\n<p>Cette structure moderne a \u00e9t\u00e9 con\u00e7ue sur mesure pour les chevaux et les cavaliers. Le Horses Riviera Resort est connu pour \u00eatre <strong>le plus beau et raffin\u00e9 centre hippique d\u2019Italie<\/strong> et accueille les courses nationales et internationales de saut d\u2019obstacles. A l\u2019int\u00e9rieur, on peut admirer les teintes vivaces et flamboyantes de certaines <strong>plantes autochtnones<\/strong> comme les roses, les<strong> lauriers parfum\u00e9s<\/strong>, le romarin, le <strong>myrte<\/strong> et un vieux et noble m\u00fbrier.<\/p>\n<p>Tr\u00e8s facile \u00e0 rejoindre de l\u2019h\u00f4tel Cristina Corona, <strong>juste \u00e0 10 minutes d\u2019automobile<\/strong>, Horses Riviera Resort dispose de services exclusifs, parmi lesquels une section vip, <strong>le restaurant Il Rivierino<\/strong>, un <strong>self-service et les \u00e9curies<\/strong>, et se propose comme un endroit plein de charme.<\/p>\n","protected":false},"excerpt":{"rendered":"<p>D\u00e8s l\u2019ouverture en juin 2007, le prestigieux centre hippique offre aux passionn\u00e9s de sports \u00e9questres la possibilit\u00e9 de pratiquer le saut d\u2019obstacles et le dressage \u00e0 un niveau comp\u00e9titif ou r\u00e9cr\u00e9atif. Cette structure moderne a [&#8230;]<\/p>\n<p><a class=\"btn btn-primary read-more-link\" href=\"https:\/\/www.hotelcristinacorona.it\/fr\/horses-riviera-resort\/\">Leggi tutto<\/a><\/p>\n","protected":false},"author":1,"featured_media":0,"parent":0,"menu_order":26,"comment_status":"closed","ping_status":"closed","template":"","meta":{"_acf_changed":false},"class_list":["post-1276","page","type-page","status-publish","hentry","buon_motivo-cattolica-fr","buon_motivo-arriere-pays","buon_motivo-position"],"acf":[],"yoast_head":"<!-- This site is optimized with the Yoast SEO plugin v23.9 - https:\/\/yoast.com\/wordpress\/plugins\/seo\/ -->\n<title>H\u00f4tels proches de Horses Riviera Resort - Hotel Cristina Corona Cattolica<\/title>\n<meta name=\"description\" content=\"Un centre \u00e9questre prestigieux \u00e0 San Giovanni in Marignano o\u00f9 vous pouvez participer \u00e0 des comp\u00e9titions et des \u00e9v\u00e9nements. Il est \u00e0 seulement 10 minutes en voiture de Cristina Corona.\" \/>\n<meta name=\"robots\" content=\"index, follow, max-snippet:-1, max-image-preview:large, max-video-preview:-1\" \/>\n<link rel=\"canonical\" href=\"https:\/\/www.hotelcristinacorona.it\/fr\/horses-riviera-resort\/\" \/>\n<meta property=\"og:locale\" content=\"fr_FR\" \/>\n<meta property=\"og:type\" content=\"article\" \/>\n<meta property=\"og:title\" content=\"H\u00f4tels proches de Horses Riviera Resort - Hotel Cristina Corona Cattolica\" \/>\n<meta property=\"og:description\" content=\"Un centre \u00e9questre prestigieux \u00e0 San Giovanni in Marignano o\u00f9 vous pouvez participer \u00e0 des comp\u00e9titions et des \u00e9v\u00e9nements. Il est \u00e0 seulement 10 minutes en voiture de Cristina Corona.\" \/>\n<meta property=\"og:url\" content=\"https:\/\/www.hotelcristinacorona.it\/fr\/horses-riviera-resort\/\" \/>\n<meta property=\"og:site_name\" content=\"Hotel Cristina Corona Cattolica\" \/>\n<meta property=\"article:modified_time\" content=\"2020-01-30T16:32:12+00:00\" \/>\n<meta name=\"twitter:card\" content=\"summary_large_image\" \/>\n<meta name=\"twitter:label1\" content=\"Dur\u00e9e de lecture estim\u00e9e\" \/>\n\t<meta name=\"twitter:data1\" content=\"1 minute\" \/>\n<script type=\"application\/ld+json\" class=\"yoast-schema-graph\">{\"@context\":\"https:\/\/schema.org\",\"@graph\":[{\"@type\":\"WebPage\",\"@id\":\"https:\/\/www.hotelcristinacorona.it\/fr\/horses-riviera-resort\/\",\"url\":\"https:\/\/www.hotelcristinacorona.it\/fr\/horses-riviera-resort\/\",\"name\":\"H\u00f4tels proches de Horses Riviera Resort - Hotel Cristina Corona Cattolica\",\"isPartOf\":{\"@id\":\"https:\/\/www.hotelcristinacorona.it\/#website\"},\"datePublished\":\"2020-01-30T16:28:24+00:00\",\"dateModified\":\"2020-01-30T16:32:12+00:00\",\"description\":\"Un centre \u00e9questre prestigieux \u00e0 San Giovanni in Marignano o\u00f9 vous pouvez participer \u00e0 des comp\u00e9titions et des \u00e9v\u00e9nements. Il est \u00e0 seulement 10 minutes en voiture de Cristina Corona.\",\"breadcrumb\":{\"@id\":\"https:\/\/www.hotelcristinacorona.it\/fr\/horses-riviera-resort\/#breadcrumb\"},\"inLanguage\":\"fr-FR\",\"potentialAction\":[{\"@type\":\"ReadAction\",\"target\":[\"https:\/\/www.hotelcristinacorona.it\/fr\/horses-riviera-resort\/\"]}]},{\"@type\":\"BreadcrumbList\",\"@id\":\"https:\/\/www.hotelcristinacorona.it\/fr\/horses-riviera-resort\/#breadcrumb\",\"itemListElement\":[{\"@type\":\"ListItem\",\"position\":1,\"name\":\"Home\",\"item\":\"https:\/\/www.hotelcristinacorona.it\/fr\/\"},{\"@type\":\"ListItem\",\"position\":2,\"name\":\"Horses Riviera Resort\"}]},{\"@type\":\"WebSite\",\"@id\":\"https:\/\/www.hotelcristinacorona.it\/#website\",\"url\":\"https:\/\/www.hotelcristinacorona.it\/\",\"name\":\"Hotel Cristina Corona Cattolica\",\"description\":\"\",\"publisher\":{\"@id\":\"https:\/\/www.hotelcristinacorona.it\/#organization\"},\"potentialAction\":[{\"@type\":\"SearchAction\",\"target\":{\"@type\":\"EntryPoint\",\"urlTemplate\":\"https:\/\/www.hotelcristinacorona.it\/?s={search_term_string}\"},\"query-input\":{\"@type\":\"PropertyValueSpecification\",\"valueRequired\":true,\"valueName\":\"search_term_string\"}}],\"inLanguage\":\"fr-FR\"},{\"@type\":\"Organization\",\"@id\":\"https:\/\/www.hotelcristinacorona.it\/#organization\",\"name\":\"Hotel Cristina Corona Cattolica\",\"url\":\"https:\/\/www.hotelcristinacorona.it\/\",\"logo\":{\"@type\":\"ImageObject\",\"inLanguage\":\"fr-FR\",\"@id\":\"https:\/\/www.hotelcristinacorona.it\/#\/schema\/logo\/image\/\",\"url\":\"https:\/\/www.hotelcristinacorona.it\/wp-content\/uploads\/2019\/12\/logo.png\",\"contentUrl\":\"https:\/\/www.hotelcristinacorona.it\/wp-content\/uploads\/2019\/12\/logo.png\",\"width\":431,\"height\":105,\"caption\":\"Hotel Cristina Corona Cattolica\"},\"image\":{\"@id\":\"https:\/\/www.hotelcristinacorona.it\/#\/schema\/logo\/image\/\"}}]}<\/script>\n<!-- \/ Yoast SEO plugin. -->","yoast_head_json":{"title":"H\u00f4tels proches de Horses Riviera Resort - Hotel Cristina Corona Cattolica","description":"Un centre \u00e9questre prestigieux \u00e0 San Giovanni in Marignano o\u00f9 vous pouvez participer \u00e0 des comp\u00e9titions et des \u00e9v\u00e9nements. Il est \u00e0 seulement 10 minutes en voiture de Cristina Corona.","robots":{"index":"index","follow":"follow","max-snippet":"max-snippet:-1","max-image-preview":"max-image-preview:large","max-video-preview":"max-video-preview:-1"},"canonical":"https:\/\/www.hotelcristinacorona.it\/fr\/horses-riviera-resort\/","og_locale":"fr_FR","og_type":"article","og_title":"H\u00f4tels proches de Horses Riviera Resort - Hotel Cristina Corona Cattolica","og_description":"Un centre \u00e9questre prestigieux \u00e0 San Giovanni in Marignano o\u00f9 vous pouvez participer \u00e0 des comp\u00e9titions et des \u00e9v\u00e9nements. Il est \u00e0 seulement 10 minutes en voiture de Cristina Corona.","og_url":"https:\/\/www.hotelcristinacorona.it\/fr\/horses-riviera-resort\/","og_site_name":"Hotel Cristina Corona Cattolica","article_modified_time":"2020-01-30T16:32:12+00:00","twitter_card":"summary_large_image","twitter_misc":{"Dur\u00e9e de lecture estim\u00e9e":"1 minute"},"schema":{"@context":"https:\/\/schema.org","@graph":[{"@type":"WebPage","@id":"https:\/\/www.hotelcristinacorona.it\/fr\/horses-riviera-resort\/","url":"https:\/\/www.hotelcristinacorona.it\/fr\/horses-riviera-resort\/","name":"H\u00f4tels proches de Horses Riviera Resort - Hotel Cristina Corona Cattolica","isPartOf":{"@id":"https:\/\/www.hotelcristinacorona.it\/#website"},"datePublished":"2020-01-30T16:28:24+00:00","dateModified":"2020-01-30T16:32:12+00:00","description":"Un centre \u00e9questre prestigieux \u00e0 San Giovanni in Marignano o\u00f9 vous pouvez participer \u00e0 des comp\u00e9titions et des \u00e9v\u00e9nements. Il est \u00e0 seulement 10 minutes en voiture de Cristina Corona.","breadcrumb":{"@id":"https:\/\/www.hotelcristinacorona.it\/fr\/horses-riviera-resort\/#breadcrumb"},"inLanguage":"fr-FR","potentialAction":[{"@type":"ReadAction","target":["https:\/\/www.hotelcristinacorona.it\/fr\/horses-riviera-resort\/"]}]},{"@type":"BreadcrumbList","@id":"https:\/\/www.hotelcristinacorona.it\/fr\/horses-riviera-resort\/#breadcrumb","itemListElement":[{"@type":"ListItem","position":1,"name":"Home","item":"https:\/\/www.hotelcristinacorona.it\/fr\/"},{"@type":"ListItem","position":2,"name":"Horses Riviera Resort"}]},{"@type":"WebSite","@id":"https:\/\/www.hotelcristinacorona.it\/#website","url":"https:\/\/www.hotelcristinacorona.it\/","name":"Hotel Cristina Corona Cattolica","description":"","publisher":{"@id":"https:\/\/www.hotelcristinacorona.it\/#organization"},"potentialAction":[{"@type":"SearchAction","target":{"@type":"EntryPoint","urlTemplate":"https:\/\/www.hotelcristinacorona.it\/?s={search_term_string}"},"query-input":{"@type":"PropertyValueSpecification","valueRequired":true,"valueName":"search_term_string"}}],"inLanguage":"fr-FR"},{"@type":"Organization","@id":"https:\/\/www.hotelcristinacorona.it\/#organization","name":"Hotel Cristina Corona Cattolica","url":"https:\/\/www.hotelcristinacorona.it\/","logo":{"@type":"ImageObject","inLanguage":"fr-FR","@id":"https:\/\/www.hotelcristinacorona.it\/#\/schema\/logo\/image\/","url":"https:\/\/www.hotelcristinacorona.it\/wp-content\/uploads\/2019\/12\/logo.png","contentUrl":"https:\/\/www.hotelcristinacorona.it\/wp-content\/uploads\/2019\/12\/logo.png","width":431,"height":105,"caption":"Hotel Cristina Corona Cattolica"},"image":{"@id":"https:\/\/www.hotelcristinacorona.it\/#\/schema\/logo\/image\/"}}]}},"_links":{"self":[{"href":"https:\/\/www.hotelcristinacorona.it\/fr\/wp-json\/wp\/v2\/pages\/1276","targetHints":{"allow":["GET"]}}],"collection":[{"href":"https:\/\/www.hotelcristinacorona.it\/fr\/wp-json\/wp\/v2\/pages"}],"about":[{"href":"https:\/\/www.hotelcristinacorona.it\/fr\/wp-json\/wp\/v2\/types\/page"}],"author":[{"embeddable":true,"href":"https:\/\/www.hotelcristinacorona.it\/fr\/wp-json\/wp\/v2\/users\/1"}],"replies":[{"embeddable":true,"href":"https:\/\/www.hotelcristinacorona.it\/fr\/wp-json\/wp\/v2\/comments?post=1276"}],"version-history":[{"count":1,"href":"https:\/\/www.hotelcristinacorona.it\/fr\/wp-json\/wp\/v2\/pages\/1276\/revisions"}],"predecessor-version":[{"id":1277,"href":"https:\/\/www.hotelcristinacorona.it\/fr\/wp-json\/wp\/v2\/pages\/1276\/revisions\/1277"}],"wp:attachment":[{"href":"https:\/\/www.hotelcristinacorona.it\/fr\/wp-json\/wp\/v2\/media?parent=1276"}],"curies":[{"name":"wp","href":"https:\/\/api.w.org\/{rel}","templated":true}]}}