{"id":1288,"date":"2020-01-31T15:41:23","date_gmt":"2020-01-31T14:41:23","guid":{"rendered":"https:\/\/www.hotelcristinacorona.it\/politique-de-cookies\/"},"modified":"2020-01-31T16:03:03","modified_gmt":"2020-01-31T15:03:03","slug":"politique-de-cookies","status":"publish","type":"page","link":"https:\/\/www.hotelcristinacorona.it\/fr\/politique-de-cookies\/","title":{"rendered":"Politique de cookies"},"content":{"rendered":"<p><strong>Politique relative aux cookies de hotelcristinacorona.it<\/strong><\/p>\n<p>Les Cookies sont constitu\u00e9s de portions de code install\u00e9s dans le navigateur qui aident le Propri\u00e9taire \u00e0 fournir les Services selon les finalit\u00e9s d\u00e9crites. Certaines finalit\u00e9s d\u2019installation des Cookies peuvent \u00e9galement n\u00e9cessiter le consentement de l\u2019Utilisateur.<\/p>\n<p>Lorsque l&rsquo;installation de Cookies repose sur le consentement, ledit consentement peut \u00eatre librement retir\u00e9 \u00e0 tout moment en suivant les instructions fournies dans le pr\u00e9sent document.<\/p>\n<p><strong>Cookies techniques et Cookies d\u2019agr\u00e9gats statistiques<\/strong><\/p>\n<ul>\n<li><strong>Activit\u00e9 strictement n\u00e9cessaire au fonctionnement du Service<\/strong><\/li>\n<\/ul>\n<p>Ce site Web utilise des Cookies pour enregistrer la session de l\u2019Utilisateur et mener d\u2019autres activit\u00e9s strictement n\u00e9cessaires au fonctionnement de ce site Web, par exemple en ce qui concerne la distribution du trafic.<\/p>\n<ul>\n<li><strong>Activit\u00e9 concernant l\u2019enregistrement des pr\u00e9f\u00e9rences, l\u2019optimisation et les statistique<\/strong>s<\/li>\n<\/ul>\n<p>Ce site Web utilise des Cookies pour enregistrer les pr\u00e9f\u00e9rences de navigation et optimiser l\u2019exp\u00e9rience de navigation de l\u2019Utilisateur. Parmi ces Cookies, on trouve par exemple ceux qui d\u00e9finissent les pr\u00e9f\u00e9rences de langue et de devise ou ceux pour la gestion des statistiques internes utilis\u00e9es directement par le Propri\u00e9taire du site.<\/p>\n<p><strong>Autres types de Cookies ou tiers qui installent des Cookies<\/strong><\/p>\n<p>Certains services \u00e9num\u00e9r\u00e9s ci-dessous collectent des statistiques sous forme anonyme et agr\u00e9g\u00e9e, et peuvent ne pas requ\u00e9rir le consentement de l\u2019Utilisateur ou \u00eatre g\u00e9r\u00e9es directement par le Propri\u00e9taire, selon la fa\u00e7on dont ils sont d\u00e9crits, sans l\u2019aide de tiers.<\/p>\n<p>Dans le cas o\u00f9 les outils indiqu\u00e9s ci-dessous seraient des services g\u00e9r\u00e9s par des tiers, ceux-ci pourraient \u2013 en plus de ce qui est sp\u00e9cifi\u00e9 dans la pr\u00e9sente politique et \u00e0 l\u2019insu du Propri\u00e9taire \u2013 \u00eatre utilis\u00e9s pour suivre les habitudes de navigation des Utilisateurs. Veuillez consulter la politique de confidentialit\u00e9 des services \u00e9num\u00e9r\u00e9s pour obtenir de plus amples informations.<\/p>\n<ul>\n<li><strong>Analyses<\/strong><\/li>\n<\/ul>\n<p>Les services que contient cette partie permettent au Propri\u00e9taire de surveiller et d\u2019analyser le trafic Web et de suivre l\u2019\u00e9volution du comportement de l\u2019Utilisateur.<\/p>\n<p><strong>Anonymisation IP dans Google Analytics (Google LLC)<\/strong><\/p>\n<p>Google Analytics est un service d\u2019analyse Web fourni par Google LLC (\u00ab Google \u00bb). Google utilise les Donn\u00e9es collect\u00e9es pour suivre et analyser l\u2019utilisation de ce site Web, pr\u00e9parer des rapports sur ses activit\u00e9s et les partager avec d\u2019autres services Google. Google peut utiliser les Donn\u00e9es collect\u00e9es pour contextualiser et personnaliser les publicit\u00e9s de son propre r\u00e9seau publicitaire. Cette int\u00e9gration de Google Analytics rend votre adresse IP anonyme. Les adresses IP des Utilisateurs sont en fait abr\u00e9g\u00e9es au sein des \u00c9tats membres de l\u2019Union europ\u00e9enne ou d&rsquo;autres \u00c9tats partis \u00e0 l\u2019accord sur l\u2019Espace \u00e9conomique europ\u00e9en. Ce n\u2019est que dans des cas exceptionnels que l\u2019adresse IP compl\u00e8te est transmise au server Google et abr\u00e9g\u00e9e aux \u00c9tats-Unis.<\/p>\n<p>Donn\u00e9es personnelles collect\u00e9es: Cookies et Donn\u00e9es d&rsquo;utilisation.<\/p>\n<p>Lieu de traitement: \u00c9tats-Unis \u2013 <a href=\"https:\/\/www.google.com\/intl\/it\/policies\/privacy\/\">Politique de confidentialit\u00e9<\/a> \u2013 <a href=\"https:\/\/tools.google.com\/dlpage\/gaoptout?hl=it\">Option de retrait<\/a>. Participant au bouclier de protection des donn\u00e9es.<\/p>\n<ul>\n<li><strong>Optimisation et r\u00e9partition du trafic<\/strong><\/li>\n<\/ul>\n<p>Ces types de services permettent \u00e0 ce site Web de distribuer leur contenu en utilisant des serveurs situ\u00e9s dans diff\u00e9rents pays et d&rsquo;optimiser leur performance.<br \/>\nLa question de savoir quelles Donn\u00e9es Personnelles seront trait\u00e9es d\u00e9pend des caract\u00e9ristiques et de la fa\u00e7on dont ces services sont mis en \u0153uvre. Leur fonction est de filtrer les communications entre ce site Web et le navigateur de l&rsquo;Utilisateur.<br \/>\nCompte tenu de la vaste r\u00e9partition de ce syst\u00e8me, il est difficile de d\u00e9terminer les endroits dans lesquels les contenus qui peuvent contenir des Informations Personnelles de l&rsquo;Utilisateur sont transf\u00e9r\u00e9s.<\/p>\n<p><strong>Cloudflare (Cloudflare)<\/strong><\/p>\n<p>Cloudflare est un service d\u2019optimisation et de r\u00e9partition du trafic offert par Cloudflare Inc.<br \/>\nLa fa\u00e7on dont Cloudflare est int\u00e9gr\u00e9 signifie qu&rsquo;il filtre l&rsquo;ensemble du trafic par l&rsquo;entremise de ce site Web, p. ex. la communication entre ce site Web et le navigateur de l&rsquo;Utilisateur tout en permettant aussi que les donn\u00e9es analytiques de ce site Web soient collect\u00e9es.<\/p>\n<p>Donn\u00e9es personnelles collect\u00e9es: Cookies et diff\u00e9rents types de Donn\u00e9es indiqu\u00e9es dans la politique de confidentialit\u00e9 du service.<\/p>\n<p>Lieu de traitement: \u00c9tats-Unis \u2013 <a href=\"https:\/\/www.cloudflare.com\/privacypolicy\/\">Politique de confidentialit\u00e9<\/a>.<\/p>\n<p><strong>Comment donner ou retirer son consentement \u00e0 l&rsquo;installation des Cookies<\/strong><\/p>\n<p>Outre ce qui est indiqu\u00e9 dans le pr\u00e9sent document, l\u2019Utilisateur peut g\u00e9rer ses pr\u00e9f\u00e9rences en mati\u00e8re de Cookies directement \u00e0 partir de son navigateur et emp\u00eacher, par exemple, que des tiers puissent les installer. Gr\u00e2ce aux pr\u00e9f\u00e9rences du navigateur, il est \u00e9galement possible de supprimer les Cookies install\u00e9s pr\u00e9c\u00e9demment, y compris les Cookies qui peuvent avoir enregistr\u00e9 le consentement initial \u00e0 l&rsquo;installation des Cookies par ce site. Les Utilisateurs peuvent, par exemple, trouver des informations sur la fa\u00e7on de g\u00e9rer les Cookies dans les navigateurs les plus fr\u00e9quemment utilis\u00e9s aux adresses suivantes: <a href=\"https:\/\/support.google.com\/chrome\/answer\/95647?hl=it&amp;p=cpn_cookies\">Google Chrome<\/a>, <a href=\"https:\/\/support.mozilla.org\/it\/kb\/Attivare%20e%20disattivare%20i%20cookie\">Mozilla Firefox<\/a>, <a href=\"https:\/\/support.apple.com\/it-it\/guide\/safari\/manage-cookies-and-website-data-sfri11471\/\">Apple Safari<\/a> et <a href=\"http:\/\/windows.microsoft.com\/it-it\/windows-vista\/block-or-allow-cookies\">Microsoft Internet Explorer<\/a>.<\/p>\n<p>En ce qui concerne les Cookies install\u00e9s par des tiers, les Utilisateurs peuvent g\u00e9rer leurs pr\u00e9f\u00e9rences et retirer leur consentement en cliquant sur le lien de d\u00e9sactivation correspondant (s&rsquo;il est pr\u00e9vu), en utilisant les moyens pr\u00e9vus dans la politique de confidentialit\u00e9 du tiers ou en contactant le tiers.<\/p>\n<p>Nonobstant ce qui pr\u00e9c\u00e8de, le Propri\u00e9taire indique que les Utilisateurs peuvent suivre es instructions fournies par les initiatives de l&rsquo;<a href=\"http:\/\/www.youronlinechoices.eu\/\">EDAA<\/a> (Europe), la <a href=\"https:\/\/www.networkadvertising.org\/understanding-digital-advertising\">Network Advertising Initiative<\/a> (\u00c9tats-Unis) et la <a href=\"https:\/\/www.aboutads.info\/consumers\/\">Digital Advertising Alliance<\/a> (\u00c9tats-Unis), la <a href=\"https:\/\/youradchoices.ca\/understanding-online-advertising\/\">DAAC<\/a> (Canada), la <a href=\"http:\/\/www.ddai.info\/optout\">DDAI<\/a> (Japon) ou d&rsquo;autres services similaires. Ces initiatives permettent aux Utilisateurs de s\u00e9lectionner leurs pr\u00e9f\u00e9rences de suivi pour la plupart des outils publicitaires. Le Propri\u00e9taire recommande donc aux Utilisateurs d\u2019utiliser ces ressources en plus des informations fournies dans le pr\u00e9sent document.<\/p>\n<p><strong>Propri\u00e9taire et Responsable du traitement<\/strong><\/p>\n<p>Galli Elena &#8211; Hotel Cristina Corona di Galli &#8211; Spadoni e c. snc, Via Bologna, 45 &#8211; 47841 Cattolica (RN)<\/p>\n<p><strong>Courriel de contact du Propri\u00e9taire<\/strong>: info@hotelcristinacorona.it<\/p>\n<p>\u00c9tant donn\u00e9 que l\u2019installation de Cookies tiers et d\u2019autres syst\u00e8mes de tra\u00e7age par les services utilis\u00e9s dans ce site Web ne peuvent \u00eatre contr\u00f4l\u00e9es techniquement par le Propri\u00e9taire, toute r\u00e9f\u00e9rence sp\u00e9cifique \u00e0 des Cookies et \u00e0 des syst\u00e8mes de tra\u00e7age install\u00e9s par des tiers doit \u00eatre consid\u00e9r\u00e9e comme indicative. Afin d&rsquo;obtenir des informations compl\u00e8tes, l&rsquo;Utilisateur est invit\u00e9 \u00e0 consulter la politique de confidentialit\u00e9 des services tiers indiqu\u00e9s dans le pr\u00e9sent document.<\/p>\n<p>Compte tenu de la complexit\u00e9 objective li\u00e9e \u00e0 l\u2019identification des technologies bas\u00e9es sur les Cookies, les Utilisateurs sont invit\u00e9s \u00e0 contacter le Propri\u00e9taire s\u2019ils souhaitent recevoir de plus amples informations sur l\u2019utilisation des Cookies par ce site Web.<\/p>\n<p><strong>D\u00e9finitions et r\u00e9f\u00e9rences l\u00e9gales<\/strong><\/p>\n<p><strong>Donn\u00e9es personnelles (ou Donn\u00e9es)<\/strong><\/p>\n<p>Toute information qui, directement, indirectement ou en relation avec d&rsquo;autres informations \u2013 y compris un num\u00e9ro d&rsquo;identification personnel \u2013 permet l&rsquo;identification ou l&rsquo;identifiabilit\u00e9 d&rsquo;une personne physique.<\/p>\n<p><strong>Donn\u00e9es d\u2019utilisation<\/strong><\/p>\n<p>Les informations collect\u00e9es automatiquement par ce site Web (ou par des services tiers employ\u00e9s par ce site Web), qui peuvent inclure les adresses IP ou les noms de domaines des ordinateurs utilis\u00e9s par les Utilisateurs qui utilisent ce site Web, les adresses URI (Uniform Resource Identifier ou identifiant uniforme de ressource), l\u2019heure de la demande, la m\u00e9thode utilis\u00e9e pour soumettre la demande au serveur, la taille du fichier re\u00e7u en r\u00e9ponse, le code num\u00e9rique indiquant le statut de la r\u00e9ponse du serveur (r\u00e9sultat favorable, erreur, etc.), le pays d\u2019origine, les caract\u00e9ristiques du navigateur et du syst\u00e8me d\u2019exploitation utilis\u00e9s par l\u2019Utilisateur, les diff\u00e9rents d\u00e9tails relatifs au temps par visite (p. ex. temps pass\u00e9 sur chaque page dans l\u2019Application) et les d\u00e9tails relatifs au chemin suivi dans l\u2019Application avec une r\u00e9f\u00e9rence sp\u00e9ciale \u00e0 la s\u00e9quence des pages visit\u00e9es, et d\u2019autres param\u00e8tres concernant le syst\u00e8me d\u2019exploitation ou l\u2019environnement informatique de l\u2019Utilisateur.<\/p>\n<p><strong>Utilisateur<\/strong><\/p>\n<p>La personne utilisant ce site Web qui, sauf indication contraire, correspond \u00e0 la Personne concern\u00e9e.<\/p>\n<p><strong>Personne concern\u00e9e<\/strong><\/p>\n<p>La personne physique \u00e0 laquelle les Donn\u00e9es personnelles font r\u00e9f\u00e9rence.<\/p>\n<p><strong>Sous-traitant (ou Responsable des donn\u00e9es)<\/strong><\/p>\n<p>La personne physique ou morale, l&rsquo;autorit\u00e9 publique, l&rsquo;institution ou tout autre organisme qui traite les Donn\u00e9es personnelles pour le compte du Responsable du traitement, tel que d\u00e9crit dans la pr\u00e9sente politique de confidentialit\u00e9.<\/p>\n<p><strong>Responsable du traitement (ou Propri\u00e9taire)<\/strong><\/p>\n<p>La personne physique ou morale, l\u2019autorit\u00e9 publique, l&rsquo;institution ou toute autre organisme qui, seul ou conjointement avec d\u2019autres, d\u00e9termine les finalit\u00e9s et les moyens du traitement de Donn\u00e9es personnelles, y compris les mesures de s\u00e9curit\u00e9 concernant le fonctionnement et l&rsquo;utilisation de ce site Web. Sauf mention contraire, le Responsable du traitement est le Propri\u00e9taire de ce site Web.<\/p>\n<p><strong>Ce site Web (ou cette Application)<\/strong><\/p>\n<p>Les moyens par lesquels les Donn\u00e9es personnelles de l&rsquo;Utilisateur sont collect\u00e9es et trait\u00e9es.<\/p>\n<p><strong>Service<\/strong><\/p>\n<p>Le service fourni par ce site Web comme d\u00e9crit dans les conditions s&rsquo;y rapportant (le cas \u00e9ch\u00e9ant) et sur ce site\/cette application.<\/p>\n<p><strong>Union europ\u00e9enne (ou UE)<\/strong><\/p>\n<p>Sauf indication contraire, toutes les r\u00e9f\u00e9rences faites dans le pr\u00e9sent document \u00e0 l&rsquo;Union europ\u00e9enne incluent tous les \u00c9tats membres actuels de l&rsquo;Union europ\u00e9enne et de l&rsquo;Espace \u00e9conomique europ\u00e9en.<\/p>\n<p><strong>Cookies<\/strong><\/p>\n<p>Petite pi\u00e8ce de donn\u00e9e stock\u00e9e dans l\u2019appareil de l\u2019Utilisateur.<br \/>\n________________________________________<\/p>\n<p><strong>Informations l\u00e9gales<\/strong><\/p>\n<p>La pr\u00e9sente politique de confidentialit\u00e9 a \u00e9t\u00e9 pr\u00e9par\u00e9e en ex\u00e9cution des dispositions de plusieurs l\u00e9gislations, notamment de l&rsquo;article 13\/14 du r\u00e8glement europ\u00e9en 2016\/679 (r\u00e8glement g\u00e9n\u00e9ral sur la protection des donn\u00e9es).<\/p>\n<p>Cette politique de confidentialit\u00e9 concerne uniquement ce site Web, sauf indication contraire dans le pr\u00e9sent document.<\/p>\n<p>Derni\u00e8re mise \u00e0 jour : 27 mai 2019<\/p>\n","protected":false},"excerpt":{"rendered":"<p>Politique relative aux cookies de hotelcristinacorona.it Les Cookies sont constitu\u00e9s de portions de code install\u00e9s dans le navigateur qui aident le Propri\u00e9taire \u00e0 fournir les Services selon les finalit\u00e9s d\u00e9crites. Certaines finalit\u00e9s d\u2019installation des Cookies [&#8230;]<\/p>\n<p><a class=\"btn btn-primary read-more-link\" href=\"https:\/\/www.hotelcristinacorona.it\/fr\/politique-de-cookies\/\">Leggi tutto<\/a><\/p>\n","protected":false},"author":1,"featured_media":0,"parent":0,"menu_order":137,"comment_status":"closed","ping_status":"closed","template":"","meta":{"_acf_changed":false},"class_list":["post-1288","page","type-page","status-publish","hentry"],"acf":[],"yoast_head":"<!-- This site is optimized with the Yoast SEO plugin v23.9 - https:\/\/yoast.com\/wordpress\/plugins\/seo\/ -->\n<title>Politique de cookies - Hotel Cristina Corona Cattolica<\/title>\n<meta name=\"robots\" content=\"index, follow, max-snippet:-1, max-image-preview:large, max-video-preview:-1\" \/>\n<link rel=\"canonical\" href=\"https:\/\/www.hotelcristinacorona.it\/fr\/politique-de-cookies\/\" \/>\n<meta property=\"og:locale\" content=\"fr_FR\" \/>\n<meta property=\"og:type\" content=\"article\" \/>\n<meta property=\"og:title\" content=\"Politique de cookies - Hotel Cristina Corona Cattolica\" \/>\n<meta property=\"og:description\" content=\"Politique relative aux cookies de hotelcristinacorona.it Les Cookies sont constitu\u00e9s de portions de code install\u00e9s dans le navigateur qui aident le Propri\u00e9taire \u00e0 fournir les Services selon les finalit\u00e9s d\u00e9crites. Certaines finalit\u00e9s d\u2019installation des Cookies [...]Leggi tutto\" \/>\n<meta property=\"og:url\" content=\"https:\/\/www.hotelcristinacorona.it\/fr\/politique-de-cookies\/\" \/>\n<meta property=\"og:site_name\" content=\"Hotel Cristina Corona Cattolica\" \/>\n<meta property=\"article:modified_time\" content=\"2020-01-31T15:03:03+00:00\" \/>\n<meta name=\"twitter:card\" content=\"summary_large_image\" \/>\n<meta name=\"twitter:label1\" content=\"Dur\u00e9e de lecture estim\u00e9e\" \/>\n\t<meta name=\"twitter:data1\" content=\"9 minutes\" \/>\n<script type=\"application\/ld+json\" class=\"yoast-schema-graph\">{\"@context\":\"https:\/\/schema.org\",\"@graph\":[{\"@type\":\"WebPage\",\"@id\":\"https:\/\/www.hotelcristinacorona.it\/fr\/politique-de-cookies\/\",\"url\":\"https:\/\/www.hotelcristinacorona.it\/fr\/politique-de-cookies\/\",\"name\":\"Politique de cookies - Hotel Cristina Corona Cattolica\",\"isPartOf\":{\"@id\":\"https:\/\/www.hotelcristinacorona.it\/#website\"},\"datePublished\":\"2020-01-31T14:41:23+00:00\",\"dateModified\":\"2020-01-31T15:03:03+00:00\",\"breadcrumb\":{\"@id\":\"https:\/\/www.hotelcristinacorona.it\/fr\/politique-de-cookies\/#breadcrumb\"},\"inLanguage\":\"fr-FR\",\"potentialAction\":[{\"@type\":\"ReadAction\",\"target\":[\"https:\/\/www.hotelcristinacorona.it\/fr\/politique-de-cookies\/\"]}]},{\"@type\":\"BreadcrumbList\",\"@id\":\"https:\/\/www.hotelcristinacorona.it\/fr\/politique-de-cookies\/#breadcrumb\",\"itemListElement\":[{\"@type\":\"ListItem\",\"position\":1,\"name\":\"Home\",\"item\":\"https:\/\/www.hotelcristinacorona.it\/fr\/\"},{\"@type\":\"ListItem\",\"position\":2,\"name\":\"Politique de cookies\"}]},{\"@type\":\"WebSite\",\"@id\":\"https:\/\/www.hotelcristinacorona.it\/#website\",\"url\":\"https:\/\/www.hotelcristinacorona.it\/\",\"name\":\"Hotel Cristina Corona Cattolica\",\"description\":\"\",\"publisher\":{\"@id\":\"https:\/\/www.hotelcristinacorona.it\/#organization\"},\"potentialAction\":[{\"@type\":\"SearchAction\",\"target\":{\"@type\":\"EntryPoint\",\"urlTemplate\":\"https:\/\/www.hotelcristinacorona.it\/?s={search_term_string}\"},\"query-input\":{\"@type\":\"PropertyValueSpecification\",\"valueRequired\":true,\"valueName\":\"search_term_string\"}}],\"inLanguage\":\"fr-FR\"},{\"@type\":\"Organization\",\"@id\":\"https:\/\/www.hotelcristinacorona.it\/#organization\",\"name\":\"Hotel Cristina Corona Cattolica\",\"url\":\"https:\/\/www.hotelcristinacorona.it\/\",\"logo\":{\"@type\":\"ImageObject\",\"inLanguage\":\"fr-FR\",\"@id\":\"https:\/\/www.hotelcristinacorona.it\/#\/schema\/logo\/image\/\",\"url\":\"https:\/\/www.hotelcristinacorona.it\/wp-content\/uploads\/2019\/12\/logo.png\",\"contentUrl\":\"https:\/\/www.hotelcristinacorona.it\/wp-content\/uploads\/2019\/12\/logo.png\",\"width\":431,\"height\":105,\"caption\":\"Hotel Cristina Corona Cattolica\"},\"image\":{\"@id\":\"https:\/\/www.hotelcristinacorona.it\/#\/schema\/logo\/image\/\"}}]}<\/script>\n<!-- \/ Yoast SEO plugin. -->","yoast_head_json":{"title":"Politique de cookies - Hotel Cristina Corona Cattolica","robots":{"index":"index","follow":"follow","max-snippet":"max-snippet:-1","max-image-preview":"max-image-preview:large","max-video-preview":"max-video-preview:-1"},"canonical":"https:\/\/www.hotelcristinacorona.it\/fr\/politique-de-cookies\/","og_locale":"fr_FR","og_type":"article","og_title":"Politique de cookies - Hotel Cristina Corona Cattolica","og_description":"Politique relative aux cookies de hotelcristinacorona.it Les Cookies sont constitu\u00e9s de portions de code install\u00e9s dans le navigateur qui aident le Propri\u00e9taire \u00e0 fournir les Services selon les finalit\u00e9s d\u00e9crites. Certaines finalit\u00e9s d\u2019installation des Cookies [...]Leggi tutto","og_url":"https:\/\/www.hotelcristinacorona.it\/fr\/politique-de-cookies\/","og_site_name":"Hotel Cristina Corona Cattolica","article_modified_time":"2020-01-31T15:03:03+00:00","twitter_card":"summary_large_image","twitter_misc":{"Dur\u00e9e de lecture estim\u00e9e":"9 minutes"},"schema":{"@context":"https:\/\/schema.org","@graph":[{"@type":"WebPage","@id":"https:\/\/www.hotelcristinacorona.it\/fr\/politique-de-cookies\/","url":"https:\/\/www.hotelcristinacorona.it\/fr\/politique-de-cookies\/","name":"Politique de cookies - Hotel Cristina Corona Cattolica","isPartOf":{"@id":"https:\/\/www.hotelcristinacorona.it\/#website"},"datePublished":"2020-01-31T14:41:23+00:00","dateModified":"2020-01-31T15:03:03+00:00","breadcrumb":{"@id":"https:\/\/www.hotelcristinacorona.it\/fr\/politique-de-cookies\/#breadcrumb"},"inLanguage":"fr-FR","potentialAction":[{"@type":"ReadAction","target":["https:\/\/www.hotelcristinacorona.it\/fr\/politique-de-cookies\/"]}]},{"@type":"BreadcrumbList","@id":"https:\/\/www.hotelcristinacorona.it\/fr\/politique-de-cookies\/#breadcrumb","itemListElement":[{"@type":"ListItem","position":1,"name":"Home","item":"https:\/\/www.hotelcristinacorona.it\/fr\/"},{"@type":"ListItem","position":2,"name":"Politique de cookies"}]},{"@type":"WebSite","@id":"https:\/\/www.hotelcristinacorona.it\/#website","url":"https:\/\/www.hotelcristinacorona.it\/","name":"Hotel Cristina Corona Cattolica","description":"","publisher":{"@id":"https:\/\/www.hotelcristinacorona.it\/#organization"},"potentialAction":[{"@type":"SearchAction","target":{"@type":"EntryPoint","urlTemplate":"https:\/\/www.hotelcristinacorona.it\/?s={search_term_string}"},"query-input":{"@type":"PropertyValueSpecification","valueRequired":true,"valueName":"search_term_string"}}],"inLanguage":"fr-FR"},{"@type":"Organization","@id":"https:\/\/www.hotelcristinacorona.it\/#organization","name":"Hotel Cristina Corona Cattolica","url":"https:\/\/www.hotelcristinacorona.it\/","logo":{"@type":"ImageObject","inLanguage":"fr-FR","@id":"https:\/\/www.hotelcristinacorona.it\/#\/schema\/logo\/image\/","url":"https:\/\/www.hotelcristinacorona.it\/wp-content\/uploads\/2019\/12\/logo.png","contentUrl":"https:\/\/www.hotelcristinacorona.it\/wp-content\/uploads\/2019\/12\/logo.png","width":431,"height":105,"caption":"Hotel Cristina Corona Cattolica"},"image":{"@id":"https:\/\/www.hotelcristinacorona.it\/#\/schema\/logo\/image\/"}}]}},"_links":{"self":[{"href":"https:\/\/www.hotelcristinacorona.it\/fr\/wp-json\/wp\/v2\/pages\/1288","targetHints":{"allow":["GET"]}}],"collection":[{"href":"https:\/\/www.hotelcristinacorona.it\/fr\/wp-json\/wp\/v2\/pages"}],"about":[{"href":"https:\/\/www.hotelcristinacorona.it\/fr\/wp-json\/wp\/v2\/types\/page"}],"author":[{"embeddable":true,"href":"https:\/\/www.hotelcristinacorona.it\/fr\/wp-json\/wp\/v2\/users\/1"}],"replies":[{"embeddable":true,"href":"https:\/\/www.hotelcristinacorona.it\/fr\/wp-json\/wp\/v2\/comments?post=1288"}],"version-history":[{"count":1,"href":"https:\/\/www.hotelcristinacorona.it\/fr\/wp-json\/wp\/v2\/pages\/1288\/revisions"}],"predecessor-version":[{"id":1289,"href":"https:\/\/www.hotelcristinacorona.it\/fr\/wp-json\/wp\/v2\/pages\/1288\/revisions\/1289"}],"wp:attachment":[{"href":"https:\/\/www.hotelcristinacorona.it\/fr\/wp-json\/wp\/v2\/media?parent=1288"}],"curies":[{"name":"wp","href":"https:\/\/api.w.org\/{rel}","templated":true}]}}