{"id":1314,"date":"2020-02-10T13:15:53","date_gmt":"2020-02-10T12:15:53","guid":{"rendered":"https:\/\/www.hotelcristinacorona.it\/?page_id=1314"},"modified":"2020-02-10T14:09:38","modified_gmt":"2020-02-10T13:09:38","slug":"urbino","status":"publish","type":"page","link":"https:\/\/www.hotelcristinacorona.it\/fr\/urbino\/","title":{"rendered":"Urbino"},"content":{"rendered":"<p>Situ\u00e9e \u00e0 485 m d\u2019altitude, elle a gard\u00e9 au cours des si\u00e8cles sa nature de <strong>centre d\u2019art et culture<\/strong>.<\/p>\n<p>Son c\u0153ur Renaissance est le <strong>Palais Ducal<\/strong>, construit \u00e0 la demande de Federico da Montefeltro. Le Palais est le symbole de la ville et actuellement le si\u00e8ge de la Galleria Nazionale delle Marche, qui conserve de nombreux chefs-d\u2019\u0153uvre dont les pientures de Raffaello, Piero Della Francesca et de Tiziano.<\/p>\n<p>D\u2019autres points d\u2019int\u00e9r\u00eat sont : la <strong>Maison de Raffaello<\/strong>, o\u00f9 l\u2019artiste est n\u00e9 et o\u00f9 admirer une fresque de jeunesse, les pi\u00e8ces et les d\u00e9cors du XV<sup>\u00e8me<\/sup> si\u00e8cle ; le D\u00f4me n\u00e9oclassique ;<strong> le Palais de l&rsquo;Universit\u00e9 <\/strong>; les \u00e9glises de San Domenico, San Francesco et San Sergio.<\/p>\n","protected":false},"excerpt":{"rendered":"<p>Situ\u00e9e \u00e0 485 m d\u2019altitude, elle a gard\u00e9 au cours des si\u00e8cles sa nature de centre d\u2019art et culture. Son c\u0153ur Renaissance est le Palais Ducal, construit \u00e0 la demande de Federico da Montefeltro. Le [&#8230;]<\/p>\n<p><a class=\"btn btn-primary read-more-link\" href=\"https:\/\/www.hotelcristinacorona.it\/fr\/urbino\/\">Leggi tutto<\/a><\/p>\n","protected":false},"author":2,"featured_media":0,"parent":0,"menu_order":76,"comment_status":"closed","ping_status":"closed","template":"","meta":{"_acf_changed":false},"class_list":["post-1314","page","type-page","status-publish","hentry","buon_motivo-cattolica-fr","buon_motivo-arriere-pays","buon_motivo-produits-locaux"],"acf":[],"yoast_head":"<!-- This site is optimized with the Yoast SEO plugin v23.9 - https:\/\/yoast.com\/wordpress\/plugins\/seo\/ -->\n<title>Visiter Urbino et ses environs - Hotel Cristina Corona Cattolica<\/title>\n<meta name=\"description\" content=\"Pendant vos vacances \u00e0 Cattolica, partez \u00e0 la d\u00e9couverte de l&#039;arri\u00e8re-pays de la Romagne et des Marches. Une ville qui m\u00e9rite d&#039;\u00eatre vue est certainement Urbino, un lieu d&#039;histoire, d&#039;art et de culture.\" \/>\n<meta name=\"robots\" content=\"index, follow, max-snippet:-1, max-image-preview:large, max-video-preview:-1\" \/>\n<link rel=\"canonical\" href=\"https:\/\/www.hotelcristinacorona.it\/fr\/urbino\/\" \/>\n<meta property=\"og:locale\" content=\"fr_FR\" \/>\n<meta property=\"og:type\" content=\"article\" \/>\n<meta property=\"og:title\" content=\"Visiter Urbino et ses environs - Hotel Cristina Corona Cattolica\" \/>\n<meta property=\"og:description\" content=\"Pendant vos vacances \u00e0 Cattolica, partez \u00e0 la d\u00e9couverte de l&#039;arri\u00e8re-pays de la Romagne et des Marches. Une ville qui m\u00e9rite d&#039;\u00eatre vue est certainement Urbino, un lieu d&#039;histoire, d&#039;art et de culture.\" \/>\n<meta property=\"og:url\" content=\"https:\/\/www.hotelcristinacorona.it\/fr\/urbino\/\" \/>\n<meta property=\"og:site_name\" content=\"Hotel Cristina Corona Cattolica\" \/>\n<meta property=\"article:modified_time\" content=\"2020-02-10T13:09:38+00:00\" \/>\n<meta name=\"twitter:card\" content=\"summary_large_image\" \/>\n<meta name=\"twitter:label1\" content=\"Dur\u00e9e de lecture estim\u00e9e\" \/>\n\t<meta name=\"twitter:data1\" content=\"1 minute\" \/>\n<script type=\"application\/ld+json\" class=\"yoast-schema-graph\">{\"@context\":\"https:\/\/schema.org\",\"@graph\":[{\"@type\":\"WebPage\",\"@id\":\"https:\/\/www.hotelcristinacorona.it\/fr\/urbino\/\",\"url\":\"https:\/\/www.hotelcristinacorona.it\/fr\/urbino\/\",\"name\":\"Visiter Urbino et ses environs - Hotel Cristina Corona Cattolica\",\"isPartOf\":{\"@id\":\"https:\/\/www.hotelcristinacorona.it\/#website\"},\"datePublished\":\"2020-02-10T12:15:53+00:00\",\"dateModified\":\"2020-02-10T13:09:38+00:00\",\"description\":\"Pendant vos vacances \u00e0 Cattolica, partez \u00e0 la d\u00e9couverte de l'arri\u00e8re-pays de la Romagne et des Marches. Une ville qui m\u00e9rite d'\u00eatre vue est certainement Urbino, un lieu d'histoire, d'art et de culture.\",\"breadcrumb\":{\"@id\":\"https:\/\/www.hotelcristinacorona.it\/fr\/urbino\/#breadcrumb\"},\"inLanguage\":\"fr-FR\",\"potentialAction\":[{\"@type\":\"ReadAction\",\"target\":[\"https:\/\/www.hotelcristinacorona.it\/fr\/urbino\/\"]}]},{\"@type\":\"BreadcrumbList\",\"@id\":\"https:\/\/www.hotelcristinacorona.it\/fr\/urbino\/#breadcrumb\",\"itemListElement\":[{\"@type\":\"ListItem\",\"position\":1,\"name\":\"Home\",\"item\":\"https:\/\/www.hotelcristinacorona.it\/fr\/\"},{\"@type\":\"ListItem\",\"position\":2,\"name\":\"Urbino\"}]},{\"@type\":\"WebSite\",\"@id\":\"https:\/\/www.hotelcristinacorona.it\/#website\",\"url\":\"https:\/\/www.hotelcristinacorona.it\/\",\"name\":\"Hotel Cristina Corona Cattolica\",\"description\":\"\",\"publisher\":{\"@id\":\"https:\/\/www.hotelcristinacorona.it\/#organization\"},\"potentialAction\":[{\"@type\":\"SearchAction\",\"target\":{\"@type\":\"EntryPoint\",\"urlTemplate\":\"https:\/\/www.hotelcristinacorona.it\/?s={search_term_string}\"},\"query-input\":{\"@type\":\"PropertyValueSpecification\",\"valueRequired\":true,\"valueName\":\"search_term_string\"}}],\"inLanguage\":\"fr-FR\"},{\"@type\":\"Organization\",\"@id\":\"https:\/\/www.hotelcristinacorona.it\/#organization\",\"name\":\"Hotel Cristina Corona Cattolica\",\"url\":\"https:\/\/www.hotelcristinacorona.it\/\",\"logo\":{\"@type\":\"ImageObject\",\"inLanguage\":\"fr-FR\",\"@id\":\"https:\/\/www.hotelcristinacorona.it\/#\/schema\/logo\/image\/\",\"url\":\"https:\/\/www.hotelcristinacorona.it\/wp-content\/uploads\/2019\/12\/logo.png\",\"contentUrl\":\"https:\/\/www.hotelcristinacorona.it\/wp-content\/uploads\/2019\/12\/logo.png\",\"width\":431,\"height\":105,\"caption\":\"Hotel Cristina Corona Cattolica\"},\"image\":{\"@id\":\"https:\/\/www.hotelcristinacorona.it\/#\/schema\/logo\/image\/\"}}]}<\/script>\n<!-- \/ Yoast SEO plugin. -->","yoast_head_json":{"title":"Visiter Urbino et ses environs - Hotel Cristina Corona Cattolica","description":"Pendant vos vacances \u00e0 Cattolica, partez \u00e0 la d\u00e9couverte de l'arri\u00e8re-pays de la Romagne et des Marches. Une ville qui m\u00e9rite d'\u00eatre vue est certainement Urbino, un lieu d'histoire, d'art et de culture.","robots":{"index":"index","follow":"follow","max-snippet":"max-snippet:-1","max-image-preview":"max-image-preview:large","max-video-preview":"max-video-preview:-1"},"canonical":"https:\/\/www.hotelcristinacorona.it\/fr\/urbino\/","og_locale":"fr_FR","og_type":"article","og_title":"Visiter Urbino et ses environs - Hotel Cristina Corona Cattolica","og_description":"Pendant vos vacances \u00e0 Cattolica, partez \u00e0 la d\u00e9couverte de l'arri\u00e8re-pays de la Romagne et des Marches. Une ville qui m\u00e9rite d'\u00eatre vue est certainement Urbino, un lieu d'histoire, d'art et de culture.","og_url":"https:\/\/www.hotelcristinacorona.it\/fr\/urbino\/","og_site_name":"Hotel Cristina Corona Cattolica","article_modified_time":"2020-02-10T13:09:38+00:00","twitter_card":"summary_large_image","twitter_misc":{"Dur\u00e9e de lecture estim\u00e9e":"1 minute"},"schema":{"@context":"https:\/\/schema.org","@graph":[{"@type":"WebPage","@id":"https:\/\/www.hotelcristinacorona.it\/fr\/urbino\/","url":"https:\/\/www.hotelcristinacorona.it\/fr\/urbino\/","name":"Visiter Urbino et ses environs - Hotel Cristina Corona Cattolica","isPartOf":{"@id":"https:\/\/www.hotelcristinacorona.it\/#website"},"datePublished":"2020-02-10T12:15:53+00:00","dateModified":"2020-02-10T13:09:38+00:00","description":"Pendant vos vacances \u00e0 Cattolica, partez \u00e0 la d\u00e9couverte de l'arri\u00e8re-pays de la Romagne et des Marches. Une ville qui m\u00e9rite d'\u00eatre vue est certainement Urbino, un lieu d'histoire, d'art et de culture.","breadcrumb":{"@id":"https:\/\/www.hotelcristinacorona.it\/fr\/urbino\/#breadcrumb"},"inLanguage":"fr-FR","potentialAction":[{"@type":"ReadAction","target":["https:\/\/www.hotelcristinacorona.it\/fr\/urbino\/"]}]},{"@type":"BreadcrumbList","@id":"https:\/\/www.hotelcristinacorona.it\/fr\/urbino\/#breadcrumb","itemListElement":[{"@type":"ListItem","position":1,"name":"Home","item":"https:\/\/www.hotelcristinacorona.it\/fr\/"},{"@type":"ListItem","position":2,"name":"Urbino"}]},{"@type":"WebSite","@id":"https:\/\/www.hotelcristinacorona.it\/#website","url":"https:\/\/www.hotelcristinacorona.it\/","name":"Hotel Cristina Corona Cattolica","description":"","publisher":{"@id":"https:\/\/www.hotelcristinacorona.it\/#organization"},"potentialAction":[{"@type":"SearchAction","target":{"@type":"EntryPoint","urlTemplate":"https:\/\/www.hotelcristinacorona.it\/?s={search_term_string}"},"query-input":{"@type":"PropertyValueSpecification","valueRequired":true,"valueName":"search_term_string"}}],"inLanguage":"fr-FR"},{"@type":"Organization","@id":"https:\/\/www.hotelcristinacorona.it\/#organization","name":"Hotel Cristina Corona Cattolica","url":"https:\/\/www.hotelcristinacorona.it\/","logo":{"@type":"ImageObject","inLanguage":"fr-FR","@id":"https:\/\/www.hotelcristinacorona.it\/#\/schema\/logo\/image\/","url":"https:\/\/www.hotelcristinacorona.it\/wp-content\/uploads\/2019\/12\/logo.png","contentUrl":"https:\/\/www.hotelcristinacorona.it\/wp-content\/uploads\/2019\/12\/logo.png","width":431,"height":105,"caption":"Hotel Cristina Corona Cattolica"},"image":{"@id":"https:\/\/www.hotelcristinacorona.it\/#\/schema\/logo\/image\/"}}]}},"_links":{"self":[{"href":"https:\/\/www.hotelcristinacorona.it\/fr\/wp-json\/wp\/v2\/pages\/1314","targetHints":{"allow":["GET"]}}],"collection":[{"href":"https:\/\/www.hotelcristinacorona.it\/fr\/wp-json\/wp\/v2\/pages"}],"about":[{"href":"https:\/\/www.hotelcristinacorona.it\/fr\/wp-json\/wp\/v2\/types\/page"}],"author":[{"embeddable":true,"href":"https:\/\/www.hotelcristinacorona.it\/fr\/wp-json\/wp\/v2\/users\/2"}],"replies":[{"embeddable":true,"href":"https:\/\/www.hotelcristinacorona.it\/fr\/wp-json\/wp\/v2\/comments?post=1314"}],"version-history":[{"count":1,"href":"https:\/\/www.hotelcristinacorona.it\/fr\/wp-json\/wp\/v2\/pages\/1314\/revisions"}],"predecessor-version":[{"id":1406,"href":"https:\/\/www.hotelcristinacorona.it\/fr\/wp-json\/wp\/v2\/pages\/1314\/revisions\/1406"}],"wp:attachment":[{"href":"https:\/\/www.hotelcristinacorona.it\/fr\/wp-json\/wp\/v2\/media?parent=1314"}],"curies":[{"name":"wp","href":"https:\/\/api.w.org\/{rel}","templated":true}]}}